{"id":5527,"date":"2024-03-21T12:33:42","date_gmt":"2024-03-21T22:33:42","guid":{"rendered":"https:\/\/academia-school.net\/tarifas\/matricula-para-nuevos-estudiantes-con-visados-f-1\/"},"modified":"2026-01-06T08:33:42","modified_gmt":"2026-01-06T18:33:42","slug":"matricula-para-nuevos-estudiantes-con-visados-f-1","status":"publish","type":"page","link":"https:\/\/www.academiaschool.edu\/es\/tarifas\/matricula-para-nuevos-estudiantes-con-visados-f-1\/","title":{"rendered":"Matr\u00edcula para nuevos estudiantes con visados F-1"},"content":{"rendered":"\n<section class=\"wp-block-jinr-blocks-fullwidth b--jinr-block b--jinr-fullwidth-container d--top-margin-xs-pc d--bottom-margin-xs-pc d--top-margin-xs-sp d--bottom-margin-xs-sp \"><section class=\"b--jinr-fullwidth d--fullwidth-parallax-off d--fullwidth-deco-bgimage\"><div class=\"a--jinr-fullwidth-image\"><div class=\"a--jinr-fullwidth-image-clip\"><img decoding=\"async\" src=\"https:\/\/www.academiaschool.edu\/wp-content\/uploads\/2024\/03\/sean-105m46GatAg-unsplash-2.webp\"\/><\/div><\/div><div class=\"a--jinr-fullwidth-overlay\" style=\"background-color:#f5f5f5;opacity:0\"><\/div><div class=\"d--fullwidth-max d--fullwidth-pad40 d--fullwidth-pad0-sp t--main-width\" style=\"color:false\">\n<p class=\"has-text-align-center has-white-color has-text-color has-link-color wp-elements-2af66335aa2acfeeb848fefb19560187\"><span class=\"jinr-d--font-size d--fontsize-36px\"><strong><strong>Matr\u00edcula para nuevos estudiantes con visados F-1<\/strong><\/strong><\/span><\/p>\n<\/div><\/section><\/section>\n\n<h2 class=\"wp-block-heading jinr-heading d--bold\"><strong><strong>Lista de matr\u00edcula semanal para estudiantes con visado F-1<\/strong><\/strong><\/h2>\n\n<div class=\"wp-block-columns js--scr-animation is-layout-flex wp-container-core-columns-is-layout-9d6595d7 wp-block-columns-is-layout-flex\">\n<div class=\"wp-block-column is-layout-flow wp-block-column-is-layout-flow\">\n<figure class=\"wp-block-table is-style-stripes\"><table class=\"has-fixed-layout\"><tbody><tr><td class=\"has-text-align-right\" data-align=\"right\"><strong>Semanas<\/strong><\/td><td class=\"has-text-align-right\" data-align=\"right\"><strong>Matr\u00edcula de 2026<\/strong><br\/>(impuestos incluidos)<\/td><td class=\"has-text-align-center\" data-align=\"center\"><strong>Con inicial<\/strong><br\/>(impuestos incluidos)<\/td><\/tr><tr><td class=\"has-text-align-right\" data-align=\"right\">1<\/td><td class=\"has-text-align-right\" data-align=\"right\">309 $<\/td><td class=\"has-text-align-center\" data-align=\"center\">&#8211;<\/td><\/tr><tr><td class=\"has-text-align-right\" data-align=\"right\">2<\/td><td class=\"has-text-align-right\" data-align=\"right\">612 $<\/td><td class=\"has-text-align-center\" data-align=\"center\">&#8211;<\/td><\/tr><tr><td class=\"has-text-align-right\" data-align=\"right\">3<\/td><td class=\"has-text-align-right\" data-align=\"right\">918 $<\/td><td class=\"has-text-align-center\" data-align=\"center\">&#8211;<\/td><\/tr><tr><td class=\"has-text-align-right\" data-align=\"right\">4 (Aproximadamente 1 mes)<\/td><td class=\"has-text-align-right\" data-align=\"right\">1.224 $<\/td><td class=\"has-text-align-center\" data-align=\"center\">&#8211;<\/td><\/tr><tr><td class=\"has-text-align-right\" data-align=\"right\">5<\/td><td class=\"has-text-align-right\" data-align=\"right\">1.513 $<\/td><td class=\"has-text-align-center\" data-align=\"center\">&#8211;<\/td><\/tr><tr><td class=\"has-text-align-right\" data-align=\"right\">6<\/td><td class=\"has-text-align-right\" data-align=\"right\">1.750 $<\/td><td class=\"has-text-align-center\" data-align=\"center\">&#8211;<\/td><\/tr><tr><td class=\"has-text-align-right\" data-align=\"right\">7<\/td><td class=\"has-text-align-right\" data-align=\"right\">2.060 $<\/td><td class=\"has-text-align-center\" data-align=\"center\">&#8211;<\/td><\/tr><tr><td class=\"has-text-align-right\" data-align=\"right\">8 (Aproximadamente 2 meses)<\/td><td class=\"has-text-align-right\" data-align=\"right\">$2.313<\/td><td class=\"has-text-align-right\" data-align=\"right\">$2.548<\/td><\/tr><tr><td class=\"has-text-align-right\" data-align=\"right\">9<\/td><td class=\"has-text-align-right\" data-align=\"right\">2.552 $<\/td><td class=\"has-text-align-right\" data-align=\"right\">2.787 $<\/td><\/tr><tr><td class=\"has-text-align-right\" data-align=\"right\">10<\/td><td class=\"has-text-align-right\" data-align=\"right\">2.640 $<\/td><td class=\"has-text-align-right\" data-align=\"right\">2.875 $<\/td><\/tr><tr><td class=\"has-text-align-right\" data-align=\"right\">11<\/td><td class=\"has-text-align-right\" data-align=\"right\">2.750 $<\/td><td class=\"has-text-align-right\" data-align=\"right\">2.985 $<\/td><\/tr><tr><td class=\"has-text-align-right\" data-align=\"right\">12 (Aproximadamente 3 meses)<\/td><td class=\"has-text-align-right\" data-align=\"right\">2.795 $<\/td><td class=\"has-text-align-right\" data-align=\"right\">3.030 $<\/td><\/tr><tr><td class=\"has-text-align-right\" data-align=\"right\">13<\/td><td class=\"has-text-align-right\" data-align=\"right\">3.381 $<\/td><td class=\"has-text-align-right\" data-align=\"right\">3.616 $<\/td><\/tr><tr><td class=\"has-text-align-right\" data-align=\"right\">14<\/td><td class=\"has-text-align-right\" data-align=\"right\">3.614 $<\/td><td class=\"has-text-align-right\" data-align=\"right\">3.849 $<\/td><\/tr><tr><td class=\"has-text-align-right\" data-align=\"right\">15<\/td><td class=\"has-text-align-right\" data-align=\"right\">3.801 $<\/td><td class=\"has-text-align-right\" data-align=\"right\">4.036 $<\/td><\/tr><tr><td class=\"has-text-align-right\" data-align=\"right\">16 (Aproximadamente 4 meses)<\/td><td class=\"has-text-align-right\" data-align=\"right\">$4.054<\/td><td class=\"has-text-align-right\" data-align=\"right\">$4.289<\/td><\/tr><tr><td class=\"has-text-align-right\" data-align=\"right\">17<\/td><td class=\"has-text-align-right\" data-align=\"right\">4.338 $<\/td><td class=\"has-text-align-right\" data-align=\"right\">4.573 $<\/td><\/tr><tr><td class=\"has-text-align-right\" data-align=\"right\">18<\/td><td class=\"has-text-align-right\" data-align=\"right\">4.561 $<\/td><td class=\"has-text-align-right\" data-align=\"right\">4.796 $<\/td><\/tr><tr><td class=\"has-text-align-right\" data-align=\"right\">19<\/td><td class=\"has-text-align-right\" data-align=\"right\">4.817 $<\/td><td class=\"has-text-align-right\" data-align=\"right\">5.052 $<\/td><\/tr><tr><td class=\"has-text-align-right\" data-align=\"right\">20<\/td><td class=\"has-text-align-right\" data-align=\"right\">5.062 $<\/td><td class=\"has-text-align-right\" data-align=\"right\">5.297 $<\/td><\/tr><tr><td class=\"has-text-align-right\" data-align=\"right\">21<\/td><td class=\"has-text-align-right\" data-align=\"right\">$5,338<\/td><td class=\"has-text-align-right\" data-align=\"right\">5.573 $<\/td><\/tr><tr><td class=\"has-text-align-right\" data-align=\"right\">22<\/td><td class=\"has-text-align-right\" data-align=\"right\">$5.561<\/td><td class=\"has-text-align-right\" data-align=\"right\">$5.796<\/td><\/tr><tr><td class=\"has-text-align-right\" data-align=\"right\">23<\/td><td class=\"has-text-align-right\" data-align=\"right\">$5.561<\/td><td class=\"has-text-align-right\" data-align=\"right\">$5.796<\/td><\/tr><tr><td class=\"has-text-align-right\" data-align=\"right\">24 (Aproximadamente 6 meses)<\/td><td class=\"has-text-align-right\" data-align=\"right\">$5.561<\/td><td class=\"has-text-align-right\" data-align=\"right\">$5.796<\/td><\/tr><\/tbody><\/table><\/figure>\n<\/div>\n\n\n\n<div class=\"wp-block-column is-layout-flow wp-block-column-is-layout-flow\">\n<figure class=\"wp-block-table is-style-stripes\"><table class=\"has-fixed-layout\"><tbody><tr><td class=\"has-text-align-right\" data-align=\"right\"><strong>Semanas<\/strong><\/td><td class=\"has-text-align-right\" data-align=\"right\"><strong>Matr\u00edcula de 2026<\/strong><br\/>(impuestos incluidos)<\/td><td class=\"has-text-align-right\" data-align=\"right\"><strong>Con inicial<\/strong><br\/>(impuestos incluidos)<\/td><\/tr><tr><td class=\"has-text-align-right\" data-align=\"right\">25<\/td><td class=\"has-text-align-right\" data-align=\"right\">5.976 $<\/td><td class=\"has-text-align-right\" data-align=\"right\">6.211 $<\/td><\/tr><tr><td class=\"has-text-align-right\" data-align=\"right\">26<\/td><td class=\"has-text-align-right\" data-align=\"right\">6.346 $<\/td><td class=\"has-text-align-right\" data-align=\"right\">6.581 $<\/td><\/tr><tr><td class=\"has-text-align-right\" data-align=\"right\">27<\/td><td class=\"has-text-align-right\" data-align=\"right\">6.604 $<\/td><td class=\"has-text-align-right\" data-align=\"right\">6.839 $<\/td><\/tr><tr><td class=\"has-text-align-right\" data-align=\"right\">28<\/td><td class=\"has-text-align-right\" data-align=\"right\">6.829 $<\/td><td class=\"has-text-align-right\" data-align=\"right\">7.064 $<\/td><\/tr><tr><td class=\"has-text-align-right\" data-align=\"right\">29<\/td><td class=\"has-text-align-right\" data-align=\"right\">7.053 $<\/td><td class=\"has-text-align-right\" data-align=\"right\">7.288 $<\/td><\/tr><tr><td class=\"has-text-align-right\" data-align=\"right\">30<\/td><td class=\"has-text-align-right\" data-align=\"right\">7.278 $<\/td><td class=\"has-text-align-right\" data-align=\"right\">7.513 $<\/td><\/tr><tr><td class=\"has-text-align-right\" data-align=\"right\">31<\/td><td class=\"has-text-align-right\" data-align=\"right\">7.525 $<\/td><td class=\"has-text-align-right\" data-align=\"right\">7.760 $<\/td><\/tr><tr><td class=\"has-text-align-right\" data-align=\"right\">32<\/td><td class=\"has-text-align-right\" data-align=\"right\">7.768 $<\/td><td class=\"has-text-align-right\" data-align=\"right\">8.003 $<\/td><\/tr><tr><td class=\"has-text-align-right\" data-align=\"right\">33<\/td><td class=\"has-text-align-right\" data-align=\"right\">8.025 $<\/td><td class=\"has-text-align-right\" data-align=\"right\">8.260 $<\/td><\/tr><tr><td class=\"has-text-align-right\" data-align=\"right\">34<\/td><td class=\"has-text-align-right\" data-align=\"right\">8.249 $<\/td><td class=\"has-text-align-right\" data-align=\"right\">8.484 $<\/td><\/tr><tr><td class=\"has-text-align-right\" data-align=\"right\">35<\/td><td class=\"has-text-align-right\" data-align=\"right\">8.249 $<\/td><td class=\"has-text-align-right\" data-align=\"right\">8.484 $<\/td><\/tr><tr><td class=\"has-text-align-right\" data-align=\"right\">36<\/td><td class=\"has-text-align-right\" data-align=\"right\">8.361 $<\/td><td class=\"has-text-align-right\" data-align=\"right\">8.596 $<\/td><\/tr><tr><td class=\"has-text-align-right\" data-align=\"right\">37<\/td><td class=\"has-text-align-right\" data-align=\"right\">8.611 $<\/td><td class=\"has-text-align-right\" data-align=\"right\">8.846 $<\/td><\/tr><tr><td class=\"has-text-align-right\" data-align=\"right\">38<\/td><td class=\"has-text-align-right\" data-align=\"right\">8.780 $<\/td><td class=\"has-text-align-right\" data-align=\"right\">9.015 $<\/td><\/tr><tr><td class=\"has-text-align-right\" data-align=\"right\">39<\/td><td class=\"has-text-align-right\" data-align=\"right\">9.018 $<\/td><td class=\"has-text-align-right\" data-align=\"right\">9.253 $<\/td><\/tr><tr><td class=\"has-text-align-right\" data-align=\"right\">40<\/td><td class=\"has-text-align-right\" data-align=\"right\">9.058 $<\/td><td class=\"has-text-align-right\" data-align=\"right\">9.293 $<\/td><\/tr><tr><td class=\"has-text-align-right\" data-align=\"right\">41<\/td><td class=\"has-text-align-right\" data-align=\"right\">9.064 $<\/td><td class=\"has-text-align-right\" data-align=\"right\">9.299 $<\/td><\/tr><tr><td class=\"has-text-align-right\" data-align=\"right\">42<\/td><td class=\"has-text-align-right\" data-align=\"right\">9.153 $<\/td><td class=\"has-text-align-right\" data-align=\"right\">9.388 $<\/td><\/tr><tr><td class=\"has-text-align-right\" data-align=\"right\">43<\/td><td class=\"has-text-align-right\" data-align=\"right\">9.153 $<\/td><td class=\"has-text-align-right\" data-align=\"right\">9.388 $<\/td><\/tr><tr><td class=\"has-text-align-right\" data-align=\"right\">44<\/td><td class=\"has-text-align-right\" data-align=\"right\">9.153 $<\/td><td class=\"has-text-align-right\" data-align=\"right\">9.388 $<\/td><\/tr><tr><td class=\"has-text-align-right\" data-align=\"right\">45<\/td><td class=\"has-text-align-right\" data-align=\"right\">9.153 $<\/td><td class=\"has-text-align-right\" data-align=\"right\">9.388 $<\/td><\/tr><tr><td class=\"has-text-align-right\" data-align=\"right\">46<\/td><td class=\"has-text-align-right\" data-align=\"right\">9.153 $<\/td><td class=\"has-text-align-right\" data-align=\"right\">9.388 $<\/td><\/tr><tr><td class=\"has-text-align-right\" data-align=\"right\">47<\/td><td class=\"has-text-align-right\" data-align=\"right\">9.153 $<\/td><td class=\"has-text-align-right\" data-align=\"right\">9.388 $<\/td><\/tr><tr><td class=\"has-text-align-right\" data-align=\"right\">48 (Aproximadamente 1 a\u00f1o)<\/td><td class=\"has-text-align-right\" data-align=\"right\">9.153 $<\/td><td class=\"has-text-align-right\" data-align=\"right\">9.388 $<\/td><\/tr><\/tbody><\/table><\/figure>\n<\/div>\n<\/div>\n\n<p class=\"has-text-align-center\"><strong>El precio inicial<\/strong> <strong>incluye una tarifa de inscripci\u00f3n no reembolsable de 100 $ y una tarifa de tecnolog\u00eda de 135 $.<\/strong><\/p>\n\n<p>Los estudiantes con visado de estudiante (visado F-1) deben asistir a un m\u00ednimo de 20 horas de clase a la semana. Las tasas anteriores te permiten asistir a clases que cumplen los requisitos I-20 necesarios para un visado F-1.<\/p>\n\n<p>El periodo m\u00ednimo de inscripci\u00f3n para un visado de estudiante (visado F-1) es de 8 semanas. Existen tarifas con descuento en funci\u00f3n de la duraci\u00f3n de la inscripci\u00f3n, como 8 semanas, 16 semanas, 24 semanas y 48 semanas.<\/p>\n\n<p>Puedes descargar la lista de precios semanales para estudiantes con visado F-1 (PDF) en el siguiente enlace.<\/p>\n\n<p><strong>Descarga en PDF<\/strong>: <a href=\"https:\/\/www.academiaschool.edu\/wp-content\/uploads\/2025\/12\/I-20_Academia-Price-List_2026-4.pdf\">Lista de precios I-20 2026 Academia<\/a><\/p>\n\n<p>Solo para nuevas inscripciones de estudiantes con el formulario I-20, que se inscriban en programas de 8 semanas o m\u00e1s, y soliciten un reembolso antes del inicio de las clases, se deducir\u00e1 una tarifa de procesamiento de reembolso de 100 $ del monto reembolsado.<\/p>\n<section class=\"b--jinr-block b--jinr-blogcard d--blogcard-hover-up d--blogcard-style1 d--blogcard-mysite t--round \"><div class=\"a--blogcard-label ef\">Related Page<\/div><a class=\"o--blogcard-link t--round\" href=\"https:\/\/www.academiaschool.edu\/fee\/\"><div class=\"c--blogcard-image\"><img loading=\"lazy\" decoding=\"async\" class=\"a--blogcard-img-src\" width=\"128\" height=\"72\" src=\"https:\/\/www.academiaschool.edu\/wp-content\/uploads\/2025\/02\/\u540d\u79f0\u672a\u8a2d\u5b9a\u306e\u30c7\u30b6\u30a4\u30f3-7.png\" alt=\"Fees\" \/><\/div><div class=\"a--blogcard-title d--bold\">Fees<\/div><\/a><\/section>","protected":false},"excerpt":{"rendered":"<p>Lista de matr\u00edcula semanal para estudiantes con visado F-1 Semanas Matr\u00edcula de 2026(impuestos incluidos) Con inicial(impuestos incluidos) 1 309 $ &#8211; 2 612 $ &#8211; 3 918 $ &#8211; 4 (Aproximadamente 1 mes) 1.224 $ &#8211; 5 1.513 $ &#8211; 6 1.750 $ &#8211; 7 2.060 $ &#8211; 8 (Aproximadamente 2 meses) $2.313 $2.548 9 [&hellip;]<\/p>\n","protected":false},"author":1,"featured_media":0,"parent":5503,"menu_order":0,"comment_status":"closed","ping_status":"closed","template":"","meta":{"_jinr_url_youtube":"","_jinr_pip_youtube":false,"_jinr_time_youtube":"","_jinr_thumb_youtube":"","_jinr_media_youtube":"","_jinr_category_edit":false,"_jinr_category":"","_jinr_title_display":false,"_jinr_snsbutton_display":false,"_jinr_ads_display":false,"_jinr_thumbnail_display":false,"_jinr_profile_display":false,"_jinr_representations_display":false,"_jinr_relatedpost_display":false,"_jinr_sidebar1col_display":false,"_jinr_sidebar2col_display":false,"_jinr_seotitle_display":"","_jinr_description_display":"","_jinr_keyword_display":"","_jinr_hastag_display":"","_jinr_canonical_display":"","_jinr_noindex_display":false,"_jinr_paidpost":false,"_jinr_paidpost_product_id":"","_jinr_headtag_article":"","footnotes":""},"class_list":["post-5527","page","type-page","status-publish","hentry"],"_links":{"self":[{"href":"https:\/\/www.academiaschool.edu\/es\/wp-json\/wp\/v2\/pages\/5527","targetHints":{"allow":["GET"]}}],"collection":[{"href":"https:\/\/www.academiaschool.edu\/es\/wp-json\/wp\/v2\/pages"}],"about":[{"href":"https:\/\/www.academiaschool.edu\/es\/wp-json\/wp\/v2\/types\/page"}],"author":[{"embeddable":true,"href":"https:\/\/www.academiaschool.edu\/es\/wp-json\/wp\/v2\/users\/1"}],"replies":[{"embeddable":true,"href":"https:\/\/www.academiaschool.edu\/es\/wp-json\/wp\/v2\/comments?post=5527"}],"version-history":[{"count":5,"href":"https:\/\/www.academiaschool.edu\/es\/wp-json\/wp\/v2\/pages\/5527\/revisions"}],"predecessor-version":[{"id":9027,"href":"https:\/\/www.academiaschool.edu\/es\/wp-json\/wp\/v2\/pages\/5527\/revisions\/9027"}],"up":[{"embeddable":true,"href":"https:\/\/www.academiaschool.edu\/es\/wp-json\/wp\/v2\/pages\/5503"}],"wp:attachment":[{"href":"https:\/\/www.academiaschool.edu\/es\/wp-json\/wp\/v2\/media?parent=5527"}],"curies":[{"name":"wp","href":"https:\/\/api.w.org\/{rel}","templated":true}]}}