{"id":5519,"date":"2024-03-21T12:36:17","date_gmt":"2024-03-21T22:36:17","guid":{"rendered":"https:\/\/academia-school.net\/tarifas\/matricula-para-estudiantes-actuales-y-titulares-de-un-visado-de-estudiante-f-1\/"},"modified":"2025-01-02T19:34:54","modified_gmt":"2025-01-03T05:34:54","slug":"matricula-para-estudiantes-actuales-y-titulares-de-un-visado-de-estudiante-f-1","status":"publish","type":"page","link":"https:\/\/www.academiaschool.edu\/es\/tarifas\/matricula-para-estudiantes-actuales-y-titulares-de-un-visado-de-estudiante-f-1\/","title":{"rendered":"Matr\u00edcula para estudiantes actuales y titulares de un visado de estudiante (F-1)"},"content":{"rendered":"\n<section class=\"wp-block-jinr-blocks-fullwidth b--jinr-block b--jinr-fullwidth-container d--top-margin-xs-pc d--bottom-margin-xs-pc \"><section class=\"b--jinr-fullwidth d--fullwidth-parallax-off d--fullwidth-deco-bgimage\"><div class=\"a--jinr-fullwidth-image\"><div class=\"a--jinr-fullwidth-image-clip\"><img decoding=\"async\" src=\"https:\/\/www.academiaschool.edu\/wp-content\/uploads\/2024\/03\/sean-105m46GatAg-unsplash-2.webp\"\/><\/div><\/div><div class=\"a--jinr-fullwidth-overlay\" style=\"background-color:#f5f5f5;opacity:0\"><\/div><div class=\"d--fullwidth-100 d--fullwidth-pad40 d--fullwidth-pad0-sp t--main-width\" style=\"color:false\">\n<p class=\"has-text-align-center has-white-color has-text-color has-link-color wp-elements-a3f0c904ffa69818c97c2f40a04b02ed\"><strong><span class=\"jinr-d--font-size d--fontsize-36px\"><strong>Matr\u00edcula para estudiantes actuales y titulares de un visado de estudiante (F-1)<\/strong><\/span><\/strong><\/p>\n<\/div><\/section><\/section>\n\n<h2 class=\"wp-block-heading jinr-heading d--bold\"><strong>Lista de precios semanal para titulares de visado de estudiante (visado F-1)<\/strong><\/h2>\n\n<div class=\"wp-block-columns js--scr-animation is-layout-flex wp-container-core-columns-is-layout-9d6595d7 wp-block-columns-is-layout-flex\">\n<div class=\"wp-block-column is-layout-flow wp-block-column-is-layout-flow\">\n<figure class=\"wp-block-table is-style-stripes\"><table class=\"has-fixed-layout\"><tbody><tr><td><strong>Semana<\/strong><\/td><td><strong>2025 Matr\u00edcula<\/strong><br\/>(impuestos incluidos)<\/td><\/tr><tr><td>1<\/td><td>$286<\/td><\/tr><tr><td>2<\/td><td>$567<\/td><\/tr><tr><td>3<\/td><td>$850<\/td><\/tr><tr><td>4\uff081 mes\uff09<\/td><td>$1,133<\/td><\/tr><tr><td>5<\/td><td>$1,401<\/td><\/tr><tr><td>6<\/td><td>$1,620<\/td><\/tr><tr><td>7<\/td><td>$1,907<\/td><\/tr><tr><td>8\uff082 meses\uff09<\/td><td>$2,142<\/td><\/tr><tr><td>9<\/td><td>$2,363<\/td><\/tr><tr><td>10<\/td><td>$2,600<\/td><\/tr><tr><td>11<\/td><td>$2,600<\/td><\/tr><tr><td>12\uff083 meses\uff09<\/td><td>$2,600<\/td><\/tr><tr><td>13<\/td><td>$3,131<\/td><\/tr><tr><td>14<\/td><td>$3,346<\/td><\/tr><tr><td>15<\/td><td>$3,519<\/td><\/tr><tr><td>16\uff084 meses\uff09<\/td><td>$3,754<\/td><\/tr><tr><td>17<\/td><td>$4,017<\/td><\/tr><tr><td>18<\/td><td>$4,223<\/td><\/tr><tr><td>19<\/td><td>$4,460<\/td><\/tr><tr><td>20<\/td><td>$4,687<\/td><\/tr><tr><td>21<\/td><td>$4,943<\/td><\/tr><tr><td>22<\/td><td>$5,149<\/td><\/tr><tr><td>23<\/td><td>$5,149<\/td><\/tr><tr><td>24\uff086 Meses\uff09<\/td><td>$5,149<\/td><\/tr><\/tbody><\/table><\/figure>\n<\/div>\n\n\n\n<div class=\"wp-block-column is-layout-flow wp-block-column-is-layout-flow\">\n<figure class=\"wp-block-table is-style-stripes\"><table class=\"has-fixed-layout\"><tbody><tr><td><strong>Semana<\/strong><\/td><td><strong>2025 Matr\u00edcula<\/strong><br\/>(impuestos incluidos)<\/td><\/tr><tr><td>25<\/td><td>$5,533<\/td><\/tr><tr><td>26<\/td><td>$5,876<\/td><\/tr><tr><td>27<\/td><td>$6,115<\/td><\/tr><tr><td>28<\/td><td>$6,323<\/td><\/tr><tr><td>29<\/td><td>$6,531<\/td><\/tr><tr><td>30<\/td><td>$6,739<\/td><\/tr><tr><td>31<\/td><td>$6,968<\/td><\/tr><tr><td>32<\/td><td>$7,193<\/td><\/tr><tr><td>33<\/td><td>$7,431<\/td><\/tr><tr><td>34<\/td><td>$7,638<\/td><\/tr><tr><td>35<\/td><td>$7,638<\/td><\/tr><tr><td>36<\/td><td>$7,742<\/td><\/tr><tr><td>37<\/td><td>$7,973<\/td><\/tr><tr><td>38<\/td><td>$8,130<\/td><\/tr><tr><td>39<\/td><td>$8,350<\/td><\/tr><tr><td>40<\/td><td>$8,465<\/td><\/tr><tr><td>41<\/td><td>$8,674<\/td><\/tr><tr><td>42<\/td><td>$8,759<\/td><\/tr><tr><td>43<\/td><td>$8,759<\/td><\/tr><tr><td>44<\/td><td>$8,759<\/td><\/tr><tr><td>45<\/td><td>$8,759<\/td><\/tr><tr><td>46<\/td><td>$8,759<\/td><\/tr><tr><td>47<\/td><td>$8,759<\/td><\/tr><tr><td>48\uff081a\u00f1o\uff09<\/td><td>$8,759<\/td><\/tr><\/tbody><\/table><\/figure>\n<\/div>\n<\/div>\n\n<p>Los estudiantes con visado de estudiante (visado F-1) deben asistir a un m\u00ednimo de 20 horas de clase a la semana. Las clases ofrecidas cumplen los requisitos I-20 necesarios para un visado F-1 con las tarifas mencionadas anteriormente.<\/p>\n\n<p>El periodo m\u00ednimo de inscripci\u00f3n para un visado de estudiante (visado F-1) es de 8 semanas. Existen tarifas con descuento en funci\u00f3n de la duraci\u00f3n de la inscripci\u00f3n, como 8 semanas, 16 semanas, 24 semanas o 48 semanas.<\/p>\n\n<p>Puedes descargar la lista de precios semanales para estudiantes con visado F-1, disponible en formato PDF, en el enlace siguiente.<\/p>\n\n<p>M\u00e1s detalles: <a href=\"https:\/\/www.academiaschool.edu\/wp-content\/uploads\/2024\/12\/F1_ALS_Pricing-list_2025.pdf\" data-type=\"link\" data-id=\"https:\/\/www.academiaschool.edu\/wp-content\/uploads\/2024\/12\/F1_ALS_Pricing-list_2025.pdf\" target=\"_blank\" rel=\"noreferrer noopener\">F1_ALS_Lista de precios_2025.pdf<\/a><\/p>\n<section class=\"b--jinr-block b--jinr-blogcard d--blogcard-hover-up d--blogcard-style1 d--blogcard-mysite t--round \"><div class=\"a--blogcard-label ef\">Related Page<\/div><a class=\"o--blogcard-link t--round\" href=\"https:\/\/www.academiaschool.edu\/fee\/\"><div class=\"c--blogcard-image\"><img loading=\"lazy\" decoding=\"async\" class=\"a--blogcard-img-src\" width=\"128\" height=\"72\" src=\"https:\/\/www.academiaschool.edu\/wp-content\/uploads\/2025\/02\/\u540d\u79f0\u672a\u8a2d\u5b9a\u306e\u30c7\u30b6\u30a4\u30f3-7.png\" alt=\"Fees\" \/><\/div><div class=\"a--blogcard-title d--bold\">Fees<\/div><\/a><\/section>","protected":false},"excerpt":{"rendered":"<p>Lista de precios semanal para titulares de visado de estudiante (visado F-1) Semana 2025 Matr\u00edcula(impuestos incluidos) 1 $286 2 $567 3 $850 4\uff081 mes\uff09 $1,133 5 $1,401 6 $1,620 7 $1,907 8\uff082 meses\uff09 $2,142 9 $2,363 10 $2,600 11 $2,600 12\uff083 meses\uff09 $2,600 13 $3,131 14 $3,346 15 $3,519 16\uff084 meses\uff09 $3,754 17 $4,017 18 [&hellip;]<\/p>\n","protected":false},"author":1,"featured_media":0,"parent":5503,"menu_order":0,"comment_status":"closed","ping_status":"closed","template":"","meta":{"_jinr_url_youtube":"","_jinr_pip_youtube":false,"_jinr_time_youtube":"","_jinr_thumb_youtube":"","_jinr_media_youtube":"","_jinr_category_edit":false,"_jinr_category":"","_jinr_title_display":false,"_jinr_snsbutton_display":false,"_jinr_ads_display":false,"_jinr_thumbnail_display":false,"_jinr_profile_display":false,"_jinr_representations_display":false,"_jinr_relatedpost_display":false,"_jinr_sidebar1col_display":false,"_jinr_sidebar2col_display":false,"_jinr_seotitle_display":"","_jinr_description_display":"","_jinr_keyword_display":"","_jinr_hastag_display":"","_jinr_canonical_display":"","_jinr_noindex_display":false,"_jinr_paidpost":false,"_jinr_paidpost_product_id":"","_jinr_headtag_article":"","footnotes":""},"class_list":["post-5519","page","type-page","status-publish","hentry"],"_links":{"self":[{"href":"https:\/\/www.academiaschool.edu\/es\/wp-json\/wp\/v2\/pages\/5519","targetHints":{"allow":["GET"]}}],"collection":[{"href":"https:\/\/www.academiaschool.edu\/es\/wp-json\/wp\/v2\/pages"}],"about":[{"href":"https:\/\/www.academiaschool.edu\/es\/wp-json\/wp\/v2\/types\/page"}],"author":[{"embeddable":true,"href":"https:\/\/www.academiaschool.edu\/es\/wp-json\/wp\/v2\/users\/1"}],"replies":[{"embeddable":true,"href":"https:\/\/www.academiaschool.edu\/es\/wp-json\/wp\/v2\/comments?post=5519"}],"version-history":[{"count":4,"href":"https:\/\/www.academiaschool.edu\/es\/wp-json\/wp\/v2\/pages\/5519\/revisions"}],"predecessor-version":[{"id":7138,"href":"https:\/\/www.academiaschool.edu\/es\/wp-json\/wp\/v2\/pages\/5519\/revisions\/7138"}],"up":[{"embeddable":true,"href":"https:\/\/www.academiaschool.edu\/es\/wp-json\/wp\/v2\/pages\/5503"}],"wp:attachment":[{"href":"https:\/\/www.academiaschool.edu\/es\/wp-json\/wp\/v2\/media?parent=5519"}],"curies":[{"name":"wp","href":"https:\/\/api.w.org\/{rel}","templated":true}]}}