{"id":5515,"date":"2024-04-21T06:42:19","date_gmt":"2024-04-21T16:42:19","guid":{"rendered":"https:\/\/academia-school.net\/tarifas\/clases-por-la-tarde-para-estudiantes-transferidos-y-actuales\/"},"modified":"2025-01-02T19:47:06","modified_gmt":"2025-01-03T05:47:06","slug":"clases-por-la-tarde-para-estudiantes-transferidos-y-actuales","status":"publish","type":"page","link":"https:\/\/www.academiaschool.edu\/es\/tarifas\/clases-por-la-tarde-para-estudiantes-transferidos-y-actuales\/","title":{"rendered":"Clases por la tarde para estudiantes transferidos y actuales"},"content":{"rendered":"\n<section class=\"wp-block-jinr-blocks-fullwidth b--jinr-block b--jinr-fullwidth-container d--top-margin-xs-pc d--bottom-margin-xs-pc d--top-margin-xs-sp d--bottom-margin-xs-sp \"><section class=\"b--jinr-fullwidth d--fullwidth-parallax-off d--fullwidth-deco-bgimage\"><div class=\"a--jinr-fullwidth-image\"><div class=\"a--jinr-fullwidth-image-clip\"><img decoding=\"async\" src=\"https:\/\/www.academiaschool.edu\/wp-content\/uploads\/2024\/03\/sean-105m46GatAg-unsplash-2.webp\"\/><\/div><\/div><div class=\"a--jinr-fullwidth-overlay\" style=\"background-color:#f5f5f5;opacity:0\"><\/div><div class=\"d--fullwidth-100 d--fullwidth-pad40 d--fullwidth-pad0-sp t--main-width\" style=\"color:false\">\n<p class=\"has-text-align-center has-white-color has-text-color has-link-color wp-elements-fd335ecb1ee23a938db2284e131d9f8f\"><span class=\"jinr-d--font-size d--fontsize-36px\"><strong><strong>Clases por la tarde<\/strong><\/strong><\/span><\/p>\n<\/div><\/section><\/section>\n\n<h2 class=\"wp-block-heading jinr-heading d--bold\">MATR\u00cdCULA PARA CLASES S\u00d3LO DE TARDE<\/h2>\n\n<p>Los alumnos de este plan deben elegir s\u00f3lo clases de 12:30 a 15:00 y de 15:00 a 17:30.<\/p>\n\n<figure class=\"wp-block-table\"><table><tbody><tr><td><span class=\"jinr-d--font-size d--fontsize-15px\">Semana<\/span><\/td><td><span class=\"jinr-d--font-size d--fontsize-15px\">2025 Matr\u00edcula<\/span><br\/>(impuestos incluidos)<\/td><td><span class=\"jinr-d--font-size d--fontsize-15px\">incluido Inicial<\/span><br\/>(impuestos incluidos)<\/td><\/tr><tr><td><span class=\"jinr-d--font-size d--fontsize-15px\">8<\/span><\/td><td><span class=\"jinr-d--font-size d--fontsize-15px\">$1,632<\/span><\/td><td><span class=\"jinr-d--font-size d--fontsize-15px\">$1,867<\/span><\/td><\/tr><tr><td><span class=\"jinr-d--font-size d--fontsize-15px\">12<\/span><\/td><td><span class=\"jinr-d--font-size d--fontsize-15px\">$1,632<\/span><\/td><td><span class=\"jinr-d--font-size d--fontsize-15px\">$1,857<\/span><\/td><\/tr><tr><td><span class=\"jinr-d--font-size d--fontsize-15px\">24<\/span><\/td><td><span class=\"jinr-d--font-size d--fontsize-15px\">$3,080<\/span><\/td><td><span class=\"jinr-d--font-size d--fontsize-15px\">$3,315<\/span><\/td><\/tr><tr><td><span class=\"jinr-d--font-size d--fontsize-15px\">36<\/span><\/td><td><span class=\"jinr-d--font-size d--fontsize-15px\">$4,335<\/span><\/td><td><span class=\"jinr-d--font-size d--fontsize-15px\">$4,570<\/span><\/td><\/tr><tr><td><span class=\"jinr-d--font-size d--fontsize-15px\">48<\/span><\/td><td><span class=\"jinr-d--font-size d--fontsize-15px\">$4,985<\/span><\/td><td><span class=\"jinr-d--font-size d--fontsize-15px\">$5,220<\/span><\/td><\/tr><\/tbody><\/table><\/figure>\n\n<ul class=\"wp-block-list jinr-list\">\n<li>Un m\u00ednimo de 8 semanas. (El precio es el mismo que para el periodo de 12 semanas).<\/li>\n\n\n\n<li>S\u00f3lo los estudiantes transferidos y actuales que elijan estas clases pueden optar a estas tarifas de matr\u00edcula.<\/li>\n\n\n\n<li>Los alumnos de este plan deben elegir clases de 12:30 a 15:00 y de 15:00 a 17:30.<\/li>\n\n\n\n<li>La Tasa de Tecnolog\u00eda y Copias se cobra una sola vez en la matr\u00edcula inicial s\u00f3lo para los estudiantes transferidos.<\/li>\n\n\n\n<li>Si deseas adquirir libros de texto, abona la cantidad necesaria seg\u00fan el caso.<\/li>\n\n\n\n<li>Las solicitudes para este curso no pueden hacerse a trav\u00e9s de un agente.<\/li>\n\n\n\n<li>Esta oferta puede aplicarse a la Campa\u00f1a Amigos de Referencia.<\/li>\n\n\n\n<li>Sin embargo, esta oferta no puede aplicarse a la Campa\u00f1a de Traslado.<\/li>\n<\/ul>\n\n<p>La tabla de precios se detalla a continuaci\u00f3n.<\/p>\n\n<p>M\u00e1s detalles: <a href=\"https:\/\/www.academiaschool.edu\/wp-content\/uploads\/2024\/12\/F1_ALS_Pricing-list_2025.pdf\" data-type=\"link\" data-id=\"https:\/\/www.academiaschool.edu\/wp-content\/uploads\/2024\/12\/F1_ALS_Pricing-list_2025.pdf\" target=\"_blank\" rel=\"noreferrer noopener\"><\/a><a href=\"https:\/\/www.academiaschool.edu\/wp-content\/uploads\/2024\/12\/Afternoon_ALS_Pricing-list_2025.pdf\" target=\"_blank\" rel=\"noreferrer noopener\">Tarde_ALS_Lista_de_precios_2025.pdf<\/a><\/p>\n\n<p>No dudes en ponerte en contacto con nosotros.<\/p>\n<section class='b--jinr-block b--jinr-button   js--scr-animation block_'>\n\t\t\t\t\t<div class=\"o--button-inner d--button-type1 d--button-solid d--button-solid-hover-down d--button-solid-animation-expand d--button-center\"><span class=\"a--button-hover\"><a href=\"https:\/\/www.academiaschool.edu\/inquiry\/\"><span>Contact us<\/span><\/a><\/span><\/div>\n\t\t\t\t<\/section>","protected":false},"excerpt":{"rendered":"<p>MATR\u00cdCULA PARA CLASES S\u00d3LO DE TARDE Los alumnos de este plan deben elegir s\u00f3lo clases de 12:30 a 15:00 y de 15:00 a 17:30. Semana 2025 Matr\u00edcula(impuestos incluidos) incluido Inicial(impuestos incluidos) 8 $1,632 $1,867 12 $1,632 $1,857 24 $3,080 $3,315 36 $4,335 $4,570 48 $4,985 $5,220 La tabla de precios se detalla a continuaci\u00f3n. M\u00e1s [&hellip;]<\/p>\n","protected":false},"author":1,"featured_media":0,"parent":5503,"menu_order":0,"comment_status":"closed","ping_status":"closed","template":"","meta":{"_jinr_url_youtube":"","_jinr_pip_youtube":false,"_jinr_time_youtube":"","_jinr_thumb_youtube":"","_jinr_media_youtube":"","_jinr_category_edit":false,"_jinr_category":"","_jinr_title_display":false,"_jinr_snsbutton_display":false,"_jinr_ads_display":false,"_jinr_thumbnail_display":false,"_jinr_profile_display":false,"_jinr_representations_display":false,"_jinr_relatedpost_display":false,"_jinr_sidebar1col_display":false,"_jinr_sidebar2col_display":false,"_jinr_seotitle_display":"","_jinr_description_display":"","_jinr_keyword_display":"","_jinr_hastag_display":"","_jinr_canonical_display":"","_jinr_noindex_display":false,"_jinr_paidpost":false,"_jinr_paidpost_product_id":"","_jinr_headtag_article":"","footnotes":""},"class_list":["post-5515","page","type-page","status-publish","hentry"],"_links":{"self":[{"href":"https:\/\/www.academiaschool.edu\/es\/wp-json\/wp\/v2\/pages\/5515","targetHints":{"allow":["GET"]}}],"collection":[{"href":"https:\/\/www.academiaschool.edu\/es\/wp-json\/wp\/v2\/pages"}],"about":[{"href":"https:\/\/www.academiaschool.edu\/es\/wp-json\/wp\/v2\/types\/page"}],"author":[{"embeddable":true,"href":"https:\/\/www.academiaschool.edu\/es\/wp-json\/wp\/v2\/users\/1"}],"replies":[{"embeddable":true,"href":"https:\/\/www.academiaschool.edu\/es\/wp-json\/wp\/v2\/comments?post=5515"}],"version-history":[{"count":4,"href":"https:\/\/www.academiaschool.edu\/es\/wp-json\/wp\/v2\/pages\/5515\/revisions"}],"predecessor-version":[{"id":7169,"href":"https:\/\/www.academiaschool.edu\/es\/wp-json\/wp\/v2\/pages\/5515\/revisions\/7169"}],"up":[{"embeddable":true,"href":"https:\/\/www.academiaschool.edu\/es\/wp-json\/wp\/v2\/pages\/5503"}],"wp:attachment":[{"href":"https:\/\/www.academiaschool.edu\/es\/wp-json\/wp\/v2\/media?parent=5515"}],"curies":[{"name":"wp","href":"https:\/\/api.w.org\/{rel}","templated":true}]}}