{"id":5507,"date":"2024-03-21T12:39:58","date_gmt":"2024-03-21T22:39:58","guid":{"rendered":"https:\/\/academia-school.net\/tarifas\/tasas-de-alojamiento\/"},"modified":"2025-08-12T11:50:01","modified_gmt":"2025-08-12T21:50:01","slug":"tasas-de-alojamiento","status":"publish","type":"page","link":"https:\/\/www.academiaschool.edu\/es\/tarifas\/tasas-de-alojamiento\/","title":{"rendered":"Tasas de alojamiento"},"content":{"rendered":"\n<section class=\"wp-block-jinr-blocks-fullwidth b--jinr-block b--jinr-fullwidth-container d--top-margin-xs-pc d--bottom-margin-xs-pc d--top-margin-xs-sp d--bottom-margin-xs-sp \"><section class=\"b--jinr-fullwidth d--fullwidth-parallax-off d--fullwidth-deco-bgimage\"><div class=\"a--jinr-fullwidth-image\"><div class=\"a--jinr-fullwidth-image-clip\"><img decoding=\"async\" src=\"https:\/\/www.academiaschool.edu\/wp-content\/uploads\/2024\/03\/sean-105m46GatAg-unsplash-2.webp\"\/><\/div><\/div><div class=\"a--jinr-fullwidth-overlay\" style=\"background-color:#f5f5f5;opacity:0\"><\/div><div class=\"d--fullwidth-100 d--fullwidth-pad40 d--fullwidth-pad0-sp t--main-width\" style=\"color:false\">\n<p class=\"has-text-align-center has-white-color has-text-color has-link-color wp-elements-14b512fa006ed4bd1fa6ea1691a46d5d\"><span class=\"jinr-d--font-size d--fontsize-36px\"><strong><strong>Tasas de alojamiento<\/strong><\/strong><\/span><\/p>\n<\/div><\/section><\/section>\n\n<h2 class=\"wp-block-heading jinr-heading d--bold\"><strong>Nuestra oferta de alojamiento<\/strong><\/h2>\n\n<p>Ofrecemos tres tipos de alojamiento a nuestros estudiantes:<\/p>\n\n<ol class=\"wp-block-list jinr-list\">\n<li><strong>Habitaci\u00f3n compartida<\/strong><\/li>\n\n\n\n<li><strong>Condominio<\/strong><\/li>\n\n\n\n<li><strong>Casa de familia<\/strong><\/li>\n<\/ol>\n\n<p>Las caracter\u00edsticas y el precio general de cada opci\u00f3n son los siguientes:<\/p>\n\n<figure class=\"wp-block-table\"><table class=\"has-fixed-layout\"><thead><tr><th><strong>Tipo<\/strong><\/th><th><strong>Precio<\/strong><\/th><th><strong>Caracter\u00edsticas<\/strong><\/th><th><strong>Recomendado para<\/strong><\/th><\/tr><\/thead><tbody><tr><td><strong>Habitaci\u00f3n compartida<\/strong><\/td><td>400 $ semanales por persona<\/td><td>&#8211; Ubicaci\u00f3n privilegiada, a 3 minutos a pie de la escuela<br\/>&#8211; Hasta 4 personas compartiendo habitaci\u00f3n<br\/>&#8211; Plantas separadas para hombres y mujeres<\/td><td>&#8211; Los que buscan minimizar los costes de alojamiento<br\/>&#8211; Los que disfrutan socializando con otros<\/td><\/tr><tr><td><strong>Condominio<\/strong><\/td><td>El precio depende de la duraci\u00f3n de la estancia<br\/>Ejemplo: 3000 $ al mes por una habitaci\u00f3n<\/td><td>&#8211; Situado en el centro de Waikiki, ideal para hacer turismo<br\/>&#8211; A 15 minutos a pie o 3 minutos en autob\u00fas de la escuela<br\/>&#8211; Habitaci\u00f3n privada<br\/>&#8211; Puede alojar a varias personas<\/td><td>&#8211; Quienes prefieren un espacio privado y tranquilo<br\/>&#8211; Parejas que desean alojarse en la misma habitaci\u00f3n<br\/>&#8211; Familias que desean alojarse juntas<br\/>&#8211; Quienes desean utilizar servicios como la piscina, el gimnasio o la zona de barbacoa<\/td><\/tr><tr><td><strong>Casa de familia<\/strong><\/td><td>2400 $ por 4 semanas por persona<\/td><td>&#8211; La duraci\u00f3n del viaje var\u00eda en funci\u00f3n de la ubicaci\u00f3n de la estancia en familia<br\/>&#8211; Vive la experiencia de convivir con una familia local hawaiana<br\/>&#8211; A menudo se incluyen comidas (ligeras)<\/td><td>&#8211; Quienes quieran experimentar la vida con una familia hawaiana<br\/>&#8211; A quienes no les importe la ubicaci\u00f3n<\/td><\/tr><\/tbody><\/table><\/figure>\n\n<p>Proporcionamos alojamiento asequible a nuestros estudiantes, incluidas propiedades gestionadas por nuestra escuela.<\/p>\n\n<p>La disponibilidad depende del momento de la consulta, por lo que si necesitas alojamiento junto con tu inscripci\u00f3n, te rogamos que nos lo comuniques lo antes posible.<\/p>\n\n<p>Si no podemos organizar el alojamiento, ayudaremos a los estudiantes a encontrar su propio alojamiento.\nTen en cuenta que nuestros alojamientos s\u00f3lo est\u00e1n disponibles para futuros o actuales estudiantes de nuestra escuela. <\/p>\n\n<h2 class=\"wp-block-heading jinr-heading d--bold\"><strong>1. Habitaci\u00f3n compartida<\/strong><\/h2>\n\n<p>Situada a s\u00f3lo 3 minutos a pie de la Escuela de Idiomas Academia y justo enfrente del Centro Comercial Ala Moana, es una ubicaci\u00f3n muy pr\u00e1ctica.\nEsta opci\u00f3n es recomendable para quienes buscan mantener bajos los costes. <\/p>\n\n<div class=\"wp-block-columns js--scr-animation is-layout-flex wp-container-core-columns-is-layout-9d6595d7 wp-block-columns-is-layout-flex\">\n<div class=\"wp-block-column is-layout-flow wp-block-column-is-layout-flow\" style=\"flex-basis:33.33%\"><div class=\"wp-block-image\">\n<figure class=\"alignleft size-full is-resized\"><img loading=\"lazy\" decoding=\"async\" width=\"200\" height=\"150\" src=\"https:\/\/www.academiaschool.edu\/wp-content\/uploads\/2024\/09\/YMCA_Honolulu_2.jpg.webp\" alt=\"\" class=\"wp-image-6600\" style=\"width:315px;height:auto\"\/><\/figure>\n<\/div><\/div>\n\n\n\n<div class=\"wp-block-column is-layout-flow wp-block-column-is-layout-flow\" style=\"flex-basis:66.66%\"><div class=\"wp-block-image\">\n<figure class=\"alignright size-large is-resized\"><img loading=\"lazy\" decoding=\"async\" width=\"1024\" height=\"576\" src=\"https:\/\/www.academiaschool.edu\/wp-content\/uploads\/2024\/09\/YMCA-1024x576.jpeg\" alt=\"\" class=\"wp-image-6613\" style=\"width:423px;height:auto\" srcset=\"https:\/\/www.academiaschool.edu\/wp-content\/uploads\/2024\/09\/YMCA-1024x576.jpeg 1024w, https:\/\/www.academiaschool.edu\/wp-content\/uploads\/2024\/09\/YMCA-300x169.jpeg 300w, https:\/\/www.academiaschool.edu\/wp-content\/uploads\/2024\/09\/YMCA-768x432.jpeg 768w, https:\/\/www.academiaschool.edu\/wp-content\/uploads\/2024\/09\/YMCA-1536x864.jpeg 1536w, https:\/\/www.academiaschool.edu\/wp-content\/uploads\/2024\/09\/YMCA-320x180.jpeg 320w, https:\/\/www.academiaschool.edu\/wp-content\/uploads\/2024\/09\/YMCA-640x360.jpeg 640w, https:\/\/www.academiaschool.edu\/wp-content\/uploads\/2024\/09\/YMCA-1360x765.jpeg 1360w, https:\/\/www.academiaschool.edu\/wp-content\/uploads\/2024\/09\/YMCA.jpeg 1600w\" sizes=\"auto, (max-width: 1024px) 100vw, 1024px\" \/><\/figure>\n<\/div><\/div>\n<\/div>\n\n<section class=\"wp-block-jinr-blocks-simplebox b--jinr-block-container\"><div class=\"b--jinr-block b--jinr-box d--heading-box2  \"><div class=\"a--simple-box-title d--bold\"><strong>Facility Details<\/strong><\/div><div class=\"c--simple-box-inner\">\n<ul class=\"wp-block-list jinr-list\">\n<li><strong>Nombre del centro<\/strong>: Residencias Central Y<\/li>\n\n\n\n<li><strong>Localizaci\u00f3n<\/strong>: 401 Atkinson Drive, Honolulu, HI 96814<\/li>\n<\/ul>\n<\/div><\/div><\/section>\n\n<figure class=\"wp-block-table\"><table class=\"has-fixed-layout\"><thead><tr><th><strong>Duraci\u00f3n<\/strong><\/th><th><strong>Precio<\/strong><\/th><\/tr><\/thead><tbody><tr><td>1 Noche<\/td><td>$65<\/td><\/tr><tr><td>1 semana<\/td><td>$400<\/td><\/tr><\/tbody><\/table><figcaption class=\"wp-element-caption\">Adem\u00e1s, se cobrar\u00e1 una tasa de organizaci\u00f3n de 100$.<\/figcaption><\/figure>\n\n<h2 class=\"wp-block-heading jinr-heading d--bold\"><strong>2. Condominio<\/strong><\/h2>\n\n<p>El condominio puede ser utilizado por una persona, una pareja o una familia, proporcion\u00e1ndote un espacio privado.\nSe recomienda a quienes prefieran un entorno tranquilo, quieran compartir el espacio con amigos o deseen reservar toda la unidad para su familia. <\/p>\n\n<p>Nuestra escuela ofrece una tarifa especial para estudiantes en el condominio \u00abRoyal Kuhio\u00bb de Waikiki.\nDesde Royal Kuhio hay aproximadamente 15 minutos a pie o 5 minutos en autob\u00fas hasta la escuela. <\/p>\n\n<figure class=\"wp-block-image size-large\"><img loading=\"lazy\" decoding=\"async\" width=\"791\" height=\"1024\" src=\"https:\/\/www.academiaschool.edu\/wp-content\/uploads\/2024\/03\/0001-791x1024.jpg\" alt=\"\" class=\"wp-image-816\" srcset=\"https:\/\/www.academiaschool.edu\/wp-content\/uploads\/2024\/03\/0001-791x1024.jpg 791w, https:\/\/www.academiaschool.edu\/wp-content\/uploads\/2024\/03\/0001-232x300.jpg 232w, https:\/\/www.academiaschool.edu\/wp-content\/uploads\/2024\/03\/0001-768x994.jpg 768w, https:\/\/www.academiaschool.edu\/wp-content\/uploads\/2024\/03\/0001-1187x1536.jpg 1187w, https:\/\/www.academiaschool.edu\/wp-content\/uploads\/2024\/03\/0001-1583x2048.jpg 1583w\" sizes=\"auto, (max-width: 791px) 100vw, 791px\" \/><\/figure>\n\n<figure class=\"wp-block-image size-large\"><img loading=\"lazy\" decoding=\"async\" width=\"791\" height=\"1024\" src=\"https:\/\/www.academiaschool.edu\/wp-content\/uploads\/2024\/03\/0002-791x1024.jpg\" alt=\"\" class=\"wp-image-817\" srcset=\"https:\/\/www.academiaschool.edu\/wp-content\/uploads\/2024\/03\/0002-791x1024.jpg 791w, https:\/\/www.academiaschool.edu\/wp-content\/uploads\/2024\/03\/0002-232x300.jpg 232w, https:\/\/www.academiaschool.edu\/wp-content\/uploads\/2024\/03\/0002-768x994.jpg 768w, https:\/\/www.academiaschool.edu\/wp-content\/uploads\/2024\/03\/0002-1187x1536.jpg 1187w, https:\/\/www.academiaschool.edu\/wp-content\/uploads\/2024\/03\/0002-1583x2048.jpg 1583w\" sizes=\"auto, (max-width: 791px) 100vw, 791px\" \/><\/figure>\n\n<figure class=\"wp-block-image size-large is-resized\"><img loading=\"lazy\" decoding=\"async\" width=\"791\" height=\"1024\" src=\"https:\/\/www.academiaschool.edu\/wp-content\/uploads\/2024\/03\/0003-791x1024.jpg\" alt=\"\" class=\"wp-image-818\" style=\"width:740px;height:auto\" srcset=\"https:\/\/www.academiaschool.edu\/wp-content\/uploads\/2024\/03\/0003-791x1024.jpg 791w, https:\/\/www.academiaschool.edu\/wp-content\/uploads\/2024\/03\/0003-232x300.jpg 232w, https:\/\/www.academiaschool.edu\/wp-content\/uploads\/2024\/03\/0003-768x994.jpg 768w, https:\/\/www.academiaschool.edu\/wp-content\/uploads\/2024\/03\/0003-1187x1536.jpg 1187w, https:\/\/www.academiaschool.edu\/wp-content\/uploads\/2024\/03\/0003-1583x2048.jpg 1583w\" sizes=\"auto, (max-width: 791px) 100vw, 791px\" \/><\/figure>\n\n<h2 class=\"wp-block-heading jinr-heading d--bold\"><\/h2>\n\n<p>Las tarifas del Royal Kuhio var\u00edan seg\u00fan la categor\u00eda de habitaci\u00f3n.<\/p>\n\n<h3 class=\"wp-block-heading jinr-heading d--bold\">HABITACIONES EST\u00c1NDAR<\/h3>\n\n<ul class=\"wp-block-list jinr-list\">\n<li>Dos camas individuales (aptas para 1 \u00f3 2 personas)<\/li>\n\n\n\n<li>Para alojar a m\u00e1s de 3 personas, como familias con ni\u00f1os, ponte en contacto con nosotros.<\/li>\n<\/ul>\n\n<figure class=\"wp-block-table is-style-stripes\"><table><tbody><tr><td><span style=\"text-decoration: underline;\">&lt;  HABITACIONES EST\u00c1NDAR  &gt;<\/span><\/td><td><strong>1-6 noches<\/strong><\/td><td><strong>7-29 noches<\/strong><\/td><td><strong>M\u00e1s de 30 noches<\/strong><\/td><td><strong>Paquete de 30 noches<\/strong><\/td><\/tr><tr><td><strong>Abril, Mayo, Junio, Septiembre, Octubre, Noviembre<\/strong><\/td><td>$166<\/td><td>$150<\/td><td>$113<\/td><td>$3,060<\/td><\/tr><tr><td><strong>Enero, Febrero, Marzo, Julio, Agosto, Diciembre<\/strong><\/td><td>$190<\/td><td>$171<\/td><td>$130<\/td><td>$3,497<\/td><\/tr><tr><td><strong>Vacaciones (24\/12 &#8211; 9\/1)<\/strong><\/td><td>$270<\/td><td>\u2013<\/td><td>$230<\/td><td>&#8211;<\/td><\/tr><\/tbody><\/table><figcaption class=\"wp-element-caption\">Se aplica una tasa administrativa \u00fanica y no reembolsable de 300 $ a las estancias inferiores a un mes.<\/figcaption><\/figure>\n\n<p>No se cobran tasas administrativas por estancias superiores a un mes.\nSe aplicar\u00e1 una tasa adicional de 75 $ a las solicitudes\/peticiones presentadas en el plazo de una semana a partir de la fecha de inicio. <\/p>\n\n<h3 class=\"wp-block-heading jinr-heading d--bold\">HABITACIONES DE ESQUINA<\/h3>\n\n<ul class=\"wp-block-list jinr-list\">\n<li>Dos camas individuales (aptas para 1 \u00f3 2 personas)<\/li>\n\n\n\n<li>Para alojar a m\u00e1s de 3 personas, como familias con ni\u00f1os, ponte en contacto con nosotros.<\/li>\n<\/ul>\n\n<figure class=\"wp-block-table is-style-stripes\"><table><tbody><tr><td><span style=\"text-decoration: underline;\">&lt;  HABITACIONES DE ESQUINA  &gt;<\/span><\/td><td><strong>1-6 noches<\/strong><\/td><td><strong>7-29 noches<\/strong><\/td><td><strong>M\u00e1s de 30 noches<\/strong><\/td><td><strong>Paquete de 30 noches<\/strong><\/td><\/tr><tr><td><strong>Abril, Mayo, Junio, Septiembre, Octubre, Noviembre<\/strong><\/td><td>$190<\/td><td>$171<\/td><td>$130<\/td><td>$3,497<\/td><\/tr><tr><td><strong>Enero, Febrero, Marzo, Julio, Agosto, Diciembre<\/strong><\/td><td>$218<\/td><td>$196<\/td><td>$148<\/td><td>$4,021<\/td><\/tr><tr><td><strong>Vacaciones (24\/12 &#8211; 9\/1)<\/strong><\/td><td>$300<\/td><td>\u2013<\/td><td>$256<\/td><td>&#8211;<\/td><\/tr><\/tbody><\/table><figcaption class=\"wp-element-caption\">Se aplica una tasa administrativa \u00fanica y no reembolsable de 300 $ a las estancias inferiores a un mes.<\/figcaption><\/figure>\n\n<p>No se cobran tasas administrativas por estancias superiores a un mes.\nSe aplicar\u00e1 una tasa adicional de 75 $ a las solicitudes\/peticiones presentadas en el plazo de una semana a partir de la fecha de inicio. <\/p>\n\n<h2 class=\"wp-block-heading jinr-heading d--bold\"><strong>3. Casa de familia<\/strong><\/h2>\n\n<figure class=\"wp-block-table is-style-regular\"><table><tbody><tr><td><\/td><td class=\"has-text-align-center\" data-align=\"center\" colspan=\"2\">Privado<\/td><td class=\"has-text-align-center\" data-align=\"center\" colspan=\"2\">Compartido<\/td><\/tr><tr><td>Semanas<\/td><td class=\"has-text-align-center\" data-align=\"center\">Mayores de 18 a\u00f1os<\/td><td class=\"has-text-align-center\" data-align=\"center\">Menores de 18 y mayores de 60<\/td><td>Mayores de 18 a\u00f1os<\/td><td>Menores de 18 y mayores de 60<\/td><\/tr><tr><td>1<\/td><td class=\"has-text-align-center\" data-align=\"center\">$500<\/td><td class=\"has-text-align-center\" data-align=\"center\">$575<\/td><td>$435<\/td><td>$500<\/td><\/tr><tr><td>2<\/td><td class=\"has-text-align-center\" data-align=\"center\">$1,015<\/td><td class=\"has-text-align-center\" data-align=\"center\">$1,165<\/td><td>$885<\/td><td>$1,015<\/td><\/tr><tr><td>3<\/td><td class=\"has-text-align-center\" data-align=\"center\">$1,530<\/td><td class=\"has-text-align-center\" data-align=\"center\">$1,755<\/td><td>$1,335<\/td><td>$1,530<\/td><\/tr><tr><td>4<\/td><td class=\"has-text-align-center\" data-align=\"center\">$2,045<\/td><td class=\"has-text-align-center\" data-align=\"center\">$2,345<\/td><td>$1,785<\/td><td>$2,045<\/td><\/tr><tr><td>8<\/td><td class=\"has-text-align-center\" data-align=\"center\">$3,145<\/td><td class=\"has-text-align-center\" data-align=\"center\">$3,617<\/td><td>$3,065<\/td><td>$3,249<\/td><\/tr><tr><td>12<\/td><td class=\"has-text-align-center\" data-align=\"center\">$4,725<\/td><td class=\"has-text-align-center\" data-align=\"center\">$5,433<\/td><td>$4,605<\/td><td>$4,881<\/td><\/tr><tr><td>24<\/td><td class=\"has-text-align-center\" data-align=\"center\">$9,633<\/td><td class=\"has-text-align-center\" data-align=\"center\">$10,881<\/td><td>$9,225<\/td><td>$9,777<\/td><\/tr><\/tbody><\/table><figcaption class=\"wp-element-caption\">Cuota de colocaci\u00f3n 350 $ y dep\u00f3sito de seguridad (reembolsable) 300 $ se cobrar\u00e1n una sola vez<br\/>Servicio de transporte (ida y vuelta) 150 $.<\/figcaption><\/figure>\n\n<ul class=\"wp-block-list jinr-list\">\n<li>Incluye desayuno y cena de autoservicio.<\/li>\n\n\n\n<li>Es obligatorio el transporte de ida y vuelta desde el aeropuerto hasta la casa de acogida.<\/li>\n\n\n\n<li>Si tienes que organizar tu propio transporte, se a\u00f1adir\u00e1 una tasa de 30 $ a la tasa de colocaci\u00f3n.<\/li>\n<\/ul>\n\n<h2 class=\"wp-block-heading jinr-heading d--bold\"><strong>Otras opciones de alojamiento<\/strong><\/h2>\n\n<p>Si prefieres encontrar un apartamento o una casa por tu cuenta, te recomendamos que utilices sitios web como airbnb.com (para estancias de corta o media duraci\u00f3n) o zillow.com (para propiedades de alquiler) para buscar entre una amplia variedad de listados en l\u00ednea.<\/p>\n\n<p>Nuestra ubicaci\u00f3n est\u00e1 convenientemente cerca de muchas zonas residenciales, como Waikiki, Makiki y Moiliili.\nLos listados en l\u00ednea pueden incluir pisos individuales, casas compartidas o condominios. <\/p>\n\n<p>Ten en cuenta que, aunque algunos arrendadores alquilan condominios mensualmente, otros pueden exigir un contrato de alquiler de seis meses o m\u00e1s.\nAdem\u00e1s, hay casos en los que se te puede denegar el alquiler sin un historial crediticio en EE.UU. <\/p>\n\n<p>Aunque busques un alquiler a largo plazo, te recomendamos que empieces por un alquiler de vacaciones para darte tiempo a encontrar un lugar adecuado.\nNo dudes en consultarnos sobre tu b\u00fasqueda de alojamiento como estudiante. <\/p>\n\n<h2 class=\"wp-block-heading jinr-heading d--bold\"><strong>Traslado al aeropuerto<\/strong><\/h2>\n\n<p>Te recomendamos que utilices <a href=\"https:\/\/www.uber.com\/\" data-type=\"link\" data-id=\"https:\/\/www.uber.com\/\">Uber<\/a>. Descarga y configura Uber en tu smartphone con antelaci\u00f3n para una experiencia sin problemas. Si prefieres organizar un traslado a trav\u00e9s de nuestra escuela, ofrecemos este servicio por 150 $, siempre que la programaci\u00f3n pueda organizarse con antelaci\u00f3n.<\/p>\n<section class=\"b--jinr-block b--jinr-blogcard d--blogcard-hover-up d--blogcard-style1 d--blogcard-mysite t--round \"><div class=\"a--blogcard-label ef\">Related Page<\/div><a class=\"o--blogcard-link t--round\" href=\"https:\/\/www.academiaschool.edu\/fee\/\"><div class=\"c--blogcard-image\"><img loading=\"lazy\" decoding=\"async\" class=\"a--blogcard-img-src\" width=\"128\" height=\"72\" src=\"https:\/\/www.academiaschool.edu\/wp-content\/uploads\/2025\/02\/\u540d\u79f0\u672a\u8a2d\u5b9a\u306e\u30c7\u30b6\u30a4\u30f3-7.png\" alt=\"Fees\" \/><\/div><div class=\"a--blogcard-title d--bold\">Fees<\/div><\/a><\/section>","protected":false},"excerpt":{"rendered":"<p>Nuestra oferta de alojamiento Ofrecemos tres tipos de alojamiento a nuestros estudiantes: Las caracter\u00edsticas y el precio general de cada opci\u00f3n son los siguientes: Tipo Precio Caracter\u00edsticas Recomendado para Habitaci\u00f3n compartida 400 $ semanales por persona &#8211; Ubicaci\u00f3n privilegiada, a 3 minutos a pie de la escuela&#8211; Hasta 4 personas compartiendo habitaci\u00f3n&#8211; Plantas separadas para [&hellip;]<\/p>\n","protected":false},"author":1,"featured_media":0,"parent":5503,"menu_order":0,"comment_status":"closed","ping_status":"closed","template":"","meta":{"_jinr_url_youtube":"","_jinr_pip_youtube":false,"_jinr_time_youtube":"","_jinr_thumb_youtube":"","_jinr_media_youtube":"","_jinr_category_edit":false,"_jinr_category":"","_jinr_title_display":false,"_jinr_snsbutton_display":false,"_jinr_ads_display":false,"_jinr_thumbnail_display":false,"_jinr_profile_display":false,"_jinr_representations_display":false,"_jinr_relatedpost_display":false,"_jinr_sidebar1col_display":false,"_jinr_sidebar2col_display":false,"_jinr_seotitle_display":"","_jinr_description_display":"","_jinr_keyword_display":"","_jinr_hastag_display":"","_jinr_canonical_display":"","_jinr_noindex_display":false,"_jinr_paidpost":false,"_jinr_paidpost_product_id":"","_jinr_headtag_article":"","footnotes":""},"class_list":["post-5507","page","type-page","status-publish","hentry"],"_links":{"self":[{"href":"https:\/\/www.academiaschool.edu\/es\/wp-json\/wp\/v2\/pages\/5507","targetHints":{"allow":["GET"]}}],"collection":[{"href":"https:\/\/www.academiaschool.edu\/es\/wp-json\/wp\/v2\/pages"}],"about":[{"href":"https:\/\/www.academiaschool.edu\/es\/wp-json\/wp\/v2\/types\/page"}],"author":[{"embeddable":true,"href":"https:\/\/www.academiaschool.edu\/es\/wp-json\/wp\/v2\/users\/1"}],"replies":[{"embeddable":true,"href":"https:\/\/www.academiaschool.edu\/es\/wp-json\/wp\/v2\/comments?post=5507"}],"version-history":[{"count":10,"href":"https:\/\/www.academiaschool.edu\/es\/wp-json\/wp\/v2\/pages\/5507\/revisions"}],"predecessor-version":[{"id":7192,"href":"https:\/\/www.academiaschool.edu\/es\/wp-json\/wp\/v2\/pages\/5507\/revisions\/7192"}],"up":[{"embeddable":true,"href":"https:\/\/www.academiaschool.edu\/es\/wp-json\/wp\/v2\/pages\/5503"}],"wp:attachment":[{"href":"https:\/\/www.academiaschool.edu\/es\/wp-json\/wp\/v2\/media?parent=5507"}],"curies":[{"name":"wp","href":"https:\/\/api.w.org\/{rel}","templated":true}]}}