{"id":5503,"date":"2024-03-14T12:40:58","date_gmt":"2024-03-14T22:40:58","guid":{"rendered":"https:\/\/academia-school.net\/tarifas\/"},"modified":"2026-01-06T08:21:41","modified_gmt":"2026-01-06T18:21:41","slug":"tarifas","status":"publish","type":"page","link":"https:\/\/www.academiaschool.edu\/es\/tarifas\/","title":{"rendered":"Tarifas"},"content":{"rendered":"\n<section class=\"wp-block-jinr-blocks-fullwidth b--jinr-block b--jinr-fullwidth-container d--top-margin-xs-pc d--bottom-margin-xs-pc d--top-margin-xs-sp d--bottom-margin-xs-sp \"><section class=\"b--jinr-fullwidth d--fullwidth-parallax-off d--fullwidth-deco-bgimage\"><div class=\"a--jinr-fullwidth-image\"><div class=\"a--jinr-fullwidth-image-clip\"><img decoding=\"async\" src=\"https:\/\/www.academiaschool.edu\/wp-content\/uploads\/2024\/03\/sean-105m46GatAg-unsplash-2.webp\"\/><\/div><\/div><div class=\"a--jinr-fullwidth-overlay\" style=\"background-color:#f5f5f5;opacity:0\"><\/div><div class=\"d--fullwidth-100 d--fullwidth-pad40 d--fullwidth-pad0-sp t--main-width\" style=\"color:#ffffff\">\n<p class=\"has-text-align-center\" style=\"font-size:25px\"><span class=\"jinr-d--font-size d--fontsize-36px\"><strong><strong>Tarifas<\/strong><\/strong><\/span><\/p>\n<\/div><\/section><\/section>\n\n<h2 class=\"wp-block-heading jinr-heading d--bold\"><strong>Seis categor\u00edas de matr\u00edcula<\/strong><\/h2>\n\n<p>En la Escuela de Idiomas Academia, las tarifas var\u00edan seg\u00fan las seis categor\u00edas siguientes:<\/p>\n\n<ol class=\"wp-block-list jinr-list\">\n<li>Nuevos estudiantes (incluidos los traslados) y visado de estudiante (visado F-1)<\/li>\n\n\n\n<li>Visado de no estudiante (ESTA, e-Visa, etc.)<\/li>\n\n\n\n<li>Kama&#8217;aina (Ciudadanos estadounidenses o titulares de la tarjeta verde)<\/li>\n\n\n\n<li>Estudiantes ALS actuales y visado de estudiante (visado F-1)<\/li>\n\n\n\n<li>Academia Aloha Camp (Programa para ni\u00f1os y j\u00f3venes en edad escolar para las temporadas de vacaciones)<\/li>\n\n\n\n<li>Clases por la tarde<\/li>\n<\/ol>\n\n<p>La diferencia entre la categor\u00eda 1, Alumnos nuevos, y la categor\u00eda 4, Alumnos actuales de ALS, radica en los \u00abcostes iniciales\u00bb y el \u00abperiodo m\u00ednimo de inscripci\u00f3n\u00bb, aunque la matr\u00edcula es la misma.<\/p>\n\n<h2 class=\"wp-block-heading jinr-heading d--bold\"><strong>1. Matr\u00edcula para nuevos estudiantes (incluidos los traslados) y visados de estudiante (visado F-1)<\/strong><\/h2>\n\n<p><strong>Lista de precios semanal para estudiantes con visado F1<\/strong><\/p>\n\n<div class=\"wp-block-columns js--scr-animation is-layout-flex wp-container-core-columns-is-layout-9d6595d7 wp-block-columns-is-layout-flex\">\n<div class=\"wp-block-column is-layout-flow wp-block-column-is-layout-flow\" style=\"flex-basis:100%\">\n<figure class=\"wp-block-table is-style-stripes\" style=\"font-size:21px\"><table><tbody><tr><td><span class=\"jinr-d--font-size d--fontsize-15px\"><strong>Visa F1 2026 <\/strong><\/span><\/td><td><strong><span class=\"jinr-d--font-size d--fontsize-15px\"><strong>Matr\u00edcula<\/strong><\/span><\/strong><br\/>(impuestos incluidos)<\/td><td><strong>Con inicial<\/strong><br\/>(impuestos incluidos)<\/td><\/tr><tr><td><span class=\"jinr-d--font-size d--fontsize-15px\">8 semanas (unos 2 meses)<\/span><\/td><td><span class=\"jinr-d--font-size d--fontsize-15px\">$2.313<\/span><\/td><td><span class=\"jinr-d--font-size d--fontsize-15px\">$2.548<\/span><\/td><\/tr><tr><td><span class=\"jinr-d--font-size d--fontsize-15px\">16 semanas (unos 4 meses)<\/span><\/td><td><span class=\"jinr-d--font-size d--fontsize-15px\">$4.054<\/span><\/td><td><span class=\"jinr-d--font-size d--fontsize-15px\">$4.289<\/span><\/td><\/tr><tr><td><span class=\"jinr-d--font-size d--fontsize-15px\">24 semanas (aproximadamente medio a\u00f1o)<\/span><\/td><td><span class=\"jinr-d--font-size d--fontsize-15px\">$5.561<\/span><\/td><td><span class=\"jinr-d--font-size d--fontsize-15px\">$5.796<\/span><\/td><\/tr><tr><td><span class=\"jinr-d--font-size d--fontsize-15px\">48 semanas (aproximadamente 1 a\u00f1o)<\/span><\/td><td><span class=\"jinr-d--font-size d--fontsize-15px\">$8,759<\/span><\/td><td><span class=\"jinr-d--font-size d--fontsize-15px\">$8,994<\/span><\/td><\/tr><\/tbody><\/table><figcaption class=\"wp-element-caption\">una cuota de inscripci\u00f3n no reembolsable de 100$ y una cuota de tecnolog\u00eda de 135$ para Nuevo estudiante.<\/figcaption><\/figure>\n<\/div>\n<\/div>\n\n<p><strong>Descarga en PDF<\/strong>: <a href=\"https:\/\/www.academiaschool.edu\/wp-content\/uploads\/2025\/12\/I-20_Academia-Price-List_2026-4.pdf\">Lista de precios I-20 2026 Academia<\/a><\/p>\n\n<p>Los estudiantes con visado F-1 deben asistir a un m\u00ednimo de 20 horas de clase a la semana. Las tasas anteriores cumplen los requisitos del I-20 necesarios para el visado F-1.<\/p>\n\n<p>El periodo m\u00ednimo de inscripci\u00f3n para un visado F-1 es de 8 semanas. Se aplican tarifas con descuento en funci\u00f3n de la duraci\u00f3n del periodo, de 8 a 48 semanas.<\/p>\n\n<p>Para periodos de 8 a 48 semanas, hay una tarifa semanal. Consulta la p\u00e1gina siguiente para m\u00e1s detalles.<\/p>\n<section class=\"b--jinr-block b--jinr-blogcard d--blogcard-hover-up d--blogcard-style1 d--blogcard-mysite t--round \"><div class=\"a--blogcard-label ef\">Related Page<\/div><a class=\"o--blogcard-link t--round\" href=\"https:\/\/www.academiaschool.edu\/fee\/new-student\/\"><div class=\"c--blogcard-image\"><img loading=\"lazy\" decoding=\"async\" class=\"a--blogcard-img-src\" width=\"128\" height=\"72\" src=\"https:\/\/www.academiaschool.edu\/wp-content\/uploads\/2025\/02\/\u540d\u79f0\u672a\u8a2d\u5b9a\u306e\u30c7\u30b6\u30a4\u30f3-7.png\" alt=\"Tuition for New Students with F-1 Visas\" \/><\/div><div class=\"a--blogcard-title d--bold\">Tuition for New Students with F-1 Visas<\/div><\/a><\/section>\n<h2 class=\"wp-block-heading jinr-heading d--bold\"><strong>2. Visado de no estudiante (ESTA, e-Visa, etc.) Matr\u00edcula<\/strong><\/h2>\n\n<p><strong>Lista de precios semanales para estudiantes sin visado de estudiante<\/strong><\/p>\n\n<figure class=\"wp-block-table is-style-stripes\" style=\"font-size:21px\"><table><tbody><tr><td><span class=\"jinr-d--font-size d--fontsize-15px\"><strong><span class=\"jinr-d--font-size d--fontsize-15px\"><strong>Visa no F1 2026<\/strong><\/span><\/strong><\/span><\/td><td><strong><strong><span class=\"jinr-d--font-size d--fontsize-15px\"><strong>Matr\u00edcula <\/strong><\/span><\/strong><\/strong><br\/>(impuestos incluidos)<\/td><td><strong>Con inicial<\/strong><br\/>(impuestos incluidos)<\/td><\/tr><tr><td><span class=\"jinr-d--font-size d--fontsize-15px\">1 semana<\/span><\/td><td><span class=\"jinr-d--font-size d--fontsize-15px\">$279<\/span><\/td><td><span class=\"jinr-d--font-size d--fontsize-15px\">$379<\/span><\/td><\/tr><tr><td><span class=\"jinr-d--font-size d--fontsize-15px\">2 semanas<\/span><\/td><td><span class=\"jinr-d--font-size d--fontsize-15px\">$574<\/span><\/td><td><span class=\"jinr-d--font-size d--fontsize-15px\">$674<\/span><\/td><\/tr><tr><td><span class=\"jinr-d--font-size d--fontsize-15px\">3 semanas<\/span><\/td><td><span class=\"jinr-d--font-size d--fontsize-15px\">$783<\/span><\/td><td><span class=\"jinr-d--font-size d--fontsize-15px\">$883<\/span><\/td><\/tr><tr><td><span class=\"jinr-d--font-size d--fontsize-15px\">4 semanas<\/span><\/td><td><span class=\"jinr-d--font-size d--fontsize-15px\">$999<\/span><\/td><td><span class=\"jinr-d--font-size d--fontsize-15px\">$1.099<\/span><\/td><\/tr><tr><td><span class=\"jinr-d--font-size d--fontsize-15px\">8 semanas (unos 2 meses)<\/span><\/td><td><span class=\"jinr-d--font-size d--fontsize-15px\">$1.906<\/span><\/td><td>$2.006<\/td><\/tr><tr><td><span class=\"jinr-d--font-size d--fontsize-15px\">12 semanas (unos 3 meses)<\/span><\/td><td><span class=\"jinr-d--font-size d--fontsize-15px\">$2.622<\/span><\/td><td>$2.722<\/td><\/tr><tr><td><span class=\"jinr-d--font-size d--fontsize-15px\">16 semanas (unos 4 meses)<\/span><\/td><td><span class=\"jinr-d--font-size d--fontsize-15px\">$3.340<\/span><\/td><td>$3.440<\/td><\/tr><tr><td><span class=\"jinr-d--font-size d--fontsize-15px\">24 semanas (aproximadamente medio a\u00f1o)<\/span><\/td><td><span class=\"jinr-d--font-size d--fontsize-15px\">$4.520<\/span><\/td><td>$4.620<\/td><\/tr><tr><td><span class=\"jinr-d--font-size d--fontsize-15px\">48 semanas (aproximadamente 1 a\u00f1o)<\/span><\/td><td><span class=\"jinr-d--font-size d--fontsize-15px\">$7.614<\/span><\/td><td>$7.714<\/td><\/tr><\/tbody><\/table><figcaption class=\"wp-element-caption\">una cuota de inscripci\u00f3n no reembolsable de 100 $ por estudiante nuevo.<\/figcaption><\/figure>\n\n<p>M\u00e1s detalles: <a href=\"https:\/\/www.academiaschool.edu\/wp-content\/uploads\/2025\/12\/Non-I-20_Academia-Price-List_2026.pdf\">Lista de precios no I-20 2026 Academia<\/a><\/p>\n\n<p>Los visados que no son de estudiante incluyen el ESTA (Programa de Exenci\u00f3n de Visado), el B2 (Visado de Turista), el E (Visado de Inversor\/Negocio) y los visados de acompa\u00f1ante. Los titulares de estos visados pueden estudiar hasta 18 horas semanales.<\/p>\n<section class=\"b--jinr-block b--jinr-blogcard d--blogcard-hover-up d--blogcard-style1 d--blogcard-mysite t--round \"><div class=\"a--blogcard-label ef\">Related Page<\/div><a class=\"o--blogcard-link t--round\" href=\"https:\/\/www.academiaschool.edu\/fee\/non-f-1-student\/\"><div class=\"c--blogcard-image\"><img loading=\"lazy\" decoding=\"async\" class=\"a--blogcard-img-src\" width=\"128\" height=\"72\" src=\"https:\/\/www.academiaschool.edu\/wp-content\/uploads\/2025\/02\/\u540d\u79f0\u672a\u8a2d\u5b9a\u306e\u30c7\u30b6\u30a4\u30f3-7.png\" alt=\"Tuition for Non-student Visa Holders (ESTA, e-Visa, etc.)\" \/><\/div><div class=\"a--blogcard-title d--bold\">Tuition for Non-student Visa Holders (ESTA, e-Visa, etc.)<\/div><\/a><\/section>\n<h2 class=\"wp-block-heading jinr-heading d--bold\"><strong>3. Matr\u00edcula Kama&#8217;aina (ciudadanos estadounidenses o titulares de la tarjeta verde)<\/strong><\/h2>\n\n<p><strong>Lista semanal de precios para estudiantes Kama&#8217;aina<\/strong><\/p>\n\n<figure class=\"wp-block-table is-style-stripes\"><table><tbody><tr><td><strong><span class=\"jinr-d--font-size d--fontsize-15px\"><strong>2026 <\/strong>Kama&#8217;aina<\/span><\/strong><\/td><td><strong>10 horas\/semana<\/strong><br\/>(impuestos incluidos)<\/td><td><strong><strong>15 horas\/semana<\/strong><\/strong><br\/>(impuestos incluidos)<\/td><td><strong><strong>20 horas\/semana<\/strong><\/strong><br\/>(impuestos incluidos)<\/td><\/tr><tr><td><span class=\"jinr-d--font-size d--fontsize-15px\">1 semana<\/span><\/td><td><span class=\"jinr-d--font-size d--fontsize-15px\">$168<\/span><\/td><td><span class=\"jinr-d--font-size d--fontsize-15px\">$251<\/span><\/td><td><span class=\"jinr-d--font-size d--fontsize-15px\">$335<\/span><\/td><\/tr><tr><td><span class=\"jinr-d--font-size d--fontsize-15px\">8 semanas<\/span><\/td><td><span class=\"jinr-d--font-size d--fontsize-15px\">$1,050<\/span><\/td><td><span class=\"jinr-d--font-size d--fontsize-15px\">$1,575<\/span><\/td><td><span class=\"jinr-d--font-size d--fontsize-15px\">$2,100<\/span><\/td><\/tr><tr><td><span class=\"jinr-d--font-size d--fontsize-15px\">16 semanas<\/span><\/td><td><span class=\"jinr-d--font-size d--fontsize-15px\">$1,914<\/span><\/td><td><span class=\"jinr-d--font-size d--fontsize-15px\">$2,870<\/span><\/td><td><span class=\"jinr-d--font-size d--fontsize-15px\">$3,827<\/span><\/td><\/tr><tr><td><span class=\"jinr-d--font-size d--fontsize-15px\">24 semanas<\/span><\/td><td><span class=\"jinr-d--font-size d--fontsize-15px\">$2,590<\/span><\/td><td><span class=\"jinr-d--font-size d--fontsize-15px\">$3,884<\/span><\/td><td><span class=\"jinr-d--font-size d--fontsize-15px\">$5,179<\/span><\/td><\/tr><\/tbody><\/table><figcaption class=\"wp-element-caption\">una cuota de inscripci\u00f3n no reembolsable de 100 $ por estudiante nuevo.<\/figcaption><\/figure>\n\n<p>M\u00e1s detalles: <a href=\"https:\/\/www.academiaschool.edu\/wp-content\/uploads\/2025\/12\/Kamaaina_Academia-Price-List_2026.pdf\">Lista de precios Kama&#8217;aina 2026 Academia<\/a><\/p>\n\n<p>Los precios no incluyen una cuota de inscripci\u00f3n \u00fanica y no reembolsable de 100 $. Todos los precios incluyen impuestos. <\/p>\n\n<p>Los residentes locales que deseen estudiar ingl\u00e9s pueden acogerse a las tarifas Kama&#8217;aina. Para poder optar a ellos, los estudiantes deben presentar un documento de identidad con fotograf\u00eda y direcci\u00f3n local, ser ciudadanos estadounidenses, titulares de una Tarjeta Verde o poseer un visado K-1.<\/p>\n<section class=\"b--jinr-block b--jinr-blogcard d--blogcard-hover-up d--blogcard-style1 d--blogcard-mysite t--round \"><div class=\"a--blogcard-label ef\">Related Page<\/div><a class=\"o--blogcard-link t--round\" href=\"https:\/\/www.academiaschool.edu\/fee\/kamaaina\/\"><div class=\"c--blogcard-image\"><img loading=\"lazy\" decoding=\"async\" class=\"a--blogcard-img-src\" width=\"128\" height=\"72\" src=\"https:\/\/www.academiaschool.edu\/wp-content\/uploads\/2025\/02\/\u540d\u79f0\u672a\u8a2d\u5b9a\u306e\u30c7\u30b6\u30a4\u30f3-7.png\" alt=\"Tuition for Kama&#8217;aina (U.S. Citizens or Green Card Holders)\" \/><\/div><div class=\"a--blogcard-title d--bold\">Tuition for Kama&#8217;aina (U.S. Citizens or Green Card Holders)<\/div><\/a><\/section>\n<h2 class=\"wp-block-heading jinr-heading d--bold\"><strong>4. Matr\u00edcula de estudiantes actuales de ALS y visado de estudiante (visado F-1)<\/strong><\/h2>\n\n<p><strong>Lista de precios semanales para ALS Estudiantes actuales con visado F-1<\/strong><\/p>\n\n<figure class=\"wp-block-table is-style-stripes\" style=\"font-size:21px\"><table><tbody><tr><td><span class=\"jinr-d--font-size d--fontsize-15px\"><strong>Visa F1 2026 <\/strong><\/span><\/td><td><strong><span class=\"jinr-d--font-size d--fontsize-15px\"><strong>Matr\u00edcula<\/strong><\/span><\/strong><br\/>(impuestos incluidos)<\/td><\/tr><tr><td><span class=\"jinr-d--font-size d--fontsize-15px\">8 semanas (unos 2 meses)<\/span><\/td><td><span class=\"jinr-d--font-size d--fontsize-15px\">$2.313<\/span><\/td><\/tr><tr><td><span class=\"jinr-d--font-size d--fontsize-15px\">16 semanas (unos 4 meses)<\/span><\/td><td><span class=\"jinr-d--font-size d--fontsize-15px\">$4.054<\/span><\/td><\/tr><tr><td><span class=\"jinr-d--font-size d--fontsize-15px\">24 semanas (aproximadamente medio a\u00f1o)<\/span><\/td><td><span class=\"jinr-d--font-size d--fontsize-15px\">$5.561<\/span><\/td><\/tr><tr><td><span class=\"jinr-d--font-size d--fontsize-15px\">48 semanas (aproximadamente 1 a\u00f1o)<\/span><\/td><td><span class=\"jinr-d--font-size d--fontsize-15px\">$8,759<\/span><\/td><\/tr><\/tbody><\/table><figcaption class=\"wp-element-caption\">No se requieren costes iniciales si eres el actual estudiante de ALS.<\/figcaption><\/figure>\n\n<p>M\u00e1s detalles: <a href=\"https:\/\/www.academiaschool.edu\/wp-content\/uploads\/2025\/12\/I-20_Academia-Price-List_2026-4.pdf\">Lista de precios I-20 2026 Academia<\/a><\/p>\n\n<p>Los periodos de inscripci\u00f3n adicionales para los alumnos actuales pueden ampliarse semanalmente. Consulta en la p\u00e1gina siguiente las tarifas semanales para periodos de 1 a 48 semanas.<\/p>\n<section class=\"b--jinr-block b--jinr-blogcard d--blogcard-hover-up d--blogcard-style1 d--blogcard-mysite t--round \"><div class=\"a--blogcard-label ef\">Related Page<\/div><a class=\"o--blogcard-link t--round\" href=\"https:\/\/www.academiaschool.edu\/fee\/current-student\/\"><div class=\"c--blogcard-image\"><img loading=\"lazy\" decoding=\"async\" class=\"a--blogcard-img-src\" width=\"128\" height=\"72\" src=\"https:\/\/www.academiaschool.edu\/wp-content\/uploads\/2025\/02\/\u540d\u79f0\u672a\u8a2d\u5b9a\u306e\u30c7\u30b6\u30a4\u30f3-7.png\" alt=\"Tuition for Current Students &amp; Student Visa (F-1 Visa) Holders\" \/><\/div><div class=\"a--blogcard-title d--bold\">Tuition for Current Students &amp; Student Visa (F-1 Visa) Holders<\/div><\/a><\/section>\n<h2 class=\"wp-block-heading jinr-heading d--bold\"><strong>5. Academia Aloha Camp<\/strong><\/h2>\n\n<figure class=\"wp-block-image size-full\"><img loading=\"lazy\" decoding=\"async\" width=\"1024\" height=\"265\" src=\"https:\/\/www.academiaschool.edu\/wp-content\/uploads\/2025\/12\/image.png\" alt=\"\" class=\"wp-image-8876\" srcset=\"https:\/\/www.academiaschool.edu\/wp-content\/uploads\/2025\/12\/image.png 1024w, https:\/\/www.academiaschool.edu\/wp-content\/uploads\/2025\/12\/image-300x78.png 300w, https:\/\/www.academiaschool.edu\/wp-content\/uploads\/2025\/12\/image-768x199.png 768w\" sizes=\"auto, (max-width: 1024px) 100vw, 1024px\" \/><\/figure>\n\n<p>El programa para ni\u00f1os est\u00e1 dise\u00f1ado para ni\u00f1os de 6 a 12 a\u00f1os (preescolar, primaria) y el programa Junior es para estudiantes de secundaria de 13 a 18 a\u00f1os. Se anima a los estudiantes del programa Junior que busquen un aprendizaje m\u00e1s acad\u00e9mico a inscribirse en nuestras clases generales para adultos. <\/p>\n<section class=\"b--jinr-block b--jinr-blogcard d--blogcard-hover-up d--blogcard-style1 d--blogcard-mysite t--round \"><div class=\"a--blogcard-label ef\">Related Pages<\/div><a class=\"o--blogcard-link t--round\" href=\"https:\/\/www.academiaschool.edu\/academia-aloha-camp\/\"><div class=\"c--blogcard-image\"><img loading=\"lazy\" decoding=\"async\" class=\"a--blogcard-img-src\" width=\"128\" height=\"72\" src=\"https:\/\/www.academiaschool.edu\/wp-content\/uploads\/2025\/02\/\u540d\u79f0\u672a\u8a2d\u5b9a\u306e\u30c7\u30b6\u30a4\u30f3-7.png\" alt=\"Tarifas\" \/><\/div><div class=\"a--blogcard-title d--bold\">Tarifas<\/div><\/a><\/section>\n<h2 class=\"wp-block-heading jinr-heading d--bold\"><strong>6. <strong>Matr\u00edcula de<\/strong> clases s\u00f3lo por la tarde para estudiantes trasladados con visado F-1<\/strong><\/h2>\n\n<p>Los alumnos de este plan deben elegir s\u00f3lo clases de 12:30 a 15:00 y de 15:00 a 17:30.<\/p>\n\n<p>M\u00e1s detalles: <a href=\"https:\/\/www.academiaschool.edu\/wp-content\/uploads\/2025\/12\/Afternoon_Academia-Price-List_2026.pdf\">Lista de precios de clases solo por la tarde 2026 Academia<\/a><\/p>\n\n<p>S\u00f3lo los estudiantes transferidos y actuales que elijan estas clases pueden optar a estas tarifas de matr\u00edcula.<\/p>\n<section class=\"b--jinr-block b--jinr-blogcard d--blogcard-hover-up d--blogcard-style1 d--blogcard-mysite t--round \"><div class=\"a--blogcard-label ef\">Related Page<\/div><a class=\"o--blogcard-link t--round\" href=\"https:\/\/www.academiaschool.edu\/fee\/afternoon-course\/\"><div class=\"c--blogcard-image\"><img loading=\"lazy\" decoding=\"async\" class=\"a--blogcard-img-src\" width=\"128\" height=\"72\" src=\"https:\/\/www.academiaschool.edu\/wp-content\/uploads\/2025\/02\/\u540d\u79f0\u672a\u8a2d\u5b9a\u306e\u30c7\u30b6\u30a4\u30f3-7.png\" alt=\"Afternoon-Only Classes For Transfer And Current Students\" \/><\/div><div class=\"a--blogcard-title d--bold\">Afternoon-Only Classes For Transfer And Current Students<\/div><\/a><\/section>\n<h2 class=\"wp-block-heading jinr-heading d--bold\"><strong>Tasas de alojamiento<\/strong><\/h2>\n\n<p>Academia ofrece alojamiento de bajo coste a poca distancia de la escuela. Atendemos un amplio abanico de necesidades, desde los estudiantes de corta estancia que permanecen 1-2 semanas hasta los que estudian m\u00e1s de un a\u00f1o, as\u00ed como los que desean encontrar alojamiento en Hawai tras su llegada.<\/p>\n<section class=\"b--jinr-block b--jinr-blogcard d--blogcard-hover-up d--blogcard-style1 d--blogcard-mysite t--round \"><div class=\"a--blogcard-label ef\">Related Page<\/div><a class=\"o--blogcard-link t--round\" href=\"https:\/\/www.academiaschool.edu\/fee\/housing\/\"><div class=\"c--blogcard-image\"><img loading=\"lazy\" decoding=\"async\" class=\"a--blogcard-img-src\" width=\"128\" height=\"72\" src=\"https:\/\/www.academiaschool.edu\/wp-content\/uploads\/2025\/02\/\u540d\u79f0\u672a\u8a2d\u5b9a\u306e\u30c7\u30b6\u30a4\u30f3-7.png\" alt=\"Accommodation Fees\" \/><\/div><div class=\"a--blogcard-title d--bold\">Accommodation Fees<\/div><\/a><\/section>","protected":false},"excerpt":{"rendered":"<p>Seis categor\u00edas de matr\u00edcula En la Escuela de Idiomas Academia, las tarifas var\u00edan seg\u00fan las seis categor\u00edas siguientes: La diferencia entre la categor\u00eda 1, Alumnos nuevos, y la categor\u00eda 4, Alumnos actuales de ALS, radica en los \u00abcostes iniciales\u00bb y el \u00abperiodo m\u00ednimo de inscripci\u00f3n\u00bb, aunque la matr\u00edcula es la misma. 1. Matr\u00edcula para nuevos [&hellip;]<\/p>\n","protected":false},"author":1,"featured_media":0,"parent":0,"menu_order":0,"comment_status":"closed","ping_status":"closed","template":"","meta":{"_jinr_url_youtube":"","_jinr_pip_youtube":false,"_jinr_time_youtube":"","_jinr_thumb_youtube":"","_jinr_media_youtube":"","_jinr_category_edit":false,"_jinr_category":"","_jinr_title_display":false,"_jinr_snsbutton_display":false,"_jinr_ads_display":false,"_jinr_thumbnail_display":false,"_jinr_profile_display":false,"_jinr_representations_display":false,"_jinr_relatedpost_display":false,"_jinr_sidebar1col_display":false,"_jinr_sidebar2col_display":false,"_jinr_seotitle_display":"","_jinr_description_display":"","_jinr_keyword_display":"","_jinr_hastag_display":"","_jinr_canonical_display":"","_jinr_noindex_display":false,"_jinr_paidpost":false,"_jinr_paidpost_product_id":"","_jinr_headtag_article":"","footnotes":""},"class_list":["post-5503","page","type-page","status-publish","hentry"],"_links":{"self":[{"href":"https:\/\/www.academiaschool.edu\/es\/wp-json\/wp\/v2\/pages\/5503","targetHints":{"allow":["GET"]}}],"collection":[{"href":"https:\/\/www.academiaschool.edu\/es\/wp-json\/wp\/v2\/pages"}],"about":[{"href":"https:\/\/www.academiaschool.edu\/es\/wp-json\/wp\/v2\/types\/page"}],"author":[{"embeddable":true,"href":"https:\/\/www.academiaschool.edu\/es\/wp-json\/wp\/v2\/users\/1"}],"replies":[{"embeddable":true,"href":"https:\/\/www.academiaschool.edu\/es\/wp-json\/wp\/v2\/comments?post=5503"}],"version-history":[{"count":5,"href":"https:\/\/www.academiaschool.edu\/es\/wp-json\/wp\/v2\/pages\/5503\/revisions"}],"predecessor-version":[{"id":9016,"href":"https:\/\/www.academiaschool.edu\/es\/wp-json\/wp\/v2\/pages\/5503\/revisions\/9016"}],"wp:attachment":[{"href":"https:\/\/www.academiaschool.edu\/es\/wp-json\/wp\/v2\/media?parent=5503"}],"curies":[{"name":"wp","href":"https:\/\/api.w.org\/{rel}","templated":true}]}}