{"id":5491,"date":"2024-03-21T12:45:20","date_gmt":"2024-03-21T22:45:20","guid":{"rendered":"https:\/\/academia-school.net\/aplicacion\/politica-de-devoluciones\/"},"modified":"2024-04-24T11:11:48","modified_gmt":"2024-04-24T21:11:48","slug":"politica-de-devoluciones","status":"publish","type":"page","link":"https:\/\/www.academiaschool.edu\/es\/aplicacion\/politica-de-devoluciones\/","title":{"rendered":"Pol\u00edtica de devoluciones"},"content":{"rendered":"\n<section class=\"wp-block-jinr-blocks-fullwidth b--jinr-block b--jinr-fullwidth-container d--top-margin-xs-pc d--bottom-margin-xs-pc d--top-margin-xs-sp d--bottom-margin-xs-sp \"><section class=\"b--jinr-fullwidth d--fullwidth-parallax-off d--fullwidth-deco-bgimage\"><div class=\"a--jinr-fullwidth-image\"><div class=\"a--jinr-fullwidth-image-clip\"><img decoding=\"async\" src=\"https:\/\/www.academiaschool.edu\/wp-content\/uploads\/2024\/03\/\u30b9\u30af\u30ea\u30fc\u30f3\u30b7\u30e7\u30c3\u30c8-2024-03-26-\u5348\u5f8c7.45.56.webp\"\/><\/div><\/div><div class=\"a--jinr-fullwidth-overlay\" style=\"background-color:#222222;opacity:0.25\"><\/div><div class=\"d--fullwidth-100 d--fullwidth-pad40 d--fullwidth-pad0-sp t--main-width\" style=\"color:false\">\n<p class=\"has-text-align-center has-white-color has-text-color has-link-color wp-elements-37501f622a9cf659299e72f1265a296c\"><span class=\"jinr-d--font-size d--fontsize-36px\"><strong><strong>Pol\u00edtica de devoluciones<\/strong><\/strong><\/span><\/p>\n<\/div><\/section><\/section>\n\n<h2 class=\"wp-block-heading jinr-heading d--bold\"><strong>Pol\u00edtica de devoluciones<\/strong><\/h2>\n\n<p>Los reembolsos por transacciones realizadas en efectivo o con cheque se procesar\u00e1n mediante cheque. Las transacciones realizadas con tarjeta de cr\u00e9dito se reembolsar\u00e1n a la misma tarjeta de cr\u00e9dito utilizada para la transacci\u00f3n. Si no se puede procesar el reembolso en la misma tarjeta de cr\u00e9dito debido al periodo de reembolso de la empresa de procesamiento, el reembolso se procesar\u00e1 por cheque. Todos los reembolsos se efectuar\u00e1n en un plazo de 30 d\u00edas a partir de la confirmaci\u00f3n de la solicitud de reembolso.<\/p>\n\n<h3 class=\"wp-block-heading jinr-heading d--bold\">Duraci\u00f3n de la inscripci\u00f3n &#8211; 8 semanas o m\u00e1s<\/h3>\n\n<figure class=\"wp-block-table\"><table><tbody><tr><td>Baja antes del inicio de las clases<\/td><td>Devoluci\u00f3n \u00edntegra<\/td><\/tr><tr><td>Retirada m\u00e1s de 4 semanas antes del final<\/td><td>Devoluci\u00f3n parcial<\/td><\/tr><tr><td>Abstinencia en las \u00faltimas 4 semanas<\/td><td>Sin devoluci\u00f3n<\/td><\/tr><\/tbody><\/table><figcaption class=\"wp-element-caption\">Los reembolsos se efect\u00faan tras deducir una cuota de inscripci\u00f3n no reembolsable de 125 $.<\/figcaption><\/figure>\n\n<ul class=\"jinr-list wp-block-list\">\n<li>Los costes de libros, materiales de audio y suministros no son reembolsables.<\/li>\n\n\n\n<li>Una sesi\u00f3n dura 8 semanas; el punto medio de una sesi\u00f3n es de 4 semanas.<\/li>\n\n\n\n<li>Los importes de reembolso se calculan deduciendo la matr\u00edcula utilizada (basada en el periodo de clase cada 4 semanas) de la matr\u00edcula total pagada.<\/li>\n\n\n\n<li>Reembolsos relacionados con promociones de estudiantes: El importe del reembolso se calcula deduciendo el precio completo (no promocional) de la matr\u00edcula utilizada para las sesiones completadas del total de la matr\u00edcula promocional.<\/li>\n\n\n\n<li>Siempre es posible pagar la matr\u00edcula por adelantado. Si se produce una cancelaci\u00f3n antes del inicio de las clases, se reembolsar\u00e1 el importe total menos la cuota de inscripci\u00f3n no reembolsable.<\/li>\n\n\n\n<li>Si el banco devuelve un cheque por cualquier motivo, se cobrar\u00e1 una comisi\u00f3n de 25,00 $.<\/li>\n<\/ul>\n\n<h3 class=\"wp-block-heading jinr-heading d--bold\">Duraci\u00f3n de la inscripci\u00f3n &#8211; Menos de 8 semanas<\/h3>\n\n<p>Los reembolsos por transacciones realizadas en efectivo o con cheque se procesar\u00e1n mediante cheque. Las transacciones realizadas con tarjeta de cr\u00e9dito se reembolsar\u00e1n a la misma tarjeta de cr\u00e9dito utilizada para la transacci\u00f3n. Si no se puede procesar el reembolso en la misma tarjeta de cr\u00e9dito debido al periodo de reembolso de la empresa de procesamiento, el reembolso se procesar\u00e1 por cheque. Todos los reembolsos se efectuar\u00e1n en un plazo de 30 d\u00edas a partir de la confirmaci\u00f3n de la solicitud de reembolso.<\/p>\n\n<figure class=\"wp-block-table\"><table><tbody><tr><td>Baja antes del inicio de las clases<\/td><td>Devoluci\u00f3n \u00edntegra<\/td><\/tr><tr><td>Baja de un curso de 4 semanas o menos<\/td><td>Sin devoluci\u00f3n<\/td><\/tr><\/tbody><\/table><figcaption class=\"wp-element-caption\">Los reembolsos se efect\u00faan tras deducir una cuota de inscripci\u00f3n no reembolsable de 125 $.<\/figcaption><\/figure>\n\n<ul class=\"jinr-list wp-block-list\">\n<li>Los costes de libros, materiales de audio y suministros no son reembolsables.<\/li>\n\n\n\n<li>La baja despu\u00e9s de las 4 primeras semanas no da derecho a reembolso.<\/li>\n\n\n\n<li>Para las inscripciones de 5, 6 \u00f3 7 semanas, el importe del reembolso se calcula deduciendo la matr\u00edcula utilizada para las 4 primeras semanas del total de la matr\u00edcula pagada.<\/li>\n\n\n\n<li>Si el banco devuelve un cheque por cualquier motivo, se cobrar\u00e1 una comisi\u00f3n de 25,00 $.<\/li>\n<\/ul>\n\n<h2 class=\"wp-block-heading jinr-heading d--bold\"><strong>Hoja de c\u00e1lculo del reembolso<\/strong><\/h2>\n\n<p>A continuaci\u00f3n te facilitamos una hoja Excel para calcular los importes de las devoluciones.<\/p>\n\n<p><a href=\"https:\/\/www.academiaschool.edu\/wp-content\/uploads\/2024\/03\/2024-Refund-Schedule.xlsx\">Hoja de c\u00e1lculo del reembolso (2024)<\/a><\/p>\n\n<p>Ten en cuenta que la hoja anterior no tiene en cuenta las devoluciones relacionadas con las promociones. Los c\u00e1lculos se har\u00e1n en la oficina principal cuando se pongan en pr\u00e1ctica. Util\u00edzala como figura de referencia.<\/p>\n","protected":false},"excerpt":{"rendered":"<p>Pol\u00edtica de devoluciones Los reembolsos por transacciones realizadas en efectivo o con cheque se procesar\u00e1n mediante cheque. Las transacciones realizadas con tarjeta de cr\u00e9dito se reembolsar\u00e1n a la misma tarjeta de cr\u00e9dito utilizada para la transacci\u00f3n. Si no se puede procesar el reembolso en la misma tarjeta de cr\u00e9dito debido al periodo de reembolso de [&hellip;]<\/p>\n","protected":false},"author":1,"featured_media":0,"parent":5477,"menu_order":0,"comment_status":"closed","ping_status":"closed","template":"","meta":{"_jinr_url_youtube":"","_jinr_pip_youtube":false,"_jinr_time_youtube":"","_jinr_thumb_youtube":"","_jinr_media_youtube":"","_jinr_category_edit":false,"_jinr_category":"","_jinr_title_display":false,"_jinr_snsbutton_display":false,"_jinr_ads_display":false,"_jinr_thumbnail_display":false,"_jinr_profile_display":false,"_jinr_representations_display":false,"_jinr_relatedpost_display":false,"_jinr_sidebar1col_display":false,"_jinr_sidebar2col_display":false,"_jinr_seotitle_display":"","_jinr_description_display":"","_jinr_keyword_display":"","_jinr_hastag_display":"","_jinr_canonical_display":"","_jinr_noindex_display":false,"_jinr_paidpost":false,"_jinr_paidpost_product_id":"","_jinr_headtag_article":"","footnotes":""},"class_list":["post-5491","page","type-page","status-publish","hentry"],"_links":{"self":[{"href":"https:\/\/www.academiaschool.edu\/es\/wp-json\/wp\/v2\/pages\/5491","targetHints":{"allow":["GET"]}}],"collection":[{"href":"https:\/\/www.academiaschool.edu\/es\/wp-json\/wp\/v2\/pages"}],"about":[{"href":"https:\/\/www.academiaschool.edu\/es\/wp-json\/wp\/v2\/types\/page"}],"author":[{"embeddable":true,"href":"https:\/\/www.academiaschool.edu\/es\/wp-json\/wp\/v2\/users\/1"}],"replies":[{"embeddable":true,"href":"https:\/\/www.academiaschool.edu\/es\/wp-json\/wp\/v2\/comments?post=5491"}],"version-history":[{"count":3,"href":"https:\/\/www.academiaschool.edu\/es\/wp-json\/wp\/v2\/pages\/5491\/revisions"}],"predecessor-version":[{"id":5494,"href":"https:\/\/www.academiaschool.edu\/es\/wp-json\/wp\/v2\/pages\/5491\/revisions\/5494"}],"up":[{"embeddable":true,"href":"https:\/\/www.academiaschool.edu\/es\/wp-json\/wp\/v2\/pages\/5477"}],"wp:attachment":[{"href":"https:\/\/www.academiaschool.edu\/es\/wp-json\/wp\/v2\/media?parent=5491"}],"curies":[{"name":"wp","href":"https:\/\/api.w.org\/{rel}","templated":true}]}}