{"id":5481,"date":"2024-03-21T12:46:12","date_gmt":"2024-03-21T22:46:12","guid":{"rendered":"https:\/\/academia-school.net\/aplicacion\/proceso-de-solicitud\/"},"modified":"2024-04-24T11:10:55","modified_gmt":"2024-04-24T21:10:55","slug":"proceso-de-solicitud","status":"publish","type":"page","link":"https:\/\/www.academiaschool.edu\/es\/aplicacion\/proceso-de-solicitud\/","title":{"rendered":"Proceso de solicitud"},"content":{"rendered":"\n<section class=\"wp-block-jinr-blocks-fullwidth b--jinr-block b--jinr-fullwidth-container d--top-margin-xs-pc d--bottom-margin-xs-pc d--top-margin-xs-sp d--bottom-margin-xs-sp \"><section class=\"b--jinr-fullwidth d--fullwidth-parallax-off d--fullwidth-deco-bgimage\"><div class=\"a--jinr-fullwidth-image\"><div class=\"a--jinr-fullwidth-image-clip\"><img decoding=\"async\" src=\"https:\/\/www.academiaschool.edu\/wp-content\/uploads\/2024\/03\/\u30b9\u30af\u30ea\u30fc\u30f3\u30b7\u30e7\u30c3\u30c8-2024-03-26-\u5348\u5f8c7.45.56.webp\"\/><\/div><\/div><div class=\"a--jinr-fullwidth-overlay\" style=\"background-color:#222222;opacity:0.25\"><\/div><div class=\"d--fullwidth-100 d--fullwidth-pad40 d--fullwidth-pad0-sp t--main-width\" style=\"color:false\">\n<p class=\"has-text-align-center has-white-color has-text-color has-link-color wp-elements-d6f3b9224c34dfdebac61f59b0d2f8a9\"><span class=\"jinr-d--font-size d--fontsize-36px\"><strong>Proceso de solicitud<\/strong><\/span><\/p>\n<\/div><\/section><\/section>\n\n<h2 class=\"wp-block-heading jinr-heading d--bold\">Proceso de solicitud  <\/h2>\n\n<section class=\"wp-block-jinr-blocks-timeline b--jinr-block b--jinr-timeline d--timeline-type-text d--timeline-design1 d--timeline-step-default\n\t\t\td--timeline-img-shadow js--scr-animation\"><div class=\"o--timeline-list\">\n<div class=\"wp-block-jinr-blocks-timelinechild c--timeline-item\"><div class=\"c--timeline-heading\"><div class=\"a--timeline-step ef\"><span class=\"a--timeline-step-text\"><\/span><\/div><div class=\"a--timeline-label d--bold\"><strong>Filling Out the Application Form<\/strong><\/div><\/div><div class=\"c--timeline-contents\"><div class=\"a--timeline-text\">\n<p>En primer lugar, rellena el formulario de solicitud con la informaci\u00f3n requerida y env\u00eda tu solicitud. Nos pondremos en contacto contigo para facilitarte los documentos necesarios en funci\u00f3n de tu situaci\u00f3n. Nuestra escuela tiene d\u00edas de inscripci\u00f3n todos los lunes, excepto la \u00faltima semana de cada semestre y la semana anterior a la \u00faltima semana.<\/p>\n\n\n\n<p>Puedes presentar tu candidatura desde el <a href=\"https:\/\/form.jotform.com\/241076958498474\">Formulario de Candidatura Online<\/a> o el <a href=\"https:\/\/www.academiaschool.edu\/wp-content\/uploads\/2024\/04\/Application-Form.pdf\" target=\"_blank\" rel=\"noreferrer noopener\">Formulario de Candidatura\uff08PDF\uff09.<\/a><br\/>La solicitud para el curso de la tarde s\u00f3lo est\u00e1 disponible en l\u00ednea para los estudiantes transferidos.<\/p>\n<\/div><\/div><\/div>\n\n\n\n<div class=\"wp-block-jinr-blocks-timelinechild c--timeline-item\"><div class=\"c--timeline-heading\"><div class=\"a--timeline-step ef\"><span class=\"a--timeline-step-text\"><\/span><\/div><div class=\"a--timeline-label d--bold\"><strong>Submission of Required Documents<\/strong><\/div><\/div><div class=\"c--timeline-contents\"><div class=\"a--timeline-text\">\n<p>Tras recibir tu solicitud, nos pondremos en contacto contigo desde la oficina principal para informarte de los documentos necesarios. Tambi\u00e9n enumeraremos aqu\u00ed esos documentos.<\/p>\n\n\n\n<p>Rellena y prepara los documentos necesarios, como la solicitud de dependencia y el certificado de saldo bancario, y pres\u00e9ntalos.<\/p>\n\n\n\n<p><strong>Estudiantes F-1(I-20) (nuevos y transferidos)<\/strong><\/p>\n\n\n\n<ul class=\"jinr-list wp-block-list\">\n<li>1 Copia del pasaporte (por cada miembro de la familia que venga a EE.UU.)<\/li>\n\n\n\n<li>2 Copia de la p\u00e1gina del visado F (por cada miembro de la familia)<\/li>\n\n\n\n<li>3 Declaraci\u00f3n financiera: m\u00e1s de 18.000 $, m\u00e1s otros 4.500 $ por cada miembro de la familia.<\/li>\n\n\n\n<li>4 <a href=\"https:\/\/www.academiaschool.edu\/wp-content\/uploads\/2024\/04\/Verification-of-Status-Request-for-F-1-Student.pdf\" data-type=\"link\" data-id=\"https:\/\/www.academiaschool.edu\/wp-content\/uploads\/2024\/04\/Verification-of-Status-Request-for-F-1-Student.pdf\" target=\"_blank\" rel=\"noreferrer noopener\">Solicitud de verificaci\u00f3n de estatus para estudiante F-1<\/a> (para estudiante transferido)<\/li>\n\n\n\n<li>5 <a href=\"https:\/\/www.academiaschool.edu\/wp-content\/uploads\/2024\/04\/Affidavit-of-Financial-Resources-Template.pdf\" data-type=\"link\" data-id=\"https:\/\/www.academiaschool.edu\/wp-content\/uploads\/2024\/04\/Affidavit-of-Financial-Resources-Template.pdf\" target=\"_blank\" rel=\"noreferrer noopener\">Modelo de declaraci\u00f3n jurada de recursos econ\u00f3micos<\/a> (si paga otra persona que no sea el solicitante)<\/li>\n\n\n\n<li>6 <a href=\"https:\/\/www.academiaschool.edu\/wp-content\/uploads\/2024\/04\/Dependent-Form.pdf\" data-type=\"link\" data-id=\"https:\/\/www.academiaschool.edu\/wp-content\/uploads\/2024\/04\/Dependent-Form.pdf\" target=\"_blank\" rel=\"noreferrer noopener\">Formulario de personas a cargo<\/a> (si hay hijos)<\/li>\n<\/ul>\n\n\n\n<p><strong>Estudiantes Kama&#8217;aina no I-20<\/strong><\/p>\n\n\n\n<ul class=\"jinr-list wp-block-list\">\n<li>1 Copia del pasaporte<\/li>\n\n\n\n<li>2 Copia de la p\u00e1gina del visado o de la tarjeta verde<\/li>\n<\/ul>\n<\/div><\/div><\/div>\n\n\n\n<div class=\"wp-block-jinr-blocks-timelinechild c--timeline-item\"><div class=\"c--timeline-heading\"><div class=\"a--timeline-step ef\"><span class=\"a--timeline-step-text\"><\/span><\/div><div class=\"a--timeline-label d--bold\"><strong>Payment of Enrollment Fee<\/strong><\/div><\/div><div class=\"c--timeline-contents\"><div class=\"a--timeline-text\">\n<p>Los pagos pueden realizarse mediante tarjeta, cheque o transferencia bancaria. Ten en cuenta que se cobrar\u00e1 una comisi\u00f3n del 3% por los pagos con tarjeta.<\/p>\n<\/div><\/div><\/div>\n\n\n\n<div class=\"wp-block-jinr-blocks-timelinechild c--timeline-item\"><div class=\"c--timeline-heading\"><div class=\"a--timeline-step ef\"><span class=\"a--timeline-step-text\"><\/span><\/div><div class=\"a--timeline-label d--bold\"><strong>Issuance of I-20 (For F Visa Only)<\/strong><\/div><\/div><div class=\"c--timeline-contents\"><div class=\"a--timeline-text\">\n<p><strong>Estudiante nuevo<\/strong><\/p>\n\n\n\n<p>Si solicitas un visado F por primera vez, te enviaremos el formulario I-20 a tu direcci\u00f3n en tu pa\u00eds de origen.  <\/p>\n\n\n\n<p><strong>Estudiante transferido<\/strong><\/p>\n\n\n\n<p>Si te trasladas de escuela en Hawai, te lo entregaremos directamente. Si no est\u00e1s en Hawai, te lo enviaremos por correo electr\u00f3nico.  <\/p>\n<\/div><\/div><\/div>\n\n\n\n<div class=\"wp-block-jinr-blocks-timelinechild c--timeline-item\"><div class=\"c--timeline-heading\"><div class=\"a--timeline-step ef\"><span class=\"a--timeline-step-text\"><\/span><\/div><div class=\"a--timeline-label d--bold\"><strong>Submission of Documents and Interview at the U.S. Embassy (For Obtaining a New F Visa)<\/strong><\/div><\/div><div class=\"c--timeline-contents\"><div class=\"a--timeline-text\">\n<p>Solicita el visado F y asiste a la entrevista.<\/p>\n<\/div><\/div><\/div>\n\n\n\n<div class=\"wp-block-jinr-blocks-timelinechild c--timeline-item\"><div class=\"c--timeline-heading\"><div class=\"a--timeline-step ef\"><span class=\"a--timeline-step-text\"><\/span><\/div><div class=\"a--timeline-label d--bold\"><strong>Off to Hawaii!<\/strong><\/div><\/div><div class=\"c--timeline-contents\"><div class=\"a--timeline-text\">\n<p>Puedes entrar en Estados Unidos hasta 30 d\u00edas antes de la fecha prevista de inscripci\u00f3n.<\/p>\n<\/div><\/div><\/div>\n<\/div><\/section>\n\n<p>Si tienes alguna pregunta, no dudes en ponerte en contacto con nosotros.<\/p>\n<section class='b--jinr-block b--jinr-button   js--scr-animation block_98c8dc75-3f7d-421a-b3b5-5fcffc40918c'>\n\t\t\t\t\t<div class=\"o--button-inner d--button-type1 d--button-solid d--button-solid-hover-down d--button-solid-animation-expand d--button-center\"><span class=\"a--button-hover\"><a href=\"https:\/\/www.academiaschool.edu\/inquiry\/\"><span>Contact Us<\/span><\/a><\/span><\/div>\n\t\t\t\t<\/section>","protected":false},"excerpt":{"rendered":"<p>Proceso de solicitud Si tienes alguna pregunta, no dudes en ponerte en contacto con nosotros.<\/p>\n","protected":false},"author":1,"featured_media":0,"parent":5477,"menu_order":0,"comment_status":"closed","ping_status":"closed","template":"","meta":{"_jinr_url_youtube":"","_jinr_pip_youtube":false,"_jinr_time_youtube":"","_jinr_thumb_youtube":"","_jinr_media_youtube":"","_jinr_category_edit":false,"_jinr_category":"","_jinr_title_display":false,"_jinr_snsbutton_display":false,"_jinr_ads_display":false,"_jinr_thumbnail_display":false,"_jinr_profile_display":false,"_jinr_representations_display":false,"_jinr_relatedpost_display":false,"_jinr_sidebar1col_display":false,"_jinr_sidebar2col_display":false,"_jinr_seotitle_display":"","_jinr_description_display":"","_jinr_keyword_display":"","_jinr_hastag_display":"","_jinr_canonical_display":"","_jinr_noindex_display":false,"_jinr_paidpost":false,"_jinr_paidpost_product_id":"","_jinr_headtag_article":"","footnotes":""},"class_list":["post-5481","page","type-page","status-publish","hentry"],"_links":{"self":[{"href":"https:\/\/www.academiaschool.edu\/es\/wp-json\/wp\/v2\/pages\/5481","targetHints":{"allow":["GET"]}}],"collection":[{"href":"https:\/\/www.academiaschool.edu\/es\/wp-json\/wp\/v2\/pages"}],"about":[{"href":"https:\/\/www.academiaschool.edu\/es\/wp-json\/wp\/v2\/types\/page"}],"author":[{"embeddable":true,"href":"https:\/\/www.academiaschool.edu\/es\/wp-json\/wp\/v2\/users\/1"}],"replies":[{"embeddable":true,"href":"https:\/\/www.academiaschool.edu\/es\/wp-json\/wp\/v2\/comments?post=5481"}],"version-history":[{"count":3,"href":"https:\/\/www.academiaschool.edu\/es\/wp-json\/wp\/v2\/pages\/5481\/revisions"}],"predecessor-version":[{"id":5484,"href":"https:\/\/www.academiaschool.edu\/es\/wp-json\/wp\/v2\/pages\/5481\/revisions\/5484"}],"up":[{"embeddable":true,"href":"https:\/\/www.academiaschool.edu\/es\/wp-json\/wp\/v2\/pages\/5477"}],"wp:attachment":[{"href":"https:\/\/www.academiaschool.edu\/es\/wp-json\/wp\/v2\/media?parent=5481"}],"curies":[{"name":"wp","href":"https:\/\/api.w.org\/{rel}","templated":true}]}}