{"id":7149,"date":"2024-12-12T06:11:56","date_gmt":"2024-12-12T16:11:56","guid":{"rendered":"https:\/\/www.academiaschool.edu\/kinder-junior-fun-sommerprogramm\/"},"modified":"2025-01-02T19:44:27","modified_gmt":"2025-01-03T05:44:27","slug":"kinder-junior-fun-sommerprogramm","status":"publish","type":"page","link":"https:\/\/www.academiaschool.edu\/de\/kinder-junior-fun-sommerprogramm\/","title":{"rendered":"Kinder &amp; Junior Fun Sommerprogramm"},"content":{"rendered":"\n<p>Bei Academia bieten wir ein unterhaltsames und ansprechendes Sommerprogramm f\u00fcr Kinder in den Sommerferien an.<\/p>\n\n<h2 class=\"wp-block-heading jinr-heading d--bold\"><strong>\u00dcbersicht \u00fcber das Kids &amp; Junior Fun Programm<\/strong><\/h2>\n\n<p>Morgens im Freien, nachmittags im Klassenzimmer. Lernen Sie Englisch und haben Sie dabei Spa\u00df. <\/p>\n\n<div class=\"wp-block-columns js--scr-animation is-layout-flex wp-container-core-columns-is-layout-9d6595d7 wp-block-columns-is-layout-flex\">\n<div class=\"wp-block-column is-layout-flow wp-block-column-is-layout-flow\">\n<section class=\"wp-block-jinr-blocks-timeline b--jinr-block b--jinr-timeline d--timeline-type-text d--timeline-design1 d--timeline-step-default\n\t\t\td--timeline-img-shadow js--scr-animation\"><div class=\"o--timeline-list\">\n<div class=\"wp-block-jinr-blocks-timelinechild c--timeline-item\"><div class=\"c--timeline-heading\"><div class=\"a--timeline-step ef\"><span class=\"a--timeline-step-text\"><\/span><\/div><div class=\"a--timeline-label d--bold\">8:15 Drop off<\/div><\/div><div class=\"c--timeline-contents\"><div class=\"a--timeline-text\">\n<p>Die Kinder sollten mit dem von der Schule zur Verf\u00fcgung gestellten T-Shirt bei Academia ankommen.<br\/>Bitte beachten Sie, dass Eltern\/Erziehungsberechtigte ihre Kinder w\u00e4hrend des Programms nicht begleiten k\u00f6nnen.<\/p>\n<\/div><\/div><\/div>\n\n\n\n<div class=\"wp-block-jinr-blocks-timelinechild c--timeline-item\"><div class=\"c--timeline-heading\"><div class=\"a--timeline-step ef\"><span class=\"a--timeline-step-text\"><\/span><\/div><div class=\"a--timeline-label d--bold\">8:30 Departure from the school<\/div><\/div><div class=\"c--timeline-contents\"><div class=\"a--timeline-text\">\n<p>Es wird eine Anwesenheitsliste erstellt, und dann beginnt das Abenteuer!<\/p>\n<\/div><\/div><\/div>\n\n\n\n<div class=\"wp-block-jinr-blocks-timelinechild c--timeline-item\"><div class=\"c--timeline-heading\"><div class=\"a--timeline-step ef\"><span class=\"a--timeline-step-text\"><\/span><\/div><div class=\"a--timeline-label d--bold\">9:00 English Activity<\/div><\/div><div class=\"c--timeline-contents\"><div class=\"a--timeline-text\">\n<p>Die Kinder werden sich an einer Vielzahl von Aktivit\u00e4ten erfreuen und verschiedene Orte besuchen, die jeden Tag ein neues Erlebnis bieten.<\/p>\n<\/div><\/div><\/div>\n\n\n\n<div class=\"wp-block-jinr-blocks-timelinechild c--timeline-item\"><div class=\"c--timeline-heading\"><div class=\"a--timeline-step ef\"><span class=\"a--timeline-step-text\"><\/span><\/div><div class=\"a--timeline-label d--bold\">12:00 Lunch<\/div><\/div><div class=\"c--timeline-contents\"><div class=\"a--timeline-text\">\n<p>Das Mittagessen wird von der Schule bereitgestellt.<br\/>F\u00fcr Kinder mit schweren Allergien, die wir nicht ber\u00fccksichtigen k\u00f6nnen, m\u00fcssen die Eltern m\u00f6glicherweise ein Lunchpaket mitbringen. Bitte kontaktieren Sie uns f\u00fcr weitere Einzelheiten. <\/p>\n<\/div><\/div><\/div>\n\n\n\n<div class=\"wp-block-jinr-blocks-timelinechild c--timeline-item\"><div class=\"c--timeline-heading\"><div class=\"a--timeline-step ef\"><span class=\"a--timeline-step-text\"><\/span><\/div><div class=\"a--timeline-label d--bold\">12:40 Lunch Finish<\/div><\/div><div class=\"c--timeline-contents\"><div class=\"a--timeline-text\">\n<p>Alle werden ihre Mahlzeit gemeinsam genie\u00dfen.<\/p>\n<\/div><\/div><\/div>\n\n\n\n<div class=\"wp-block-jinr-blocks-timelinechild c--timeline-item\"><div class=\"c--timeline-heading\"><div class=\"a--timeline-step ef\"><span class=\"a--timeline-step-text\"><\/span><\/div><div class=\"a--timeline-label d--bold\">1:30 English Class<\/div><\/div><div class=\"c--timeline-contents\"><div class=\"a--timeline-text\">\n<p>Zur\u00fcck in der Schule werden die Kinder an lustigen Aktivit\u00e4ten im Klassenzimmer teilnehmen. Sie lernen hawaiianische Lieder, spielen die Ukulele und besch\u00e4ftigen sich mit Kunst und Handwerk. <\/p>\n<\/div><\/div><\/div>\n\n\n\n<div class=\"wp-block-jinr-blocks-timelinechild c--timeline-item\"><div class=\"c--timeline-heading\"><div class=\"a--timeline-step ef\"><span class=\"a--timeline-step-text\"><\/span><\/div><div class=\"a--timeline-label d--bold\">3:45 Pick Up<\/div><\/div><div class=\"c--timeline-contents\"><div class=\"a--timeline-text\">\n<div class=\"wp-block-columns js--scr-animation is-layout-flex wp-container-core-columns-is-layout-9d6595d7 wp-block-columns-is-layout-flex\">\n<div class=\"wp-block-column is-layout-flow wp-block-column-is-layout-flow\"><\/div>\n<\/div>\n<\/div><\/div><\/div>\n<\/div><\/section>\n<\/div>\n\n\n\n<div class=\"wp-block-column is-layout-flow wp-block-column-is-layout-flow\">\n<pre class=\"wp-block-preformatted\"><strong>Englisch Aktivit\u00e4t \u306e\u4f8b<\/strong><\/pre>\n\n\n\n<figure class=\"wp-block-image size-large\"><img decoding=\"async\" src=\"https:\/\/academia-sch.jp\/wp-content\/uploads\/2024\/12\/F1C9753F-79B3-40CC-86B9-6FAAEC8D3E36-1024x621.jpg\" alt=\"MiniGolf\" class=\"wp-image-2432\"\/><\/figure>\n\n\n\n<ul class=\"wp-block-list jinr-list\">\n<li>Minigolf<\/li>\n\n\n\n<li>Honolulu Police Department<\/li>\n\n\n\n<li>Entdeckungszentrum<\/li>\n\n\n\n<li>Manoa Heritage Center<\/li>\n\n\n\n<li>Diamantkopf-Wanderung<\/li>\n\n\n\n<li>Sea Life Park<\/li>\n\n\n\n<li>Schlittschuhlaufen<\/li>\n\n\n\n<li>Bischofs-Museum<\/li>\n\n\n\n<li>Angeln<\/li>\n\n\n\n<li>Planetarium &amp; Wissenschaft erleben<\/li>\n\n\n\n<li>Dole Plantation Ananas-Labyrinth<\/li>\n<\/ul>\n\n\n\n<p><strong>Englischunterricht \u306e\u4f8b<\/strong><\/p>\n\n\n\n<figure class=\"wp-block-image size-full\"><img decoding=\"async\" src=\"https:\/\/academia-sch.jp\/wp-content\/uploads\/2024\/12\/ukulele-4021002_640.jpg\" alt=\"\" class=\"wp-image-2427\"\/><\/figure>\n\n\n\n<ul class=\"wp-block-list jinr-list\">\n<li>Musik<\/li>\n\n\n\n<li>Ukulele<\/li>\n\n\n\n<li>Gesang<\/li>\n\n\n\n<li>Lesen<\/li>\n\n\n\n<li>Handwerk<\/li>\n<\/ul>\n<\/div>\n<\/div>\n\n<h2 class=\"wp-block-heading jinr-heading d--bold\"><strong>Kinder &amp; Junior Fun Programm Ausbilder<\/strong><\/h2>\n\n<div class=\"wp-block-columns js--scr-animation is-layout-flex wp-container-core-columns-is-layout-9d6595d7 wp-block-columns-is-layout-flex\">\n<div class=\"wp-block-column is-layout-flow wp-block-column-is-layout-flow\">\n<div class=\"wp-block-columns js--scr-animation is-layout-flex wp-container-core-columns-is-layout-9d6595d7 wp-block-columns-is-layout-flex\">\n<div class=\"wp-block-column is-layout-flow wp-block-column-is-layout-flow\"><div class=\"wp-block-image\">\n<figure class=\"aligncenter size-full is-resized\"><img decoding=\"async\" src=\"https:\/\/academia-sch.jp\/wp-content\/uploads\/2024\/12\/CHRISTINE_1212040418.png\" alt=\"CHRISTINE\" class=\"wp-image-2429\" style=\"width:147px;height:auto\"\/><\/figure>\n<\/div>\n\n\n<p class=\"has-text-align-center\">Christine<\/p>\n\n\n\n<p class=\"has-text-align-center\">Ein Experte in der Gestaltung von unterhaltsamen und ansprechenden Kursen f\u00fcr Kinder, einschlie\u00dflich Ukulele, Tanz und Handwerk.<\/p>\n<\/div>\n\n\n\n<div class=\"wp-block-column is-layout-flow wp-block-column-is-layout-flow\"><div class=\"wp-block-image\">\n<figure class=\"aligncenter size-full is-resized\"><img decoding=\"async\" src=\"https:\/\/academia-sch.jp\/wp-content\/uploads\/2024\/12\/&#x30B9;&#x30AF;&#x30EA;&#x30FC;&#x30F3;&#x30B7;&#x30E7;&#x30C3;&#x30C8;-2024-08-31-&#x5348;&#x524D;8.29.16_1212040448.png\" alt=\"Elizabeth\" class=\"wp-image-2430\" style=\"width:152px;height:auto\"\/><\/figure>\n<\/div>\n\n\n<p class=\"has-text-align-center\">Elizabeth<\/p>\n\n\n\n<p class=\"has-text-align-center\">Als Mutter eines 6-j\u00e4hrigen Sohnes entwirft Elizabeth Programme, die bei den Kindern ankommen und sie besch\u00e4ftigen.<\/p>\n<\/div>\n<\/div>\n<\/div>\n<\/div>\n\n<h2 class=\"wp-block-heading jinr-heading d--bold\"><strong>Kinder &amp; Junior Fun Programm 2025 Zeitplan<\/strong><\/h2>\n\n<p>Jede Woche ist auf maximal 8 Teilnehmer begrenzt.<\/p>\n\n<figure class=\"wp-block-table is-style-regular\" style=\"font-size:47px\"><table class=\"has-black-color has-text-color has-background has-link-color has-fixed-layout\" style=\"background-color:#f5ec8412\"><tbody><tr><td class=\"has-text-align-center\" data-align=\"center\"><strong><span class=\"jinr-d--text-color d--user-color2 d--bold\">Sommer 2025<\/span><\/strong><\/td><td class=\"has-text-align-center\" data-align=\"center\"><strong><span class=\"jinr-d--text-color d--user-color2 d--bold\">Start<\/span><\/strong><\/td><td class=\"has-text-align-center\" data-align=\"center\"><strong><span class=\"jinr-d--text-color d--user-color2 d--bold\">Ende<\/span><\/strong><\/td><td class=\"has-text-align-center\" data-align=\"center\"><strong><span class=\"jinr-d--text-color d--user-color2 d--bold\"><span class=\"jinr-d--font-size d--fontsize-13px\">Anmeldeschluss<\/span><\/span><\/strong><\/td><\/tr><tr><td class=\"has-text-align-center\" data-align=\"center\"><strong>Woche 1<\/strong><\/td><td class=\"has-text-align-center\" data-align=\"center\">07\/14\/2025<\/td><td class=\"has-text-align-center\" data-align=\"center\">07\/18\/2025<\/td><td class=\"has-text-align-center\" data-align=\"center\">06\/29\/2025<\/td><\/tr><tr><td class=\"has-text-align-center\" data-align=\"center\"><strong>Woche 2<\/strong><\/td><td class=\"has-text-align-center\" data-align=\"center\">07\/21\/2025<\/td><td class=\"has-text-align-center\" data-align=\"center\">07\/25\/2025<\/td><td class=\"has-text-align-center\" data-align=\"center\">07\/06\/2025<\/td><\/tr><tr><td class=\"has-text-align-center\" data-align=\"center\"><strong>Woche 3<\/strong><\/td><td class=\"has-text-align-center\" data-align=\"center\">07\/28\/2025<\/td><td class=\"has-text-align-center\" data-align=\"center\">08\/01\/2025<\/td><td class=\"has-text-align-center\" data-align=\"center\">07\/13\/2025<\/td><\/tr><tr><td class=\"has-text-align-center\" data-align=\"center\"><strong>Woche 4<\/strong><\/td><td class=\"has-text-align-center\" data-align=\"center\">08\/04\/2025<\/td><td class=\"has-text-align-center\" data-align=\"center\">08\/08\/2025<\/td><td class=\"has-text-align-center\" data-align=\"center\">07\/20\/2025<\/td><\/tr><tr><td class=\"has-text-align-center\" data-align=\"center\"><strong>Woche 5<\/strong><\/td><td class=\"has-text-align-center\" data-align=\"center\">08\/11\/2025<\/td><td class=\"has-text-align-center\" data-align=\"center\">08\/15\/2025<\/td><td class=\"has-text-align-center\" data-align=\"center\">07\/27\/2025<\/td><\/tr><tr><td class=\"has-text-align-center\" data-align=\"center\"><strong>Woche 6<\/strong><\/td><td class=\"has-text-align-center\" data-align=\"center\">08\/18\/2025<\/td><td class=\"has-text-align-center\" data-align=\"center\">08\/22\/2025<\/td><td class=\"has-text-align-center\" data-align=\"center\">08\/03\/2025<\/td><\/tr><\/tbody><\/table><\/figure>\n\n<p>Das Programm richtet sich in erster Linie an Kinder im Alter von 6 bis 15 Jahren (Vorschulkinder, Grund- und Mittelsch\u00fcler). Gymnasiasten im Alter von 16 bis 18 Jahren k\u00f6nnen ebenfalls teilnehmen. Sch\u00fcler, die mehr auf akademisches Lernen ausgerichtet sind, werden jedoch ermutigt, sich f\u00fcr unsere allgemeinen Erwachsenenkurse anzumelden.  <\/p>\n\n<ul class=\"wp-block-list jinr-list\">\n<li>Kinder-Spa\u00df-Programm (6 bis 12 Jahre alt)<\/li>\n\n\n\n<li>Junior Fun Programm (13 bis 15 Jahre alt)<\/li>\n<\/ul>\n\n<h2 class=\"wp-block-heading jinr-heading d--bold\"><strong>Kinder &amp; Junior Fun Programm 2025 Geb\u00fchren<\/strong><\/h2>\n\n<p>Anmeldegeb\u00fchr: $100<\/p>\n\n<figure class=\"wp-block-table\"><table class=\"has-background has-fixed-layout\" style=\"background-color:#0061fc08\"><tbody><tr><td class=\"has-text-align-center\" data-align=\"center\"><span class=\"jinr-d--text-color d--user-color2 d--bold\">Sommer 2025<\/span><\/td><td class=\"has-text-align-center\" data-align=\"center\"><span class=\"jinr-d--text-color d--user-color2 d--bold\">Studiengeb\u00fchren<\/span><\/td><td class=\"has-text-align-center\" data-align=\"center\"><strong><span class=\"jinr-d--text-color d--user-color2 d--bold\">Gesamt<\/span><\/strong><\/td><\/tr><tr><td class=\"has-text-align-center\" data-align=\"center\"><strong>1 Woche<\/strong><\/td><td class=\"has-text-align-center\" data-align=\"center\">$873.00<\/td><td class=\"has-text-align-center\" data-align=\"center\">$973.00<\/td><\/tr><tr><td class=\"has-text-align-center\" data-align=\"center\"><strong>2 Wochen<\/strong><\/td><td class=\"has-text-align-center\" data-align=\"center\">$1,530.00<\/td><td class=\"has-text-align-center\" data-align=\"center\">$1,630.00<\/td><\/tr><tr><td class=\"has-text-align-center\" data-align=\"center\"><strong>3 Wochen<\/strong><\/td><td class=\"has-text-align-center\" data-align=\"center\">$2,160.00<\/td><td class=\"has-text-align-center\" data-align=\"center\">$2,260.00<\/td><\/tr><tr><td class=\"has-text-align-center\" data-align=\"center\"><strong>4 Wochen<\/strong><\/td><td class=\"has-text-align-center\" data-align=\"center\">$2,808.00<\/td><td class=\"has-text-align-center\" data-align=\"center\">$2,908.00<\/td><\/tr><tr><td class=\"has-text-align-center\" data-align=\"center\"><strong>5 Wochen<\/strong><\/td><td class=\"has-text-align-center\" data-align=\"center\">$3,375.00<\/td><td class=\"has-text-align-center\" data-align=\"center\">$3,475.00<\/td><\/tr><tr><td class=\"has-text-align-center\" data-align=\"center\"><strong>6 Wochen<\/strong><\/td><td class=\"has-text-align-center\" data-align=\"center\">$3,888.00<\/td><td class=\"has-text-align-center\" data-align=\"center\">$3,988.00<\/td><\/tr><\/tbody><\/table><\/figure>\n\n<p>Die oben genannten Geb\u00fchren enthalten die Steuer. F\u00fcr Zahlungen mit Kreditkarte wird eine Bearbeitungsgeb\u00fchr von 3% erhoben. <\/p>\n\n<h2 class=\"wp-block-heading jinr-heading d--bold\"><strong>Stornierungsbedingungen<\/strong><\/h2>\n\n<p>Die Anmeldegeb\u00fchr ist nicht erstattungsf\u00e4hig. \u00c4nderungen oder Stornierungen m\u00fcssen mindestens 22 Tage vor Beginn des Programms vorgenommen werden. Bei einer Stornierung innerhalb dieser Frist wird der gesamte Betrag zur\u00fcckerstattet, mit Ausnahme der nicht erstattungsf\u00e4higen Anmeldegeb\u00fchr.  <\/p>\n\n<p>Stornierungen, die innerhalb von 21 Tagen vor Beginn des Programms erfolgen, werden nicht erstattet. Bei schlechtem Wetter, Naturkatastrophen oder anderen unvorhersehbaren Umst\u00e4nden, die zu einer Stornierung des Programms f\u00fchren, werden keine R\u00fcckerstattungen, Verschiebungen oder alternative Aktivit\u00e4ten angeboten. <\/p>\n\n<h2 class=\"wp-block-heading jinr-heading d--bold\"><strong>Anwendung<\/strong><\/h2>\n\n<p>Bitte f\u00fcllen Sie das Anmeldeformular aus. Anschlie\u00dfend erhalten Sie Anweisungen zur Zahlung. Ihr Platz wird nach Eingang der Zahlung best\u00e4tigt.<br\/>Senden Sie Ihre Anmeldung \u00fcber das untenstehende Formular ab. <\/p>\n<section class='b--jinr-block b--jinr-button   js--scr-animation block_'>\n\t\t\t\t\t<div class=\"o--button-inner d--button-type1 d--button-solid d--button-solid-hover-down d--button-solid-animation-expand d--button-center\"><span class=\"a--button-hover\"><a href=\"https:\/\/form.jotform.com\/243461090509050\" target=\"_blank\" rel=\"noopener\"><span>Application<\/span><\/a><\/span><\/div>\n\t\t\t\t<\/section>\n<p>Wenn Sie Fragen haben, k\u00f6nnen Sie uns gerne \u00fcber die unten stehenden Informationen kontaktieren.<\/p>\n\n<div class=\"wp-block-columns js--scr-animation is-layout-flex wp-container-core-columns-is-layout-9d6595d7 wp-block-columns-is-layout-flex\">\n<div class=\"wp-block-column is-layout-flow wp-block-column-is-layout-flow\">\n<p class=\"has-text-align-center\"><span class=\"jin-icons in--p jin-ifont-comment\"><\/span> <a href=\"https:\/\/wa.me\/message\/XNHGHW2TGDJ2I1\" target=\"_blank\" rel=\"noreferrer noopener nofollow\">WhatsAPP<\/a><\/p>\n<\/div>\n\n\n\n<div class=\"wp-block-column is-layout-flow wp-block-column-is-layout-flow\">\n<p class=\"has-text-align-center\"><span class=\"jin-icons in--p jin-ifont-comment\"><\/span> <a href=\"https:\/\/line.me\/R\/ti\/p\/@876dbswf?oat_content=url\" target=\"_blank\" rel=\"noreferrer noopener nofollow\">LINE<\/a><\/p>\n<\/div>\n\n\n\n<div class=\"wp-block-column is-layout-flow wp-block-column-is-layout-flow\">\n<p class=\"has-text-align-center\"><span class=\"jin-icons in--p jin-ifont-comment\"><\/span> <a href=\"https:\/\/academia-sch.kr\/kakaotalk_page\/\" target=\"_blank\" rel=\"noreferrer noopener\">KakaoTalk<\/a><\/p>\n<\/div>\n<\/div>\n\n\n<section class='b--jinr-block b--jinr-button   js--scr-animation block_'>\n\t\t\t\t\t<div class=\"o--button-inner d--button-type1 d--button-solid d--button-solid-hover-down d--button-solid-animation-expand d--button-center\"><span class=\"a--button-hover\"><a href=\"https:\/\/form.jotform.com\/241172060846048\" target=\"_blank\" rel=\"noopener\"><span>Contact Form<\/span><\/a><\/span><\/div>\n\t\t\t\t<\/section>","protected":false},"excerpt":{"rendered":"<p>Bei Academia bieten wir ein unterhaltsames und ansprechendes Sommerprogramm f\u00fcr Kinder in den Sommerferien an. \u00dcbersicht \u00fcber das Kids &amp; Junior Fun Programm Morgens im Freien, nachmittags im Klassenzimmer. Lernen Sie Englisch und haben Sie dabei Spa\u00df. Englisch Aktivit\u00e4t \u306e\u4f8b Englischunterricht \u306e\u4f8b Kinder &amp; Junior Fun Programm Ausbilder Christine Ein Experte in der Gestaltung von [&hellip;]<\/p>\n","protected":false},"author":1,"featured_media":0,"parent":0,"menu_order":0,"comment_status":"closed","ping_status":"closed","template":"","meta":{"_jinr_url_youtube":"","_jinr_pip_youtube":false,"_jinr_time_youtube":"","_jinr_thumb_youtube":"","_jinr_media_youtube":"","_jinr_category_edit":false,"_jinr_category":"","_jinr_title_display":false,"_jinr_snsbutton_display":false,"_jinr_ads_display":false,"_jinr_thumbnail_display":false,"_jinr_profile_display":false,"_jinr_representations_display":false,"_jinr_relatedpost_display":false,"_jinr_sidebar1col_display":false,"_jinr_sidebar2col_display":false,"_jinr_seotitle_display":"","_jinr_description_display":"","_jinr_keyword_display":"","_jinr_hastag_display":"","_jinr_canonical_display":"","_jinr_noindex_display":false,"_jinr_paidpost":false,"_jinr_paidpost_product_id":"","_jinr_headtag_article":"","footnotes":""},"class_list":["post-7149","page","type-page","status-publish","hentry"],"_links":{"self":[{"href":"https:\/\/www.academiaschool.edu\/de\/wp-json\/wp\/v2\/pages\/7149","targetHints":{"allow":["GET"]}}],"collection":[{"href":"https:\/\/www.academiaschool.edu\/de\/wp-json\/wp\/v2\/pages"}],"about":[{"href":"https:\/\/www.academiaschool.edu\/de\/wp-json\/wp\/v2\/types\/page"}],"author":[{"embeddable":true,"href":"https:\/\/www.academiaschool.edu\/de\/wp-json\/wp\/v2\/users\/1"}],"replies":[{"embeddable":true,"href":"https:\/\/www.academiaschool.edu\/de\/wp-json\/wp\/v2\/comments?post=7149"}],"version-history":[{"count":1,"href":"https:\/\/www.academiaschool.edu\/de\/wp-json\/wp\/v2\/pages\/7149\/revisions"}],"predecessor-version":[{"id":7150,"href":"https:\/\/www.academiaschool.edu\/de\/wp-json\/wp\/v2\/pages\/7149\/revisions\/7150"}],"wp:attachment":[{"href":"https:\/\/www.academiaschool.edu\/de\/wp-json\/wp\/v2\/media?parent=7149"}],"curies":[{"name":"wp","href":"https:\/\/api.w.org\/{rel}","templated":true}]}}