{"id":4961,"date":"2024-03-21T12:48:43","date_gmt":"2024-03-21T22:48:43","guid":{"rendered":"https:\/\/academia-school.net\/fuer-aktuelle-studenten\/ferien\/"},"modified":"2024-05-09T13:32:39","modified_gmt":"2024-05-09T23:32:39","slug":"ferien","status":"publish","type":"page","link":"https:\/\/www.academiaschool.edu\/de\/fuer-aktuelle-studenten\/ferien\/","title":{"rendered":"Ferien"},"content":{"rendered":"\n<section class=\"wp-block-jinr-blocks-fullwidth b--jinr-block b--jinr-fullwidth-container d--top-margin-xs-pc d--bottom-margin-xs-pc d--top-margin-xs-sp d--bottom-margin-xs-sp \"><section class=\"b--jinr-fullwidth d--fullwidth-parallax-off d--fullwidth-deco-bgimage\"><div class=\"a--jinr-fullwidth-image\"><div class=\"a--jinr-fullwidth-image-clip\"><img decoding=\"async\" src=\"https:\/\/www.academiaschool.edu\/wp-content\/uploads\/2024\/03\/\u30b9\u30af\u30ea\u30fc\u30f3\u30b7\u30e7\u30c3\u30c8-2024-03-26-\u5348\u5f8c8.22.12.webp\"\/><\/div><\/div><div class=\"a--jinr-fullwidth-overlay\" style=\"background-color:rgba(255,255,255,0);opacity:0.25\"><\/div><div class=\"d--fullwidth-100 d--fullwidth-pad40 d--fullwidth-pad0-sp t--main-width\" style=\"color:false\">\n<p class=\"has-text-align-center has-white-color has-text-color has-link-color wp-elements-4eaab77d750682e7860261f754dce0ec\"><span class=\"jinr-d--font-size d--fontsize-36px\"><strong><strong>Ferien<\/strong><\/strong><\/span><\/p>\n<\/div><\/section><\/section>\n\n\n\n<h2 class=\"wp-block-heading jinr-heading d--bold\"><strong>Arten von Urlauben<\/strong><\/h2>\n\n\n\n<p>Es sind zwei Arten von Urlauben verf\u00fcgbar:<\/p>\n\n\n\n<figure class=\"wp-block-table\"><table><tbody><tr><td class=\"has-text-align-center\" data-align=\"center\">Typ<\/td><td>Details<\/td><td>Verl\u00e4ngerung des Enddatums der Studie<\/td><td>Als Abwesenheit behandelt<\/td><\/tr><tr><td class=\"has-text-align-center\" data-align=\"center\">Verl\u00e4ngern Sie Ihren Urlaub<\/td><td>2 Wochen nach 3 Monaten der Studie<br>1 Monat (4 Wochen) nach 6 Monaten Studium, wenn Sie nicht die 2 Wochen Urlaub nehmen<\/td><td>Erweitern Sie<\/td><td>Nein<\/td><\/tr><tr><td class=\"has-text-align-center\" data-align=\"center\">Urlaub nicht verl\u00e4ngern<\/td><td>Urlaub in \u00dcbersee, Krankheitsurlaub (einschlie\u00dflich Mutterschaftsurlaub)<\/td><td>Nicht verl\u00e4ngern<\/td><td>Nein<\/td><\/tr><\/tbody><\/table><\/figure>\n\n\n\n<p>Das Beantragen von Urlaub z\u00e4hlt nicht als Abwesenheit, aber auch nicht als Anwesenheit. Diese Tage werden grunds\u00e4tzlich nicht als notwendige Anwesenheitstage gez\u00e4hlt.<\/p>\n\n\n<section class=\"b--jinr-block b--jinr-blogcard d--blogcard-hover-up d--blogcard-style1 d--blogcard-mysite t--round \"><div class=\"a--blogcard-label ef\">Related Page<\/div><a class=\"o--blogcard-link t--round\" href=\"https:\/\/www.academiaschool.edu\/attendance-rate-and-forced-expulsion\/\"><div class=\"c--blogcard-image\"><img loading=\"lazy\" decoding=\"async\" class=\"a--blogcard-img-src\" width=\"128\" height=\"72\" src=\"https:\/\/www.academiaschool.edu\/wp-content\/uploads\/2025\/02\/\u540d\u79f0\u672a\u8a2d\u5b9a\u306e\u30c7\u30b6\u30a4\u30f3-7.png\" alt=\"Ferien\" \/><\/div><div class=\"a--blogcard-title d--bold\">Ferien<\/div><\/a><\/section>\n\n\n<h3 class=\"wp-block-heading jinr-heading d--bold\">Verl\u00e4ngern Sie Ihren Urlaub<\/h3>\n\n\n\n<ul class=\"jinr-list wp-block-list\">\n<li>Verl\u00e4ngern Sie Ihren Urlaub: Urlaubswochen verl\u00e4ngern das Enddatum des Studiums.<\/li>\n\n\n\n<li>Urlaube k\u00f6nnen durch ein 3- oder 6-monatiges Studium erworben werden.<\/li>\n\n\n\n<li>Die Frist f\u00fcr die Inanspruchnahme von Urlaub betr\u00e4gt 2 Wochen nach 3 Monaten Studium oder 1 Monat (4 Wochen) nach 6 Monaten Studium.<\/li>\n\n\n\n<li>Ein 1-monatiger (4-w\u00f6chiger) Urlaub nach 6 Monaten kann genommen werden, wenn ein 2-w\u00f6chiger Urlaub nach 3 Monaten nicht genommen wurde.<\/li>\n\n\n\n<li>Der Urlaubsbeginn muss nicht auf einen Montag fallen.<\/li>\n\n\n\n<li>Ein 2-w\u00f6chiger Urlaub kann 3 Monate nach dem vorangegangenen Urlaub erneut genommen werden.<\/li>\n\n\n\n<li>Ein 1-monatiger (4-w\u00f6chiger) Urlaub kann 6 Monate nach dem vorangegangenen Urlaub erneut genommen werden.<\/li>\n\n\n\n<li>Wenn sich der Urlaub \u00fcber mehrere Semester erstreckt, sind ein Online-Beratungstag und die Anmeldung f\u00fcr die Kurse des n\u00e4chsten Semesters (online) erforderlich.<\/li>\n\n\n\n<li>Ein 4-w\u00f6chiger Urlaub kann in 1 Woche und 3 Wochen oder zwei 2-w\u00f6chige Zeitr\u00e4ume aufgeteilt werden, aber nicht in vier separate Wochen.<\/li>\n\n\n\n<li>Ein 2-w\u00f6chiger Urlaub kann in zwei 1-w\u00f6chige Zeitr\u00e4ume aufgeteilt werden.<\/li>\n\n\n\n<li>Wenn ein Urlaub geteilt wird, muss der verbleibende Urlaub innerhalb von 4 Wochen nach dem Ende der ersten H\u00e4lfte des Urlaubs genommen werden. Wird er nicht genutzt, verf\u00e4llt er.<\/li>\n\n\n\n<li>Antr\u00e4ge auf geteilten Urlaub werden alle auf einmal gestellt.<\/li>\n<\/ul>\n\n\n\n<h3 class=\"wp-block-heading jinr-heading d--bold\">Urlaub nicht verl\u00e4ngern<\/h3>\n\n\n\n<ul class=\"jinr-list wp-block-list\">\n<li>Das Enddatum wird nicht verl\u00e4ngert (bezahlte Unterrichtstage werden w\u00e4hrend der Pause verbraucht).<\/li>\n\n\n\n<li>Urlaub in \u00dcbersee: Urlaub, bei dem Sie aus pers\u00f6nlichen Gr\u00fcnden au\u00dferhalb der USA reisen, z. B. um Ihre Familie in Ihrem Heimatland zu besuchen.<\/li>\n\n\n\n<li>Krankheitsurlaub: Erlaubte Erholung f\u00fcr den von einem US-Arzt (MD) angegebenen Zeitraum wegen Krankheit oder Entbindung.<\/li>\n\n\n\n<li>Es wird nicht empfohlen, aus irgendeinem Grund mehr als eineinhalb Monate Pause zu machen.<\/li>\n\n\n\n<li>Nach dem Ende der Ferien m\u00fcssen Sie am n\u00e4chsten Tag in die Schule zur\u00fcckkehren.<\/li>\n\n\n\n<li>Wenn sich der Urlaub \u00fcber mehrere Semester erstreckt, sind ein Online-Beratungstag und die Anmeldung f\u00fcr die Kurse des n\u00e4chsten Semesters (online) erforderlich.<\/li>\n<\/ul>\n\n\n\n<h4 class=\"wp-block-heading jinr-heading d--bold\">Urlaub in \u00dcbersee<\/h4>\n\n\n\n<ul class=\"jinr-list wp-block-list\">\n<li>F\u00fcr den Urlaub in \u00dcbersee m\u00fcssen Flugtickets reserviert werden.<\/li>\n\n\n\n<li>Wenn nach der Beantragung des Auslandsurlaubs, aber vor der Ausreise, \u00c4nderungen gew\u00fcnscht werden, ist dies m\u00f6glich, wenn die Informationen zur Flugreservierung zusammen eingereicht werden. In Notf\u00e4llen kann das R\u00fcckreisedatum jedoch auch nach der Ausreise ge\u00e4ndert werden.<\/li>\n<\/ul>\n\n\n\n<h4 class=\"wp-block-heading jinr-heading d--bold\">Krankheitsurlaub<\/h4>\n\n\n\n<ul class=\"jinr-list wp-block-list\">\n<li>Die Vorlage einer Diagnose eines amerikanischen Arztes (MD) ist erforderlich.  <\/li>\n\n\n\n<li>Diagnosen von Zahn\u00e4rzten oder Chiropraktikern werden nicht akzeptiert (nur MDs sind g\u00fcltig).<\/li>\n\n\n\n<li>Die Frist f\u00fcr die Einreichung eines \u00e4rztlichen Attests betr\u00e4gt eine Woche nach der R\u00fcckkehr in die Schule nach einer Erkrankung.<\/li>\n<\/ul>\n\n\n\n<h2 class=\"wp-block-heading jinr-heading d--bold\"><strong>Wie Sie einen Urlaub beantragen<\/strong><\/h2>\n\n\n\n<p>Es gibt zwei M\u00f6glichkeiten, einen Urlaub zu beantragen:<\/p>\n\n\n\n<ul class=\"jinr-list wp-block-list\">\n<li>Indem Sie das Online-Formular f\u00fcr Urlaubsantr\u00e4ge ausf\u00fcllen.<\/li>\n\n\n\n<li>Durch Ausf\u00fcllen des Urlaubsantragsformulars (Papierform).<\/li>\n<\/ul>\n\n\n\n<p>Beachten Sie, dass r\u00fcckwirkende Antr\u00e4ge nicht zul\u00e4ssig sind.<\/p>\n\n\n\n<h3 class=\"wp-block-heading jinr-heading d--bold\">Online-Urlaubsantragsformular<\/h3>\n\n\n\n<p>Bitte bewerben Sie sich mit dem untenstehenden Formular.<\/p>\n\n\n<section class='b--jinr-block b--jinr-button   js--scr-animation block_8f06b143-282e-4717-8770-70216cb4e513'>\n\t\t\t\t\t<div class=\"o--button-inner d--button-type4 d--button-outline d--button-outline-hover-halftransparent  d--button-center\"><span class=\"a--button-hover\"><a href=\"https:\/\/form.jotform.com\/240046302435040\" target=\"_blank\" rel=\"noopener\"><span>Online Vacation Request Form<\/span><\/a><\/span><\/div>\n\t\t\t\t<\/section>\n\n\n<h3 class=\"wp-block-heading jinr-heading d--bold\"><strong>Formular Urlaubsantrag (Papier)<\/strong><\/h3>\n\n\n\n<p>Bitte f\u00fcllen Sie das Formular an der Rezeption aus.<\/p>\n\n\n<section class=\"b--jinr-block b--jinr-blogcard d--blogcard-hover-up d--blogcard-style1 d--blogcard-mysite t--round \"><div class=\"a--blogcard-label ef\">\u3042\u308f\u305b\u3066\u8aad\u307f\u305f\u3044<\/div><a class=\"o--blogcard-link t--round\" href=\"https:\/\/www.academiaschool.edu\/de\/fuer-aktuelle-studenten\/\"><div class=\"c--blogcard-image\"><img loading=\"lazy\" decoding=\"async\" class=\"a--blogcard-img-src\" width=\"128\" height=\"72\" src=\"https:\/\/www.academiaschool.edu\/wp-content\/uploads\/2025\/02\/\u540d\u79f0\u672a\u8a2d\u5b9a\u306e\u30c7\u30b6\u30a4\u30f3-7.png\" alt=\"F\u00fcr aktuelle Studenten\" \/><\/div><div class=\"a--blogcard-title d--bold\">F\u00fcr aktuelle Studenten<\/div><\/a><\/section>","protected":false},"excerpt":{"rendered":"<p>Arten von Urlauben Es sind zwei Arten von Urlauben verf\u00fcgbar: Typ Details Verl\u00e4ngerung des Enddatums der Studie Als Abwesenheit behandelt Verl\u00e4ngern Sie Ihren Urlaub 2 Wochen nach 3 Monaten der Studie1 Monat (4 Wochen) nach 6 Monaten Studium, wenn Sie nicht die 2 Wochen Urlaub nehmen Erweitern Sie Nein Urlaub nicht verl\u00e4ngern Urlaub in \u00dcbersee, [&hellip;]<\/p>\n","protected":false},"author":1,"featured_media":0,"parent":4945,"menu_order":0,"comment_status":"closed","ping_status":"closed","template":"","meta":{"_jinr_url_youtube":"","_jinr_pip_youtube":false,"_jinr_time_youtube":"","_jinr_thumb_youtube":"","_jinr_media_youtube":"","_jinr_category_edit":false,"_jinr_category":"","_jinr_title_display":true,"_jinr_snsbutton_display":false,"_jinr_ads_display":false,"_jinr_thumbnail_display":false,"_jinr_profile_display":false,"_jinr_representations_display":false,"_jinr_relatedpost_display":false,"_jinr_sidebar1col_display":false,"_jinr_sidebar2col_display":false,"_jinr_seotitle_display":"","_jinr_description_display":"","_jinr_keyword_display":"","_jinr_hastag_display":"","_jinr_canonical_display":"","_jinr_noindex_display":false,"_jinr_paidpost":false,"_jinr_paidpost_product_id":"","_jinr_headtag_article":"","footnotes":""},"class_list":["post-4961","page","type-page","status-publish","hentry"],"_links":{"self":[{"href":"https:\/\/www.academiaschool.edu\/de\/wp-json\/wp\/v2\/pages\/4961","targetHints":{"allow":["GET"]}}],"collection":[{"href":"https:\/\/www.academiaschool.edu\/de\/wp-json\/wp\/v2\/pages"}],"about":[{"href":"https:\/\/www.academiaschool.edu\/de\/wp-json\/wp\/v2\/types\/page"}],"author":[{"embeddable":true,"href":"https:\/\/www.academiaschool.edu\/de\/wp-json\/wp\/v2\/users\/1"}],"replies":[{"embeddable":true,"href":"https:\/\/www.academiaschool.edu\/de\/wp-json\/wp\/v2\/comments?post=4961"}],"version-history":[{"count":5,"href":"https:\/\/www.academiaschool.edu\/de\/wp-json\/wp\/v2\/pages\/4961\/revisions"}],"predecessor-version":[{"id":6164,"href":"https:\/\/www.academiaschool.edu\/de\/wp-json\/wp\/v2\/pages\/4961\/revisions\/6164"}],"up":[{"embeddable":true,"href":"https:\/\/www.academiaschool.edu\/de\/wp-json\/wp\/v2\/pages\/4945"}],"wp:attachment":[{"href":"https:\/\/www.academiaschool.edu\/de\/wp-json\/wp\/v2\/media?parent=4961"}],"curies":[{"name":"wp","href":"https:\/\/api.w.org\/{rel}","templated":true}]}}