{"id":4953,"date":"2024-03-21T12:49:48","date_gmt":"2024-03-21T22:49:48","guid":{"rendered":"https:\/\/academia-school.net\/fuer-aktuelle-studenten\/anmeldung-zur-klasse\/"},"modified":"2024-05-09T13:28:48","modified_gmt":"2024-05-09T23:28:48","slug":"anmeldung-zur-klasse","status":"publish","type":"page","link":"https:\/\/www.academiaschool.edu\/de\/fuer-aktuelle-studenten\/anmeldung-zur-klasse\/","title":{"rendered":"Anmeldung zur Klasse"},"content":{"rendered":"\n<section class=\"wp-block-jinr-blocks-fullwidth b--jinr-block b--jinr-fullwidth-container d--top-margin-xs-pc d--bottom-margin-xs-pc d--top-margin-xs-sp d--bottom-margin-xs-sp \"><section class=\"b--jinr-fullwidth d--fullwidth-parallax-off d--fullwidth-deco-bgimage\"><div class=\"a--jinr-fullwidth-image\"><div class=\"a--jinr-fullwidth-image-clip\"><img decoding=\"async\" src=\"https:\/\/www.academiaschool.edu\/wp-content\/uploads\/2024\/03\/\u30b9\u30af\u30ea\u30fc\u30f3\u30b7\u30e7\u30c3\u30c8-2024-03-26-\u5348\u5f8c8.22.12.webp\"\/><\/div><\/div><div class=\"a--jinr-fullwidth-overlay\" style=\"background-color:rgba(255,255,255,0);opacity:0.25\"><\/div><div class=\"d--fullwidth-100 d--fullwidth-pad40 d--fullwidth-pad0-sp t--main-width\" style=\"color:false\">\n<p class=\"has-text-align-center has-white-color has-text-color has-link-color wp-elements-bbf97e003b772240c5517df19fa28b59\"><span class=\"jinr-d--font-size d--fontsize-36px\"><strong><strong>Anmeldung zur Klasse<\/strong><\/strong><\/span><\/p>\n<\/div><\/section><\/section>\n\n<h2 class=\"wp-block-heading jinr-heading d--bold\"><strong>Anmeldung zur Klasse<\/strong><\/h2>\n\n<p>Die Anmeldung f\u00fcr die Kurse, die Sie besuchen m\u00f6chten, erfolgt in der ersten Woche eines jeden Semesters. Sobald die Anmeldefrist abl\u00e4uft, werden die Einzelheiten auf dieser Seite bekannt gegeben.<\/p>\n","protected":false},"excerpt":{"rendered":"<p>Anmeldung zur Klasse Die Anmeldung f\u00fcr die Kurse, die Sie besuchen m\u00f6chten, erfolgt in der ersten Woche eines jeden Semesters. Sobald die Anmeldefrist abl\u00e4uft, werden die Einzelheiten auf dieser Seite bekannt gegeben.<\/p>\n","protected":false},"author":1,"featured_media":0,"parent":4945,"menu_order":0,"comment_status":"closed","ping_status":"closed","template":"","meta":{"_jinr_url_youtube":"","_jinr_pip_youtube":false,"_jinr_time_youtube":"","_jinr_thumb_youtube":"","_jinr_media_youtube":"","_jinr_category_edit":false,"_jinr_category":"","_jinr_title_display":true,"_jinr_snsbutton_display":false,"_jinr_ads_display":false,"_jinr_thumbnail_display":false,"_jinr_profile_display":false,"_jinr_representations_display":false,"_jinr_relatedpost_display":false,"_jinr_sidebar1col_display":false,"_jinr_sidebar2col_display":false,"_jinr_seotitle_display":"","_jinr_description_display":"","_jinr_keyword_display":"","_jinr_hastag_display":"","_jinr_canonical_display":"","_jinr_noindex_display":false,"_jinr_paidpost":false,"_jinr_paidpost_product_id":"","_jinr_headtag_article":"","footnotes":""},"class_list":["post-4953","page","type-page","status-publish","hentry"],"_links":{"self":[{"href":"https:\/\/www.academiaschool.edu\/de\/wp-json\/wp\/v2\/pages\/4953","targetHints":{"allow":["GET"]}}],"collection":[{"href":"https:\/\/www.academiaschool.edu\/de\/wp-json\/wp\/v2\/pages"}],"about":[{"href":"https:\/\/www.academiaschool.edu\/de\/wp-json\/wp\/v2\/types\/page"}],"author":[{"embeddable":true,"href":"https:\/\/www.academiaschool.edu\/de\/wp-json\/wp\/v2\/users\/1"}],"replies":[{"embeddable":true,"href":"https:\/\/www.academiaschool.edu\/de\/wp-json\/wp\/v2\/comments?post=4953"}],"version-history":[{"count":4,"href":"https:\/\/www.academiaschool.edu\/de\/wp-json\/wp\/v2\/pages\/4953\/revisions"}],"predecessor-version":[{"id":6157,"href":"https:\/\/www.academiaschool.edu\/de\/wp-json\/wp\/v2\/pages\/4953\/revisions\/6157"}],"up":[{"embeddable":true,"href":"https:\/\/www.academiaschool.edu\/de\/wp-json\/wp\/v2\/pages\/4945"}],"wp:attachment":[{"href":"https:\/\/www.academiaschool.edu\/de\/wp-json\/wp\/v2\/media?parent=4953"}],"curies":[{"name":"wp","href":"https:\/\/api.w.org\/{rel}","templated":true}]}}