{"id":4949,"date":"2024-03-27T13:50:13","date_gmt":"2024-03-27T23:50:13","guid":{"rendered":"https:\/\/academia-school.net\/fuer-aktuelle-studenten\/anwesenheit-und-obligatorischer-ausschluss\/"},"modified":"2024-05-09T13:31:38","modified_gmt":"2024-05-09T23:31:38","slug":"anwesenheit-und-obligatorischer-ausschluss","status":"publish","type":"page","link":"https:\/\/www.academiaschool.edu\/de\/fuer-aktuelle-studenten\/anwesenheit-und-obligatorischer-ausschluss\/","title":{"rendered":"Anwesenheit und obligatorischer Ausschluss"},"content":{"rendered":"\n<section class=\"wp-block-jinr-blocks-fullwidth b--jinr-block b--jinr-fullwidth-container d--top-margin-xs-pc d--bottom-margin-xs-pc d--top-margin-xs-sp d--bottom-margin-xs-sp \"><section class=\"b--jinr-fullwidth d--fullwidth-parallax-off d--fullwidth-deco-bgimage\"><div class=\"a--jinr-fullwidth-image\"><div class=\"a--jinr-fullwidth-image-clip\"><img decoding=\"async\" src=\"https:\/\/www.academiaschool.edu\/wp-content\/uploads\/2024\/03\/\u30b9\u30af\u30ea\u30fc\u30f3\u30b7\u30e7\u30c3\u30c8-2024-03-26-\u5348\u5f8c8.22.12.webp\"\/><\/div><\/div><div class=\"a--jinr-fullwidth-overlay\" style=\"background-color:rgba(255,255,255,0);opacity:0.25\"><\/div><div class=\"d--fullwidth-100 d--fullwidth-pad40 d--fullwidth-pad0-sp t--main-width\" style=\"color:false\">\n<p class=\"has-text-align-center has-white-color has-text-color has-link-color wp-elements-ce627c77ec0d4b6541b97eb9f890a71d\"><span class=\"jinr-d--font-size d--fontsize-36px\"><strong><strong>Anwesenheit und obligatorischer Ausschluss<\/strong><\/strong><\/span><\/p>\n<\/div><\/section><\/section>\n\n\n\n<h2 class=\"wp-block-heading jinr-heading d--bold\"><strong>\u00dcber die Anwesenheitsquote<\/strong><\/h2>\n\n\n\n<p>Bitte beachten Sie die folgenden Informationen zu den Arten von Urlauben.<\/p>\n\n\n<section class=\"b--jinr-block b--jinr-blogcard d--blogcard-hover-up d--blogcard-style1 d--blogcard-mysite t--round \"><div class=\"a--blogcard-label ef\">Related Page<\/div><a class=\"o--blogcard-link t--round\" href=\"https:\/\/www.academiaschool.edu\/de\/fuer-aktuelle-studenten\/ferien\/\"><div class=\"c--blogcard-image\"><img loading=\"lazy\" decoding=\"async\" class=\"a--blogcard-img-src\" width=\"128\" height=\"72\" src=\"https:\/\/www.academiaschool.edu\/wp-content\/uploads\/2025\/02\/\u540d\u79f0\u672a\u8a2d\u5b9a\u306e\u30c7\u30b6\u30a4\u30f3-7.png\" alt=\"Ferien\" \/><\/div><div class=\"a--blogcard-title d--bold\">Ferien<\/div><\/a><\/section>\n\n\n<p>Das Beantragen von Urlaub z\u00e4hlt nicht als &#8222;Abwesenheit&#8220;, aber auch nicht als &#8222;Anwesenheit&#8220;. Diese Tage werden grunds\u00e4tzlich nicht als Anwesenheitspflicht gez\u00e4hlt.<\/p>\n\n\n\n<h3 class=\"wp-block-heading jinr-heading d--bold\"><strong>Beispiel f\u00fcr einen Zeitraum von 40 Tagen mit 8 freien Tagen<\/strong><\/h3>\n\n\n\n<figure class=\"wp-block-table is-style-regular\"><table><tbody><tr><td>Art der Abwesenheit<\/td><td>M\u00f6gliche Anwesenheitstage<\/td><td>Besuchte Tage<\/td><td>Anwesenheitsquote<\/td><\/tr><tr><td>Unentschuldigte Abwesenheit<\/td><td>40 Tage<\/td><td>32 Tage<\/td><td>80%<\/td><\/tr><tr><td>Verl\u00e4ngern Sie Ihren Urlaub<\/td><td>32 Tage (8 Tage von 40 Tagen nicht mitgez\u00e4hlt)<\/td><td>32 Tage<\/td><td>100%<\/td><\/tr><tr><td>Urlaub nicht verl\u00e4ngern<\/td><td>32 Tage (8 Tage von 40 Tagen nicht mitgez\u00e4hlt)<\/td><td>32 Tage<\/td><td>100%<\/td><\/tr><\/tbody><\/table><figcaption class=\"wp-element-caption\">Wenn kein Antrag gestellt wird, werden die Tage auf die m\u00f6glichen Anwesenheitstage angerechnet.<\/figcaption><\/figure>\n\n\n\n<h3 class=\"wp-block-heading jinr-heading d--bold\"><strong>Beispiel f\u00fcr einen Zeitraum von 40 Tagen mit 8 freien Tagen plus weiteren 8 Tagen unentschuldigter Abwesenheit<\/strong><\/h3>\n\n\n\n<figure class=\"wp-block-table\"><table><tbody><tr><td>Art der Abwesenheit<\/td><td>M\u00f6gliche Anwesenheitstage<\/td><td>Besuchte Tage<\/td><td>Anwesenheitsquote<\/td><\/tr><tr><td>Unentschuldigte Abwesenheit<\/td><td>40 Tage<\/td><td>24 Tage<\/td><td>60%<\/td><\/tr><tr><td>Verl\u00e4ngern Sie Ihren Urlaub<\/td><td>32 Tage (8 Tage von 40 Tagen nicht mitgez\u00e4hlt)<\/td><td>24 Tage<\/td><td>75%<\/td><\/tr><tr><td>Urlaub nicht verl\u00e4ngern<\/td><td>32 Tage (8 Tage von 40 Tagen nicht mitgez\u00e4hlt)<\/td><td>24 Tage<\/td><td>75%<\/td><\/tr><\/tbody><\/table><figcaption class=\"wp-element-caption\">Wenn Sie Urlaub nehmen, verringert sich die Anzahl der m\u00f6glichen Anwesenheitstage (Nenner f\u00fcr die Anwesenheitsquote), so dass nachfolgende Abwesenheiten einen gr\u00f6\u00dferen Einfluss auf die Anwesenheitsquote haben.<\/figcaption><\/figure>\n\n\n\n<h2 class=\"wp-block-heading jinr-heading d--bold\"><strong>Regeln f\u00fcr die obligatorische Ausweisung<\/strong><\/h2>\n\n\n\n<p>Die Faktoren, die zu einem obligatorischen Ausschluss f\u00fchren, sind wie folgt:<\/p>\n\n\n\n<p><strong>Faktoren im Zusammenhang mit der Anwesenheit<\/strong><\/p>\n\n\n\n<p>Beachten Sie, dass Sie im Falle eines Ausschlusses das Land verlassen oder zu einer anderen Schule wechseln und innerhalb von 15 Tagen ein neues I-20 beantragen m\u00fcssen.<\/p>\n\n\n\n<h3 class=\"wp-block-heading jinr-heading d--bold\">Anwesenheitsbezogene Faktoren<\/h3>\n\n\n\n<figure class=\"wp-block-table\"><table><tbody><tr><td>80% Anwesenheitsregel<\/td><td>Wenn Ihre Anwesenheit in zwei aufeinanderfolgenden Semestern unter 80 % f\u00e4llt, werden Sie nach dem Ende des Semesters von der Schule verwiesen.<\/td><\/tr><tr><td>60% Anwesenheitsregel<\/td><td>Wenn Ihre Anwesenheit unter 60% f\u00e4llt, werden Sie nach Ende des Semesters von der Schule verwiesen.<\/td><\/tr><\/tbody><\/table><\/figure>\n\n\n\n<p>Wenn Sie eine Sechs erhalten, wird die Schule eine Verwarnung aussprechen, und wenn Sie in zwei aufeinanderfolgenden Semestern eine Sechs erhalten, werden Sie von der Schule verwiesen.<\/p>\n\n\n<section class=\"b--jinr-block b--jinr-blogcard d--blogcard-hover-up d--blogcard-style1 d--blogcard-mysite t--round \"><div class=\"a--blogcard-label ef\">Related Page<\/div><a class=\"o--blogcard-link t--round\" href=\"https:\/\/www.academiaschool.edu\/de\/fuer-aktuelle-studenten\/\"><div class=\"c--blogcard-image\"><img loading=\"lazy\" decoding=\"async\" class=\"a--blogcard-img-src\" width=\"128\" height=\"72\" src=\"https:\/\/www.academiaschool.edu\/wp-content\/uploads\/2025\/02\/\u540d\u79f0\u672a\u8a2d\u5b9a\u306e\u30c7\u30b6\u30a4\u30f3-7.png\" alt=\"F\u00fcr aktuelle Studenten\" \/><\/div><div class=\"a--blogcard-title d--bold\">F\u00fcr aktuelle Studenten<\/div><\/a><\/section>","protected":false},"excerpt":{"rendered":"<p>\u00dcber die Anwesenheitsquote Bitte beachten Sie die folgenden Informationen zu den Arten von Urlauben. Das Beantragen von Urlaub z\u00e4hlt nicht als &#8222;Abwesenheit&#8220;, aber auch nicht als &#8222;Anwesenheit&#8220;. Diese Tage werden grunds\u00e4tzlich nicht als Anwesenheitspflicht gez\u00e4hlt. Beispiel f\u00fcr einen Zeitraum von 40 Tagen mit 8 freien Tagen Art der Abwesenheit M\u00f6gliche Anwesenheitstage Besuchte Tage Anwesenheitsquote Unentschuldigte [&hellip;]<\/p>\n","protected":false},"author":1,"featured_media":0,"parent":4945,"menu_order":0,"comment_status":"closed","ping_status":"closed","template":"","meta":{"_jinr_url_youtube":"","_jinr_pip_youtube":false,"_jinr_time_youtube":"","_jinr_thumb_youtube":"","_jinr_media_youtube":"","_jinr_category_edit":false,"_jinr_category":"","_jinr_title_display":true,"_jinr_snsbutton_display":false,"_jinr_ads_display":false,"_jinr_thumbnail_display":false,"_jinr_profile_display":false,"_jinr_representations_display":false,"_jinr_relatedpost_display":false,"_jinr_sidebar1col_display":false,"_jinr_sidebar2col_display":false,"_jinr_seotitle_display":"","_jinr_description_display":"","_jinr_keyword_display":"","_jinr_hastag_display":"","_jinr_canonical_display":"","_jinr_noindex_display":false,"_jinr_paidpost":false,"_jinr_paidpost_product_id":"","_jinr_headtag_article":"","footnotes":""},"class_list":["post-4949","page","type-page","status-publish","hentry"],"_links":{"self":[{"href":"https:\/\/www.academiaschool.edu\/de\/wp-json\/wp\/v2\/pages\/4949","targetHints":{"allow":["GET"]}}],"collection":[{"href":"https:\/\/www.academiaschool.edu\/de\/wp-json\/wp\/v2\/pages"}],"about":[{"href":"https:\/\/www.academiaschool.edu\/de\/wp-json\/wp\/v2\/types\/page"}],"author":[{"embeddable":true,"href":"https:\/\/www.academiaschool.edu\/de\/wp-json\/wp\/v2\/users\/1"}],"replies":[{"embeddable":true,"href":"https:\/\/www.academiaschool.edu\/de\/wp-json\/wp\/v2\/comments?post=4949"}],"version-history":[{"count":6,"href":"https:\/\/www.academiaschool.edu\/de\/wp-json\/wp\/v2\/pages\/4949\/revisions"}],"predecessor-version":[{"id":6163,"href":"https:\/\/www.academiaschool.edu\/de\/wp-json\/wp\/v2\/pages\/4949\/revisions\/6163"}],"up":[{"embeddable":true,"href":"https:\/\/www.academiaschool.edu\/de\/wp-json\/wp\/v2\/pages\/4945"}],"wp:attachment":[{"href":"https:\/\/www.academiaschool.edu\/de\/wp-json\/wp\/v2\/media?parent=4949"}],"curies":[{"name":"wp","href":"https:\/\/api.w.org\/{rel}","templated":true}]}}