{"id":4945,"date":"2024-03-14T12:42:26","date_gmt":"2024-03-14T22:42:26","guid":{"rendered":"https:\/\/academia-school.net\/fuer-aktuelle-studenten\/"},"modified":"2024-05-09T13:28:16","modified_gmt":"2024-05-09T23:28:16","slug":"fuer-aktuelle-studenten","status":"publish","type":"page","link":"https:\/\/www.academiaschool.edu\/de\/fuer-aktuelle-studenten\/","title":{"rendered":"F\u00fcr aktuelle Studenten"},"content":{"rendered":"\n<section class=\"wp-block-jinr-blocks-fullwidth b--jinr-block b--jinr-fullwidth-container d--top-margin-xs-pc d--bottom-margin-xs-pc d--top-margin-xs-sp d--bottom-margin-xs-sp \"><section class=\"b--jinr-fullwidth d--fullwidth-parallax-off d--fullwidth-deco-bgimage\"><div class=\"a--jinr-fullwidth-image\"><div class=\"a--jinr-fullwidth-image-clip\"><img decoding=\"async\" src=\"https:\/\/www.academiaschool.edu\/wp-content\/uploads\/2024\/03\/\u30b9\u30af\u30ea\u30fc\u30f3\u30b7\u30e7\u30c3\u30c8-2024-03-26-\u5348\u5f8c8.22.12.webp\"\/><\/div><\/div><div class=\"a--jinr-fullwidth-overlay\" style=\"background-color:rgba(255,255,255,0);opacity:0.25\"><\/div><div class=\"d--fullwidth-100 d--fullwidth-pad40 d--fullwidth-pad0-sp t--main-width\" style=\"color:false\">\n<p class=\"has-text-align-center has-white-color has-text-color has-link-color wp-elements-16f1074dc13ed09b97bd76dc463c8aa8\"><span class=\"jinr-d--font-size d--fontsize-36px\"><strong><strong>F\u00fcr aktuelle Studenten<\/strong><\/strong><\/span><\/p>\n<\/div><\/section><\/section>\n\n<h2 class=\"wp-block-heading jinr-heading d--bold\"><strong>F\u00fcr aktuelle Studenten<\/strong><\/h2>\n\n<p>Sie erhalten Informationen, die f\u00fcr das Studentenleben der derzeitigen Studenten notwendig sind.<\/p>\n\n<p><span class=\"jin-icons in--p jin-ifont-doublearrow\"><\/span><a href=\"https:\/\/www.academiaschool.edu\/de\/fuer-aktuelle-studenten\/ferien\/\">\u00dcber Urlaub<\/a><\/p>\n\n<p><span class=\"jin-icons in--p jin-ifont-doublearrow\"><\/span><a href=\"https:\/\/www.academiaschool.edu\/de\/fuer-aktuelle-studenten\/anwesenheit-und-obligatorischer-ausschluss\/\">Anwesenheits- und R\u00fccktrittsregeln<\/a><\/p>\n\n<p><span class=\"jin-icons in--p jin-ifont-doublearrow\"><\/span><a href=\"https:\/\/www.academiaschool.edu\/de\/fuer-aktuelle-studenten\/anmeldung-zur-klasse\/\">Wie Sie sich f\u00fcr Kurse anmelden<\/a><\/p>\n\n<p><span class=\"jin-icons in--p jin-ifont-doublearrow\"><\/span><a href=\"https:\/\/www.academiaschool.edu\/de\/fuer-aktuelle-studenten\/zeitplan-der-klasse\/\">Zeitplan der Klasse<\/a><\/p>\n\n<h2 class=\"wp-block-heading jinr-heading d--bold\"><strong>Antragsformular &amp; Dokumente<\/strong><\/h2>\n\n<p><a href=\"https:\/\/form.jotform.com\/241087279400051\">Online-Urlaubsantragsformular<\/a><\/p>\n\n<p>Ausreiseformular (R\u00fcckkehr ins Land) : <a href=\"https:\/\/form.jotform.com\/241096101058044\" data-type=\"link\" data-id=\"https:\/\/form.jotform.com\/241096101058044\" target=\"_blank\" rel=\"noreferrer noopener\">Antrag auf Beendigung des Kurses<\/a><\/p>\n\n<p>Austrittsformular (\u00dcbertragung): <a href=\"https:\/\/form.jotform.com\/241096704948061\" target=\"_blank\" rel=\"noreferrer noopener\">Antrag auf Versetzung<\/a><\/p>\n\n<p>PDF: <a href=\"https:\/\/www.academiaschool.edu\/wp-content\/uploads\/2024\/04\/Transcript-Request-Form.pdf\">Formular zur Anforderung einer Abschrift<\/a><\/p>\n\n<p>PDF: <a href=\"https:\/\/www.academiaschool.edu\/wp-content\/uploads\/2024\/04\/Academia-Language-School-Code-of-Student-Conduct-1.pdf\">Verhaltenskodex der Academia Sprachschule f\u00fcr Studenten<\/a><\/p>\n\n<p><a href=\"https:\/\/form.jotform.com\/241097793238062\" data-type=\"link\" data-id=\"https:\/\/form.jotform.com\/241097793238062\" target=\"_blank\" rel=\"noreferrer noopener\">Nicht I-20 Willkommenspaket<\/a><\/p>\n","protected":false},"excerpt":{"rendered":"<p>F\u00fcr aktuelle Studenten Sie erhalten Informationen, die f\u00fcr das Studentenleben der derzeitigen Studenten notwendig sind. \u00dcber Urlaub Anwesenheits- und R\u00fccktrittsregeln Wie Sie sich f\u00fcr Kurse anmelden Zeitplan der Klasse Antragsformular &amp; Dokumente Online-Urlaubsantragsformular Ausreiseformular (R\u00fcckkehr ins Land) : Antrag auf Beendigung des Kurses Austrittsformular (\u00dcbertragung): Antrag auf Versetzung PDF: Formular zur Anforderung einer Abschrift PDF: [&hellip;]<\/p>\n","protected":false},"author":1,"featured_media":0,"parent":0,"menu_order":0,"comment_status":"closed","ping_status":"closed","template":"","meta":{"_jinr_url_youtube":"","_jinr_pip_youtube":false,"_jinr_time_youtube":"","_jinr_thumb_youtube":"","_jinr_media_youtube":"","_jinr_category_edit":false,"_jinr_category":"","_jinr_title_display":true,"_jinr_snsbutton_display":false,"_jinr_ads_display":false,"_jinr_thumbnail_display":false,"_jinr_profile_display":false,"_jinr_representations_display":false,"_jinr_relatedpost_display":false,"_jinr_sidebar1col_display":false,"_jinr_sidebar2col_display":false,"_jinr_seotitle_display":"","_jinr_description_display":"","_jinr_keyword_display":"","_jinr_hastag_display":"","_jinr_canonical_display":"","_jinr_noindex_display":false,"_jinr_paidpost":false,"_jinr_paidpost_product_id":"","_jinr_headtag_article":"","footnotes":""},"class_list":["post-4945","page","type-page","status-publish","hentry"],"_links":{"self":[{"href":"https:\/\/www.academiaschool.edu\/de\/wp-json\/wp\/v2\/pages\/4945","targetHints":{"allow":["GET"]}}],"collection":[{"href":"https:\/\/www.academiaschool.edu\/de\/wp-json\/wp\/v2\/pages"}],"about":[{"href":"https:\/\/www.academiaschool.edu\/de\/wp-json\/wp\/v2\/types\/page"}],"author":[{"embeddable":true,"href":"https:\/\/www.academiaschool.edu\/de\/wp-json\/wp\/v2\/users\/1"}],"replies":[{"embeddable":true,"href":"https:\/\/www.academiaschool.edu\/de\/wp-json\/wp\/v2\/comments?post=4945"}],"version-history":[{"count":4,"href":"https:\/\/www.academiaschool.edu\/de\/wp-json\/wp\/v2\/pages\/4945\/revisions"}],"predecessor-version":[{"id":6155,"href":"https:\/\/www.academiaschool.edu\/de\/wp-json\/wp\/v2\/pages\/4945\/revisions\/6155"}],"wp:attachment":[{"href":"https:\/\/www.academiaschool.edu\/de\/wp-json\/wp\/v2\/media?parent=4945"}],"curies":[{"name":"wp","href":"https:\/\/api.w.org\/{rel}","templated":true}]}}