{"id":4941,"date":"2024-03-21T12:37:38","date_gmt":"2024-03-21T22:37:38","guid":{"rendered":"https:\/\/academia-school.net\/gebuehren\/studiengebuehren-fuer-inhaber-von-nicht-studentenvisa-esta-e-visa-etc\/"},"modified":"2025-01-02T19:25:27","modified_gmt":"2025-01-03T05:25:27","slug":"studiengebuehren-fuer-inhaber-von-nicht-studentenvisa-esta-e-visa-etc","status":"publish","type":"page","link":"https:\/\/www.academiaschool.edu\/de\/gebuehren\/studiengebuehren-fuer-inhaber-von-nicht-studentenvisa-esta-e-visa-etc\/","title":{"rendered":"Studiengeb\u00fchren f\u00fcr Inhaber von Nicht-Studentenvisa (ESTA, e-Visa, etc.)"},"content":{"rendered":"\n<section class=\"wp-block-jinr-blocks-fullwidth b--jinr-block b--jinr-fullwidth-container d--top-margin-xs-pc d--bottom-margin-xs-pc d--top-margin-xs-sp d--bottom-margin-xs-sp \"><section class=\"b--jinr-fullwidth d--fullwidth-parallax-off d--fullwidth-deco-bgimage\"><div class=\"a--jinr-fullwidth-image\"><div class=\"a--jinr-fullwidth-image-clip\"><img decoding=\"async\" src=\"https:\/\/www.academiaschool.edu\/wp-content\/uploads\/2024\/03\/sean-105m46GatAg-unsplash-2.webp\"\/><\/div><\/div><div class=\"a--jinr-fullwidth-overlay\" style=\"background-color:#f5f5f5;opacity:0\"><\/div><div class=\"d--fullwidth-100 d--fullwidth-pad40 d--fullwidth-pad0-sp t--main-width\" style=\"color:false\">\n<p class=\"has-text-align-center has-white-color has-text-color has-link-color wp-elements-ff4b8b2f87453485284f8ff0a1407a38\"><span class=\"jinr-d--font-size d--fontsize-36px\"><strong>Studiengeb\u00fchren f\u00fcr Inhaber von Nicht-Studentenvisa (ESTA, e-Visa, etc.)<\/strong><\/span><\/p>\n<\/div><\/section><\/section>\n\n<h2 class=\"wp-block-heading jinr-heading d--bold\">Studiengeb\u00fchren f\u00fcr Inhaber von Nicht-Studentenvisa (ESTA, e-Visa, etc.)<\/h2>\n\n<div class=\"wp-block-columns js--scr-animation is-layout-flex wp-container-core-columns-is-layout-9d6595d7 wp-block-columns-is-layout-flex\">\n<div class=\"wp-block-column is-layout-flow wp-block-column-is-layout-flow\">\n<figure class=\"wp-block-table is-style-stripes\"><table class=\"has-fixed-layout\"><tbody><tr><td>Woche<\/td><td>2025 Studiengeb\u00fchren<\/td><td>Mit Initial<\/td><\/tr><tr><td>1<\/td><td>$254<\/td><td>$354<\/td><\/tr><tr><td>2<\/td><td>$536<\/td><td>$636<\/td><\/tr><tr><td>3<\/td><td>$712<\/td><td>$812<\/td><\/tr><tr><td>4 (Etwa 1 Monat)<\/td><td>$908<\/td><td>$1,008<\/td><\/tr><tr><td>5<\/td><td>$1,122<\/td><td>$1,222<\/td><\/tr><tr><td>6<\/td><td>$1,337<\/td><td>$1,437<\/td><\/tr><tr><td>7<\/td><td>$1,543<\/td><td>$1,643<\/td><\/tr><tr><td>8 (Etwa 2 Monate)<\/td><td>$1,733<\/td><td>$1,833<\/td><\/tr><tr><td>9<\/td><td>$1,931<\/td><td>$2,031<\/td><\/tr><tr><td>10<\/td><td>$2,129<\/td><td>$2,229<\/td><\/tr><tr><td>11<\/td><td>$2,294<\/td><td>$2,394<\/td><\/tr><tr><td>12 (Etwa 3 Monate)<\/td><td>$2,384<\/td><td>$2,484<\/td><\/tr><tr><td>13<\/td><td>$2,558<\/td><td>$2,658<\/td><\/tr><tr><td>14<\/td><td>$2,706<\/td><td>$2,806<\/td><\/tr><tr><td>15<\/td><td>$2,846<\/td><td>$2,946<\/td><\/tr><tr><td>16 (Ungef\u00e4hr 4 Monate)<\/td><td>$3,036<\/td><td>$3,136<\/td><\/tr><tr><td>17<\/td><td>$3,218<\/td><td>$3,318<\/td><\/tr><tr><td>18<\/td><td>$3,383<\/td><td>$3,483<\/td><\/tr><tr><td>19<\/td><td>$3,572<\/td><td>$3,672<\/td><\/tr><tr><td>20<\/td><td>$3,754<\/td><td>$3,854<\/td><\/tr><tr><td>21<\/td><td>$3,944<\/td><td>$4,044<\/td><\/tr><tr><td>22<\/td><td>$4,109<\/td><td>$4,209<\/td><\/tr><tr><td>23<\/td><td>$4,109<\/td><td>$4,209<\/td><\/tr><tr><td>24 (Etwa 6 Monate)<\/td><td>$4,109<\/td><td>$4,209<\/td><\/tr><\/tbody><\/table><\/figure>\n<\/div>\n\n\n\n<div class=\"wp-block-column is-layout-flow wp-block-column-is-layout-flow\">\n<figure class=\"wp-block-table is-style-stripes\"><table class=\"has-fixed-layout\"><tbody><tr><td>Woche<\/td><td>2025 Studiengeb\u00fchren<\/td><td>Mit Initial<\/td><\/tr><tr><td>25<\/td><td>$4,389<\/td><td>$4,489<\/td><\/tr><tr><td>26<\/td><td>$4,661<\/td><td>$4,761<\/td><\/tr><tr><td>27<\/td><td>$4,851<\/td><td>$4,951<\/td><\/tr><tr><td>28<\/td><td>$5,016<\/td><td>$5,116<\/td><\/tr><tr><td>29<\/td><td>$5,181<\/td><td>$5,281<\/td><\/tr><tr><td>30<\/td><td>$5,346<\/td><td>$5,446<\/td><\/tr><tr><td>31<\/td><td>$5,528<\/td><td>$5,628<\/td><\/tr><tr><td>32<\/td><td>$5,734<\/td><td>$5,834<\/td><\/tr><tr><td>33<\/td><td>$5,924<\/td><td>$6,024<\/td><\/tr><tr><td>34<\/td><td>$6,089<\/td><td>$6,189<\/td><\/tr><tr><td>35<\/td><td>$6,254<\/td><td>$6,354<\/td><\/tr><tr><td>36<\/td><td>$6,171<\/td><td>$6,271<\/td><\/tr><tr><td>37<\/td><td>$6,295<\/td><td>$6,395<\/td><\/tr><tr><td>38<\/td><td>$6,419<\/td><td>$6,519<\/td><\/tr><tr><td>39<\/td><td>$6,592<\/td><td>$6,692<\/td><\/tr><tr><td>40<\/td><td>$6,683<\/td><td>$6,783<\/td><\/tr><tr><td>41<\/td><td>$6,848<\/td><td>$6,948<\/td><\/tr><tr><td>42<\/td><td>$6,922<\/td><td>$7,022<\/td><\/tr><tr><td>43<\/td><td>$6,922<\/td><td>$7,022<\/td><\/tr><tr><td>44<\/td><td>$6,922<\/td><td>$7,022<\/td><\/tr><tr><td>45<\/td><td>$6,922<\/td><td>$7,022<\/td><\/tr><tr><td>46<\/td><td>$6,922<\/td><td>$7,022<\/td><\/tr><tr><td>47<\/td><td>$6,922<\/td><td>$7,022<\/td><\/tr><tr><td>48 (Etwa 1 Jahr)<\/td><td>$6,922<\/td><td>$7,022<\/td><\/tr><\/tbody><\/table><\/figure>\n<\/div>\n<\/div>\n\n<p class=\"has-text-align-center\"><strong>eine nicht erstattungsf\u00e4hige Anmeldegeb\u00fchr von $100<\/strong><\/p>\n\n<p>Mehr Details: <a href=\"https:\/\/www.academiaschool.edu\/wp-content\/uploads\/2024\/12\/Non-F1_ALS_Pricing-list_2025.pdf\" data-type=\"link\" data-id=\"https:\/\/www.academiaschool.edu\/wp-content\/uploads\/2024\/12\/Non-F1_ALS_Pricing-list_2025.pdf\" target=\"_blank\" rel=\"noreferrer noopener\">Non-F1_ALS_Pricing list_2025.pdf<\/a><\/p>\n\n<p>Ein Nicht-Studentenvisum umfasst das ESTA (Programm f\u00fcr visumfreies Reisen), das B2 (Touristenvisum), das E-Visum (Investoren-\/Gesch\u00e4ftsvisum) und alle Begleitvisa. Inhaber dieser Visa k\u00f6nnen bis zu maximal 18 Stunden pro Woche studieren.<\/p>\n<section class=\"b--jinr-block b--jinr-blogcard d--blogcard-hover-up d--blogcard-style1 d--blogcard-mysite t--round \"><div class=\"a--blogcard-label ef\">Related Page<\/div><a class=\"o--blogcard-link t--round\" href=\"https:\/\/www.academiaschool.edu\/fee\/\"><div class=\"c--blogcard-image\"><img loading=\"lazy\" decoding=\"async\" class=\"a--blogcard-img-src\" width=\"128\" height=\"72\" src=\"https:\/\/www.academiaschool.edu\/wp-content\/uploads\/2025\/02\/\u540d\u79f0\u672a\u8a2d\u5b9a\u306e\u30c7\u30b6\u30a4\u30f3-7.png\" alt=\"Fees\" \/><\/div><div class=\"a--blogcard-title d--bold\">Fees<\/div><\/a><\/section>","protected":false},"excerpt":{"rendered":"<p>Studiengeb\u00fchren f\u00fcr Inhaber von Nicht-Studentenvisa (ESTA, e-Visa, etc.) Woche 2025 Studiengeb\u00fchren Mit Initial 1 $254 $354 2 $536 $636 3 $712 $812 4 (Etwa 1 Monat) $908 $1,008 5 $1,122 $1,222 6 $1,337 $1,437 7 $1,543 $1,643 8 (Etwa 2 Monate) $1,733 $1,833 9 $1,931 $2,031 10 $2,129 $2,229 11 $2,294 $2,394 12 (Etwa 3 [&hellip;]<\/p>\n","protected":false},"author":1,"featured_media":0,"parent":4911,"menu_order":0,"comment_status":"closed","ping_status":"closed","template":"","meta":{"_jinr_url_youtube":"","_jinr_pip_youtube":false,"_jinr_time_youtube":"","_jinr_thumb_youtube":"","_jinr_media_youtube":"","_jinr_category_edit":false,"_jinr_category":"","_jinr_title_display":true,"_jinr_snsbutton_display":false,"_jinr_ads_display":false,"_jinr_thumbnail_display":false,"_jinr_profile_display":false,"_jinr_representations_display":false,"_jinr_relatedpost_display":false,"_jinr_sidebar1col_display":false,"_jinr_sidebar2col_display":false,"_jinr_seotitle_display":"","_jinr_description_display":"","_jinr_keyword_display":"","_jinr_hastag_display":"","_jinr_canonical_display":"","_jinr_noindex_display":false,"_jinr_paidpost":false,"_jinr_paidpost_product_id":"","_jinr_headtag_article":"","footnotes":""},"class_list":["post-4941","page","type-page","status-publish","hentry"],"_links":{"self":[{"href":"https:\/\/www.academiaschool.edu\/de\/wp-json\/wp\/v2\/pages\/4941","targetHints":{"allow":["GET"]}}],"collection":[{"href":"https:\/\/www.academiaschool.edu\/de\/wp-json\/wp\/v2\/pages"}],"about":[{"href":"https:\/\/www.academiaschool.edu\/de\/wp-json\/wp\/v2\/types\/page"}],"author":[{"embeddable":true,"href":"https:\/\/www.academiaschool.edu\/de\/wp-json\/wp\/v2\/users\/1"}],"replies":[{"embeddable":true,"href":"https:\/\/www.academiaschool.edu\/de\/wp-json\/wp\/v2\/comments?post=4941"}],"version-history":[{"count":5,"href":"https:\/\/www.academiaschool.edu\/de\/wp-json\/wp\/v2\/pages\/4941\/revisions"}],"predecessor-version":[{"id":7114,"href":"https:\/\/www.academiaschool.edu\/de\/wp-json\/wp\/v2\/pages\/4941\/revisions\/7114"}],"up":[{"embeddable":true,"href":"https:\/\/www.academiaschool.edu\/de\/wp-json\/wp\/v2\/pages\/4911"}],"wp:attachment":[{"href":"https:\/\/www.academiaschool.edu\/de\/wp-json\/wp\/v2\/media?parent=4941"}],"curies":[{"name":"wp","href":"https:\/\/api.w.org\/{rel}","templated":true}]}}