{"id":4937,"date":"2024-03-21T12:33:42","date_gmt":"2024-03-21T22:33:42","guid":{"rendered":"https:\/\/academia-school.net\/gebuehren\/studiengebuehren-fuer-neue-studenten-mit-f-1-visum\/"},"modified":"2026-01-06T08:29:09","modified_gmt":"2026-01-06T18:29:09","slug":"studiengebuehren-fuer-neue-studenten-mit-f-1-visum","status":"publish","type":"page","link":"https:\/\/www.academiaschool.edu\/de\/gebuehren\/studiengebuehren-fuer-neue-studenten-mit-f-1-visum\/","title":{"rendered":"Studiengeb\u00fchren f\u00fcr neue Studenten mit F-1 Visum"},"content":{"rendered":"\n<section class=\"wp-block-jinr-blocks-fullwidth b--jinr-block b--jinr-fullwidth-container d--top-margin-xs-pc d--bottom-margin-xs-pc d--top-margin-xs-sp d--bottom-margin-xs-sp \"><section class=\"b--jinr-fullwidth d--fullwidth-parallax-off d--fullwidth-deco-bgimage\"><div class=\"a--jinr-fullwidth-image\"><div class=\"a--jinr-fullwidth-image-clip\"><img decoding=\"async\" src=\"https:\/\/www.academiaschool.edu\/wp-content\/uploads\/2024\/03\/sean-105m46GatAg-unsplash-2.webp\"\/><\/div><\/div><div class=\"a--jinr-fullwidth-overlay\" style=\"background-color:#f5f5f5;opacity:0\"><\/div><div class=\"d--fullwidth-max d--fullwidth-pad40 d--fullwidth-pad0-sp t--main-width\" style=\"color:false\">\n<p class=\"has-text-align-center has-white-color has-text-color has-link-color wp-elements-92bef65601b81bcfae1fb3f8a4da8cb2\"><span class=\"jinr-d--font-size d--fontsize-36px\"><strong><strong>Studiengeb\u00fchren f\u00fcr neue Studenten mit F-1 Visum<\/strong><\/strong><\/span><\/p>\n<\/div><\/section><\/section>\n\n<h2 class=\"wp-block-heading jinr-heading d--bold\"><strong><strong>W\u00f6chentliche Geb\u00fchrenliste f\u00fcr Studenten mit F-1 Visum<\/strong><\/strong><\/h2>\n\n<div class=\"wp-block-columns js--scr-animation is-layout-flex wp-container-core-columns-is-layout-9d6595d7 wp-block-columns-is-layout-flex\">\n<div class=\"wp-block-column is-layout-flow wp-block-column-is-layout-flow\">\n<figure class=\"wp-block-table is-style-stripes\"><table class=\"has-fixed-layout\"><tbody><tr><td class=\"has-text-align-right\" data-align=\"right\"><strong>Wochen<\/strong><\/td><td class=\"has-text-align-right\" data-align=\"right\"><strong>2026 Studiengeb\u00fchren<\/strong><br\/>(inkl. MwSt.)<\/td><td class=\"has-text-align-center\" data-align=\"center\"><strong>Mit Initial<\/strong><br\/>(inkl. MwSt.)<\/td><\/tr><tr><td class=\"has-text-align-right\" data-align=\"right\">1<\/td><td class=\"has-text-align-right\" data-align=\"right\">309 $<\/td><td class=\"has-text-align-center\" data-align=\"center\">&#8211;<\/td><\/tr><tr><td class=\"has-text-align-right\" data-align=\"right\">2<\/td><td class=\"has-text-align-right\" data-align=\"right\">612 $<\/td><td class=\"has-text-align-center\" data-align=\"center\">&#8211;<\/td><\/tr><tr><td class=\"has-text-align-right\" data-align=\"right\">3<\/td><td class=\"has-text-align-right\" data-align=\"right\">918 $<\/td><td class=\"has-text-align-center\" data-align=\"center\">&#8211;<\/td><\/tr><tr><td class=\"has-text-align-right\" data-align=\"right\">4 (Etwa 1 Monat)<\/td><td class=\"has-text-align-right\" data-align=\"right\">1.224 $<\/td><td class=\"has-text-align-center\" data-align=\"center\">&#8211;<\/td><\/tr><tr><td class=\"has-text-align-right\" data-align=\"right\">5<\/td><td class=\"has-text-align-right\" data-align=\"right\">1.513 $<\/td><td class=\"has-text-align-center\" data-align=\"center\">&#8211;<\/td><\/tr><tr><td class=\"has-text-align-right\" data-align=\"right\">6<\/td><td class=\"has-text-align-right\" data-align=\"right\">1.750 $<\/td><td class=\"has-text-align-center\" data-align=\"center\">&#8211;<\/td><\/tr><tr><td class=\"has-text-align-right\" data-align=\"right\">7<\/td><td class=\"has-text-align-right\" data-align=\"right\">2.060 $<\/td><td class=\"has-text-align-center\" data-align=\"center\">&#8211;<\/td><\/tr><tr><td class=\"has-text-align-right\" data-align=\"right\">8 (ca. 2 Monate)<\/td><td class=\"has-text-align-right\" data-align=\"right\">2.313 $<\/td><td class=\"has-text-align-right\" data-align=\"right\">2.548 $<\/td><\/tr><tr><td class=\"has-text-align-right\" data-align=\"right\">9<\/td><td class=\"has-text-align-right\" data-align=\"right\">2.552 $<\/td><td class=\"has-text-align-right\" data-align=\"right\">2.787 $<\/td><\/tr><tr><td class=\"has-text-align-right\" data-align=\"right\">10<\/td><td class=\"has-text-align-right\" data-align=\"right\">2.640 $<\/td><td class=\"has-text-align-right\" data-align=\"right\">2.875 $<\/td><\/tr><tr><td class=\"has-text-align-right\" data-align=\"right\">11<\/td><td class=\"has-text-align-right\" data-align=\"right\">2.750 $<\/td><td class=\"has-text-align-right\" data-align=\"right\">2.985 $<\/td><\/tr><tr><td class=\"has-text-align-right\" data-align=\"right\">12 (ca. 3 Monate)<\/td><td class=\"has-text-align-right\" data-align=\"right\">2.795 $<\/td><td class=\"has-text-align-right\" data-align=\"right\">3.030 $<\/td><\/tr><tr><td class=\"has-text-align-right\" data-align=\"right\">13<\/td><td class=\"has-text-align-right\" data-align=\"right\">3.381 $<\/td><td class=\"has-text-align-right\" data-align=\"right\">3.616 $<\/td><\/tr><tr><td class=\"has-text-align-right\" data-align=\"right\">14<\/td><td class=\"has-text-align-right\" data-align=\"right\">3.614 $<\/td><td class=\"has-text-align-right\" data-align=\"right\">3.849 $<\/td><\/tr><tr><td class=\"has-text-align-right\" data-align=\"right\">15<\/td><td class=\"has-text-align-right\" data-align=\"right\">3.801 $<\/td><td class=\"has-text-align-right\" data-align=\"right\">4.036 $<\/td><\/tr><tr><td class=\"has-text-align-right\" data-align=\"right\">16 (ca. 4 Monate)<\/td><td class=\"has-text-align-right\" data-align=\"right\">4.054 $<\/td><td class=\"has-text-align-right\" data-align=\"right\">4.289 $<\/td><\/tr><tr><td class=\"has-text-align-right\" data-align=\"right\">17<\/td><td class=\"has-text-align-right\" data-align=\"right\">4.338 $<\/td><td class=\"has-text-align-right\" data-align=\"right\">4.573 $<\/td><\/tr><tr><td class=\"has-text-align-right\" data-align=\"right\">18<\/td><td class=\"has-text-align-right\" data-align=\"right\">4.561 $<\/td><td class=\"has-text-align-right\" data-align=\"right\">4.796 $<\/td><\/tr><tr><td class=\"has-text-align-right\" data-align=\"right\">19<\/td><td class=\"has-text-align-right\" data-align=\"right\">4.817 $<\/td><td class=\"has-text-align-right\" data-align=\"right\">5.052 $<\/td><\/tr><tr><td class=\"has-text-align-right\" data-align=\"right\">20<\/td><td class=\"has-text-align-right\" data-align=\"right\">5.062 $<\/td><td class=\"has-text-align-right\" data-align=\"right\">5.297 $<\/td><\/tr><tr><td class=\"has-text-align-right\" data-align=\"right\">21<\/td><td class=\"has-text-align-right\" data-align=\"right\">$5,338<\/td><td class=\"has-text-align-right\" data-align=\"right\">5.573 $<\/td><\/tr><tr><td class=\"has-text-align-right\" data-align=\"right\">22<\/td><td class=\"has-text-align-right\" data-align=\"right\">5.561 $<\/td><td class=\"has-text-align-right\" data-align=\"right\">5.796 $<\/td><\/tr><tr><td class=\"has-text-align-right\" data-align=\"right\">23<\/td><td class=\"has-text-align-right\" data-align=\"right\">5.561 $<\/td><td class=\"has-text-align-right\" data-align=\"right\">5.796 $<\/td><\/tr><tr><td class=\"has-text-align-right\" data-align=\"right\">24 (ca. 6 Monate)<\/td><td class=\"has-text-align-right\" data-align=\"right\">5.561 $<\/td><td class=\"has-text-align-right\" data-align=\"right\">5.796 $<\/td><\/tr><\/tbody><\/table><\/figure>\n<\/div>\n\n\n\n<div class=\"wp-block-column is-layout-flow wp-block-column-is-layout-flow\">\n<figure class=\"wp-block-table is-style-stripes\"><table class=\"has-fixed-layout\"><tbody><tr><td class=\"has-text-align-right\" data-align=\"right\"><strong>Wochen<\/strong><\/td><td class=\"has-text-align-right\" data-align=\"right\"><strong>2026 Studiengeb\u00fchren<\/strong><br\/>(inkl. MwSt.)<\/td><td class=\"has-text-align-right\" data-align=\"right\"><strong>Mit Initial<\/strong><br\/>(inkl. MwSt.)<\/td><\/tr><tr><td class=\"has-text-align-right\" data-align=\"right\">25<\/td><td class=\"has-text-align-right\" data-align=\"right\">5.976 $<\/td><td class=\"has-text-align-right\" data-align=\"right\">6.211 $<\/td><\/tr><tr><td class=\"has-text-align-right\" data-align=\"right\">26<\/td><td class=\"has-text-align-right\" data-align=\"right\">6.346 $<\/td><td class=\"has-text-align-right\" data-align=\"right\">6.581 $<\/td><\/tr><tr><td class=\"has-text-align-right\" data-align=\"right\">27<\/td><td class=\"has-text-align-right\" data-align=\"right\">6.604 $<\/td><td class=\"has-text-align-right\" data-align=\"right\">6.839 $<\/td><\/tr><tr><td class=\"has-text-align-right\" data-align=\"right\">28<\/td><td class=\"has-text-align-right\" data-align=\"right\">6.829 $<\/td><td class=\"has-text-align-right\" data-align=\"right\">7.064 $<\/td><\/tr><tr><td class=\"has-text-align-right\" data-align=\"right\">29<\/td><td class=\"has-text-align-right\" data-align=\"right\">7.053 $<\/td><td class=\"has-text-align-right\" data-align=\"right\">7.288 $<\/td><\/tr><tr><td class=\"has-text-align-right\" data-align=\"right\">30<\/td><td class=\"has-text-align-right\" data-align=\"right\">7.278 $<\/td><td class=\"has-text-align-right\" data-align=\"right\">7.513 $<\/td><\/tr><tr><td class=\"has-text-align-right\" data-align=\"right\">31<\/td><td class=\"has-text-align-right\" data-align=\"right\">7.525 $<\/td><td class=\"has-text-align-right\" data-align=\"right\">7.760 $<\/td><\/tr><tr><td class=\"has-text-align-right\" data-align=\"right\">32<\/td><td class=\"has-text-align-right\" data-align=\"right\">7.768 $<\/td><td class=\"has-text-align-right\" data-align=\"right\">8.003 $<\/td><\/tr><tr><td class=\"has-text-align-right\" data-align=\"right\">33<\/td><td class=\"has-text-align-right\" data-align=\"right\">8.025 $<\/td><td class=\"has-text-align-right\" data-align=\"right\">8.260 $<\/td><\/tr><tr><td class=\"has-text-align-right\" data-align=\"right\">34<\/td><td class=\"has-text-align-right\" data-align=\"right\">8.249 $<\/td><td class=\"has-text-align-right\" data-align=\"right\">8.484 $<\/td><\/tr><tr><td class=\"has-text-align-right\" data-align=\"right\">35<\/td><td class=\"has-text-align-right\" data-align=\"right\">8.249 $<\/td><td class=\"has-text-align-right\" data-align=\"right\">8.484 $<\/td><\/tr><tr><td class=\"has-text-align-right\" data-align=\"right\">36<\/td><td class=\"has-text-align-right\" data-align=\"right\">8.361 $<\/td><td class=\"has-text-align-right\" data-align=\"right\">8.596 $<\/td><\/tr><tr><td class=\"has-text-align-right\" data-align=\"right\">37<\/td><td class=\"has-text-align-right\" data-align=\"right\">8.611 $<\/td><td class=\"has-text-align-right\" data-align=\"right\">8.846 $<\/td><\/tr><tr><td class=\"has-text-align-right\" data-align=\"right\">38<\/td><td class=\"has-text-align-right\" data-align=\"right\">8.780 $<\/td><td class=\"has-text-align-right\" data-align=\"right\">9.015 $<\/td><\/tr><tr><td class=\"has-text-align-right\" data-align=\"right\">39<\/td><td class=\"has-text-align-right\" data-align=\"right\">9.018 $<\/td><td class=\"has-text-align-right\" data-align=\"right\">9.253 $<\/td><\/tr><tr><td class=\"has-text-align-right\" data-align=\"right\">40<\/td><td class=\"has-text-align-right\" data-align=\"right\">9.058 $<\/td><td class=\"has-text-align-right\" data-align=\"right\">9.293 $<\/td><\/tr><tr><td class=\"has-text-align-right\" data-align=\"right\">41<\/td><td class=\"has-text-align-right\" data-align=\"right\">9.064 $<\/td><td class=\"has-text-align-right\" data-align=\"right\">9.299 $<\/td><\/tr><tr><td class=\"has-text-align-right\" data-align=\"right\">42<\/td><td class=\"has-text-align-right\" data-align=\"right\">9.153 $<\/td><td class=\"has-text-align-right\" data-align=\"right\">9.388 $<\/td><\/tr><tr><td class=\"has-text-align-right\" data-align=\"right\">43<\/td><td class=\"has-text-align-right\" data-align=\"right\">9.153 $<\/td><td class=\"has-text-align-right\" data-align=\"right\">9.388 $<\/td><\/tr><tr><td class=\"has-text-align-right\" data-align=\"right\">44<\/td><td class=\"has-text-align-right\" data-align=\"right\">9.153 $<\/td><td class=\"has-text-align-right\" data-align=\"right\">9.388 $<\/td><\/tr><tr><td class=\"has-text-align-right\" data-align=\"right\">45<\/td><td class=\"has-text-align-right\" data-align=\"right\">9.153 $<\/td><td class=\"has-text-align-right\" data-align=\"right\">9.388 $<\/td><\/tr><tr><td class=\"has-text-align-right\" data-align=\"right\">46<\/td><td class=\"has-text-align-right\" data-align=\"right\">9.153 $<\/td><td class=\"has-text-align-right\" data-align=\"right\">9.388 $<\/td><\/tr><tr><td class=\"has-text-align-right\" data-align=\"right\">47<\/td><td class=\"has-text-align-right\" data-align=\"right\">9.153 $<\/td><td class=\"has-text-align-right\" data-align=\"right\">9.388 $<\/td><\/tr><tr><td class=\"has-text-align-right\" data-align=\"right\">48 (Etwa 1 Jahr)<\/td><td class=\"has-text-align-right\" data-align=\"right\">9.153 $<\/td><td class=\"has-text-align-right\" data-align=\"right\">9.388 $<\/td><\/tr><\/tbody><\/table><\/figure>\n<\/div>\n<\/div>\n\n<p class=\"has-text-align-center\"><strong>Die anf\u00e4ngliche<\/strong> <strong>beinhaltet eine nicht erstattungsf\u00e4hige Anmeldegeb\u00fchr von 100 $ und eine Technologiegeb\u00fchr von 135 $.<\/strong><\/p>\n\n<p>Studenten, die mit einem Studentenvisum (F-1 Visum) studieren, m\u00fcssen mindestens 20 Stunden pro Woche am Unterricht teilnehmen. Die oben genannten Geb\u00fchren erm\u00f6glichen Ihnen die Teilnahme an Kursen, die die I-20 Anforderungen f\u00fcr ein F-1 Visum erf\u00fcllen.<\/p>\n\n<p>Die Mindestanmeldezeit f\u00fcr ein Studentenvisum (F-1 Visum) betr\u00e4gt 8 Wochen. Erm\u00e4\u00dfigte Tarife sind je nach Dauer der Einschreibung erh\u00e4ltlich, z. B. 8 Wochen, 16 Wochen, 24 Wochen und 48 Wochen.<\/p>\n\n<p>Sie k\u00f6nnen die w\u00f6chentliche Preisliste f\u00fcr Studenten mit F-1-Visum (PDF) \u00fcber den unten stehenden Link herunterladen.<\/p>\n\n<p><strong>PDF-Download<\/strong>: <a href=\"https:\/\/www.academiaschool.edu\/wp-content\/uploads\/2025\/12\/I-20_Academia-Price-List_2026-4.pdf\">I-20 Preisliste 2026 Academia<\/a><\/p>\n\n<p>Nur f\u00fcr neue I-20-Studentenanmeldungen, die sich f\u00fcr Programme ab 8 Wochen anmelden und vor Beginn des Unterrichts eine R\u00fcckerstattung beantragen, wird eine Bearbeitungsgeb\u00fchr von 100 $ von dem erstatteten Betrag abgezogen.<\/p>\n<section class=\"b--jinr-block b--jinr-blogcard d--blogcard-hover-up d--blogcard-style1 d--blogcard-mysite t--round \"><div class=\"a--blogcard-label ef\">Related Page<\/div><a class=\"o--blogcard-link t--round\" href=\"https:\/\/www.academiaschool.edu\/fee\/\"><div class=\"c--blogcard-image\"><img loading=\"lazy\" decoding=\"async\" class=\"a--blogcard-img-src\" width=\"128\" height=\"72\" src=\"https:\/\/www.academiaschool.edu\/wp-content\/uploads\/2025\/02\/\u540d\u79f0\u672a\u8a2d\u5b9a\u306e\u30c7\u30b6\u30a4\u30f3-7.png\" alt=\"Fees\" \/><\/div><div class=\"a--blogcard-title d--bold\">Fees<\/div><\/a><\/section>","protected":false},"excerpt":{"rendered":"<p>W\u00f6chentliche Geb\u00fchrenliste f\u00fcr Studenten mit F-1 Visum Wochen 2026 Studiengeb\u00fchren(inkl. MwSt.) Mit Initial(inkl. MwSt.) 1 309 $ &#8211; 2 612 $ &#8211; 3 918 $ &#8211; 4 (Etwa 1 Monat) 1.224 $ &#8211; 5 1.513 $ &#8211; 6 1.750 $ &#8211; 7 2.060 $ &#8211; 8 (ca. 2 Monate) 2.313 $ 2.548 $ 9 2.552 [&hellip;]<\/p>\n","protected":false},"author":1,"featured_media":0,"parent":4911,"menu_order":0,"comment_status":"closed","ping_status":"closed","template":"","meta":{"_jinr_url_youtube":"","_jinr_pip_youtube":false,"_jinr_time_youtube":"","_jinr_thumb_youtube":"","_jinr_media_youtube":"","_jinr_category_edit":false,"_jinr_category":"","_jinr_title_display":true,"_jinr_snsbutton_display":false,"_jinr_ads_display":false,"_jinr_thumbnail_display":false,"_jinr_profile_display":false,"_jinr_representations_display":false,"_jinr_relatedpost_display":false,"_jinr_sidebar1col_display":false,"_jinr_sidebar2col_display":false,"_jinr_seotitle_display":"","_jinr_description_display":"","_jinr_keyword_display":"","_jinr_hastag_display":"","_jinr_canonical_display":"","_jinr_noindex_display":false,"_jinr_paidpost":false,"_jinr_paidpost_product_id":"","_jinr_headtag_article":"","footnotes":""},"class_list":["post-4937","page","type-page","status-publish","hentry"],"_links":{"self":[{"href":"https:\/\/www.academiaschool.edu\/de\/wp-json\/wp\/v2\/pages\/4937","targetHints":{"allow":["GET"]}}],"collection":[{"href":"https:\/\/www.academiaschool.edu\/de\/wp-json\/wp\/v2\/pages"}],"about":[{"href":"https:\/\/www.academiaschool.edu\/de\/wp-json\/wp\/v2\/types\/page"}],"author":[{"embeddable":true,"href":"https:\/\/www.academiaschool.edu\/de\/wp-json\/wp\/v2\/users\/1"}],"replies":[{"embeddable":true,"href":"https:\/\/www.academiaschool.edu\/de\/wp-json\/wp\/v2\/comments?post=4937"}],"version-history":[{"count":6,"href":"https:\/\/www.academiaschool.edu\/de\/wp-json\/wp\/v2\/pages\/4937\/revisions"}],"predecessor-version":[{"id":9023,"href":"https:\/\/www.academiaschool.edu\/de\/wp-json\/wp\/v2\/pages\/4937\/revisions\/9023"}],"up":[{"embeddable":true,"href":"https:\/\/www.academiaschool.edu\/de\/wp-json\/wp\/v2\/pages\/4911"}],"wp:attachment":[{"href":"https:\/\/www.academiaschool.edu\/de\/wp-json\/wp\/v2\/media?parent=4937"}],"curies":[{"name":"wp","href":"https:\/\/api.w.org\/{rel}","templated":true}]}}