{"id":4925,"date":"2024-04-21T06:42:19","date_gmt":"2024-04-21T16:42:19","guid":{"rendered":"https:\/\/academia-school.net\/gebuehren\/nachmittagskurse-fuer-transferstudenten-und-derzeitige-studenten\/"},"modified":"2025-01-02T19:46:08","modified_gmt":"2025-01-03T05:46:08","slug":"nachmittagskurse-fuer-transferstudenten-und-derzeitige-studenten","status":"publish","type":"page","link":"https:\/\/www.academiaschool.edu\/de\/gebuehren\/nachmittagskurse-fuer-transferstudenten-und-derzeitige-studenten\/","title":{"rendered":"Nachmittagskurse f\u00fcr Transferstudenten und derzeitige Studenten"},"content":{"rendered":"\n<section class=\"wp-block-jinr-blocks-fullwidth b--jinr-block b--jinr-fullwidth-container d--top-margin-xs-pc d--bottom-margin-xs-pc d--top-margin-xs-sp d--bottom-margin-xs-sp \"><section class=\"b--jinr-fullwidth d--fullwidth-parallax-off d--fullwidth-deco-bgimage\"><div class=\"a--jinr-fullwidth-image\"><div class=\"a--jinr-fullwidth-image-clip\"><img decoding=\"async\" src=\"https:\/\/www.academiaschool.edu\/wp-content\/uploads\/2024\/03\/sean-105m46GatAg-unsplash-2.webp\"\/><\/div><\/div><div class=\"a--jinr-fullwidth-overlay\" style=\"background-color:#f5f5f5;opacity:0\"><\/div><div class=\"d--fullwidth-100 d--fullwidth-pad40 d--fullwidth-pad0-sp t--main-width\" style=\"color:false\">\n<p class=\"has-text-align-center has-white-color has-text-color has-link-color wp-elements-8993b3964cb26511ca1d94d57c8a0bf4\"><span class=\"jinr-d--font-size d--fontsize-36px\"><strong><strong>Nur-Nachmittags-Kurse<\/strong><\/strong><\/span><\/p>\n<\/div><\/section><\/section>\n\n<h2 class=\"wp-block-heading jinr-heading d--bold\">UNTERRICHTSGEB\u00dcHREN F\u00dcR NACHMITTAGSUNTERRICHT<\/h2>\n\n<p>Sch\u00fcler, die diesen Plan in Anspruch nehmen, m\u00fcssen nur die Kurse von 12:30 &#8211; 15:00 Uhr und 15:00 &#8211; 17:30 Uhr w\u00e4hlen.<\/p>\n\n<figure class=\"wp-block-table\"><table><tbody><tr><td><span class=\"jinr-d--font-size d--fontsize-15px\">Woche<\/span><\/td><td><span class=\"jinr-d--font-size d--fontsize-15px\">2025 Studiengeb\u00fchren<\/span><br\/>(einschlie\u00dflich Steuern)<\/td><td><span class=\"jinr-d--font-size d--fontsize-15px\">einschlie\u00dflich Erstausstattung<\/span><br\/>(inkl. MwSt.)<\/td><\/tr><tr><td><span class=\"jinr-d--font-size d--fontsize-15px\">8<\/span><\/td><td><span class=\"jinr-d--font-size d--fontsize-15px\">$1,632<\/span><\/td><td><span class=\"jinr-d--font-size d--fontsize-15px\">$1,867<\/span><\/td><\/tr><tr><td><span class=\"jinr-d--font-size d--fontsize-15px\">12<\/span><\/td><td><span class=\"jinr-d--font-size d--fontsize-15px\">$1,632<\/span><\/td><td><span class=\"jinr-d--font-size d--fontsize-15px\">$1,857<\/span><\/td><\/tr><tr><td><span class=\"jinr-d--font-size d--fontsize-15px\">24<\/span><\/td><td><span class=\"jinr-d--font-size d--fontsize-15px\">$3,080<\/span><\/td><td><span class=\"jinr-d--font-size d--fontsize-15px\">$3,315<\/span><\/td><\/tr><tr><td><span class=\"jinr-d--font-size d--fontsize-15px\">36<\/span><\/td><td><span class=\"jinr-d--font-size d--fontsize-15px\">$4,335<\/span><\/td><td><span class=\"jinr-d--font-size d--fontsize-15px\">$4,570<\/span><\/td><\/tr><tr><td><span class=\"jinr-d--font-size d--fontsize-15px\">48<\/span><\/td><td><span class=\"jinr-d--font-size d--fontsize-15px\">$4,985<\/span><\/td><td><span class=\"jinr-d--font-size d--fontsize-15px\">$5,220<\/span><\/td><\/tr><\/tbody><\/table><\/figure>\n\n<ul class=\"wp-block-list jinr-list\">\n<li>Mindestens 8 Wochen. (Der Preis ist derselbe wie f\u00fcr den 12-w\u00f6chigen Zeitraum).<\/li>\n\n\n\n<li>Nur Transferstudenten und Studenten, die sich f\u00fcr diese Kurse entscheiden, haben Anspruch auf diese Studiengeb\u00fchren.<\/li>\n\n\n\n<li>Sch\u00fcler, die diesen Plan in Anspruch nehmen, m\u00fcssen zwischen 12:30 &#8211; 3:00 und 15:00 &#8211; 5:30 Uhr Unterricht w\u00e4hlen.<\/li>\n\n\n\n<li>Die Technologie- und Kopiergeb\u00fchr wird nur einmal bei der Erstanmeldung f\u00fcr Transferstudenten erhoben.<\/li>\n\n\n\n<li>Wenn Sie Lehrb\u00fccher kaufen m\u00f6chten, zahlen Sie bitte den erforderlichen Betrag.<\/li>\n\n\n\n<li>Bewerbungen f\u00fcr diesen Kurs k\u00f6nnen nicht \u00fcber einen Vermittler eingereicht werden.<\/li>\n\n\n\n<li>Dieses Angebot kann auf die Freundschaftswerbung angewendet werden.<\/li>\n\n\n\n<li>Dieses Angebot kann jedoch nicht auf die Transferkampagne angewendet werden.<\/li>\n<\/ul>\n\n<p>Details zur Preistabelle finden Sie unten.<\/p>\n\n<p>Mehr Details: <a href=\"https:\/\/www.academiaschool.edu\/wp-content\/uploads\/2024\/12\/F1_ALS_Pricing-list_2025.pdf\" data-type=\"link\" data-id=\"https:\/\/www.academiaschool.edu\/wp-content\/uploads\/2024\/12\/F1_ALS_Pricing-list_2025.pdf\" target=\"_blank\" rel=\"noreferrer noopener\"><\/a><a href=\"https:\/\/www.academiaschool.edu\/wp-content\/uploads\/2024\/12\/Afternoon_ALS_Pricing-list_2025.pdf\" target=\"_blank\" rel=\"noreferrer noopener\">Nachmittags_ALS_Preisliste_2025.pdf<\/a><\/p>\n\n<p>Nehmen Sie Kontakt mit uns auf!<\/p>\n<section class='b--jinr-block b--jinr-button   js--scr-animation block_'>\n\t\t\t\t\t<div class=\"o--button-inner d--button-type1 d--button-solid d--button-solid-hover-down d--button-solid-animation-expand d--button-center\"><span class=\"a--button-hover\"><a href=\"https:\/\/www.academiaschool.edu\/inquiry\/\"><span>Contact us<\/span><\/a><\/span><\/div>\n\t\t\t\t<\/section>","protected":false},"excerpt":{"rendered":"<p>UNTERRICHTSGEB\u00dcHREN F\u00dcR NACHMITTAGSUNTERRICHT Sch\u00fcler, die diesen Plan in Anspruch nehmen, m\u00fcssen nur die Kurse von 12:30 &#8211; 15:00 Uhr und 15:00 &#8211; 17:30 Uhr w\u00e4hlen. Woche 2025 Studiengeb\u00fchren(einschlie\u00dflich Steuern) einschlie\u00dflich Erstausstattung(inkl. MwSt.) 8 $1,632 $1,867 12 $1,632 $1,857 24 $3,080 $3,315 36 $4,335 $4,570 48 $4,985 $5,220 Details zur Preistabelle finden Sie unten. Mehr Details: [&hellip;]<\/p>\n","protected":false},"author":1,"featured_media":0,"parent":4911,"menu_order":0,"comment_status":"closed","ping_status":"closed","template":"","meta":{"_jinr_url_youtube":"","_jinr_pip_youtube":false,"_jinr_time_youtube":"","_jinr_thumb_youtube":"","_jinr_media_youtube":"","_jinr_category_edit":false,"_jinr_category":"","_jinr_title_display":true,"_jinr_snsbutton_display":false,"_jinr_ads_display":false,"_jinr_thumbnail_display":false,"_jinr_profile_display":false,"_jinr_representations_display":false,"_jinr_relatedpost_display":false,"_jinr_sidebar1col_display":false,"_jinr_sidebar2col_display":false,"_jinr_seotitle_display":"","_jinr_description_display":"","_jinr_keyword_display":"","_jinr_hastag_display":"","_jinr_canonical_display":"","_jinr_noindex_display":false,"_jinr_paidpost":false,"_jinr_paidpost_product_id":"","_jinr_headtag_article":"","footnotes":""},"class_list":["post-4925","page","type-page","status-publish","hentry"],"_links":{"self":[{"href":"https:\/\/www.academiaschool.edu\/de\/wp-json\/wp\/v2\/pages\/4925","targetHints":{"allow":["GET"]}}],"collection":[{"href":"https:\/\/www.academiaschool.edu\/de\/wp-json\/wp\/v2\/pages"}],"about":[{"href":"https:\/\/www.academiaschool.edu\/de\/wp-json\/wp\/v2\/types\/page"}],"author":[{"embeddable":true,"href":"https:\/\/www.academiaschool.edu\/de\/wp-json\/wp\/v2\/users\/1"}],"replies":[{"embeddable":true,"href":"https:\/\/www.academiaschool.edu\/de\/wp-json\/wp\/v2\/comments?post=4925"}],"version-history":[{"count":5,"href":"https:\/\/www.academiaschool.edu\/de\/wp-json\/wp\/v2\/pages\/4925\/revisions"}],"predecessor-version":[{"id":7165,"href":"https:\/\/www.academiaschool.edu\/de\/wp-json\/wp\/v2\/pages\/4925\/revisions\/7165"}],"up":[{"embeddable":true,"href":"https:\/\/www.academiaschool.edu\/de\/wp-json\/wp\/v2\/pages\/4911"}],"wp:attachment":[{"href":"https:\/\/www.academiaschool.edu\/de\/wp-json\/wp\/v2\/media?parent=4925"}],"curies":[{"name":"wp","href":"https:\/\/api.w.org\/{rel}","templated":true}]}}