{"id":4917,"date":"2024-03-21T12:39:58","date_gmt":"2024-03-21T22:39:58","guid":{"rendered":"https:\/\/academia-school.net\/gebuehren\/gebuehren-fuer-die-unterkunft\/"},"modified":"2025-08-12T11:50:00","modified_gmt":"2025-08-12T21:50:00","slug":"gebuehren-fuer-die-unterkunft","status":"publish","type":"page","link":"https:\/\/www.academiaschool.edu\/de\/gebuehren\/gebuehren-fuer-die-unterkunft\/","title":{"rendered":"Geb\u00fchren f\u00fcr die Unterkunft"},"content":{"rendered":"\n<section class=\"wp-block-jinr-blocks-fullwidth b--jinr-block b--jinr-fullwidth-container d--top-margin-xs-pc d--bottom-margin-xs-pc d--top-margin-xs-sp d--bottom-margin-xs-sp \"><section class=\"b--jinr-fullwidth d--fullwidth-parallax-off d--fullwidth-deco-bgimage\"><div class=\"a--jinr-fullwidth-image\"><div class=\"a--jinr-fullwidth-image-clip\"><img decoding=\"async\" src=\"https:\/\/www.academiaschool.edu\/wp-content\/uploads\/2024\/03\/sean-105m46GatAg-unsplash-2.webp\"\/><\/div><\/div><div class=\"a--jinr-fullwidth-overlay\" style=\"background-color:#f5f5f5;opacity:0\"><\/div><div class=\"d--fullwidth-100 d--fullwidth-pad40 d--fullwidth-pad0-sp t--main-width\" style=\"color:false\">\n<p class=\"has-text-align-center has-white-color has-text-color has-link-color wp-elements-b9f29ad6facc28a0bb38bc9e8e172501\"><span class=\"jinr-d--font-size d--fontsize-36px\"><strong><strong>Geb\u00fchren f\u00fcr die Unterkunft<\/strong><\/strong><\/span><\/p>\n<\/div><\/section><\/section>\n\n<h2 class=\"wp-block-heading jinr-heading d--bold\"><strong>Unser Angebot an Unterk\u00fcnften<\/strong><\/h2>\n\n<p>Wir bieten drei Arten von Unterk\u00fcnften f\u00fcr unsere Studenten an:<\/p>\n\n<ol class=\"wp-block-list jinr-list\">\n<li><strong>Mehrbettzimmer<\/strong><\/li>\n\n\n\n<li><strong>Eigentumswohnungen<\/strong><\/li>\n\n\n\n<li><strong>Gastfamilie<\/strong><\/li>\n<\/ol>\n\n<p>Die Merkmale und allgemeinen Preise der einzelnen Optionen sind wie folgt:<\/p>\n\n<figure class=\"wp-block-table\"><table class=\"has-fixed-layout\"><thead><tr><th><strong>Typ<\/strong><\/th><th><strong>Preis<\/strong><\/th><th><strong>Eigenschaften<\/strong><\/th><th><strong>Empfohlen f\u00fcr<\/strong><\/th><\/tr><\/thead><tbody><tr><td><strong>Mehrbettzimmer<\/strong><\/td><td>$400 pro Woche und Person<\/td><td>&#8211; Beste Lage, 3 Gehminuten von der Schule entfernt<br\/>&#8211; Bis zu 4 Personen teilen sich ein Zimmer<br\/>&#8211; Getrennte Etagen f\u00fcr M\u00e4nner und Frauen<\/td><td>&#8211; Diejenigen, die die Unterkunftskosten minimieren m\u00f6chten<br\/>&#8211; Diejenigen, die gerne mit anderen zusammen sind<\/td><\/tr><tr><td><strong>Eigentumswohnungen<\/strong><\/td><td>Der Preis h\u00e4ngt von der Dauer des Aufenthalts ab<br\/>Beispiel: $3000 pro Monat f\u00fcr ein Zimmer<\/td><td>&#8211; Im Zentrum von Waikiki gelegen, ideal f\u00fcr Sightseeing<br\/>&#8211; 15 Minuten zu Fu\u00df oder 3 Minuten mit dem Bus von der Schule entfernt<br\/>&#8211; Privatzimmer<br\/>&#8211; Kann mehrere Personen beherbergen<\/td><td>&#8211; Diejenigen, die einen privaten, ruhigen Raum bevorzugen<br\/>&#8211; Paare, die im selben Zimmer wohnen m\u00f6chten<br\/>&#8211; Familien, die zusammen wohnen m\u00f6chten<br\/>&#8211; Diejenigen, die Annehmlichkeiten wie einen Pool, ein Fitnessstudio oder einen Grillplatz nutzen m\u00f6chten<\/td><\/tr><tr><td><strong>Gastfamilie<\/strong><\/td><td>$2400 f\u00fcr 4 Wochen pro Person<\/td><td>&#8211; Die Reisezeit variiert je nach Aufenthaltsort<br\/>&#8211; Erleben Sie das Leben bei einer einheimischen hawaiianischen Familie<br\/>&#8211; (leichte) Mahlzeiten sind oft inbegriffen<\/td><td>&#8211; Diejenigen, die das Leben mit einer hawaiianischen Familie erleben m\u00f6chten<br\/>&#8211; Diejenigen, denen die Lage nichts ausmacht<\/td><\/tr><\/tbody><\/table><\/figure>\n\n<p>Wir bieten erschwingliche Unterk\u00fcnfte f\u00fcr unsere Studenten, darunter auch von unserer Schule verwaltete Immobilien.<\/p>\n\n<p>Die Verf\u00fcgbarkeit h\u00e4ngt vom Zeitpunkt der Anfrage ab. Wenn Sie also eine Unterkunft zusammen mit Ihrer Anmeldung ben\u00f6tigen, informieren Sie uns bitte so fr\u00fch wie m\u00f6glich.<\/p>\n\n<p>Sollten wir nicht in der Lage sein, eine Unterkunft zu arrangieren, werden wir die Studenten bei der Suche nach einer eigenen Unterkunft unterst\u00fctzen.\nBitte beachten Sie, dass unsere Unterk\u00fcnfte nur f\u00fcr angehende oder derzeitige Studenten unserer Schule zur Verf\u00fcgung stehen. <\/p>\n\n<h2 class=\"wp-block-heading jinr-heading d--bold\"><strong>1. Gemeinsames Zimmer<\/strong><\/h2>\n\n<p>Nur 3 Gehminuten von der Academia Language School entfernt und direkt vor dem Ala Moana Shopping Center gelegen, ist dies eine \u00e4u\u00dferst g\u00fcnstige Lage.\nDiese Option empfiehlt sich f\u00fcr diejenigen, die die Kosten niedrig halten m\u00f6chten. <\/p>\n\n<div class=\"wp-block-columns js--scr-animation is-layout-flex wp-container-core-columns-is-layout-9d6595d7 wp-block-columns-is-layout-flex\">\n<div class=\"wp-block-column is-layout-flow wp-block-column-is-layout-flow\" style=\"flex-basis:33.33%\"><div class=\"wp-block-image\">\n<figure class=\"alignleft size-full is-resized\"><img loading=\"lazy\" decoding=\"async\" width=\"200\" height=\"150\" src=\"https:\/\/www.academiaschool.edu\/wp-content\/uploads\/2024\/09\/YMCA_Honolulu_2.jpg.webp\" alt=\"\" class=\"wp-image-6600\" style=\"width:315px;height:auto\"\/><\/figure>\n<\/div><\/div>\n\n\n\n<div class=\"wp-block-column is-layout-flow wp-block-column-is-layout-flow\" style=\"flex-basis:66.66%\"><div class=\"wp-block-image\">\n<figure class=\"alignright size-large is-resized\"><img loading=\"lazy\" decoding=\"async\" width=\"1024\" height=\"576\" src=\"https:\/\/www.academiaschool.edu\/wp-content\/uploads\/2024\/09\/YMCA-1024x576.jpeg\" alt=\"\" class=\"wp-image-6613\" style=\"width:423px;height:auto\" srcset=\"https:\/\/www.academiaschool.edu\/wp-content\/uploads\/2024\/09\/YMCA-1024x576.jpeg 1024w, https:\/\/www.academiaschool.edu\/wp-content\/uploads\/2024\/09\/YMCA-300x169.jpeg 300w, https:\/\/www.academiaschool.edu\/wp-content\/uploads\/2024\/09\/YMCA-768x432.jpeg 768w, https:\/\/www.academiaschool.edu\/wp-content\/uploads\/2024\/09\/YMCA-1536x864.jpeg 1536w, https:\/\/www.academiaschool.edu\/wp-content\/uploads\/2024\/09\/YMCA-320x180.jpeg 320w, https:\/\/www.academiaschool.edu\/wp-content\/uploads\/2024\/09\/YMCA-640x360.jpeg 640w, https:\/\/www.academiaschool.edu\/wp-content\/uploads\/2024\/09\/YMCA-1360x765.jpeg 1360w, https:\/\/www.academiaschool.edu\/wp-content\/uploads\/2024\/09\/YMCA.jpeg 1600w\" sizes=\"auto, (max-width: 1024px) 100vw, 1024px\" \/><\/figure>\n<\/div><\/div>\n<\/div>\n\n<section class=\"wp-block-jinr-blocks-simplebox b--jinr-block-container\"><div class=\"b--jinr-block b--jinr-box d--heading-box2  \"><div class=\"a--simple-box-title d--bold\"><strong>Facility Details<\/strong><\/div><div class=\"c--simple-box-inner\">\n<ul class=\"wp-block-list jinr-list\">\n<li><strong>Name der Einrichtung<\/strong>: Central Y Residences<\/li>\n\n\n\n<li><strong>Standort<\/strong>: 401 Atkinson Drive, Honolulu, HI 96814<\/li>\n<\/ul>\n<\/div><\/div><\/section>\n\n<figure class=\"wp-block-table\"><table class=\"has-fixed-layout\"><thead><tr><th><strong>Dauer<\/strong><\/th><th><strong>Preis<\/strong><\/th><\/tr><\/thead><tbody><tr><td>1 Nacht<\/td><td>$65<\/td><\/tr><tr><td>1 Woche<\/td><td>$400<\/td><\/tr><\/tbody><\/table><figcaption class=\"wp-element-caption\">Zus\u00e4tzlich wird eine Bearbeitungsgeb\u00fchr von $100 erhoben.<\/figcaption><\/figure>\n\n<h2 class=\"wp-block-heading jinr-heading d--bold\"><strong>2. Wohnungseigentum<\/strong><\/h2>\n\n<p>Die Wohnung kann von einer Person, einem Paar oder einer Familie genutzt werden und bietet Ihnen einen privaten Raum.\nSie empfiehlt sich f\u00fcr diejenigen, die eine ruhige Umgebung bevorzugen, den Raum mit Freunden teilen m\u00f6chten oder die gesamte Einheit f\u00fcr ihre Familie reservieren m\u00f6chten. <\/p>\n\n<p>Unsere Schule bietet einen Sonderpreis f\u00fcr Studenten im &#8222;Royal Kuhio&#8220; Condominium in Waikiki an.\nVom Royal Kuhio aus sind es etwa 15 Minuten zu Fu\u00df oder 5 Minuten mit dem Bus bis zur Schule. <\/p>\n\n<figure class=\"wp-block-image size-large\"><img loading=\"lazy\" decoding=\"async\" width=\"791\" height=\"1024\" src=\"https:\/\/www.academiaschool.edu\/wp-content\/uploads\/2024\/03\/0001-791x1024.jpg\" alt=\"\" class=\"wp-image-816\" srcset=\"https:\/\/www.academiaschool.edu\/wp-content\/uploads\/2024\/03\/0001-791x1024.jpg 791w, https:\/\/www.academiaschool.edu\/wp-content\/uploads\/2024\/03\/0001-232x300.jpg 232w, https:\/\/www.academiaschool.edu\/wp-content\/uploads\/2024\/03\/0001-768x994.jpg 768w, https:\/\/www.academiaschool.edu\/wp-content\/uploads\/2024\/03\/0001-1187x1536.jpg 1187w, https:\/\/www.academiaschool.edu\/wp-content\/uploads\/2024\/03\/0001-1583x2048.jpg 1583w\" sizes=\"auto, (max-width: 791px) 100vw, 791px\" \/><\/figure>\n\n<figure class=\"wp-block-image size-large\"><img loading=\"lazy\" decoding=\"async\" width=\"791\" height=\"1024\" src=\"https:\/\/www.academiaschool.edu\/wp-content\/uploads\/2024\/03\/0002-791x1024.jpg\" alt=\"\" class=\"wp-image-817\" srcset=\"https:\/\/www.academiaschool.edu\/wp-content\/uploads\/2024\/03\/0002-791x1024.jpg 791w, https:\/\/www.academiaschool.edu\/wp-content\/uploads\/2024\/03\/0002-232x300.jpg 232w, https:\/\/www.academiaschool.edu\/wp-content\/uploads\/2024\/03\/0002-768x994.jpg 768w, https:\/\/www.academiaschool.edu\/wp-content\/uploads\/2024\/03\/0002-1187x1536.jpg 1187w, https:\/\/www.academiaschool.edu\/wp-content\/uploads\/2024\/03\/0002-1583x2048.jpg 1583w\" sizes=\"auto, (max-width: 791px) 100vw, 791px\" \/><\/figure>\n\n<figure class=\"wp-block-image size-large is-resized\"><img loading=\"lazy\" decoding=\"async\" width=\"791\" height=\"1024\" src=\"https:\/\/www.academiaschool.edu\/wp-content\/uploads\/2024\/03\/0003-791x1024.jpg\" alt=\"\" class=\"wp-image-818\" style=\"width:740px;height:auto\" srcset=\"https:\/\/www.academiaschool.edu\/wp-content\/uploads\/2024\/03\/0003-791x1024.jpg 791w, https:\/\/www.academiaschool.edu\/wp-content\/uploads\/2024\/03\/0003-232x300.jpg 232w, https:\/\/www.academiaschool.edu\/wp-content\/uploads\/2024\/03\/0003-768x994.jpg 768w, https:\/\/www.academiaschool.edu\/wp-content\/uploads\/2024\/03\/0003-1187x1536.jpg 1187w, https:\/\/www.academiaschool.edu\/wp-content\/uploads\/2024\/03\/0003-1583x2048.jpg 1583w\" sizes=\"auto, (max-width: 791px) 100vw, 791px\" \/><\/figure>\n\n<h2 class=\"wp-block-heading jinr-heading d--bold\"><\/h2>\n\n<p>Die Preise im Royal Kuhio variieren je nach Zimmerkategorie.<\/p>\n\n<h3 class=\"wp-block-heading jinr-heading d--bold\">STANDARDZIMMER<\/h3>\n\n<ul class=\"wp-block-list jinr-list\">\n<li>Zwei Einzelbetten (geeignet f\u00fcr 1 oder 2 Personen)<\/li>\n\n\n\n<li>F\u00fcr die Unterbringung von mehr als 3 Personen, z.B. Familien mit Kindern, kontaktieren Sie uns bitte.<\/li>\n<\/ul>\n\n<figure class=\"wp-block-table is-style-stripes\"><table><tbody><tr><td><span style=\"text-decoration: underline;\">&lt;  STANDARDZIMMER  &gt;<\/span><\/td><td><strong>1-6 N\u00e4chte<\/strong><\/td><td><strong>7-29 N\u00e4chte<\/strong><\/td><td><strong>30+ N\u00e4chte<\/strong><\/td><td><strong>30-N\u00e4chte-Paket<\/strong><\/td><\/tr><tr><td><strong>April, Mai, Juni, September, Oktober, November<\/strong><\/td><td>$166<\/td><td>$150<\/td><td>$113<\/td><td>$3,060<\/td><\/tr><tr><td><strong>Januar, Februar, M\u00e4rz, Juli, August, Dezember<\/strong><\/td><td>$190<\/td><td>$171<\/td><td>$130<\/td><td>$3,497<\/td><\/tr><tr><td><strong>Feiertag (12\/24 &#8211; 1\/9)<\/strong><\/td><td>$270<\/td><td>\u2013<\/td><td>$230<\/td><td>&#8211;<\/td><\/tr><\/tbody><\/table><figcaption class=\"wp-element-caption\">F\u00fcr Aufenthalte von weniger als einem Monat f\u00e4llt eine einmalige, nicht erstattungsf\u00e4hige Verwaltungsgeb\u00fchr von $300 an.<\/figcaption><\/figure>\n\n<p>F\u00fcr Aufenthalte, die l\u00e4nger als einen Monat dauern, wird keine Verwaltungsgeb\u00fchr erhoben. F\u00fcr Antr\u00e4ge\/Anfragen, die innerhalb einer Woche vor dem Starttermin eingereicht werden, wird eine zus\u00e4tzliche Geb\u00fchr von $75 erhoben.<\/p>\n\n<h3 class=\"wp-block-heading jinr-heading d--bold\">ECKSALONS<\/h3>\n\n<ul class=\"wp-block-list jinr-list\">\n<li>Zwei Einzelbetten (geeignet f\u00fcr 1 oder 2 Personen)<\/li>\n\n\n\n<li>F\u00fcr die Unterbringung von mehr als 3 Personen, z.B. Familien mit Kindern, kontaktieren Sie uns bitte.<\/li>\n<\/ul>\n\n<figure class=\"wp-block-table is-style-stripes\"><table><tbody><tr><td><span style=\"text-decoration: underline;\">&lt;  ECKSALONS  &gt;<\/span><\/td><td><strong>1-6 N\u00e4chte<\/strong><\/td><td><strong>7-29 N\u00e4chte<\/strong><\/td><td><strong>30+ N\u00e4chte<\/strong><\/td><td><strong>30-N\u00e4chte-Paket<\/strong><\/td><\/tr><tr><td><strong>April, Mai, Juni, September, Oktober, November<\/strong><\/td><td>$190<\/td><td>$171<\/td><td>$130<\/td><td>$3,497<\/td><\/tr><tr><td><strong>Januar, Februar, M\u00e4rz, Juli, August, Dezember<\/strong><\/td><td>$218<\/td><td>$196<\/td><td>$148<\/td><td>$4,021<\/td><\/tr><tr><td><strong>Feiertag (12\/24 &#8211; 1\/9)<\/strong><\/td><td>$300<\/td><td>\u2013<\/td><td>$256<\/td><td>&#8211;<\/td><\/tr><\/tbody><\/table><figcaption class=\"wp-element-caption\">F\u00fcr Aufenthalte von weniger als einem Monat f\u00e4llt eine einmalige, nicht erstattungsf\u00e4hige Verwaltungsgeb\u00fchr von $300 an.<\/figcaption><\/figure>\n\n<p>F\u00fcr Aufenthalte, die l\u00e4nger als einen Monat dauern, wird keine Verwaltungsgeb\u00fchr erhoben. F\u00fcr Antr\u00e4ge\/Anfragen, die innerhalb einer Woche vor dem Starttermin eingereicht werden, wird eine zus\u00e4tzliche Geb\u00fchr von $75 erhoben.<\/p>\n\n<h2 class=\"wp-block-heading jinr-heading d--bold\"><strong>3. Gastfamilie<\/strong><\/h2>\n\n<figure class=\"wp-block-table is-style-regular\"><table><tbody><tr><td><\/td><td class=\"has-text-align-center\" data-align=\"center\" colspan=\"2\">Privat<\/td><td class=\"has-text-align-center\" data-align=\"center\" colspan=\"2\">Gemeinsame<\/td><\/tr><tr><td>Wochen<\/td><td class=\"has-text-align-center\" data-align=\"center\">\u00dcber 18<\/td><td class=\"has-text-align-center\" data-align=\"center\">Unter 18 &amp; \u00dcber 60<\/td><td>\u00dcber 18<\/td><td>Unter 18 &amp; \u00dcber 60<\/td><\/tr><tr><td>1<\/td><td class=\"has-text-align-center\" data-align=\"center\">$500<\/td><td class=\"has-text-align-center\" data-align=\"center\">$575<\/td><td>$435<\/td><td>$500<\/td><\/tr><tr><td>2<\/td><td class=\"has-text-align-center\" data-align=\"center\">$1,015<\/td><td class=\"has-text-align-center\" data-align=\"center\">$1,165<\/td><td>$885<\/td><td>$1,015<\/td><\/tr><tr><td>3<\/td><td class=\"has-text-align-center\" data-align=\"center\">$1,530<\/td><td class=\"has-text-align-center\" data-align=\"center\">$1,755<\/td><td>$1,335<\/td><td>$1,530<\/td><\/tr><tr><td>4<\/td><td class=\"has-text-align-center\" data-align=\"center\">$2,045<\/td><td class=\"has-text-align-center\" data-align=\"center\">$2,345<\/td><td>$1,785<\/td><td>$2,045<\/td><\/tr><tr><td>8<\/td><td class=\"has-text-align-center\" data-align=\"center\">$3,145<\/td><td class=\"has-text-align-center\" data-align=\"center\">$3,617<\/td><td>$3,065<\/td><td>$3,249<\/td><\/tr><tr><td>12<\/td><td class=\"has-text-align-center\" data-align=\"center\">$4,725<\/td><td class=\"has-text-align-center\" data-align=\"center\">$5,433<\/td><td>$4,605<\/td><td>$4,881<\/td><\/tr><tr><td>24<\/td><td class=\"has-text-align-center\" data-align=\"center\">$9,633<\/td><td class=\"has-text-align-center\" data-align=\"center\">$10,881<\/td><td>$9,225<\/td><td>$9,777<\/td><\/tr><\/tbody><\/table><figcaption class=\"wp-element-caption\">Vermittlungsgeb\u00fchr $350 &amp; Kaution (r\u00fcckzahlbar) $300 wird einmalig berechnet<br\/>Transport Service ( Two Way ) $150<\/figcaption><\/figure>\n\n<ul class=\"wp-block-list jinr-list\">\n<li>Inklusive Fr\u00fchst\u00fcck und Abendessen zur Selbstbedienung.<\/li>\n\n\n\n<li>Der Transport vom Flughafen zur Gastfamilie und zur\u00fcck ist obligatorisch.<\/li>\n\n\n\n<li>Wenn Sie Ihren eigenen Transport organisieren m\u00fcssen, wird eine Geb\u00fchr von $30 zur Vermittlungsgeb\u00fchr hinzugef\u00fcgt.<\/li>\n<\/ul>\n\n<h2 class=\"wp-block-heading jinr-heading d--bold\"><strong>Andere Unterkunftsm\u00f6glichkeiten<\/strong><\/h2>\n\n<p>Wenn Sie es vorziehen, eine Wohnung oder ein Haus auf eigene Faust zu finden, empfehlen wir Ihnen, Websites wie airbnb.com (f\u00fcr kurz- bis mittelfristige Aufenthalte) oder zillow.com (f\u00fcr Mietobjekte) zu nutzen, um eine gro\u00dfe Auswahl an Online-Angeboten zu durchsuchen.<\/p>\n\n<p>Unser Standort liegt in der N\u00e4he vieler Wohngebiete, darunter Waikiki, Makiki und Moiliili.\nDie Online-Angebote k\u00f6nnen einzelne Apartments, Wohngemeinschaften oder Eigentumswohnungen umfassen. <\/p>\n\n<p>Bitte beachten Sie, dass einige Vermieter Eigentumswohnungen auf monatlicher Basis vermieten, w\u00e4hrend andere einen Mietvertrag von sechs Monaten oder l\u00e4nger verlangen.\nDar\u00fcber hinaus gibt es F\u00e4lle, in denen Ihnen eine Anmietung ohne Kreditgeschichte in den USA verweigert werden kann. <\/p>\n\n<p>Auch wenn Sie auf der Suche nach einer langfristigen Wohnung sind, empfehlen wir Ihnen, mit einer Ferienwohnung zu beginnen, damit Sie Zeit haben, eine geeignete Wohnung zu finden.\nSprechen Sie mit uns \u00fcber Ihre Wohnungssuche als Student. <\/p>\n\n<h2 class=\"wp-block-heading jinr-heading d--bold\"><strong>Flughafen-Transfer<\/strong><\/h2>\n\n<p>Wir empfehlen die Nutzung von <a href=\"https:\/\/www.uber.com\/\" data-type=\"link\" data-id=\"https:\/\/www.uber.com\/\">Uber<\/a>. Laden Sie Uber herunter und richten Sie es im Voraus auf Ihrem Smartphone ein, um eine reibungslose Fahrt zu erm\u00f6glichen. Wenn Sie es vorziehen, einen Transfer durch unsere Schule zu arrangieren, bieten wir diesen Service f\u00fcr $150 an, vorausgesetzt, dass der Termin im Voraus vereinbart werden kann.<\/p>\n<section class=\"b--jinr-block b--jinr-blogcard d--blogcard-hover-up d--blogcard-style1 d--blogcard-mysite t--round \"><div class=\"a--blogcard-label ef\">Related Page<\/div><a class=\"o--blogcard-link t--round\" href=\"https:\/\/www.academiaschool.edu\/fee\/\"><div class=\"c--blogcard-image\"><img loading=\"lazy\" decoding=\"async\" class=\"a--blogcard-img-src\" width=\"128\" height=\"72\" src=\"https:\/\/www.academiaschool.edu\/wp-content\/uploads\/2025\/02\/\u540d\u79f0\u672a\u8a2d\u5b9a\u306e\u30c7\u30b6\u30a4\u30f3-7.png\" alt=\"Fees\" \/><\/div><div class=\"a--blogcard-title d--bold\">Fees<\/div><\/a><\/section>","protected":false},"excerpt":{"rendered":"<p>Unser Angebot an Unterk\u00fcnften Wir bieten drei Arten von Unterk\u00fcnften f\u00fcr unsere Studenten an: Die Merkmale und allgemeinen Preise der einzelnen Optionen sind wie folgt: Typ Preis Eigenschaften Empfohlen f\u00fcr Mehrbettzimmer $400 pro Woche und Person &#8211; Beste Lage, 3 Gehminuten von der Schule entfernt&#8211; Bis zu 4 Personen teilen sich ein Zimmer&#8211; Getrennte Etagen [&hellip;]<\/p>\n","protected":false},"author":1,"featured_media":0,"parent":4911,"menu_order":0,"comment_status":"closed","ping_status":"closed","template":"","meta":{"_jinr_url_youtube":"","_jinr_pip_youtube":false,"_jinr_time_youtube":"","_jinr_thumb_youtube":"","_jinr_media_youtube":"","_jinr_category_edit":false,"_jinr_category":"","_jinr_title_display":true,"_jinr_snsbutton_display":false,"_jinr_ads_display":false,"_jinr_thumbnail_display":false,"_jinr_profile_display":false,"_jinr_representations_display":false,"_jinr_relatedpost_display":false,"_jinr_sidebar1col_display":false,"_jinr_sidebar2col_display":false,"_jinr_seotitle_display":"","_jinr_description_display":"","_jinr_keyword_display":"","_jinr_hastag_display":"","_jinr_canonical_display":"","_jinr_noindex_display":false,"_jinr_paidpost":false,"_jinr_paidpost_product_id":"","_jinr_headtag_article":"","footnotes":""},"class_list":["post-4917","page","type-page","status-publish","hentry"],"_links":{"self":[{"href":"https:\/\/www.academiaschool.edu\/de\/wp-json\/wp\/v2\/pages\/4917","targetHints":{"allow":["GET"]}}],"collection":[{"href":"https:\/\/www.academiaschool.edu\/de\/wp-json\/wp\/v2\/pages"}],"about":[{"href":"https:\/\/www.academiaschool.edu\/de\/wp-json\/wp\/v2\/types\/page"}],"author":[{"embeddable":true,"href":"https:\/\/www.academiaschool.edu\/de\/wp-json\/wp\/v2\/users\/1"}],"replies":[{"embeddable":true,"href":"https:\/\/www.academiaschool.edu\/de\/wp-json\/wp\/v2\/comments?post=4917"}],"version-history":[{"count":11,"href":"https:\/\/www.academiaschool.edu\/de\/wp-json\/wp\/v2\/pages\/4917\/revisions"}],"predecessor-version":[{"id":7180,"href":"https:\/\/www.academiaschool.edu\/de\/wp-json\/wp\/v2\/pages\/4917\/revisions\/7180"}],"up":[{"embeddable":true,"href":"https:\/\/www.academiaschool.edu\/de\/wp-json\/wp\/v2\/pages\/4911"}],"wp:attachment":[{"href":"https:\/\/www.academiaschool.edu\/de\/wp-json\/wp\/v2\/media?parent=4917"}],"curies":[{"name":"wp","href":"https:\/\/api.w.org\/{rel}","templated":true}]}}