{"id":4911,"date":"2024-03-14T12:40:58","date_gmt":"2024-03-14T22:40:58","guid":{"rendered":"https:\/\/academia-school.net\/gebuehren\/"},"modified":"2026-01-06T08:18:46","modified_gmt":"2026-01-06T18:18:46","slug":"gebuehren","status":"publish","type":"page","link":"https:\/\/www.academiaschool.edu\/de\/gebuehren\/","title":{"rendered":"Geb\u00fchren"},"content":{"rendered":"\n<section class=\"wp-block-jinr-blocks-fullwidth b--jinr-block b--jinr-fullwidth-container d--top-margin-xs-pc d--bottom-margin-xs-pc d--top-margin-xs-sp d--bottom-margin-xs-sp \"><section class=\"b--jinr-fullwidth d--fullwidth-parallax-off d--fullwidth-deco-bgimage\"><div class=\"a--jinr-fullwidth-image\"><div class=\"a--jinr-fullwidth-image-clip\"><img decoding=\"async\" src=\"https:\/\/www.academiaschool.edu\/wp-content\/uploads\/2024\/03\/sean-105m46GatAg-unsplash-2.webp\"\/><\/div><\/div><div class=\"a--jinr-fullwidth-overlay\" style=\"background-color:#f5f5f5;opacity:0\"><\/div><div class=\"d--fullwidth-100 d--fullwidth-pad40 d--fullwidth-pad0-sp t--main-width\" style=\"color:#ffffff\">\n<p class=\"has-text-align-center\" style=\"font-size:25px\"><span class=\"jinr-d--font-size d--fontsize-36px\"><strong><strong>Geb\u00fchren<\/strong><\/strong><\/span><\/p>\n<\/div><\/section><\/section>\n\n<h2 class=\"wp-block-heading jinr-heading d--bold\"><strong>Sechs Kategorien von Studiengeb\u00fchren<\/strong><\/h2>\n\n<p>Bei Academia Language School variieren die Geb\u00fchren nach den folgenden sechs Kategorien:<\/p>\n\n<ol class=\"wp-block-list jinr-list\">\n<li>Neue Studenten (einschlie\u00dflich Transfers) &amp; Studentenvisum (F-1 Visum)<\/li>\n\n\n\n<li>Nicht-Studentenvisum (ESTA, e-Visum, etc.)<\/li>\n\n\n\n<li>Kama&#8217;aina (U.S. Staatsb\u00fcrger oder Inhaber einer Green Card)<\/li>\n\n\n\n<li>Derzeitige ALS-Studenten &amp; Studentenvisum (F-1 Visum)<\/li>\n\n\n\n<li>Academia Aloha Camp (Kids &amp; Junior Program for Vacation Seasons)<\/li>\n\n\n\n<li>Kursgeb\u00fchr nur nachmittags<\/li>\n<\/ol>\n\n<p>Der Unterschied zwischen Kategorie 1, neue Studenten, und Kategorie 4, derzeitige ALS-Studenten, liegt in den &#8222;Anfangskosten&#8220; und der &#8222;Mindesteinschreibungsdauer&#8220;, obwohl die Studiengeb\u00fchren gleich sind.<\/p>\n\n<h2 class=\"wp-block-heading jinr-heading d--bold\"><strong>1. Neue Studenten (einschlie\u00dflich Transfers) &amp; Studentenvisum (F-1 Visum) Studiengeb\u00fchren<\/strong><\/h2>\n\n<p><strong>W\u00f6chentliche Preisliste f\u00fcr Studenten mit F1-Visum<\/strong><\/p>\n\n<div class=\"wp-block-columns js--scr-animation is-layout-flex wp-container-core-columns-is-layout-9d6595d7 wp-block-columns-is-layout-flex\">\n<div class=\"wp-block-column is-layout-flow wp-block-column-is-layout-flow\" style=\"flex-basis:100%\">\n<figure class=\"wp-block-table is-style-stripes\" style=\"font-size:21px\"><table><tbody><tr><td><span class=\"jinr-d--font-size d--fontsize-15px\"><strong>2026 F1 Visum <\/strong><\/span><\/td><td><strong><span class=\"jinr-d--font-size d--fontsize-15px\"><strong>Studiengeb\u00fchren<\/strong><\/span><\/strong><br\/>(inklusive Steuer)<\/td><td><strong>Mit Initial<\/strong><br\/>(inkl. MwSt.)<\/td><\/tr><tr><td><span class=\"jinr-d--font-size d--fontsize-15px\">8 Wochen (etwa 2 Monate)<\/span><\/td><td><span class=\"jinr-d--font-size d--fontsize-15px\">2.313 $<\/span><\/td><td><span class=\"jinr-d--font-size d--fontsize-15px\">2.548 $<\/span><\/td><\/tr><tr><td><span class=\"jinr-d--font-size d--fontsize-15px\">16 Wochen (etwa 4 Monate)<\/span><\/td><td><span class=\"jinr-d--font-size d--fontsize-15px\">4.054 $<\/span><\/td><td><span class=\"jinr-d--font-size d--fontsize-15px\">4.289 $<\/span><\/td><\/tr><tr><td><span class=\"jinr-d--font-size d--fontsize-15px\">24 Wochen (etwa ein halbes Jahr)<\/span><\/td><td><span class=\"jinr-d--font-size d--fontsize-15px\">5.561 $<\/span><\/td><td><span class=\"jinr-d--font-size d--fontsize-15px\">5.796 $<\/span><\/td><\/tr><tr><td><span class=\"jinr-d--font-size d--fontsize-15px\">48 Wochen (etwa 1 Jahr)<\/span><\/td><td><span class=\"jinr-d--font-size d--fontsize-15px\">$8,759<\/span><\/td><td><span class=\"jinr-d--font-size d--fontsize-15px\">$8,994<\/span><\/td><\/tr><\/tbody><\/table><figcaption class=\"wp-element-caption\">eine nicht erstattungsf\u00e4hige Anmeldegeb\u00fchr von $100 und eine Technologiegeb\u00fchr von $135 f\u00fcr New student.<\/figcaption><\/figure>\n<\/div>\n<\/div>\n\n<p><strong>PDF-Download<\/strong>: <a href=\"https:\/\/www.academiaschool.edu\/wp-content\/uploads\/2025\/12\/I-20_Academia-Price-List_2026-4.pdf\">I-20 Preisliste 2026 Academia<\/a><\/p>\n\n<p>Studenten, die mit einem F-1 Visum studieren, m\u00fcssen mindestens 20 Stunden pro Woche am Unterricht teilnehmen. Die oben genannten Geb\u00fchren erf\u00fcllen die I-20 Anforderungen, die f\u00fcr das F-1 Visum erforderlich sind.<\/p>\n\n<p>Die Mindestaufenthaltsdauer f\u00fcr ein F-1 Visum betr\u00e4gt 8 Wochen. Je nach L\u00e4nge des Zeitraums von 8 bis 48 Wochen gelten erm\u00e4\u00dfigte Tarife.<\/p>\n\n<p>F\u00fcr Zeitr\u00e4ume von 8 bis 48 Wochen gibt es einen Wochentarif. Auf der folgenden Seite finden Sie weitere Einzelheiten.<\/p>\n<section class=\"b--jinr-block b--jinr-blogcard d--blogcard-hover-up d--blogcard-style1 d--blogcard-mysite t--round \"><div class=\"a--blogcard-label ef\">Related Page<\/div><a class=\"o--blogcard-link t--round\" href=\"https:\/\/www.academiaschool.edu\/fee\/new-student\/\"><div class=\"c--blogcard-image\"><img loading=\"lazy\" decoding=\"async\" class=\"a--blogcard-img-src\" width=\"128\" height=\"72\" src=\"https:\/\/www.academiaschool.edu\/wp-content\/uploads\/2025\/02\/\u540d\u79f0\u672a\u8a2d\u5b9a\u306e\u30c7\u30b6\u30a4\u30f3-7.png\" alt=\"Tuition for New Students with F-1 Visas\" \/><\/div><div class=\"a--blogcard-title d--bold\">Tuition for New Students with F-1 Visas<\/div><\/a><\/section>\n<h2 class=\"wp-block-heading jinr-heading d--bold\"><strong>2. Nicht-Studentenvisum (ESTA, e-Visum, etc.) Studiengeb\u00fchren<\/strong><\/h2>\n\n<p><strong>W\u00f6chentliche Preisliste f\u00fcr Studenten ohne Studentenvisum<\/strong><\/p>\n\n<figure class=\"wp-block-table is-style-stripes\" style=\"font-size:21px\"><table><tbody><tr><td><span class=\"jinr-d--font-size d--fontsize-15px\"><strong><span class=\"jinr-d--font-size d--fontsize-15px\"><strong>2026 Non-F1 Visum<\/strong><\/span><\/strong><\/span><\/td><td><strong><strong><span class=\"jinr-d--font-size d--fontsize-15px\"><strong>Studiengeb\u00fchren <\/strong><\/span><\/strong><\/strong><br\/>(inklusive Steuer)<\/td><td><strong>Mit Initial<\/strong><br\/>(inkl. MwSt.)<\/td><\/tr><tr><td><span class=\"jinr-d--font-size d--fontsize-15px\">1 Woche<\/span><\/td><td><span class=\"jinr-d--font-size d--fontsize-15px\">279 $<\/span><\/td><td><span class=\"jinr-d--font-size d--fontsize-15px\">379 $<\/span><\/td><\/tr><tr><td><span class=\"jinr-d--font-size d--fontsize-15px\">2 Wochen<\/span><\/td><td><span class=\"jinr-d--font-size d--fontsize-15px\">574 $<\/span><\/td><td><span class=\"jinr-d--font-size d--fontsize-15px\">674 $<\/span><\/td><\/tr><tr><td><span class=\"jinr-d--font-size d--fontsize-15px\">3 Wochen<\/span><\/td><td><span class=\"jinr-d--font-size d--fontsize-15px\">783 $<\/span><\/td><td><span class=\"jinr-d--font-size d--fontsize-15px\">883 $<\/span><\/td><\/tr><tr><td><span class=\"jinr-d--font-size d--fontsize-15px\">4 Wochen<\/span><\/td><td><span class=\"jinr-d--font-size d--fontsize-15px\">999 $<\/span><\/td><td><span class=\"jinr-d--font-size d--fontsize-15px\">1.099 $<\/span><\/td><\/tr><tr><td><span class=\"jinr-d--font-size d--fontsize-15px\">8 Wochen (etwa 2 Monate)<\/span><\/td><td><span class=\"jinr-d--font-size d--fontsize-15px\">1.906 $<\/span><\/td><td>2.006 $<\/td><\/tr><tr><td><span class=\"jinr-d--font-size d--fontsize-15px\">12 Wochen (etwa 3 Monate)<\/span><\/td><td><span class=\"jinr-d--font-size d--fontsize-15px\">2.622 $<\/span><\/td><td>2.722 $<\/td><\/tr><tr><td><span class=\"jinr-d--font-size d--fontsize-15px\">16 Wochen (etwa 4 Monate)<\/span><\/td><td><span class=\"jinr-d--font-size d--fontsize-15px\">3.340 $<\/span><\/td><td>3.440 $<\/td><\/tr><tr><td><span class=\"jinr-d--font-size d--fontsize-15px\">24 Wochen (etwa ein halbes Jahr)<\/span><\/td><td><span class=\"jinr-d--font-size d--fontsize-15px\">4.520 $<\/span><\/td><td>4.620 $<\/td><\/tr><tr><td><span class=\"jinr-d--font-size d--fontsize-15px\">48 Wochen (etwa 1 Jahr)<\/span><\/td><td><span class=\"jinr-d--font-size d--fontsize-15px\">7.614 $<\/span><\/td><td>7.714 $<\/td><\/tr><\/tbody><\/table><figcaption class=\"wp-element-caption\">eine nicht erstattungsf\u00e4hige Anmeldegeb\u00fchr von $100 f\u00fcr New student.<\/figcaption><\/figure>\n\n<p>Mehr Details: <a href=\"https:\/\/www.academiaschool.edu\/wp-content\/uploads\/2025\/12\/Non-I-20_Academia-Price-List_2026.pdf\">Non I-20 Preisliste 2026 Academia<\/a><\/p>\n\n<p>Zu den Nicht-Studentenvisa geh\u00f6ren ESTA (Visa Waiver Program), B2 (Touristenvisum), E-Visum (Investoren-\/Gesch\u00e4ftsvisum) und Begleitvisa. Inhaber dieses Visums k\u00f6nnen bis zu 18 Stunden pro Woche studieren.<\/p>\n<section class=\"b--jinr-block b--jinr-blogcard d--blogcard-hover-up d--blogcard-style1 d--blogcard-mysite t--round \"><div class=\"a--blogcard-label ef\">Related Page<\/div><a class=\"o--blogcard-link t--round\" href=\"https:\/\/www.academiaschool.edu\/fee\/non-f-1-student\/\"><div class=\"c--blogcard-image\"><img loading=\"lazy\" decoding=\"async\" class=\"a--blogcard-img-src\" width=\"128\" height=\"72\" src=\"https:\/\/www.academiaschool.edu\/wp-content\/uploads\/2025\/02\/\u540d\u79f0\u672a\u8a2d\u5b9a\u306e\u30c7\u30b6\u30a4\u30f3-7.png\" alt=\"Tuition for Non-student Visa Holders (ESTA, e-Visa, etc.)\" \/><\/div><div class=\"a--blogcard-title d--bold\">Tuition for Non-student Visa Holders (ESTA, e-Visa, etc.)<\/div><\/a><\/section>\n<h2 class=\"wp-block-heading jinr-heading d--bold\"><strong>3. Kama&#8217;aina (U.S. Staatsb\u00fcrger oder Green Card Inhaber) Studiengeb\u00fchren<\/strong><\/h2>\n\n<p><strong>W\u00f6chentliche Preisliste f\u00fcr Kama&#8217;aina Studenten<\/strong><\/p>\n\n<figure class=\"wp-block-table is-style-stripes\"><table><tbody><tr><td><strong><span class=\"jinr-d--font-size d--fontsize-15px\"><strong>2026 <\/strong>Kama&#8217;aina<\/span><\/strong><\/td><td><strong>10 Stunden\/Woche<\/strong><br\/>(inkl. MwSt.)<\/td><td><strong><strong>15 Stunden\/pro Woche<\/strong><\/strong><br\/>(inklusive Steuern)<\/td><td><strong><strong>20 Stunden\/pro Woche<\/strong><\/strong><br\/>(inklusive Steuern)<\/td><\/tr><tr><td><span class=\"jinr-d--font-size d--fontsize-15px\">1 Woche<\/span><\/td><td><span class=\"jinr-d--font-size d--fontsize-15px\">168 $<\/span><\/td><td><span class=\"jinr-d--font-size d--fontsize-15px\">251 $<\/span><\/td><td><span class=\"jinr-d--font-size d--fontsize-15px\">335 $<\/span><\/td><\/tr><tr><td><span class=\"jinr-d--font-size d--fontsize-15px\">8 Wochen<\/span><\/td><td><span class=\"jinr-d--font-size d--fontsize-15px\">$1,050<\/span><\/td><td><span class=\"jinr-d--font-size d--fontsize-15px\">$1,575<\/span><\/td><td><span class=\"jinr-d--font-size d--fontsize-15px\">$2,100<\/span><\/td><\/tr><tr><td><span class=\"jinr-d--font-size d--fontsize-15px\">16 Wochen<\/span><\/td><td><span class=\"jinr-d--font-size d--fontsize-15px\">$1,914<\/span><\/td><td><span class=\"jinr-d--font-size d--fontsize-15px\">$2,870<\/span><\/td><td><span class=\"jinr-d--font-size d--fontsize-15px\">$3,827<\/span><\/td><\/tr><tr><td><span class=\"jinr-d--font-size d--fontsize-15px\">24 Wochen<\/span><\/td><td><span class=\"jinr-d--font-size d--fontsize-15px\">$2,590<\/span><\/td><td><span class=\"jinr-d--font-size d--fontsize-15px\">$3,884<\/span><\/td><td><span class=\"jinr-d--font-size d--fontsize-15px\">$5,179<\/span><\/td><\/tr><\/tbody><\/table><figcaption class=\"wp-element-caption\">eine nicht erstattungsf\u00e4hige Anmeldegeb\u00fchr von $100 f\u00fcr New student.<\/figcaption><\/figure>\n\n<p>Mehr Details: <a href=\"https:\/\/www.academiaschool.edu\/wp-content\/uploads\/2025\/12\/Kamaaina_Academia-Price-List_2026.pdf\">Kama&#8217;aina Preisliste 2026 Academia<\/a><\/p>\n\n<p>Die Preise verstehen sich zuz\u00fcglich einer einmaligen, nicht erstattungsf\u00e4higen Anmeldegeb\u00fchr von $100. Alle Preise verstehen sich inklusive Steuern. <\/p>\n\n<p>Einheimische, die Englisch lernen m\u00f6chten, haben Anspruch auf die Kama&#8217;aina-Tarife. Um sich zu qualifizieren, m\u00fcssen Studenten einen Lichtbildausweis mit einer lokalen Adresse vorlegen, US-B\u00fcrger sein, eine Green Card besitzen oder ein K-1 Visum haben.<\/p>\n<section class=\"b--jinr-block b--jinr-blogcard d--blogcard-hover-up d--blogcard-style1 d--blogcard-mysite t--round \"><div class=\"a--blogcard-label ef\">Related Page<\/div><a class=\"o--blogcard-link t--round\" href=\"https:\/\/www.academiaschool.edu\/fee\/kamaaina\/\"><div class=\"c--blogcard-image\"><img loading=\"lazy\" decoding=\"async\" class=\"a--blogcard-img-src\" width=\"128\" height=\"72\" src=\"https:\/\/www.academiaschool.edu\/wp-content\/uploads\/2025\/02\/\u540d\u79f0\u672a\u8a2d\u5b9a\u306e\u30c7\u30b6\u30a4\u30f3-7.png\" alt=\"Tuition for Kama&#8217;aina (U.S. Citizens or Green Card Holders)\" \/><\/div><div class=\"a--blogcard-title d--bold\">Tuition for Kama&#8217;aina (U.S. Citizens or Green Card Holders)<\/div><\/a><\/section>\n<h2 class=\"wp-block-heading jinr-heading d--bold\"><strong>4. Derzeitige ALS-Studenten &amp; Studentenvisum (F-1 Visum) Studiengeb\u00fchren<\/strong><\/h2>\n\n<p><strong>W\u00f6chentliche Preisliste f\u00fcr ALS Studenten mit F-1 Visum<\/strong><\/p>\n\n<figure class=\"wp-block-table is-style-stripes\" style=\"font-size:21px\"><table><tbody><tr><td><span class=\"jinr-d--font-size d--fontsize-15px\"><strong>2026 F1 Visum <\/strong><\/span><\/td><td><strong><span class=\"jinr-d--font-size d--fontsize-15px\"><strong>Studiengeb\u00fchren<\/strong><\/span><\/strong><br\/>(inklusive Steuer)<\/td><\/tr><tr><td><span class=\"jinr-d--font-size d--fontsize-15px\">8 Wochen (etwa 2 Monate)<\/span><\/td><td><span class=\"jinr-d--font-size d--fontsize-15px\">2.313 $<\/span><\/td><\/tr><tr><td><span class=\"jinr-d--font-size d--fontsize-15px\">16 Wochen (etwa 4 Monate)<\/span><\/td><td><span class=\"jinr-d--font-size d--fontsize-15px\">4.054 $<\/span><\/td><\/tr><tr><td><span class=\"jinr-d--font-size d--fontsize-15px\">24 Wochen (etwa ein halbes Jahr)<\/span><\/td><td><span class=\"jinr-d--font-size d--fontsize-15px\">5.561 $<\/span><\/td><\/tr><tr><td><span class=\"jinr-d--font-size d--fontsize-15px\">48 Wochen (etwa 1 Jahr)<\/span><\/td><td><span class=\"jinr-d--font-size d--fontsize-15px\">$8,759<\/span><\/td><\/tr><\/tbody><\/table><figcaption class=\"wp-element-caption\">Es fallen keine anf\u00e4nglichen Kosten an, wenn Sie der aktuelle ALS-Student sind.<\/figcaption><\/figure>\n\n<p>Mehr Details: <a href=\"https:\/\/www.academiaschool.edu\/wp-content\/uploads\/2025\/12\/I-20_Academia-Price-List_2026-4.pdf\">I-20 Preisliste 2026 Academia<\/a><\/p>\n\n<p>Zus\u00e4tzliche Einschreibefristen f\u00fcr aktuelle Studenten k\u00f6nnen w\u00f6chentlich verl\u00e4ngert werden. Auf der folgenden Seite finden Sie die Wochentarife f\u00fcr Zeitr\u00e4ume von 1 bis 48 Wochen.<\/p>\n<section class=\"b--jinr-block b--jinr-blogcard d--blogcard-hover-up d--blogcard-style1 d--blogcard-mysite t--round \"><div class=\"a--blogcard-label ef\">Related Page<\/div><a class=\"o--blogcard-link t--round\" href=\"https:\/\/www.academiaschool.edu\/fee\/current-student\/\"><div class=\"c--blogcard-image\"><img loading=\"lazy\" decoding=\"async\" class=\"a--blogcard-img-src\" width=\"128\" height=\"72\" src=\"https:\/\/www.academiaschool.edu\/wp-content\/uploads\/2025\/02\/\u540d\u79f0\u672a\u8a2d\u5b9a\u306e\u30c7\u30b6\u30a4\u30f3-7.png\" alt=\"Tuition for Current Students &amp; Student Visa (F-1 Visa) Holders\" \/><\/div><div class=\"a--blogcard-title d--bold\">Tuition for Current Students &amp; Student Visa (F-1 Visa) Holders<\/div><\/a><\/section>\n<h2 class=\"wp-block-heading jinr-heading d--bold\"><strong>5. Academia Aloha Camp<\/strong><\/h2>\n\n<figure class=\"wp-block-image size-full\"><img loading=\"lazy\" decoding=\"async\" width=\"1024\" height=\"265\" src=\"https:\/\/www.academiaschool.edu\/wp-content\/uploads\/2025\/12\/image.png\" alt=\"\" class=\"wp-image-8876\" srcset=\"https:\/\/www.academiaschool.edu\/wp-content\/uploads\/2025\/12\/image.png 1024w, https:\/\/www.academiaschool.edu\/wp-content\/uploads\/2025\/12\/image-300x78.png 300w, https:\/\/www.academiaschool.edu\/wp-content\/uploads\/2025\/12\/image-768x199.png 768w\" sizes=\"auto, (max-width: 1024px) 100vw, 1024px\" \/><\/figure>\n\n<p>Das Kinderprogramm ist f\u00fcr Kinder im Alter von 6 bis 12 Jahren (Vorschule, Grundschule) konzipiert und das Juniorprogramm ist f\u00fcr Mittelsch\u00fcler im Alter von 13 bis 18 Jahren. Juniorprogramm, das ein st\u00e4rker akademisch ausgerichtetes Lernen anstrebt, wird empfohlen, sich in unseren allgemeinen Erwachsenenkursen anzumelden. <\/p>\n<section class=\"b--jinr-block b--jinr-blogcard d--blogcard-hover-up d--blogcard-style1 d--blogcard-mysite t--round \"><div class=\"a--blogcard-label ef\">Related Pages<\/div><a class=\"o--blogcard-link t--round\" href=\"https:\/\/www.academiaschool.edu\/academia-aloha-camp\/\"><div class=\"c--blogcard-image\"><img loading=\"lazy\" decoding=\"async\" class=\"a--blogcard-img-src\" width=\"128\" height=\"72\" src=\"https:\/\/www.academiaschool.edu\/wp-content\/uploads\/2025\/02\/\u540d\u79f0\u672a\u8a2d\u5b9a\u306e\u30c7\u30b6\u30a4\u30f3-7.png\" alt=\"Geb\u00fchren\" \/><\/div><div class=\"a--blogcard-title d--bold\">Geb\u00fchren<\/div><\/a><\/section>\n<h2 class=\"wp-block-heading jinr-heading d--bold\"><strong>6. <strong>Nachmittagsunterrichtsgeb\u00fchren<\/strong> f\u00fcr Transferstudenten mit F-1 Visum<\/strong><\/h2>\n\n<p>Sch\u00fcler, die diesen Plan in Anspruch nehmen, m\u00fcssen nur die Kurse von 12:30 &#8211; 15:00 Uhr und 15:00 &#8211; 17:30 Uhr w\u00e4hlen.<\/p>\n\n<p>Mehr Details: <a href=\"https:\/\/www.academiaschool.edu\/wp-content\/uploads\/2025\/12\/Afternoon_Academia-Price-List_2026.pdf\">Nachmittagskurs Preisliste 2026 Academia<\/a><\/p>\n\n<p>Nur Transferstudenten und Studenten, die sich f\u00fcr diese Kurse entscheiden, haben Anspruch auf diese Studiengeb\u00fchren.<\/p>\n<section class=\"b--jinr-block b--jinr-blogcard d--blogcard-hover-up d--blogcard-style1 d--blogcard-mysite t--round \"><div class=\"a--blogcard-label ef\">Related Page<\/div><a class=\"o--blogcard-link t--round\" href=\"https:\/\/www.academiaschool.edu\/fee\/afternoon-course\/\"><div class=\"c--blogcard-image\"><img loading=\"lazy\" decoding=\"async\" class=\"a--blogcard-img-src\" width=\"128\" height=\"72\" src=\"https:\/\/www.academiaschool.edu\/wp-content\/uploads\/2025\/02\/\u540d\u79f0\u672a\u8a2d\u5b9a\u306e\u30c7\u30b6\u30a4\u30f3-7.png\" alt=\"Afternoon-Only Classes For Transfer And Current Students\" \/><\/div><div class=\"a--blogcard-title d--bold\">Afternoon-Only Classes For Transfer And Current Students<\/div><\/a><\/section>\n<h2 class=\"wp-block-heading jinr-heading d--bold\"><strong>Geb\u00fchren f\u00fcr die Unterkunft<\/strong><\/h2>\n\n<p>Academia bietet kosteng\u00fcnstige Unterk\u00fcnfte in Gehweite der Schule. Wir decken ein breites Spektrum an Bed\u00fcrfnissen ab, von Kurzzeitstudenten, die 1-2 Wochen bleiben, bis hin zu denen, die l\u00e4nger als ein Jahr studieren, sowie diejenigen, die nach ihrer Ankunft eine Unterkunft auf Hawaii finden m\u00f6chten.<\/p>\n<section class=\"b--jinr-block b--jinr-blogcard d--blogcard-hover-up d--blogcard-style1 d--blogcard-mysite t--round \"><div class=\"a--blogcard-label ef\">Related Page<\/div><a class=\"o--blogcard-link t--round\" href=\"https:\/\/www.academiaschool.edu\/fee\/housing\/\"><div class=\"c--blogcard-image\"><img loading=\"lazy\" decoding=\"async\" class=\"a--blogcard-img-src\" width=\"128\" height=\"72\" src=\"https:\/\/www.academiaschool.edu\/wp-content\/uploads\/2025\/02\/\u540d\u79f0\u672a\u8a2d\u5b9a\u306e\u30c7\u30b6\u30a4\u30f3-7.png\" alt=\"Accommodation Fees\" \/><\/div><div class=\"a--blogcard-title d--bold\">Accommodation Fees<\/div><\/a><\/section>","protected":false},"excerpt":{"rendered":"<p>Sechs Kategorien von Studiengeb\u00fchren Bei Academia Language School variieren die Geb\u00fchren nach den folgenden sechs Kategorien: Der Unterschied zwischen Kategorie 1, neue Studenten, und Kategorie 4, derzeitige ALS-Studenten, liegt in den &#8222;Anfangskosten&#8220; und der &#8222;Mindesteinschreibungsdauer&#8220;, obwohl die Studiengeb\u00fchren gleich sind. 1. Neue Studenten (einschlie\u00dflich Transfers) &amp; Studentenvisum (F-1 Visum) Studiengeb\u00fchren W\u00f6chentliche Preisliste f\u00fcr Studenten mit [&hellip;]<\/p>\n","protected":false},"author":1,"featured_media":0,"parent":0,"menu_order":0,"comment_status":"closed","ping_status":"closed","template":"","meta":{"_jinr_url_youtube":"","_jinr_pip_youtube":false,"_jinr_time_youtube":"","_jinr_thumb_youtube":"","_jinr_media_youtube":"","_jinr_category_edit":false,"_jinr_category":"","_jinr_title_display":true,"_jinr_snsbutton_display":false,"_jinr_ads_display":false,"_jinr_thumbnail_display":false,"_jinr_profile_display":false,"_jinr_representations_display":false,"_jinr_relatedpost_display":false,"_jinr_sidebar1col_display":false,"_jinr_sidebar2col_display":false,"_jinr_seotitle_display":"","_jinr_description_display":"","_jinr_keyword_display":"","_jinr_hastag_display":"","_jinr_canonical_display":"","_jinr_noindex_display":false,"_jinr_paidpost":false,"_jinr_paidpost_product_id":"","_jinr_headtag_article":"","footnotes":""},"class_list":["post-4911","page","type-page","status-publish","hentry"],"_links":{"self":[{"href":"https:\/\/www.academiaschool.edu\/de\/wp-json\/wp\/v2\/pages\/4911","targetHints":{"allow":["GET"]}}],"collection":[{"href":"https:\/\/www.academiaschool.edu\/de\/wp-json\/wp\/v2\/pages"}],"about":[{"href":"https:\/\/www.academiaschool.edu\/de\/wp-json\/wp\/v2\/types\/page"}],"author":[{"embeddable":true,"href":"https:\/\/www.academiaschool.edu\/de\/wp-json\/wp\/v2\/users\/1"}],"replies":[{"embeddable":true,"href":"https:\/\/www.academiaschool.edu\/de\/wp-json\/wp\/v2\/comments?post=4911"}],"version-history":[{"count":9,"href":"https:\/\/www.academiaschool.edu\/de\/wp-json\/wp\/v2\/pages\/4911\/revisions"}],"predecessor-version":[{"id":9012,"href":"https:\/\/www.academiaschool.edu\/de\/wp-json\/wp\/v2\/pages\/4911\/revisions\/9012"}],"wp:attachment":[{"href":"https:\/\/www.academiaschool.edu\/de\/wp-json\/wp\/v2\/media?parent=4911"}],"curies":[{"name":"wp","href":"https:\/\/api.w.org\/{rel}","templated":true}]}}