{"id":4899,"date":"2024-03-21T12:45:20","date_gmt":"2024-03-21T22:45:20","guid":{"rendered":"https:\/\/academia-school.net\/anwendung\/erstattungspolitik\/"},"modified":"2024-05-09T13:27:33","modified_gmt":"2024-05-09T23:27:33","slug":"erstattungspolitik","status":"publish","type":"page","link":"https:\/\/www.academiaschool.edu\/de\/anwendung\/erstattungspolitik\/","title":{"rendered":"Erstattungspolitik"},"content":{"rendered":"\n<section class=\"wp-block-jinr-blocks-fullwidth b--jinr-block b--jinr-fullwidth-container d--top-margin-xs-pc d--bottom-margin-xs-pc d--top-margin-xs-sp d--bottom-margin-xs-sp \"><section class=\"b--jinr-fullwidth d--fullwidth-parallax-off d--fullwidth-deco-bgimage\"><div class=\"a--jinr-fullwidth-image\"><div class=\"a--jinr-fullwidth-image-clip\"><img decoding=\"async\" src=\"https:\/\/www.academiaschool.edu\/wp-content\/uploads\/2024\/03\/\u30b9\u30af\u30ea\u30fc\u30f3\u30b7\u30e7\u30c3\u30c8-2024-03-26-\u5348\u5f8c7.45.56.webp\"\/><\/div><\/div><div class=\"a--jinr-fullwidth-overlay\" style=\"background-color:#222222;opacity:0.25\"><\/div><div class=\"d--fullwidth-100 d--fullwidth-pad40 d--fullwidth-pad0-sp t--main-width\" style=\"color:false\">\n<p class=\"has-text-align-center has-white-color has-text-color has-link-color wp-elements-2991382e27def8c95d064bc740a02e5e\"><span class=\"jinr-d--font-size d--fontsize-36px\"><strong><strong>Erstattungspolitik<\/strong><\/strong><\/span><\/p>\n<\/div><\/section><\/section>\n\n<h2 class=\"wp-block-heading jinr-heading d--bold\"><strong>Erstattungspolitik<\/strong><\/h2>\n\n<p>Erstattungen f\u00fcr Transaktionen, die per Bargeld oder Scheck get\u00e4tigt wurden, werden per Scheck abgewickelt. Per Kreditkarte get\u00e4tigte Transaktionen werden auf dieselbe Kreditkarte zur\u00fcckerstattet, die f\u00fcr die Transaktion verwendet wurde. Wenn eine R\u00fcckerstattung aufgrund der R\u00fcckerstattungsfrist des verarbeitenden Unternehmens nicht auf dieselbe Kreditkarte erfolgen kann, wird die R\u00fcckerstattung per Scheck vorgenommen. Alle R\u00fcckerstattungen werden innerhalb von 30 Tagen nach der Best\u00e4tigung des R\u00fcckerstattungsantrags vorgenommen.<\/p>\n\n<h3 class=\"wp-block-heading jinr-heading d--bold\">Dauer der Einschreibung &#8211; 8 Wochen oder mehr<\/h3>\n\n<figure class=\"wp-block-table\"><table><tbody><tr><td>R\u00fccktritt vor Beginn des Unterrichts<\/td><td>Volle R\u00fcckerstattung<\/td><\/tr><tr><td>R\u00fccktritt mehr als 4 Wochen vor Ende<\/td><td>Teilweise Erstattung<\/td><\/tr><tr><td>Entzug innerhalb der letzten 4 Wochen<\/td><td>Keine Erstattung<\/td><\/tr><\/tbody><\/table><figcaption class=\"wp-element-caption\">Die R\u00fcckerstattung erfolgt nach Abzug einer nicht erstattungsf\u00e4higen Anmeldegeb\u00fchr von $125.<\/figcaption><\/figure>\n\n<ul class=\"jinr-list wp-block-list\">\n<li>Die Kosten f\u00fcr B\u00fccher, Audiomaterial und Verbrauchsmaterial werden nicht erstattet.<\/li>\n\n\n\n<li>Eine Sitzung ist 8 Wochen lang; die Mitte einer Sitzung betr\u00e4gt 4 Wochen.<\/li>\n\n\n\n<li>Die R\u00fcckerstattungsbetr\u00e4ge werden berechnet, indem das verbrauchte Schulgeld (basierend auf der Unterrichtsperiode alle 4 Wochen) vom gezahlten Gesamtschulgeld abgezogen wird.<\/li>\n\n\n\n<li>Erstattungen im Zusammenhang mit Werbeaktionen f\u00fcr Studenten: Der R\u00fcckerstattungsbetrag wird berechnet, indem der volle (nicht verkaufsf\u00f6rdernde) Preis des f\u00fcr abgeschlossene Sitzungen verwendeten Unterrichts vom gesamten verkaufsf\u00f6rdernden Unterricht abgezogen wird.<\/li>\n\n\n\n<li>Eine Vorauszahlung des Schulgeldes ist immer m\u00f6glich. Bei einer Stornierung vor Kursbeginn wird der volle Betrag abz\u00fcglich der nicht erstattungsf\u00e4higen Anmeldegeb\u00fchr zur\u00fcckerstattet.<\/li>\n\n\n\n<li>Wenn ein Scheck aus irgendeinem Grund von der Bank zur\u00fcckgegeben wird, wird eine Geb\u00fchr von $25,00 erhoben.<\/li>\n<\/ul>\n\n<h3 class=\"wp-block-heading jinr-heading d--bold\">Dauer der Einschreibung &#8211; weniger als 8 Wochen<\/h3>\n\n<p>Erstattungen f\u00fcr Transaktionen, die per Bargeld oder Scheck get\u00e4tigt wurden, werden per Scheck abgewickelt. Per Kreditkarte get\u00e4tigte Transaktionen werden auf dieselbe Kreditkarte zur\u00fcckerstattet, die f\u00fcr die Transaktion verwendet wurde. Wenn eine R\u00fcckerstattung aufgrund der R\u00fcckerstattungsfrist des verarbeitenden Unternehmens nicht auf dieselbe Kreditkarte erfolgen kann, wird die R\u00fcckerstattung per Scheck vorgenommen. Alle R\u00fcckerstattungen werden innerhalb von 30 Tagen nach der Best\u00e4tigung des R\u00fcckerstattungsantrags vorgenommen.<\/p>\n\n<figure class=\"wp-block-table\"><table><tbody><tr><td>R\u00fccktritt vor Beginn des Unterrichts<\/td><td>Volle R\u00fcckerstattung<\/td><\/tr><tr><td>R\u00fccktritt von einem Kurs von 4 Wochen oder weniger<\/td><td>Keine Erstattung<\/td><\/tr><\/tbody><\/table><figcaption class=\"wp-element-caption\">Die R\u00fcckerstattung erfolgt nach Abzug einer nicht erstattungsf\u00e4higen Anmeldegeb\u00fchr von $125.<\/figcaption><\/figure>\n\n<ul class=\"jinr-list wp-block-list\">\n<li>Die Kosten f\u00fcr B\u00fccher, Audiomaterial und Verbrauchsmaterial werden nicht erstattet.<\/li>\n\n\n\n<li>Bei einem R\u00fccktritt nach den ersten 4 Wochen besteht kein Anspruch auf R\u00fcckerstattung.<\/li>\n\n\n\n<li>Bei einer Anmeldung von 5, 6 oder 7 Wochen wird der R\u00fcckerstattungsbetrag berechnet, indem die f\u00fcr die ersten 4 Wochen gezahlten Geb\u00fchren von den insgesamt gezahlten Geb\u00fchren abgezogen werden.<\/li>\n\n\n\n<li>Wenn ein Scheck aus irgendeinem Grund von der Bank zur\u00fcckgegeben wird, wird eine Geb\u00fchr von $25,00 erhoben.<\/li>\n<\/ul>\n\n<h2 class=\"wp-block-heading jinr-heading d--bold\"><strong>Datenblatt zur Berechnung der Erstattung<\/strong><\/h2>\n\n<p>Unten finden Sie eine Excel-Tabelle zur Berechnung der Erstattungsbetr\u00e4ge.<\/p>\n\n<p><a href=\"https:\/\/www.academiaschool.edu\/wp-content\/uploads\/2024\/03\/2024-Refund-Schedule.xlsx\">Berechnungsblatt f\u00fcr die R\u00fcckerstattung (2024)<\/a><\/p>\n\n<p>Bitte beachten Sie, dass die obige Tabelle keine Erstattungen im Zusammenhang mit Werbeaktionen ber\u00fccksichtigt. Die Berechnungen werden bei der Einf\u00fchrung im Front Office durchgef\u00fchrt. Bitte verwenden Sie es als Referenzwert.<\/p>\n","protected":false},"excerpt":{"rendered":"<p>Erstattungspolitik Erstattungen f\u00fcr Transaktionen, die per Bargeld oder Scheck get\u00e4tigt wurden, werden per Scheck abgewickelt. Per Kreditkarte get\u00e4tigte Transaktionen werden auf dieselbe Kreditkarte zur\u00fcckerstattet, die f\u00fcr die Transaktion verwendet wurde. Wenn eine R\u00fcckerstattung aufgrund der R\u00fcckerstattungsfrist des verarbeitenden Unternehmens nicht auf dieselbe Kreditkarte erfolgen kann, wird die R\u00fcckerstattung per Scheck vorgenommen. Alle R\u00fcckerstattungen werden innerhalb [&hellip;]<\/p>\n","protected":false},"author":1,"featured_media":0,"parent":4883,"menu_order":0,"comment_status":"closed","ping_status":"closed","template":"","meta":{"_jinr_url_youtube":"","_jinr_pip_youtube":false,"_jinr_time_youtube":"","_jinr_thumb_youtube":"","_jinr_media_youtube":"","_jinr_category_edit":false,"_jinr_category":"","_jinr_title_display":true,"_jinr_snsbutton_display":false,"_jinr_ads_display":false,"_jinr_thumbnail_display":false,"_jinr_profile_display":false,"_jinr_representations_display":false,"_jinr_relatedpost_display":false,"_jinr_sidebar1col_display":false,"_jinr_sidebar2col_display":false,"_jinr_seotitle_display":"","_jinr_description_display":"","_jinr_keyword_display":"","_jinr_hastag_display":"","_jinr_canonical_display":"","_jinr_noindex_display":false,"_jinr_paidpost":false,"_jinr_paidpost_product_id":"","_jinr_headtag_article":"","footnotes":""},"class_list":["post-4899","page","type-page","status-publish","hentry"],"_links":{"self":[{"href":"https:\/\/www.academiaschool.edu\/de\/wp-json\/wp\/v2\/pages\/4899","targetHints":{"allow":["GET"]}}],"collection":[{"href":"https:\/\/www.academiaschool.edu\/de\/wp-json\/wp\/v2\/pages"}],"about":[{"href":"https:\/\/www.academiaschool.edu\/de\/wp-json\/wp\/v2\/types\/page"}],"author":[{"embeddable":true,"href":"https:\/\/www.academiaschool.edu\/de\/wp-json\/wp\/v2\/users\/1"}],"replies":[{"embeddable":true,"href":"https:\/\/www.academiaschool.edu\/de\/wp-json\/wp\/v2\/comments?post=4899"}],"version-history":[{"count":4,"href":"https:\/\/www.academiaschool.edu\/de\/wp-json\/wp\/v2\/pages\/4899\/revisions"}],"predecessor-version":[{"id":6152,"href":"https:\/\/www.academiaschool.edu\/de\/wp-json\/wp\/v2\/pages\/4899\/revisions\/6152"}],"up":[{"embeddable":true,"href":"https:\/\/www.academiaschool.edu\/de\/wp-json\/wp\/v2\/pages\/4883"}],"wp:attachment":[{"href":"https:\/\/www.academiaschool.edu\/de\/wp-json\/wp\/v2\/media?parent=4899"}],"curies":[{"name":"wp","href":"https:\/\/api.w.org\/{rel}","templated":true}]}}