{"id":4895,"date":"2024-03-21T12:42:52","date_gmt":"2024-03-21T22:42:52","guid":{"rendered":"https:\/\/academia-school.net\/anwendung\/prozess-von-der-bewerbung-bis-zur-immatrikulation\/"},"modified":"2024-05-09T13:28:02","modified_gmt":"2024-05-09T23:28:02","slug":"prozess-von-der-bewerbung-bis-zur-immatrikulation","status":"publish","type":"page","link":"https:\/\/www.academiaschool.edu\/de\/anwendung\/prozess-von-der-bewerbung-bis-zur-immatrikulation\/","title":{"rendered":"Prozess von der Bewerbung bis zur Immatrikulation"},"content":{"rendered":"\n<section class=\"wp-block-jinr-blocks-fullwidth b--jinr-block b--jinr-fullwidth-container d--top-margin-xs-pc d--bottom-margin-xs-pc d--top-margin-xs-sp d--bottom-margin-xs-sp \"><section class=\"b--jinr-fullwidth d--fullwidth-parallax-off d--fullwidth-deco-bgimage\"><div class=\"a--jinr-fullwidth-image\"><div class=\"a--jinr-fullwidth-image-clip\"><img decoding=\"async\" src=\"https:\/\/www.academiaschool.edu\/wp-content\/uploads\/2024\/03\/\u30b9\u30af\u30ea\u30fc\u30f3\u30b7\u30e7\u30c3\u30c8-2024-03-26-\u5348\u5f8c7.45.56.webp\"\/><\/div><\/div><div class=\"a--jinr-fullwidth-overlay\" style=\"background-color:#222222;opacity:0.25\"><\/div><div class=\"d--fullwidth-100 d--fullwidth-pad40 d--fullwidth-pad0-sp t--main-width\" style=\"color:false\">\n<p class=\"has-text-align-center has-white-color has-text-color has-link-color wp-elements-cfc724028f55f9776763542dba3d8400\"><span class=\"jinr-d--font-size d--fontsize-36px\"><strong><span class=\"jinr-d--font-size d--fontsize-36px\"><strong>Prozess von der Bewerbung bis zur Immatrikulation<\/strong><\/span><\/strong><\/span><\/p>\n<\/div><\/section><\/section>\n\n\n\n<h2 class=\"wp-block-heading jinr-heading d--bold\"><span class=\"jinr-d--font-size d--fontsize-36px\"><strong>Prozess von der Bewerbung bis zur Immatrikulation<\/strong><\/span><\/h2>\n\n\n\n<section class=\"wp-block-jinr-blocks-timeline b--jinr-block b--jinr-timeline d--timeline-type-text d--timeline-design1 d--timeline-step-default\n\t\t\td--timeline-img-shadow js--scr-animation\"><div class=\"o--timeline-list\">\n<div class=\"wp-block-jinr-blocks-timelinechild c--timeline-item\"><div class=\"c--timeline-heading\"><div class=\"a--timeline-step ef\"><span class=\"a--timeline-step-text\"><\/span><\/div><div class=\"a--timeline-label d--bold\">Scheduling the Preliminary Test Before Enrollment<\/div><\/div><div class=\"c--timeline-contents\"><div class=\"a--timeline-text\">\n<p>Sie werden den Einstufungstest am Freitag der Woche vor der Einschreibung oder am Freitag zwei Wochen davor ablegen. Das Front Office wird sich mit Ihnen in Verbindung setzen, um den Testplan zu best\u00e4tigen. Der Test kann vollst\u00e4ndig online absolviert werden, aber Sie haben auch die M\u00f6glichkeit, ihn in der Schule abzulegen.<\/p>\n<\/div><\/div><\/div>\n\n\n\n<div class=\"wp-block-jinr-blocks-timelinechild c--timeline-item\"><div class=\"c--timeline-heading\"><div class=\"a--timeline-step ef\"><span class=\"a--timeline-step-text\"><\/span><\/div><div class=\"a--timeline-label d--bold\">Test Day: Grammar Test<\/div><\/div><div class=\"c--timeline-contents\"><div class=\"a--timeline-text\">\n<p>Sie werden den Grammatiktest online absolvieren, der Ihnen per E-Mail zugesandt wird.<\/p>\n<\/div><\/div><\/div>\n\n\n\n<div class=\"wp-block-jinr-blocks-timelinechild c--timeline-item\"><div class=\"c--timeline-heading\"><div class=\"a--timeline-step ef\"><span class=\"a--timeline-step-text\"><\/span><\/div><div class=\"a--timeline-label d--bold\">Enrollment Orientation (For F Visa Holders Only)<\/div><\/div><div class=\"c--timeline-contents\"><div class=\"a--timeline-text\">\n<p>Wir f\u00fchren eine Online-Orientierung f\u00fcr die Immatrikulation durch, in der vor allem die Regeln f\u00fcr die Anwesenheit und die Noten besprochen werden, die notwendig sind, um Ihr I-20 zu erhalten. Diese Orientierung kann vor oder nach dem Grammatiktest stattfinden.<\/p>\n<\/div><\/div><\/div>\n\n\n\n<div class=\"wp-block-jinr-blocks-timelinechild c--timeline-item\"><div class=\"c--timeline-heading\"><div class=\"a--timeline-step ef\"><span class=\"a--timeline-step-text\"><\/span><\/div><div class=\"a--timeline-label d--bold\">Test Day: Conversation Test<\/div><\/div><div class=\"c--timeline-contents\"><div class=\"a--timeline-text\">\n<p>Sie kommunizieren online auf Englisch mit einem Lehrer. Der Konversationstest kann auch pers\u00f6nlich in der Schule durchgef\u00fchrt werden.<\/p>\n<\/div><\/div><\/div>\n\n\n\n<div class=\"wp-block-jinr-blocks-timelinechild c--timeline-item\"><div class=\"c--timeline-heading\"><div class=\"a--timeline-step ef\"><span class=\"a--timeline-step-text\"><\/span><\/div><div class=\"a--timeline-label d--bold\"><strong>Test Day: Class Assignment<\/strong><\/div><\/div><div class=\"c--timeline-contents\"><div class=\"a--timeline-text\">\n<p>Nach dem Konversationstest haben Sie sofort ein Gespr\u00e4ch \u00fcber die Klassenzuweisung. Auf der Grundlage Ihres Grammatikverst\u00e4ndnisses und Ihres Konversationsniveaus schlagen wir Ihnen den Kurs vor, der am besten zu Ihnen passt.<\/p>\n<\/div><\/div><\/div>\n\n\n\n<div class=\"wp-block-jinr-blocks-timelinechild c--timeline-item\"><div class=\"c--timeline-heading\"><div class=\"a--timeline-step ef\"><span class=\"a--timeline-step-text\"><\/span><\/div><div class=\"a--timeline-label d--bold\"><strong>Enrollment Day<\/strong><\/div><\/div><div class=\"c--timeline-contents\"><div class=\"a--timeline-text\">\n<p>Am Tag der Einschreibung nehmen Sie bitte an der Klasse teil, die bei der Klassenzuteilung festgelegt wurde. Beachten Sie, dass Sie innerhalb der ersten zwei Wochen nach der Einschreibung den Kurs wechseln k\u00f6nnen.<\/p>\n<\/div><\/div><\/div>\n<\/div><\/section>\n\n\n<section class=\"b--jinr-block b--jinr-blogcard d--blogcard-hover-up d--blogcard-style1 d--blogcard-mysite t--round \"><div class=\"a--blogcard-label ef\">Apply<\/div><a class=\"o--blogcard-link t--round\" href=\"https:\/\/www.academiaschool.edu\/de\/anwendung\/online-bewerbungsformular\/\"><div class=\"c--blogcard-image\"><img loading=\"lazy\" decoding=\"async\" class=\"a--blogcard-img-src\" width=\"128\" height=\"72\" src=\"https:\/\/www.academiaschool.edu\/wp-content\/uploads\/2025\/02\/\u540d\u79f0\u672a\u8a2d\u5b9a\u306e\u30c7\u30b6\u30a4\u30f3-7.png\" alt=\"Online Bewerbungsformular\" \/><\/div><div class=\"a--blogcard-title d--bold\">Online Bewerbungsformular<\/div><\/a><\/section>","protected":false},"excerpt":{"rendered":"<p>Prozess von der Bewerbung bis zur Immatrikulation<\/p>\n","protected":false},"author":1,"featured_media":0,"parent":4883,"menu_order":0,"comment_status":"closed","ping_status":"closed","template":"","meta":{"_jinr_url_youtube":"","_jinr_pip_youtube":false,"_jinr_time_youtube":"","_jinr_thumb_youtube":"","_jinr_media_youtube":"","_jinr_category_edit":false,"_jinr_category":"","_jinr_title_display":true,"_jinr_snsbutton_display":false,"_jinr_ads_display":false,"_jinr_thumbnail_display":false,"_jinr_profile_display":false,"_jinr_representations_display":false,"_jinr_relatedpost_display":false,"_jinr_sidebar1col_display":false,"_jinr_sidebar2col_display":false,"_jinr_seotitle_display":"","_jinr_description_display":"","_jinr_keyword_display":"","_jinr_hastag_display":"","_jinr_canonical_display":"","_jinr_noindex_display":false,"_jinr_paidpost":false,"_jinr_paidpost_product_id":"","_jinr_headtag_article":"","footnotes":""},"class_list":["post-4895","page","type-page","status-publish","hentry"],"_links":{"self":[{"href":"https:\/\/www.academiaschool.edu\/de\/wp-json\/wp\/v2\/pages\/4895","targetHints":{"allow":["GET"]}}],"collection":[{"href":"https:\/\/www.academiaschool.edu\/de\/wp-json\/wp\/v2\/pages"}],"about":[{"href":"https:\/\/www.academiaschool.edu\/de\/wp-json\/wp\/v2\/types\/page"}],"author":[{"embeddable":true,"href":"https:\/\/www.academiaschool.edu\/de\/wp-json\/wp\/v2\/users\/1"}],"replies":[{"embeddable":true,"href":"https:\/\/www.academiaschool.edu\/de\/wp-json\/wp\/v2\/comments?post=4895"}],"version-history":[{"count":6,"href":"https:\/\/www.academiaschool.edu\/de\/wp-json\/wp\/v2\/pages\/4895\/revisions"}],"predecessor-version":[{"id":6169,"href":"https:\/\/www.academiaschool.edu\/de\/wp-json\/wp\/v2\/pages\/4895\/revisions\/6169"}],"up":[{"embeddable":true,"href":"https:\/\/www.academiaschool.edu\/de\/wp-json\/wp\/v2\/pages\/4883"}],"wp:attachment":[{"href":"https:\/\/www.academiaschool.edu\/de\/wp-json\/wp\/v2\/media?parent=4895"}],"curies":[{"name":"wp","href":"https:\/\/api.w.org\/{rel}","templated":true}]}}