{"id":4887,"date":"2024-03-21T12:46:12","date_gmt":"2024-03-21T22:46:12","guid":{"rendered":"https:\/\/academia-school.net\/anwendung\/bewerbungsprozess\/"},"modified":"2024-05-09T13:27:19","modified_gmt":"2024-05-09T23:27:19","slug":"bewerbungsprozess","status":"publish","type":"page","link":"https:\/\/www.academiaschool.edu\/de\/anwendung\/bewerbungsprozess\/","title":{"rendered":"Bewerbungsprozess"},"content":{"rendered":"\n<section class=\"wp-block-jinr-blocks-fullwidth b--jinr-block b--jinr-fullwidth-container d--top-margin-xs-pc d--bottom-margin-xs-pc d--top-margin-xs-sp d--bottom-margin-xs-sp \"><section class=\"b--jinr-fullwidth d--fullwidth-parallax-off d--fullwidth-deco-bgimage\"><div class=\"a--jinr-fullwidth-image\"><div class=\"a--jinr-fullwidth-image-clip\"><img decoding=\"async\" src=\"https:\/\/www.academiaschool.edu\/wp-content\/uploads\/2024\/03\/\u30b9\u30af\u30ea\u30fc\u30f3\u30b7\u30e7\u30c3\u30c8-2024-03-26-\u5348\u5f8c7.45.56.webp\"\/><\/div><\/div><div class=\"a--jinr-fullwidth-overlay\" style=\"background-color:#222222;opacity:0.25\"><\/div><div class=\"d--fullwidth-100 d--fullwidth-pad40 d--fullwidth-pad0-sp t--main-width\" style=\"color:false\">\n<p class=\"has-text-align-center has-white-color has-text-color has-link-color wp-elements-3b786fa378e6732f69229d76d36cd91f\"><span class=\"jinr-d--font-size d--fontsize-36px\"><strong>Bewerbungsprozess<\/strong><\/span><\/p>\n<\/div><\/section><\/section>\n\n\n\n<h2 class=\"wp-block-heading jinr-heading d--bold\">Bewerbungsprozess  <\/h2>\n\n\n\n<section class=\"wp-block-jinr-blocks-timeline b--jinr-block b--jinr-timeline d--timeline-type-text d--timeline-design1 d--timeline-step-default\n\t\t\td--timeline-img-shadow js--scr-animation\"><div class=\"o--timeline-list\">\n<div class=\"wp-block-jinr-blocks-timelinechild c--timeline-item\"><div class=\"c--timeline-heading\"><div class=\"a--timeline-step ef\"><span class=\"a--timeline-step-text\"><\/span><\/div><div class=\"a--timeline-label d--bold\"><strong>Filling Out the Application Form<\/strong><\/div><\/div><div class=\"c--timeline-contents\"><div class=\"a--timeline-text\">\n<p>F\u00fcllen Sie bitte zun\u00e4chst das Antragsformular mit den erforderlichen Informationen aus und schicken Sie Ihren Antrag ab. Je nach Ihrer Situation werden wir Sie mit den erforderlichen Unterlagen kontaktieren. Unsere Schule hat jeden Montag Einschreibungstage, au\u00dfer in der letzten Woche eines jeden Semesters und in der Woche vor der letzten Woche.<\/p>\n\n\n\n<p>Sie k\u00f6nnen sich \u00fcber das <a href=\"https:\/\/form.jotform.com\/241076958498474\">Online-Bewerbungsformular<\/a> oder das <a href=\"https:\/\/www.academiaschool.edu\/wp-content\/uploads\/2024\/04\/Application-Form.pdf\" target=\"_blank\" rel=\"noreferrer noopener\">Bewerbungsformular\uff08PDF\uff09<\/a> bewerben <a href=\"https:\/\/www.academiaschool.edu\/wp-content\/uploads\/2024\/04\/Application-Form.pdf\" target=\"_blank\" rel=\"noreferrer noopener\">.<\/a><br>Die Anmeldung f\u00fcr den Nachmittagskurs ist nur f\u00fcr Transferstudenten online verf\u00fcgbar.<\/p>\n<\/div><\/div><\/div>\n\n\n\n<div class=\"wp-block-jinr-blocks-timelinechild c--timeline-item\"><div class=\"c--timeline-heading\"><div class=\"a--timeline-step ef\"><span class=\"a--timeline-step-text\"><\/span><\/div><div class=\"a--timeline-label d--bold\"><strong>Submission of Required Documents<\/strong><\/div><\/div><div class=\"c--timeline-contents\"><div class=\"a--timeline-text\">\n<p>Nach Erhalt Ihres Antrags werden wir Sie vom Front Office aus bez\u00fcglich der erforderlichen Unterlagen kontaktieren. Wir werden auch diese Dokumente hier auflisten.<\/p>\n\n\n\n<p>F\u00fcllen Sie bitte die erforderlichen Unterlagen aus, wie z.B. einen Antrag auf Abh\u00e4ngigkeit und eine Bankbescheinigung, und reichen Sie diese ein.<\/p>\n\n\n\n<p><strong>F-1(I-20) Studenten (Neu- und Transferstudenten)<\/strong><\/p>\n\n\n\n<ul class=\"jinr-list wp-block-list\">\n<li>1 Kopie des Reisepasses (f\u00fcr jedes Familienmitglied, das in die USA kommt)<\/li>\n\n\n\n<li>2 Kopie der Seite des F-Visums (f\u00fcr jedes Familienmitglied)<\/li>\n\n\n\n<li>3 Finanzbericht: $18.000+ plus weitere $4.500 f\u00fcr jedes Familienmitglied.<\/li>\n\n\n\n<li>4 <a href=\"https:\/\/www.academiaschool.edu\/wp-content\/uploads\/2024\/04\/Verification-of-Status-Request-for-F-1-Student.pdf\" data-type=\"link\" data-id=\"https:\/\/www.academiaschool.edu\/wp-content\/uploads\/2024\/04\/Verification-of-Status-Request-for-F-1-Student.pdf\" target=\"_blank\" rel=\"noreferrer noopener\">Antrag auf \u00dcberpr\u00fcfung des Status f\u00fcr F-1 Studenten<\/a> (f\u00fcr Transferstudenten)<\/li>\n\n\n\n<li>5 <a href=\"https:\/\/www.academiaschool.edu\/wp-content\/uploads\/2024\/04\/Affidavit-of-Financial-Resources-Template.pdf\" data-type=\"link\" data-id=\"https:\/\/www.academiaschool.edu\/wp-content\/uploads\/2024\/04\/Affidavit-of-Financial-Resources-Template.pdf\" target=\"_blank\" rel=\"noreferrer noopener\">Affidavit of Financial Resources Vorlage<\/a> (wenn jemand anderes als der Antragsteller zahlt)<\/li>\n\n\n\n<li>6 <a href=\"https:\/\/www.academiaschool.edu\/wp-content\/uploads\/2024\/04\/Dependent-Form.pdf\" data-type=\"link\" data-id=\"https:\/\/www.academiaschool.edu\/wp-content\/uploads\/2024\/04\/Dependent-Form.pdf\" target=\"_blank\" rel=\"noreferrer noopener\">Formular f\u00fcr Unterhaltsberechtigte<\/a> (wenn Kinder vorhanden sind)<\/li>\n<\/ul>\n\n\n\n<p><strong>Nicht I-20 Kama&#8217;aina Studenten<\/strong><\/p>\n\n\n\n<ul class=\"jinr-list wp-block-list\">\n<li>1 Kopie des Reisepasses<\/li>\n\n\n\n<li>2 Kopie der Visaseite oder Green Card<\/li>\n<\/ul>\n<\/div><\/div><\/div>\n\n\n\n<div class=\"wp-block-jinr-blocks-timelinechild c--timeline-item\"><div class=\"c--timeline-heading\"><div class=\"a--timeline-step ef\"><span class=\"a--timeline-step-text\"><\/span><\/div><div class=\"a--timeline-label d--bold\"><strong>Payment of Enrollment Fee<\/strong><\/div><\/div><div class=\"c--timeline-contents\"><div class=\"a--timeline-text\">\n<p>Zahlungen k\u00f6nnen per Karte, Scheck oder \u00dcberweisung erfolgen. Bitte beachten Sie, dass f\u00fcr Kartenzahlungen eine Geb\u00fchr von 3% erhoben wird.<\/p>\n<\/div><\/div><\/div>\n\n\n\n<div class=\"wp-block-jinr-blocks-timelinechild c--timeline-item\"><div class=\"c--timeline-heading\"><div class=\"a--timeline-step ef\"><span class=\"a--timeline-step-text\"><\/span><\/div><div class=\"a--timeline-label d--bold\"><strong>Issuance of I-20 (For F Visa Only)<\/strong><\/div><\/div><div class=\"c--timeline-contents\"><div class=\"a--timeline-text\">\n<p><strong>Neuer Student<\/strong><\/p>\n\n\n\n<p>Wenn Sie zum ersten Mal ein F-Visum beantragen, senden wir Ihnen das Formular I-20 an Ihre Adresse in Ihrem Heimatland.  <\/p>\n\n\n\n<p><strong>Transfer Student<\/strong><\/p>\n\n\n\n<p>Wenn Sie in Hawai&#8217;i die Schule wechseln, geben wir Ihnen das Formular direkt. Wenn Sie sich nicht auf Hawai&#8217;i befinden, senden wir Ihnen das Dokument per E-Mail zu.  <\/p>\n<\/div><\/div><\/div>\n\n\n\n<div class=\"wp-block-jinr-blocks-timelinechild c--timeline-item\"><div class=\"c--timeline-heading\"><div class=\"a--timeline-step ef\"><span class=\"a--timeline-step-text\"><\/span><\/div><div class=\"a--timeline-label d--bold\"><strong>Submission of Documents and Interview at the U.S. Embassy (For Obtaining a New F Visa)<\/strong><\/div><\/div><div class=\"c--timeline-contents\"><div class=\"a--timeline-text\">\n<p>Bitte beantragen Sie das F-Visum und nehmen Sie an dem Vorstellungsgespr\u00e4ch teil.<\/p>\n<\/div><\/div><\/div>\n\n\n\n<div class=\"wp-block-jinr-blocks-timelinechild c--timeline-item\"><div class=\"c--timeline-heading\"><div class=\"a--timeline-step ef\"><span class=\"a--timeline-step-text\"><\/span><\/div><div class=\"a--timeline-label d--bold\"><strong>Off to Hawaii!<\/strong><\/div><\/div><div class=\"c--timeline-contents\"><div class=\"a--timeline-text\">\n<p>Sie k\u00f6nnen bis zu 30 Tage vor Ihrem geplanten Einschreibetermin in die Vereinigten Staaten einreisen.<\/p>\n<\/div><\/div><\/div>\n<\/div><\/section>\n\n\n\n<p>Wenn Sie Fragen haben, k\u00f6nnen Sie uns gerne kontaktieren.<\/p>\n\n\n<section class='b--jinr-block b--jinr-button   js--scr-animation block_62c7e786-ce01-42fa-863e-d34dc39ca7b8'>\n\t\t\t\t\t<div class=\"o--button-inner d--button-type1 d--button-solid d--button-solid-hover-down d--button-solid-animation-expand d--button-center\"><span class=\"a--button-hover\"><a href=\"https:\/\/www.academiaschool.edu\/inquiry\/\"><span>Contact Us<\/span><\/a><\/span><\/div>\n\t\t\t\t<\/section>","protected":false},"excerpt":{"rendered":"<p>Bewerbungsprozess Wenn Sie Fragen haben, k\u00f6nnen Sie uns gerne kontaktieren.<\/p>\n","protected":false},"author":1,"featured_media":0,"parent":4883,"menu_order":0,"comment_status":"closed","ping_status":"closed","template":"","meta":{"_jinr_url_youtube":"","_jinr_pip_youtube":false,"_jinr_time_youtube":"","_jinr_thumb_youtube":"","_jinr_media_youtube":"","_jinr_category_edit":false,"_jinr_category":"","_jinr_title_display":true,"_jinr_snsbutton_display":false,"_jinr_ads_display":false,"_jinr_thumbnail_display":false,"_jinr_profile_display":false,"_jinr_representations_display":false,"_jinr_relatedpost_display":false,"_jinr_sidebar1col_display":false,"_jinr_sidebar2col_display":false,"_jinr_seotitle_display":"","_jinr_description_display":"","_jinr_keyword_display":"","_jinr_hastag_display":"","_jinr_canonical_display":"","_jinr_noindex_display":false,"_jinr_paidpost":false,"_jinr_paidpost_product_id":"","_jinr_headtag_article":"","footnotes":""},"class_list":["post-4887","page","type-page","status-publish","hentry"],"_links":{"self":[{"href":"https:\/\/www.academiaschool.edu\/de\/wp-json\/wp\/v2\/pages\/4887","targetHints":{"allow":["GET"]}}],"collection":[{"href":"https:\/\/www.academiaschool.edu\/de\/wp-json\/wp\/v2\/pages"}],"about":[{"href":"https:\/\/www.academiaschool.edu\/de\/wp-json\/wp\/v2\/types\/page"}],"author":[{"embeddable":true,"href":"https:\/\/www.academiaschool.edu\/de\/wp-json\/wp\/v2\/users\/1"}],"replies":[{"embeddable":true,"href":"https:\/\/www.academiaschool.edu\/de\/wp-json\/wp\/v2\/comments?post=4887"}],"version-history":[{"count":4,"href":"https:\/\/www.academiaschool.edu\/de\/wp-json\/wp\/v2\/pages\/4887\/revisions"}],"predecessor-version":[{"id":6151,"href":"https:\/\/www.academiaschool.edu\/de\/wp-json\/wp\/v2\/pages\/4887\/revisions\/6151"}],"up":[{"embeddable":true,"href":"https:\/\/www.academiaschool.edu\/de\/wp-json\/wp\/v2\/pages\/4883"}],"wp:attachment":[{"href":"https:\/\/www.academiaschool.edu\/de\/wp-json\/wp\/v2\/media?parent=4887"}],"curies":[{"name":"wp","href":"https:\/\/api.w.org\/{rel}","templated":true}]}}