{"id":4883,"date":"2024-03-14T12:41:49","date_gmt":"2024-03-14T22:41:49","guid":{"rendered":"https:\/\/academia-school.net\/anwendung\/"},"modified":"2024-05-09T13:27:03","modified_gmt":"2024-05-09T23:27:03","slug":"anwendung","status":"publish","type":"page","link":"https:\/\/www.academiaschool.edu\/de\/anwendung\/","title":{"rendered":"Anwendung"},"content":{"rendered":"\n<section class=\"wp-block-jinr-blocks-fullwidth b--jinr-block b--jinr-fullwidth-container d--top-margin-xs-pc d--bottom-margin-xs-pc d--top-margin-xs-sp d--bottom-margin-xs-sp \"><section class=\"b--jinr-fullwidth d--fullwidth-parallax-off d--fullwidth-deco-bgimage\"><div class=\"a--jinr-fullwidth-image\"><div class=\"a--jinr-fullwidth-image-clip\"><img decoding=\"async\" src=\"https:\/\/www.academiaschool.edu\/wp-content\/uploads\/2024\/03\/\u30b9\u30af\u30ea\u30fc\u30f3\u30b7\u30e7\u30c3\u30c8-2024-03-26-\u5348\u5f8c7.45.56.webp\"\/><\/div><\/div><div class=\"a--jinr-fullwidth-overlay\" style=\"background-color:#222222;opacity:0.25\"><\/div><div class=\"d--fullwidth-100 d--fullwidth-pad40 d--fullwidth-pad0-sp t--main-width\" style=\"color:false\">\n<p class=\"has-text-align-center has-white-color has-text-color has-link-color wp-elements-eb0907bb4401f01c5474d355f6667694\"><span class=\"jinr-d--font-size d--fontsize-36px\"><strong><strong>Anwendung<\/strong><\/strong><\/span><\/p>\n<\/div><\/section><\/section>\n\n\n\n<h2 class=\"wp-block-heading jinr-heading d--bold\"><strong>Anwendung<\/strong><\/h2>\n\n\n\n<p>Wenn Sie sich \u00fcber das Bewerbungsverfahren informieren m\u00f6chten, <a href=\"https:\/\/www.academiaschool.edu\/de\/anwendung\/bewerbungsprozess\/\">klicken Sie hier<\/a>.<\/p>\n\n\n\n<p>Wenn Sie mit der Bewerbung fortfahren m\u00f6chten, <a href=\"https:\/\/www.academiaschool.edu\/de\/anwendung\/online-bewerbungsformular\/\">klicken Sie hier<\/a>.<\/p>\n\n\n\n<p>Wenn Sie Fragen haben, <a href=\"https:\/\/www.academiaschool.edu\/de\/contact-us\/\">klicken Sie hier<\/a>.<\/p>\n\n\n<section class='b--jinr-block b--jinr-button   js--scr-animation block_ed01ed59-c15f-4c7c-a660-f7dcebbc87fa'>\n\t\t\t\t\t<div class=\"o--button-inner d--button-type1 d--button-solid d--button-solid-hover-down d--button-solid-animation-expand d--button-center\"><span class=\"a--button-hover\"><a href=\"https:\/\/form.jotform.com\/241076958498474\"><span>Apply Now<\/span><\/a><\/span><\/div>\n\t\t\t\t<\/section>","protected":false},"excerpt":{"rendered":"<p>Anwendung Wenn Sie sich \u00fcber das Bewerbungsverfahren informieren m\u00f6chten, klicken Sie hier. Wenn Sie mit der Bewerbung fortfahren m\u00f6chten, klicken Sie hier. Wenn Sie Fragen haben, klicken Sie hier.<\/p>\n","protected":false},"author":1,"featured_media":0,"parent":0,"menu_order":0,"comment_status":"closed","ping_status":"closed","template":"","meta":{"_jinr_url_youtube":"","_jinr_pip_youtube":false,"_jinr_time_youtube":"","_jinr_thumb_youtube":"","_jinr_media_youtube":"","_jinr_category_edit":false,"_jinr_category":"","_jinr_title_display":true,"_jinr_snsbutton_display":false,"_jinr_ads_display":false,"_jinr_thumbnail_display":false,"_jinr_profile_display":false,"_jinr_representations_display":false,"_jinr_relatedpost_display":false,"_jinr_sidebar1col_display":false,"_jinr_sidebar2col_display":false,"_jinr_seotitle_display":"","_jinr_description_display":"","_jinr_keyword_display":"","_jinr_hastag_display":"","_jinr_canonical_display":"","_jinr_noindex_display":false,"_jinr_paidpost":false,"_jinr_paidpost_product_id":"","_jinr_headtag_article":"","footnotes":""},"class_list":["post-4883","page","type-page","status-publish","hentry"],"_links":{"self":[{"href":"https:\/\/www.academiaschool.edu\/de\/wp-json\/wp\/v2\/pages\/4883","targetHints":{"allow":["GET"]}}],"collection":[{"href":"https:\/\/www.academiaschool.edu\/de\/wp-json\/wp\/v2\/pages"}],"about":[{"href":"https:\/\/www.academiaschool.edu\/de\/wp-json\/wp\/v2\/types\/page"}],"author":[{"embeddable":true,"href":"https:\/\/www.academiaschool.edu\/de\/wp-json\/wp\/v2\/users\/1"}],"replies":[{"embeddable":true,"href":"https:\/\/www.academiaschool.edu\/de\/wp-json\/wp\/v2\/comments?post=4883"}],"version-history":[{"count":4,"href":"https:\/\/www.academiaschool.edu\/de\/wp-json\/wp\/v2\/pages\/4883\/revisions"}],"predecessor-version":[{"id":6150,"href":"https:\/\/www.academiaschool.edu\/de\/wp-json\/wp\/v2\/pages\/4883\/revisions\/6150"}],"wp:attachment":[{"href":"https:\/\/www.academiaschool.edu\/de\/wp-json\/wp\/v2\/media?parent=4883"}],"curies":[{"name":"wp","href":"https:\/\/api.w.org\/{rel}","templated":true}]}}