{"id":4879,"date":"2024-03-28T12:50:46","date_gmt":"2024-03-28T22:50:46","guid":{"rendered":"https:\/\/academia-school.net\/transfer-kampagne\/"},"modified":"2025-01-02T22:35:48","modified_gmt":"2025-01-03T08:35:48","slug":"transfer-kampagne","status":"publish","type":"page","link":"https:\/\/www.academiaschool.edu\/de\/transfer-kampagne\/","title":{"rendered":"Transfer-Kampagne"},"content":{"rendered":"\n<section class=\"wp-block-jinr-blocks-fullwidth b--jinr-block b--jinr-fullwidth-container d--top-margin-xs-pc d--bottom-margin-xs-pc d--top-margin-xs-sp d--bottom-margin-xs-sp \"><section class=\"b--jinr-fullwidth d--fullwidth-parallax-off d--fullwidth-deco-bgimage\"><div class=\"a--jinr-fullwidth-image\"><div class=\"a--jinr-fullwidth-image-clip\"><img decoding=\"async\" src=\"https:\/\/www.academiaschool.edu\/wp-content\/uploads\/2024\/03\/\u30b9\u30af\u30ea\u30fc\u30f3\u30b7\u30e7\u30c3\u30c8-2024-03-26-\u5348\u5f8c12.07.40-1.webp\"\/><\/div><\/div><div class=\"a--jinr-fullwidth-overlay\" style=\"background-color:#f5f5f5;opacity:0\"><\/div><div class=\"d--fullwidth-100 d--fullwidth-pad40 d--fullwidth-pad0-sp t--main-width\" style=\"color:#ffffff\">\n<p class=\"has-text-align-center\"><span class=\"jinr-d--font-size d--fontsize-36px\"><strong>Transfer-Kampagne<\/strong><\/span><\/p>\n<\/div><\/section><\/section>\n\n<h2 class=\"wp-block-heading jinr-heading d--bold\"><strong>\u00dcberblick \u00fcber die Transferkampagne<\/strong><\/h2>\n\n<p>Unsere Schule bietet Transferstudenten, die ein F-1-Visum besitzen, einen Rabatt an. Dieser Sondertarif bietet einen Rabatt von bis zu 20% auf die regul\u00e4ren Studiengeb\u00fchren.<\/p>\n\n<figure class=\"wp-block-table is-style-stripes\"><table><tbody><tr><td class=\"has-text-align-center\" data-align=\"center\"><\/td><td class=\"has-text-align-center\" data-align=\"center\"><strong>Regul\u00e4re Preise f\u00fcr 2025<\/strong><\/td><td class=\"has-text-align-center\" data-align=\"center\"><strong><strong>Rabattierter Preis<\/strong><\/strong><\/td><\/tr><tr><td class=\"has-text-align-center\" data-align=\"center\">8 Wochen<\/td><td class=\"has-text-align-center\" data-align=\"center\">$2,377<\/td><td class=\"has-text-align-center\" data-align=\"center\"><span class=\"jinr-d--text-color d--user-color1 d--bold\">$1,902<\/span><\/td><\/tr><tr><td class=\"has-text-align-center\" data-align=\"center\">12 Wochen<\/td><td class=\"has-text-align-center\" data-align=\"center\">$2,835<\/td><td class=\"has-text-align-center\" data-align=\"center\"><span class=\"jinr-d--text-color d--user-color1 d--bold\">$2,778<\/span><\/td><\/tr><tr><td class=\"has-text-align-center\" data-align=\"center\">16 Wochen<\/td><td class=\"has-text-align-center\" data-align=\"center\">$3,989<\/td><td class=\"has-text-align-center\" data-align=\"center\"><span class=\"jinr-d--text-color d--user-color1 d--bold\">$3,690<\/span><\/td><\/tr><tr><td class=\"has-text-align-center\" data-align=\"center\">24 Wochen<\/td><td class=\"has-text-align-center\" data-align=\"center\">$5,384<\/td><td class=\"has-text-align-center\" data-align=\"center\"><span class=\"jinr-d--text-color d--user-color1 d--bold\">$4,980<\/span><\/td><\/tr><tr><td class=\"has-text-align-center\" data-align=\"center\">48 Wochen<\/td><td class=\"has-text-align-center\" data-align=\"center\">$8,994<\/td><td class=\"has-text-align-center\" data-align=\"center\"><span class=\"jinr-d--text-color d--user-color1 d--bold\">$7,980<\/span><\/td><\/tr><\/tbody><\/table><figcaption class=\"wp-element-caption\">Die Geb\u00fchren beinhalten eine einmalige, nicht erstattungsf\u00e4hige Anmeldegeb\u00fchr von $100 und eine Technologie-\/Kopiergeb\u00fchr von $135.<\/figcaption><\/figure>\n\n<p>L\u00e4ngerfristige K\u00e4ufe f\u00fchren zu Kosteneinsparungen.<br\/>Dieser Tarif ist nicht \u00fcber Vermittler erh\u00e4ltlich.<br\/>Er kann mit Empfehlungsaktionen kombiniert werden.<\/p>\n\n<p>Informationen \u00fcber R\u00fcckerstattungen finden Sie in unserer <a href=\"https:\/\/www.academiaschool.edu\/de\/anwendung\/erstattungspolitik\/\">R\u00fcckerstattungsrichtlinie<\/a>.<\/p>\n<section class=\"b--jinr-block b--jinr-blogcard d--blogcard-hover-up d--blogcard-style1 d--blogcard-mysite t--round \"><div class=\"a--blogcard-label ef\">Related Page<\/div><a class=\"o--blogcard-link t--round\" href=\"https:\/\/www.academiaschool.edu\/inquiry\/\"><div class=\"c--blogcard-image\"><img loading=\"lazy\" decoding=\"async\" class=\"a--blogcard-img-src\" width=\"128\" height=\"72\" src=\"https:\/\/www.academiaschool.edu\/wp-content\/uploads\/2025\/02\/\u540d\u79f0\u672a\u8a2d\u5b9a\u306e\u30c7\u30b6\u30a4\u30f3-7.png\" alt=\"Contact Us\" \/><\/div><div class=\"a--blogcard-title d--bold\">Contact Us<\/div><\/a><\/section>","protected":false},"excerpt":{"rendered":"<p>\u00dcberblick \u00fcber die Transferkampagne Unsere Schule bietet Transferstudenten, die ein F-1-Visum besitzen, einen Rabatt an. Dieser Sondertarif bietet einen Rabatt von bis zu 20% auf die regul\u00e4ren Studiengeb\u00fchren. Regul\u00e4re Preise f\u00fcr 2025 Rabattierter Preis 8 Wochen $2,377 $1,902 12 Wochen $2,835 $2,778 16 Wochen $3,989 $3,690 24 Wochen $5,384 $4,980 48 Wochen $8,994 $7,980 Die [&hellip;]<\/p>\n","protected":false},"author":1,"featured_media":0,"parent":0,"menu_order":0,"comment_status":"closed","ping_status":"closed","template":"","meta":{"_jinr_url_youtube":"","_jinr_pip_youtube":false,"_jinr_time_youtube":"","_jinr_thumb_youtube":"","_jinr_media_youtube":"","_jinr_category_edit":false,"_jinr_category":"","_jinr_title_display":true,"_jinr_snsbutton_display":false,"_jinr_ads_display":false,"_jinr_thumbnail_display":false,"_jinr_profile_display":false,"_jinr_representations_display":false,"_jinr_relatedpost_display":false,"_jinr_sidebar1col_display":false,"_jinr_sidebar2col_display":false,"_jinr_seotitle_display":"","_jinr_description_display":"","_jinr_keyword_display":"","_jinr_hastag_display":"","_jinr_canonical_display":"","_jinr_noindex_display":false,"_jinr_paidpost":false,"_jinr_paidpost_product_id":"","_jinr_headtag_article":"","footnotes":""},"class_list":["post-4879","page","type-page","status-publish","hentry"],"_links":{"self":[{"href":"https:\/\/www.academiaschool.edu\/de\/wp-json\/wp\/v2\/pages\/4879","targetHints":{"allow":["GET"]}}],"collection":[{"href":"https:\/\/www.academiaschool.edu\/de\/wp-json\/wp\/v2\/pages"}],"about":[{"href":"https:\/\/www.academiaschool.edu\/de\/wp-json\/wp\/v2\/types\/page"}],"author":[{"embeddable":true,"href":"https:\/\/www.academiaschool.edu\/de\/wp-json\/wp\/v2\/users\/1"}],"replies":[{"embeddable":true,"href":"https:\/\/www.academiaschool.edu\/de\/wp-json\/wp\/v2\/comments?post=4879"}],"version-history":[{"count":6,"href":"https:\/\/www.academiaschool.edu\/de\/wp-json\/wp\/v2\/pages\/4879\/revisions"}],"predecessor-version":[{"id":7237,"href":"https:\/\/www.academiaschool.edu\/de\/wp-json\/wp\/v2\/pages\/4879\/revisions\/7237"}],"wp:attachment":[{"href":"https:\/\/www.academiaschool.edu\/de\/wp-json\/wp\/v2\/media?parent=4879"}],"curies":[{"name":"wp","href":"https:\/\/api.w.org\/{rel}","templated":true}]}}