{"id":4875,"date":"2024-03-14T16:20:04","date_gmt":"2024-03-15T02:20:04","guid":{"rendered":"https:\/\/academia-school.net\/schule-uebersicht\/"},"modified":"2024-05-09T13:30:14","modified_gmt":"2024-05-09T23:30:14","slug":"schule-uebersicht","status":"publish","type":"page","link":"https:\/\/www.academiaschool.edu\/de\/schule-uebersicht\/","title":{"rendered":"Schule \u00dcbersicht"},"content":{"rendered":"\n<section class=\"wp-block-jinr-blocks-fullwidth b--jinr-block b--jinr-fullwidth-container d--top-margin-xs-pc d--bottom-margin-xs-pc d--top-margin-xs-sp d--bottom-margin-xs-sp \"><section class=\"b--jinr-fullwidth d--fullwidth-parallax-off d--fullwidth-deco-bgimage\"><div class=\"a--jinr-fullwidth-image\"><div class=\"a--jinr-fullwidth-image-clip\"><img decoding=\"async\" src=\"https:\/\/www.academiaschool.edu\/wp-content\/uploads\/2024\/03\/\u30b9\u30af\u30ea\u30fc\u30f3\u30b7\u30e7\u30c3\u30c8-2024-03-26-\u5348\u5f8c12.42.06.webp\"\/><\/div><\/div><div class=\"a--jinr-fullwidth-overlay\" style=\"background-color:#f5f5f5;opacity:0\"><\/div><div class=\"d--fullwidth-100 d--fullwidth-pad40 d--fullwidth-pad0-sp t--main-width\" style=\"color:false\">\n<p class=\"has-text-align-center has-white-color has-text-color has-link-color wp-elements-60fa6ef1f92d375bd5219468c5b3c1a3\"><span class=\"jinr-d--font-size d--fontsize-36px\"><strong><strong>Schule \u00dcbersicht<\/strong><\/strong><\/span><\/p>\n<\/div><\/section><\/section>\n\n<h2 class=\"wp-block-heading jinr-heading d--bold\"><strong>Schule \u00dcbersicht<\/strong><\/h2>\n\n<h3 class=\"wp-block-heading jinr-heading d--bold\"><strong>Name der Schule<\/strong><\/h3>\n\n<p>Academia Language School<\/p>\n\n<h3 class=\"wp-block-heading jinr-heading d--bold\">Direktorin f\u00fcr Sprachprogramme<\/h3>\n\n<p>Rhodos Larry<\/p>\n\n<p><a href=\"https:\/\/www.academiaschool.edu\/de\/gruende-fuer-die-wahl\/erfahrene-fakultaet\/\">Klicken Sie hier f\u00fcr die Biographie<\/a><\/p>\n\n<h3 class=\"wp-block-heading jinr-heading d--bold\"><strong>Standort<\/strong><\/h3>\n\n<p>Academia Language School<br\/>1600 Kapiolani Boulevard, Suite 1225<br\/>Honolulu, HI 96814<\/p>\n\n<figure class=\"wp-block-image size-full is-resized\"><img loading=\"lazy\" decoding=\"async\" width=\"640\" height=\"480\" src=\"https:\/\/www.academiaschool.edu\/wp-content\/uploads\/2024\/03\/academia_map.jpg\" alt=\"Adresse der Academia Sprachschule\" class=\"wp-image-825\" style=\"width:740px;height:auto\" srcset=\"https:\/\/www.academiaschool.edu\/wp-content\/uploads\/2024\/03\/academia_map.jpg 640w, https:\/\/www.academiaschool.edu\/wp-content\/uploads\/2024\/03\/academia_map-300x225.jpg 300w\" sizes=\"auto, (max-width: 640px) 100vw, 640px\" \/><\/figure>\n\n<p><a href=\"https:\/\/maps.app.goo.gl\/yHyWr8o9g5BWrYBV9\" data-type=\"link\" data-id=\"https:\/\/maps.app.goo.gl\/yHyWr8o9g5BWrYBV9\">Google Karte<\/a><\/p>\n\n<h3 class=\"wp-block-heading jinr-heading d--bold\"><strong>Telefon Nummer<\/strong><\/h3>\n\n<p>1 (808) 946-5599<\/p>\n\n<p><strong>\u00d6ffnungszeiten des Telefonempfangs (Hawaii-Zeit):<\/strong><\/p>\n\n<p>Montag bis Donnerstag: 9 AM bis 1 PM<br\/>Freitag: 9 AM bis 12 PM<\/p>\n\n<p>Schulbesichtigungen sind auch au\u00dferhalb dieser Zeiten nach vorheriger Anmeldung m\u00f6glich.<\/p>\n\n<h3 class=\"wp-block-heading jinr-heading d--bold\">E-MAIL<\/h3>\n\n<p>support@academiaschool.edu<\/p>\n","protected":false},"excerpt":{"rendered":"<p>Schule \u00dcbersicht Name der Schule Academia Language School Direktorin f\u00fcr Sprachprogramme Rhodos Larry Klicken Sie hier f\u00fcr die Biographie Standort Academia Language School1600 Kapiolani Boulevard, Suite 1225Honolulu, HI 96814 Google Karte Telefon Nummer 1 (808) 946-5599 \u00d6ffnungszeiten des Telefonempfangs (Hawaii-Zeit): Montag bis Donnerstag: 9 AM bis 1 PMFreitag: 9 AM bis 12 PM Schulbesichtigungen sind [&hellip;]<\/p>\n","protected":false},"author":1,"featured_media":0,"parent":0,"menu_order":0,"comment_status":"closed","ping_status":"closed","template":"","meta":{"_jinr_url_youtube":"","_jinr_pip_youtube":false,"_jinr_time_youtube":"","_jinr_thumb_youtube":"","_jinr_media_youtube":"","_jinr_category_edit":false,"_jinr_category":"","_jinr_title_display":true,"_jinr_snsbutton_display":false,"_jinr_ads_display":false,"_jinr_thumbnail_display":false,"_jinr_profile_display":false,"_jinr_representations_display":false,"_jinr_relatedpost_display":false,"_jinr_sidebar1col_display":false,"_jinr_sidebar2col_display":false,"_jinr_seotitle_display":"","_jinr_description_display":"","_jinr_keyword_display":"","_jinr_hastag_display":"","_jinr_canonical_display":"","_jinr_noindex_display":false,"_jinr_paidpost":false,"_jinr_paidpost_product_id":"","_jinr_headtag_article":"","footnotes":""},"class_list":["post-4875","page","type-page","status-publish","hentry"],"_links":{"self":[{"href":"https:\/\/www.academiaschool.edu\/de\/wp-json\/wp\/v2\/pages\/4875","targetHints":{"allow":["GET"]}}],"collection":[{"href":"https:\/\/www.academiaschool.edu\/de\/wp-json\/wp\/v2\/pages"}],"about":[{"href":"https:\/\/www.academiaschool.edu\/de\/wp-json\/wp\/v2\/types\/page"}],"author":[{"embeddable":true,"href":"https:\/\/www.academiaschool.edu\/de\/wp-json\/wp\/v2\/users\/1"}],"replies":[{"embeddable":true,"href":"https:\/\/www.academiaschool.edu\/de\/wp-json\/wp\/v2\/comments?post=4875"}],"version-history":[{"count":4,"href":"https:\/\/www.academiaschool.edu\/de\/wp-json\/wp\/v2\/pages\/4875\/revisions"}],"predecessor-version":[{"id":6161,"href":"https:\/\/www.academiaschool.edu\/de\/wp-json\/wp\/v2\/pages\/4875\/revisions\/6161"}],"wp:attachment":[{"href":"https:\/\/www.academiaschool.edu\/de\/wp-json\/wp\/v2\/media?parent=4875"}],"curies":[{"name":"wp","href":"https:\/\/api.w.org\/{rel}","templated":true}]}}