{"id":4867,"date":"2024-03-28T12:51:44","date_gmt":"2024-03-28T22:51:44","guid":{"rendered":"https:\/\/academia-school.net\/empfehlungskampagne\/"},"modified":"2024-05-09T13:37:13","modified_gmt":"2024-05-09T23:37:13","slug":"empfehlungskampagne","status":"publish","type":"page","link":"https:\/\/www.academiaschool.edu\/de\/empfehlungskampagne\/","title":{"rendered":"Empfehlungskampagne"},"content":{"rendered":"\n<section class=\"wp-block-jinr-blocks-fullwidth b--jinr-block b--jinr-fullwidth-container d--top-margin-xs-pc d--bottom-margin-xs-pc d--top-margin-xs-sp d--bottom-margin-xs-sp \"><section class=\"b--jinr-fullwidth d--fullwidth-parallax-off d--fullwidth-deco-bgimage\"><div class=\"a--jinr-fullwidth-image\"><div class=\"a--jinr-fullwidth-image-clip\"><img decoding=\"async\" src=\"https:\/\/www.academiaschool.edu\/wp-content\/uploads\/2024\/03\/\u30b9\u30af\u30ea\u30fc\u30f3\u30b7\u30e7\u30c3\u30c8-2024-03-26-\u5348\u5f8c8.23.45.webp\"\/><\/div><\/div><div class=\"a--jinr-fullwidth-overlay\" style=\"background-color:#f5f5f5;opacity:0\"><\/div><div class=\"d--fullwidth-100 d--fullwidth-pad40 d--fullwidth-pad0-sp t--main-width\" style=\"color:#ffffff\">\n<p class=\"has-text-align-center\"><span class=\"jinr-d--font-size d--fontsize-36px\"><strong>Empfehlungskampagne<\/strong><\/span><\/p>\n<\/div><\/section><\/section>\n\n<h2 class=\"wp-block-heading jinr-heading d--bold\">Empfehlungskampagne<\/h2>\n\n<p>Mit der Empfehlungskampagne k\u00f6nnen sowohl der Werber als auch die geworbene Person eine kostenlose Verl\u00e4ngerung von bis zu einem Monat erhalten.<\/p>\n\n<p>Wenn die geworbene Person mindestens 8 Wochen lang ein Abonnement abschlie\u00dft, erhalten sowohl der Werber als auch die geworbene Person eine zus\u00e4tzliche kostenlose Verl\u00e4ngerung von zwei Wochen.<\/p>\n\n<p>Wenn die geworbene Person ihr Abonnement f\u00fcr 16 Wochen oder l\u00e4nger (4 Monate oder l\u00e4nger) verl\u00e4ngert, erhalten sowohl der Werber als auch die geworbene Person eine zus\u00e4tzliche kostenlose Verl\u00e4ngerung von zwei Wochen.<\/p>\n\n<p>Um sich f\u00fcr die Kampagne zu qualifizieren, muss sich die geworbene Person f\u00fcr die Empfehlungskampagne anmelden, bevor sie ihr Abonnement abschlie\u00dft. Bewerbungen, die nach der Einschreibung eingehen, werden nicht angenommen.<\/p>\n\n<p>Auch Personen, die schon einmal eingeschrieben waren und nun zur\u00fcckkehren, k\u00f6nnen an dieser Aktion nicht teilnehmen.<\/p>\n","protected":false},"excerpt":{"rendered":"<p>Empfehlungskampagne Mit der Empfehlungskampagne k\u00f6nnen sowohl der Werber als auch die geworbene Person eine kostenlose Verl\u00e4ngerung von bis zu einem Monat erhalten. Wenn die geworbene Person mindestens 8 Wochen lang ein Abonnement abschlie\u00dft, erhalten sowohl der Werber als auch die geworbene Person eine zus\u00e4tzliche kostenlose Verl\u00e4ngerung von zwei Wochen. Wenn die geworbene Person ihr Abonnement [&hellip;]<\/p>\n","protected":false},"author":1,"featured_media":0,"parent":0,"menu_order":0,"comment_status":"closed","ping_status":"closed","template":"","meta":{"_jinr_url_youtube":"","_jinr_pip_youtube":false,"_jinr_time_youtube":"","_jinr_thumb_youtube":"","_jinr_media_youtube":"","_jinr_category_edit":false,"_jinr_category":"","_jinr_title_display":true,"_jinr_snsbutton_display":false,"_jinr_ads_display":false,"_jinr_thumbnail_display":false,"_jinr_profile_display":false,"_jinr_representations_display":false,"_jinr_relatedpost_display":false,"_jinr_sidebar1col_display":false,"_jinr_sidebar2col_display":false,"_jinr_seotitle_display":"","_jinr_description_display":"","_jinr_keyword_display":"","_jinr_hastag_display":"","_jinr_canonical_display":"","_jinr_noindex_display":false,"_jinr_paidpost":false,"_jinr_paidpost_product_id":"","_jinr_headtag_article":"","footnotes":""},"class_list":["post-4867","page","type-page","status-publish","hentry"],"_links":{"self":[{"href":"https:\/\/www.academiaschool.edu\/de\/wp-json\/wp\/v2\/pages\/4867","targetHints":{"allow":["GET"]}}],"collection":[{"href":"https:\/\/www.academiaschool.edu\/de\/wp-json\/wp\/v2\/pages"}],"about":[{"href":"https:\/\/www.academiaschool.edu\/de\/wp-json\/wp\/v2\/types\/page"}],"author":[{"embeddable":true,"href":"https:\/\/www.academiaschool.edu\/de\/wp-json\/wp\/v2\/users\/1"}],"replies":[{"embeddable":true,"href":"https:\/\/www.academiaschool.edu\/de\/wp-json\/wp\/v2\/comments?post=4867"}],"version-history":[{"count":4,"href":"https:\/\/www.academiaschool.edu\/de\/wp-json\/wp\/v2\/pages\/4867\/revisions"}],"predecessor-version":[{"id":6168,"href":"https:\/\/www.academiaschool.edu\/de\/wp-json\/wp\/v2\/pages\/4867\/revisions\/6168"}],"wp:attachment":[{"href":"https:\/\/www.academiaschool.edu\/de\/wp-json\/wp\/v2\/media?parent=4867"}],"curies":[{"name":"wp","href":"https:\/\/api.w.org\/{rel}","templated":true}]}}