{"id":4864,"date":"2024-03-20T17:53:13","date_gmt":"2024-03-21T03:53:13","guid":{"rendered":"https:\/\/academia-school.net\/gruende-fuer-die-wahl\/testimonials\/"},"modified":"2024-05-01T19:55:45","modified_gmt":"2024-05-02T05:55:45","slug":"testimonials","status":"publish","type":"page","link":"https:\/\/www.academiaschool.edu\/de\/gruende-fuer-die-wahl\/testimonials\/","title":{"rendered":"Testimonials"},"content":{"rendered":"\n<section class=\"wp-block-jinr-blocks-fullwidth b--jinr-block b--jinr-fullwidth-container d--top-margin-xs-pc d--bottom-margin-s-pc d--top-margin-xs-sp d--bottom-margin-xs-sp \"><section class=\"b--jinr-fullwidth d--fullwidth-parallax-off d--fullwidth-deco-bgimage\"><div class=\"a--jinr-fullwidth-image\"><div class=\"a--jinr-fullwidth-image-clip\"><img decoding=\"async\" src=\"https:\/\/www.academiaschool.edu\/wp-content\/uploads\/2024\/03\/\u30b9\u30af\u30ea\u30fc\u30f3\u30b7\u30e7\u30c3\u30c8-2024-03-26-\u5348\u5f8c8.21.16.webp\"\/><\/div><\/div><div class=\"a--jinr-fullwidth-overlay\" style=\"background-color:#222222;opacity:0.15\"><\/div><div class=\"d--fullwidth-100 d--fullwidth-pad40 d--fullwidth-pad0-sp t--main-width\" style=\"color:false\">\n<p class=\"has-text-align-center has-white-color has-text-color has-link-color wp-elements-c5201bf9b3a36d769d1c1c4535a31914\"><span class=\"jinr-d--font-size d--fontsize-36px\"><strong>Testimonials<\/strong><\/span><\/p>\n<\/div><\/section><\/section>\n\n\n\n<div class=\"wp-block-columns js--scr-animation is-layout-flex wp-container-core-columns-is-layout-9d6595d7 wp-block-columns-is-layout-flex\">\n<div class=\"wp-block-column is-layout-flow wp-block-column-is-layout-flow\"><div class=\"wp-block-image\">\n<figure class=\"aligncenter size-full is-resized\"><img loading=\"lazy\" decoding=\"async\" width=\"240\" height=\"240\" src=\"https:\/\/www.academiaschool.edu\/wp-content\/uploads\/2024\/03\/student_minjae.png\" alt=\"Studentin Minjae\" class=\"wp-image-774\" style=\"width:188px;height:auto\" srcset=\"https:\/\/www.academiaschool.edu\/wp-content\/uploads\/2024\/03\/student_minjae.png 240w, https:\/\/www.academiaschool.edu\/wp-content\/uploads\/2024\/03\/student_minjae-150x150.png 150w\" sizes=\"auto, (max-width: 240px) 100vw, 240px\" \/><\/figure>\n<\/div>\n\n\n<section class=\"wp-block-jinr-blocks-designtitle b--jinr-block b--jinr-h2rich d--h2rich-left d--h2rich-style1 d--titledesign-weight-thin d--h2rich-none js--scr-animation\" style=\"border-color:false\"><div class=\"c--h2rich-contents\"><span class=\"a--h2rich-subcopy ef\" style=\"color:#004c80\"><strong>KOREA<\/strong><\/span><h2 class=\"a--h2rich-maincopy d--bold ef\" style=\"color:false\"><strong>MINJAE<\/strong><\/h2><\/div><\/section>\n\n\n\n<p>Die Tochter eines Mitarbeiters meines Vaters war Studentin an der Academia und nachdem sie ihren Unterricht beendet hatte, empfahl sie mir, mein Englisch hier zu verbessern. Ich hatte nie daran gedacht, auf Hawaii Englisch zu studieren, deshalb war ich ein wenig verwirrt, hier zu sein, aber ich erkannte, dass ich gro\u00dfes Gl\u00fcck hatte, die Chance zu haben, an einer Hochschule zu studieren und kurz darauf in einem wundersch\u00f6nen Land zu bleiben.<br>Ich habe ziemlich lange Englisch in Korea gelernt, obwohl ich immer noch Angst hatte, mit Einheimischen zu sprechen. Aber ich habe mich nach den Kursen ge\u00e4ndert und spreche jetzt \u00fcberall gerne mit ihnen. Die Klassen und Lehrer waren sehr gut. Ich habe in jedem Kurs eine Menge gelernt. Ich mochte auch die Schulaktivit\u00e4ten. Ich k\u00f6nnte dort neue Leute kennenlernen.<br>Ich hatte wunderbare Erinnerungen an die 2 Monate auf Hawaii und plane, beim n\u00e4chsten Mal l\u00e4nger zu bleiben. Alle Lehrer und Mitarbeiter waren so nett zu mir.(Vielen Dank!) Ich vermisse sie sehr.<\/p>\n<\/div>\n\n\n\n<div class=\"wp-block-column is-layout-flow wp-block-column-is-layout-flow\"><div class=\"wp-block-image\">\n<figure class=\"aligncenter size-full is-resized\"><img loading=\"lazy\" decoding=\"async\" width=\"240\" height=\"240\" src=\"https:\/\/www.academiaschool.edu\/wp-content\/uploads\/2024\/03\/student_carlos.png\" alt=\"Student carlos\" class=\"wp-image-773\" style=\"width:186px;height:auto\" srcset=\"https:\/\/www.academiaschool.edu\/wp-content\/uploads\/2024\/03\/student_carlos.png 240w, https:\/\/www.academiaschool.edu\/wp-content\/uploads\/2024\/03\/student_carlos-150x150.png 150w\" sizes=\"auto, (max-width: 240px) 100vw, 240px\" \/><\/figure>\n<\/div>\n\n\n<section class=\"wp-block-jinr-blocks-designtitle b--jinr-block b--jinr-h2rich d--h2rich-left d--h2rich-style1 d--titledesign-weight-thin d--h2rich-none js--scr-animation\" style=\"border-color:false\"><div class=\"c--h2rich-contents\"><span class=\"a--h2rich-subcopy ef\" style=\"color:#004c80\"><strong>SPANIEN<\/strong><\/span><h2 class=\"a--h2rich-maincopy d--bold ef\" style=\"color:false\"><strong>CARLOS<\/strong><\/h2><\/div><\/section>\n\n\n\n<p>Als ich nach Hawaii kam, konnte ich mir nicht vorstellen, dass ich hier die beste Atmosph\u00e4re zum Englischlernen finden w\u00fcrde, aber jetzt bin ich so gl\u00fccklich, weil ich freundliche Menschen getroffen habe und die Lehrer immer bereit sind, mir zu helfen. Ich wei\u00df, dass sie f\u00fcr alles, was ich brauche, da sind.<br>Vor allem der Konversationsunterricht ist sehr n\u00fctzlich f\u00fcr mich, denn ich kann mein Englisch verbessern und spreche jetzt viel fl\u00fcssiger als noch vor einem Jahr.<br>Ich erinnere mich, dass Louise mir eines Tages sagte, dass Academia wie eine gro\u00dfe Familie sei, und ich kann das nachvollziehen &#8211; es ist erstaunlich, denn wenn man in einem fremden Land ankommt, sch\u00e4tzt man die Zuneigung viel mehr.<\/p>\n<\/div>\n<\/div>\n\n\n\n<div class=\"wp-block-columns js--scr-animation is-layout-flex wp-container-core-columns-is-layout-9d6595d7 wp-block-columns-is-layout-flex\">\n<div class=\"wp-block-column is-layout-flow wp-block-column-is-layout-flow\"><div class=\"wp-block-image\">\n<figure class=\"aligncenter size-full is-resized\"><img loading=\"lazy\" decoding=\"async\" width=\"240\" height=\"240\" src=\"https:\/\/www.academiaschool.edu\/wp-content\/uploads\/2024\/03\/student_szabo.png\" alt=\"student_szabo\" class=\"wp-image-699\" style=\"width:182px;height:auto\" srcset=\"https:\/\/www.academiaschool.edu\/wp-content\/uploads\/2024\/03\/student_szabo.png 240w, https:\/\/www.academiaschool.edu\/wp-content\/uploads\/2024\/03\/student_szabo-150x150.png 150w\" sizes=\"auto, (max-width: 240px) 100vw, 240px\" \/><\/figure>\n<\/div>\n\n\n<section class=\"wp-block-jinr-blocks-designtitle b--jinr-block b--jinr-h2rich d--h2rich-left d--h2rich-style1 d--titledesign-weight-thin d--h2rich-none js--scr-animation\" style=\"border-color:false\"><div class=\"c--h2rich-contents\"><span class=\"a--h2rich-subcopy ef\" style=\"color:#004c80\"><strong>UNGARN<\/strong><\/span><h2 class=\"a--h2rich-maincopy d--bold ef\" style=\"color:false\"><strong>SZABO<\/strong><\/h2><\/div><\/section>\n\n\n\n<p>Ich bin jetzt seit \u00fcber einem Jahr an der Academia und ich denke, es ist eine gro\u00dfartige Schule. Ich belege jetzt Aussprache und Grammatik. Zuerst habe ich Konversations- und H\u00f6rverst\u00e4ndniskurse besucht, aber mein Englisch wird immer besser, so dass ich fortgeschrittenere Kurse belegen wollte. Die Schule bietet viele Kurse zur Auswahl an. Meine Lehrer sind sehr gut und sehr nett. Ich liebe es auch, auf Hawaii zu leben. Ich wandere gerne und auf Hawaii kann ich das ganze Jahr \u00fcber an Str\u00e4nden, in tropischen W\u00e4ldern und in den Bergen wandern. Ich plane, bald Maui und die Big Island zu besuchen.<\/p>\n<\/div>\n\n\n\n<div class=\"wp-block-column is-layout-flow wp-block-column-is-layout-flow\"><div class=\"wp-block-image\">\n<figure class=\"aligncenter size-full is-resized\"><img loading=\"lazy\" decoding=\"async\" width=\"240\" height=\"240\" src=\"https:\/\/www.academiaschool.edu\/wp-content\/uploads\/2024\/03\/student_joyce.png\" alt=\"\" class=\"wp-image-700\" style=\"width:178px;height:auto\" srcset=\"https:\/\/www.academiaschool.edu\/wp-content\/uploads\/2024\/03\/student_joyce.png 240w, https:\/\/www.academiaschool.edu\/wp-content\/uploads\/2024\/03\/student_joyce-150x150.png 150w\" sizes=\"auto, (max-width: 240px) 100vw, 240px\" \/><\/figure>\n<\/div>\n\n\n<section class=\"wp-block-jinr-blocks-designtitle b--jinr-block b--jinr-h2rich d--h2rich-left d--h2rich-style1 d--titledesign-weight-thin d--h2rich-none js--scr-animation\" style=\"border-color:false\"><div class=\"c--h2rich-contents\"><span class=\"a--h2rich-subcopy ef\" style=\"color:#004c80\"><strong>TAIWAN<\/strong><\/span><h2 class=\"a--h2rich-maincopy d--bold ef\" style=\"color:false\"><strong>JOYCE<\/strong><\/h2><\/div><\/section>\n\n\n\n<p>Ich war schon an anderen Englischschulen und finde, dass Academia die beste ist, weil sie die beste Auswahl an Kursen hat. Ich kann fortgeschrittene Grammatikkurse, Konversationskurse, Businesskurse oder sogar einen Englisch + Theaterkurs belegen. Im Moment besuche ich auch den Work Practicum Kurs von Academia und sammle Arbeitserfahrung, w\u00e4hrend ich mein Englisch verbessere. Auch die Mitarbeiter von Academia sind sehr freundlich!<\/p>\n<\/div>\n<\/div>\n\n\n\n<div class=\"wp-block-columns js--scr-animation is-layout-flex wp-container-core-columns-is-layout-9d6595d7 wp-block-columns-is-layout-flex\">\n<div class=\"wp-block-column is-layout-flow wp-block-column-is-layout-flow\"><div class=\"wp-block-image\">\n<figure class=\"aligncenter size-full is-resized\"><img loading=\"lazy\" decoding=\"async\" width=\"240\" height=\"240\" src=\"https:\/\/www.academiaschool.edu\/wp-content\/uploads\/2024\/03\/student_phoung.png\" alt=\"Student Phoung\" class=\"wp-image-768\" style=\"width:180px;height:auto\" srcset=\"https:\/\/www.academiaschool.edu\/wp-content\/uploads\/2024\/03\/student_phoung.png 240w, https:\/\/www.academiaschool.edu\/wp-content\/uploads\/2024\/03\/student_phoung-150x150.png 150w\" sizes=\"auto, (max-width: 240px) 100vw, 240px\" \/><\/figure>\n<\/div>\n\n\n<section class=\"wp-block-jinr-blocks-designtitle b--jinr-block b--jinr-h2rich d--h2rich-left d--h2rich-style1 d--titledesign-weight-thin d--h2rich-none js--scr-animation\" style=\"border-color:false\"><div class=\"c--h2rich-contents\"><span class=\"a--h2rich-subcopy ef\" style=\"color:#004c80\"><strong>VIETNAM<\/strong><\/span><h2 class=\"a--h2rich-maincopy d--bold ef\" style=\"color:false\"><strong>PHUONG<\/strong><\/h2><\/div><\/section>\n\n\n\n<p>Als ich zur Academia Language School kam, konnte ich kein Englisch sprechen. Jetzt nach 3 Monaten kann ich in S\u00e4tzen sprechen, aber ich muss noch viel lernen! Ich lerne jeden Tag mehr und das ist wichtig f\u00fcr mich, denn ich m\u00f6chte einen Job haben, bei dem ich Englisch spreche.<\/p>\n<\/div>\n\n\n\n<div class=\"wp-block-column is-layout-flow wp-block-column-is-layout-flow\"><div class=\"wp-block-image\">\n<figure class=\"aligncenter size-full is-resized\"><img loading=\"lazy\" decoding=\"async\" width=\"240\" height=\"240\" src=\"https:\/\/www.academiaschool.edu\/wp-content\/uploads\/2024\/03\/student_hirose.png\" alt=\"student_hirose\" class=\"wp-image-767\" style=\"width:179px;height:auto\" srcset=\"https:\/\/www.academiaschool.edu\/wp-content\/uploads\/2024\/03\/student_hirose.png 240w, https:\/\/www.academiaschool.edu\/wp-content\/uploads\/2024\/03\/student_hirose-150x150.png 150w\" sizes=\"auto, (max-width: 240px) 100vw, 240px\" \/><\/figure>\n<\/div>\n\n\n<section class=\"wp-block-jinr-blocks-designtitle b--jinr-block b--jinr-h2rich d--h2rich-left d--h2rich-style1 d--titledesign-weight-thin d--h2rich-none js--scr-animation\" style=\"border-color:false\"><div class=\"c--h2rich-contents\"><span class=\"a--h2rich-subcopy ef\" style=\"color:#004c80\">JAPAN<\/span><h2 class=\"a--h2rich-maincopy d--bold ef\" style=\"color:false\">HIROSE<\/h2><\/div><\/section>\n\n\n\n<p>Ich bin mit einem Touristenvisum nach Academia gekommen und das Programm war so gut, dass ich beim n\u00e4chsten Mal wiederkommen und l\u00e4nger studieren m\u00f6chte. Ich mochte meine Lehrer und meine Klassenkameraden sehr und ich habe vor, sie bald wiederzusehen.<\/p>\n<\/div>\n<\/div>\n\n\n\n<div class=\"wp-block-columns js--scr-animation is-layout-flex wp-container-core-columns-is-layout-9d6595d7 wp-block-columns-is-layout-flex\">\n<div class=\"wp-block-column is-layout-flow wp-block-column-is-layout-flow\"><div class=\"wp-block-image\">\n<figure class=\"aligncenter size-full is-resized\"><img loading=\"lazy\" decoding=\"async\" width=\"240\" height=\"240\" src=\"https:\/\/www.academiaschool.edu\/wp-content\/uploads\/2024\/03\/student_guillermo.png\" alt=\"student_guillermo\" class=\"wp-image-772\" style=\"width:178px;height:auto\" srcset=\"https:\/\/www.academiaschool.edu\/wp-content\/uploads\/2024\/03\/student_guillermo.png 240w, https:\/\/www.academiaschool.edu\/wp-content\/uploads\/2024\/03\/student_guillermo-150x150.png 150w\" sizes=\"auto, (max-width: 240px) 100vw, 240px\" \/><\/figure>\n<\/div>\n\n\n<section class=\"wp-block-jinr-blocks-designtitle b--jinr-block b--jinr-h2rich d--h2rich-left d--h2rich-style1 d--titledesign-weight-thin d--h2rich-none js--scr-animation\" style=\"border-color:false\"><div class=\"c--h2rich-contents\"><span class=\"a--h2rich-subcopy ef\" style=\"color:#004c80\"><strong>MEXIKO<\/strong><\/span><h2 class=\"a--h2rich-maincopy d--bold ef\" style=\"color:false\"><strong>GUILLERMO<\/strong><\/h2><\/div><\/section>\n\n\n\n<p>Der Besuch der Academia Language School war eine gro\u00dfartige Erfahrung f\u00fcr mich. Ich habe schneller Englisch gelernt als ich dachte, ich habe viele enge Freunde hier an der Schule gefunden und ich liebe Hawaii. W\u00e4hrend der Woche lerne ich hart und verbessere mein Englisch. Ich mag meine Lehrer und Mitsch\u00fcler und habe eine Menge von ihnen gelernt. An den Wochenenden fahre ich mit dem Boot meines Freundes zum Tauchen und gehe auch in Waikiki aus.<br>Auf Hawaii gibt es eine Menge zu tun! Ich tanze gerne Salsa und war \u00fcberrascht, dass es auf Hawaii viele Salsa-Clubs gibt. Ich habe so viel Spa\u00df an der Academia, dass ich sogar meine Mutter davon \u00fcberzeugt habe, Englisch an der Schule zu lernen!<\/p>\n<\/div>\n\n\n\n<div class=\"wp-block-column is-layout-flow wp-block-column-is-layout-flow\"><div class=\"wp-block-image\">\n<figure class=\"aligncenter size-full is-resized\"><img loading=\"lazy\" decoding=\"async\" width=\"240\" height=\"240\" src=\"https:\/\/www.academiaschool.edu\/wp-content\/uploads\/2024\/03\/students_lecommandeurs.png\" alt=\"Studenten lecommandeurs\" class=\"wp-image-771\" style=\"width:176px;height:auto\" srcset=\"https:\/\/www.academiaschool.edu\/wp-content\/uploads\/2024\/03\/students_lecommandeurs.png 240w, https:\/\/www.academiaschool.edu\/wp-content\/uploads\/2024\/03\/students_lecommandeurs-150x150.png 150w\" sizes=\"auto, (max-width: 240px) 100vw, 240px\" \/><\/figure>\n<\/div>\n\n\n<section class=\"wp-block-jinr-blocks-designtitle b--jinr-block b--jinr-h2rich d--h2rich-left d--h2rich-style1 d--titledesign-weight-thin d--h2rich-none js--scr-animation\" style=\"border-color:false\"><div class=\"c--h2rich-contents\"><span class=\"a--h2rich-subcopy ef\" style=\"color:#004c80\"><strong>FRANKREICH<\/strong><\/span><h2 class=\"a--h2rich-maincopy d--bold ef\" style=\"color:false\"><strong>JACK UND CLAUDINE<\/strong><\/h2><\/div><\/section>\n\n\n\n<p>Wir lieben Academia, weil alle Menschen hier so freundlich sind. Wir treffen hier auch viele verschiedene Kulturen und sprechen mit ihnen auf Englisch. Das Leben auf Hawaii ist wunderbar und wir f\u00fchlen uns jeden Tag wie im Urlaub! Wir lieben es zu schwimmen und wir schwimmen jeden Tag und gehen dann zum Unterricht und lernen Englisch. Die akademische Welt ist gro\u00dfartig f\u00fcr uns, denn wir k\u00f6nnen w\u00e4hlen, ob wir morgens oder nachmittags zum Unterricht gehen. Wir k\u00f6nnen unser Leben mit der Schule vereinbaren, was f\u00fcr uns sehr wichtig ist.<\/p>\n<\/div>\n<\/div>\n\n\n\n<div class=\"wp-block-columns js--scr-animation is-layout-flex wp-container-core-columns-is-layout-9d6595d7 wp-block-columns-is-layout-flex\">\n<div class=\"wp-block-column is-layout-flow wp-block-column-is-layout-flow\"><div class=\"wp-block-image\">\n<figure class=\"aligncenter size-full is-resized\"><img loading=\"lazy\" decoding=\"async\" width=\"240\" height=\"240\" src=\"https:\/\/www.academiaschool.edu\/wp-content\/uploads\/2024\/03\/student_javier.png\" alt=\"javier\" class=\"wp-image-770\" style=\"width:196px;height:auto\" srcset=\"https:\/\/www.academiaschool.edu\/wp-content\/uploads\/2024\/03\/student_javier.png 240w, https:\/\/www.academiaschool.edu\/wp-content\/uploads\/2024\/03\/student_javier-150x150.png 150w\" sizes=\"auto, (max-width: 240px) 100vw, 240px\" \/><\/figure>\n<\/div>\n\n\n<section class=\"wp-block-jinr-blocks-designtitle b--jinr-block b--jinr-h2rich d--h2rich-left d--h2rich-style1 d--titledesign-weight-thin d--h2rich-none js--scr-animation\" style=\"border-color:false\"><div class=\"c--h2rich-contents\"><span class=\"a--h2rich-subcopy ef\" style=\"color:#004c80\">ARGENTINIEN<\/span><h2 class=\"a--h2rich-maincopy d--bold ef\" style=\"color:false\"><strong>JAVIER<\/strong><\/h2><\/div><\/section>\n\n\n\n<p>Ich bin so froh, dass ich die M\u00f6glichkeit hatte, auf Hawaii Englisch zu lernen. Ich denke, die Erfahrung hier war erstaunlich, und ich empfehle es jedem. Ich habe meine Zeit bei den Schulaktivit\u00e4ten wirklich genossen.<br>Ich werde meine 3 Monate auf Hawaii nie vergessen. Ich m\u00f6chte die Academia School empfehlen, weil alle Sch\u00fcler, Lehrer und Mitarbeiter immer sehr freundlich waren. Ich werde alle meine Freunde vermissen, die ich auf Hawaii gefunden habe. Ich bin sehr froh dar\u00fcber. Ich danke Ihnen vielmals.<\/p>\n<\/div>\n\n\n\n<div class=\"wp-block-column is-layout-flow wp-block-column-is-layout-flow\"><div class=\"wp-block-image\">\n<figure class=\"aligncenter size-full is-resized\"><img loading=\"lazy\" decoding=\"async\" width=\"240\" height=\"240\" src=\"https:\/\/www.academiaschool.edu\/wp-content\/uploads\/2024\/03\/student_bastian.png\" alt=\"student_bastian\" class=\"wp-image-769\" style=\"width:194px;height:auto\" srcset=\"https:\/\/www.academiaschool.edu\/wp-content\/uploads\/2024\/03\/student_bastian.png 240w, https:\/\/www.academiaschool.edu\/wp-content\/uploads\/2024\/03\/student_bastian-150x150.png 150w\" sizes=\"auto, (max-width: 240px) 100vw, 240px\" \/><\/figure>\n<\/div>\n\n\n<section class=\"wp-block-jinr-blocks-designtitle b--jinr-block b--jinr-h2rich d--h2rich-left d--h2rich-style1 d--titledesign-weight-thin d--h2rich-none js--scr-animation\" style=\"border-color:false\"><div class=\"c--h2rich-contents\"><span class=\"a--h2rich-subcopy ef\" style=\"color:#004c80\">DEUTSCHLAND<\/span><h2 class=\"a--h2rich-maincopy d--bold ef\" style=\"color:false\"><strong>BASTIAN<\/strong><\/h2><\/div><\/section>\n\n\n\n<p>Als ich bei Academia anfing, konnte ich ein wenig Englisch verstehen, aber nicht viel sprechen. Ich habe in Deutschland Englischunterricht genommen, aber die Lehrer dort haben uns nicht beigebracht, wie man die Sprache spricht. An der Universit\u00e4t habe ich viel gelernt und f\u00fchle mich jetzt sehr wohl, wenn ich mich mit Menschen unterhalte. Ich kann ein Englischstudium an der Academia sehr empfehlen. Ein Aufenthalt in Honolulu, Hawaii, ist fabelhaft und es gibt eine Menge zu tun.<\/p>\n<\/div>\n<\/div>\n\n\n\n<div class=\"wp-block-columns js--scr-animation is-layout-flex wp-container-core-columns-is-layout-9d6595d7 wp-block-columns-is-layout-flex\">\n<div class=\"wp-block-column is-layout-flow wp-block-column-is-layout-flow\"><div class=\"wp-block-image\">\n<figure class=\"aligncenter size-full is-resized\"><img loading=\"lazy\" decoding=\"async\" width=\"240\" height=\"240\" src=\"https:\/\/www.academiaschool.edu\/wp-content\/uploads\/2024\/03\/student_fernando.png\" alt=\"student_fernando\" class=\"wp-image-766\" style=\"width:183px;height:auto\" srcset=\"https:\/\/www.academiaschool.edu\/wp-content\/uploads\/2024\/03\/student_fernando.png 240w, https:\/\/www.academiaschool.edu\/wp-content\/uploads\/2024\/03\/student_fernando-150x150.png 150w\" sizes=\"auto, (max-width: 240px) 100vw, 240px\" \/><\/figure>\n<\/div>\n\n\n<section class=\"wp-block-jinr-blocks-designtitle b--jinr-block b--jinr-h2rich d--h2rich-left d--h2rich-style1 d--titledesign-weight-thin d--h2rich-none js--scr-animation\" style=\"border-color:false\"><div class=\"c--h2rich-contents\"><span class=\"a--h2rich-subcopy ef\" style=\"color:#004c80\">BRASILIEN<\/span><h2 class=\"a--h2rich-maincopy d--bold ef\" style=\"color:false\"><strong>FERNANDO<\/strong><\/h2><\/div><\/section>\n\n\n\n<p>Ich liebe Academia und habe hier viele gute Freunde gefunden. Au\u00dferdem liebe ich es zu surfen und Hawaii ist der beste Ort zum Surfen auf der Welt. Ich surfe jeden Tag nach der Schule am Ala Moana Beach. Nach dem Unterricht kann ich mit meinem Surfbrett zum Strand laufen. Viele andere Studenten surfen auch und manchmal surfen wir alle zusammen.<\/p>\n<\/div>\n\n\n\n<div class=\"wp-block-column is-layout-flow wp-block-column-is-layout-flow\"><\/div>\n<\/div>\n\n\n<section class=\"b--jinr-block b--jinr-blogcard d--blogcard-hover-up d--blogcard-style1 d--blogcard-mysite t--round \"><div class=\"a--blogcard-label ef\">Related Page<\/div><a class=\"o--blogcard-link t--round\" href=\"https:\/\/www.academiaschool.edu\/de\/gruende-fuer-die-wahl\/\"><div class=\"c--blogcard-image\"><img loading=\"lazy\" decoding=\"async\" class=\"a--blogcard-img-src\" width=\"128\" height=\"72\" src=\"https:\/\/www.academiaschool.edu\/wp-content\/uploads\/2025\/02\/\u540d\u79f0\u672a\u8a2d\u5b9a\u306e\u30c7\u30b6\u30a4\u30f3-7.png\" alt=\"Gr\u00fcnde f\u00fcr die Wahl\" \/><\/div><div class=\"a--blogcard-title d--bold\">Gr\u00fcnde f\u00fcr die Wahl<\/div><\/a><\/section>","protected":false},"excerpt":{"rendered":"<p>Die Tochter eines Mitarbeiters meines Vaters war Studentin an der Academia und nachdem sie ihren Unterricht beendet hatte, empfahl sie mir, mein Englisch hier zu verbessern. Ich hatte nie daran gedacht, auf Hawaii Englisch zu studieren, deshalb war ich ein wenig verwirrt, hier zu sein, aber ich erkannte, dass ich gro\u00dfes Gl\u00fcck hatte, die Chance [&hellip;]<\/p>\n","protected":false},"author":1,"featured_media":0,"parent":4834,"menu_order":0,"comment_status":"closed","ping_status":"closed","template":"","meta":{"_jinr_url_youtube":"","_jinr_pip_youtube":false,"_jinr_time_youtube":"","_jinr_thumb_youtube":"","_jinr_media_youtube":"","_jinr_category_edit":false,"_jinr_category":"","_jinr_title_display":false,"_jinr_snsbutton_display":false,"_jinr_ads_display":false,"_jinr_thumbnail_display":false,"_jinr_profile_display":false,"_jinr_representations_display":false,"_jinr_relatedpost_display":false,"_jinr_sidebar1col_display":false,"_jinr_sidebar2col_display":false,"_jinr_seotitle_display":"","_jinr_description_display":"","_jinr_keyword_display":"","_jinr_hastag_display":"","_jinr_canonical_display":"","_jinr_noindex_display":false,"_jinr_paidpost":false,"_jinr_paidpost_product_id":"","_jinr_headtag_article":"","footnotes":""},"class_list":["post-4864","page","type-page","status-publish","hentry"],"_links":{"self":[{"href":"https:\/\/www.academiaschool.edu\/de\/wp-json\/wp\/v2\/pages\/4864","targetHints":{"allow":["GET"]}}],"collection":[{"href":"https:\/\/www.academiaschool.edu\/de\/wp-json\/wp\/v2\/pages"}],"about":[{"href":"https:\/\/www.academiaschool.edu\/de\/wp-json\/wp\/v2\/types\/page"}],"author":[{"embeddable":true,"href":"https:\/\/www.academiaschool.edu\/de\/wp-json\/wp\/v2\/users\/1"}],"replies":[{"embeddable":true,"href":"https:\/\/www.academiaschool.edu\/de\/wp-json\/wp\/v2\/comments?post=4864"}],"version-history":[{"count":3,"href":"https:\/\/www.academiaschool.edu\/de\/wp-json\/wp\/v2\/pages\/4864\/revisions"}],"predecessor-version":[{"id":5901,"href":"https:\/\/www.academiaschool.edu\/de\/wp-json\/wp\/v2\/pages\/4864\/revisions\/5901"}],"up":[{"embeddable":true,"href":"https:\/\/www.academiaschool.edu\/de\/wp-json\/wp\/v2\/pages\/4834"}],"wp:attachment":[{"href":"https:\/\/www.academiaschool.edu\/de\/wp-json\/wp\/v2\/media?parent=4864"}],"curies":[{"name":"wp","href":"https:\/\/api.w.org\/{rel}","templated":true}]}}