{"id":4860,"date":"2024-03-20T17:51:17","date_gmt":"2024-03-21T03:51:17","guid":{"rendered":"https:\/\/academia-school.net\/gruende-fuer-die-wahl\/erstklassige-lage-einrichtungen\/"},"modified":"2024-05-01T21:19:59","modified_gmt":"2024-05-02T07:19:59","slug":"erstklassige-lage-einrichtungen","status":"publish","type":"page","link":"https:\/\/www.academiaschool.edu\/de\/gruende-fuer-die-wahl\/erstklassige-lage-einrichtungen\/","title":{"rendered":"Erstklassige Lage &amp; Einrichtungen"},"content":{"rendered":"\n<section class=\"wp-block-jinr-blocks-fullwidth b--jinr-block b--jinr-fullwidth-container d--top-margin-xs-pc d--bottom-margin-xs-pc d--top-margin-xs-sp d--bottom-margin-xs-sp \"><section class=\"b--jinr-fullwidth d--fullwidth-parallax-off d--fullwidth-deco-bgimage\"><div class=\"a--jinr-fullwidth-image\"><div class=\"a--jinr-fullwidth-image-clip\"><img decoding=\"async\" src=\"https:\/\/www.academiaschool.edu\/wp-content\/uploads\/2024\/03\/\u30b9\u30af\u30ea\u30fc\u30f3\u30b7\u30e7\u30c3\u30c8-2024-03-26-\u5348\u5f8c8.21.16.webp\"\/><\/div><\/div><div class=\"a--jinr-fullwidth-overlay\" style=\"background-color:#222222;opacity:0.15\"><\/div><div class=\"d--fullwidth-100 d--fullwidth-pad40 d--fullwidth-pad0-sp t--main-width\" style=\"color:false\">\n<p class=\"has-text-align-center has-white-color has-text-color has-link-color wp-elements-80c21a06ca44800c25ffc871455151bf\"><span class=\"jinr-d--font-size d--fontsize-36px\"><strong><strong>Erstklassige Lage &amp; Einrichtungen<\/strong><\/strong><\/span><\/p>\n<\/div><\/section><\/section>\n\n\n\n<p>Unsere Schule befindet sich in g\u00fcnstiger Lage im Ala Moana Bezirk von Honolulu, Hawaii. Wir sind sowohl von Waikiki als auch von Kakaako aus zu Fu\u00df zu erreichen, was es nicht nur zu einem idealen Ort zum Lernen macht, sondern auch zu einem \u00e4u\u00dferst praktischen Ort zum Leben. Die beliebtesten Str\u00e4nde, Einkaufszentren und Superm\u00e4rkte in Honolulu sind ganz in der N\u00e4he, was die t\u00e4glichen Erlebnisse unserer Studenten noch verbessert.<\/p>\n\n\n\n<p>Au\u00dferdem liegen wir an den wichtigsten Buslinien, so dass Sie \u00fcberall auf der Insel leicht hinkommen. Alles, was Sie brauchen, ist nur ein paar Minuten von unserem Standort entfernt.<\/p>\n\n\n\n<figure class=\"wp-block-image size-large\"><img loading=\"lazy\" decoding=\"async\" width=\"1024\" height=\"768\" src=\"https:\/\/www.academiaschool.edu\/wp-content\/uploads\/2024\/03\/diamond-head-1246031_1280-1024x768.webp\" alt=\"Alamoana Beach Park\" class=\"wp-image-968\" srcset=\"https:\/\/www.academiaschool.edu\/wp-content\/uploads\/2024\/03\/diamond-head-1246031_1280-1024x768.webp 1024w, https:\/\/www.academiaschool.edu\/wp-content\/uploads\/2024\/03\/diamond-head-1246031_1280-300x225.webp 300w, https:\/\/www.academiaschool.edu\/wp-content\/uploads\/2024\/03\/diamond-head-1246031_1280-768x576.webp 768w, https:\/\/www.academiaschool.edu\/wp-content\/uploads\/2024\/03\/diamond-head-1246031_1280.webp 1280w\" sizes=\"auto, (max-width: 1024px) 100vw, 1024px\" \/><\/figure>\n\n\n\n<ul class=\"jinr-list wp-block-list\">\n<li><strong>Ala Moana Beach Park<\/strong> 8 Minuten zu Fu\u00df<\/li>\n\n\n\n<li><strong>Ala Moana Shopping Center<\/strong> 3 Minuten zu Fu\u00df<\/li>\n\n\n\n<li><strong>Waikiki Beach<\/strong> 20 Minuten zu Fu\u00df<\/li>\n<\/ul>\n\n\n\n<figure class=\"wp-block-image size-full is-resized\"><img loading=\"lazy\" decoding=\"async\" width=\"640\" height=\"480\" src=\"https:\/\/www.academiaschool.edu\/wp-content\/uploads\/2024\/03\/academia_map-1.jpg\" alt=\"\" class=\"wp-image-965\" style=\"width:739px;height:auto\" srcset=\"https:\/\/www.academiaschool.edu\/wp-content\/uploads\/2024\/03\/academia_map-1.jpg 640w, https:\/\/www.academiaschool.edu\/wp-content\/uploads\/2024\/03\/academia_map-1-300x225.jpg 300w\" sizes=\"auto, (max-width: 640px) 100vw, 640px\" \/><\/figure>\n\n\n\n<p>Au\u00dferdem ist unser Standort im kultigen PAN AM BUILDING in ganz Honolulu bekannt. Das Geb\u00e4ude ist gut gewartet und bietet zuverl\u00e4ssige Sicherheitsvorkehrungen, die eine sichere und saubere Umgebung f\u00fcr unsere Sch\u00fcler gew\u00e4hrleisten.<\/p>\n\n\n<section class=\"b--jinr-block b--jinr-blogcard d--blogcard-hover-up d--blogcard-style1 d--blogcard-mysite t--round \"><div class=\"a--blogcard-label ef\">Related Page<\/div><a class=\"o--blogcard-link t--round\" href=\"https:\/\/www.academiaschool.edu\/de\/gruende-fuer-die-wahl\/\"><div class=\"c--blogcard-image\"><img loading=\"lazy\" decoding=\"async\" class=\"a--blogcard-img-src\" width=\"128\" height=\"72\" src=\"https:\/\/www.academiaschool.edu\/wp-content\/uploads\/2025\/02\/\u540d\u79f0\u672a\u8a2d\u5b9a\u306e\u30c7\u30b6\u30a4\u30f3-7.png\" alt=\"Gr\u00fcnde f\u00fcr die Wahl\" \/><\/div><div class=\"a--blogcard-title d--bold\">Gr\u00fcnde f\u00fcr die Wahl<\/div><\/a><\/section>","protected":false},"excerpt":{"rendered":"<p>Unsere Schule befindet sich in g\u00fcnstiger Lage im Ala Moana Bezirk von Honolulu, Hawaii. Wir sind sowohl von Waikiki als auch von Kakaako aus zu Fu\u00df zu erreichen, was es nicht nur zu einem idealen Ort zum Lernen macht, sondern auch zu einem \u00e4u\u00dferst praktischen Ort zum Leben. Die beliebtesten Str\u00e4nde, Einkaufszentren und Superm\u00e4rkte in [&hellip;]<\/p>\n","protected":false},"author":1,"featured_media":0,"parent":4834,"menu_order":0,"comment_status":"closed","ping_status":"closed","template":"","meta":{"_jinr_url_youtube":"","_jinr_pip_youtube":false,"_jinr_time_youtube":"","_jinr_thumb_youtube":"","_jinr_media_youtube":"","_jinr_category_edit":false,"_jinr_category":"","_jinr_title_display":true,"_jinr_snsbutton_display":false,"_jinr_ads_display":false,"_jinr_thumbnail_display":false,"_jinr_profile_display":false,"_jinr_representations_display":false,"_jinr_relatedpost_display":false,"_jinr_sidebar1col_display":false,"_jinr_sidebar2col_display":false,"_jinr_seotitle_display":"","_jinr_description_display":"","_jinr_keyword_display":"","_jinr_hastag_display":"","_jinr_canonical_display":"","_jinr_noindex_display":false,"_jinr_paidpost":false,"_jinr_paidpost_product_id":"","_jinr_headtag_article":"","footnotes":""},"class_list":["post-4860","page","type-page","status-publish","hentry"],"_links":{"self":[{"href":"https:\/\/www.academiaschool.edu\/de\/wp-json\/wp\/v2\/pages\/4860","targetHints":{"allow":["GET"]}}],"collection":[{"href":"https:\/\/www.academiaschool.edu\/de\/wp-json\/wp\/v2\/pages"}],"about":[{"href":"https:\/\/www.academiaschool.edu\/de\/wp-json\/wp\/v2\/types\/page"}],"author":[{"embeddable":true,"href":"https:\/\/www.academiaschool.edu\/de\/wp-json\/wp\/v2\/users\/1"}],"replies":[{"embeddable":true,"href":"https:\/\/www.academiaschool.edu\/de\/wp-json\/wp\/v2\/comments?post=4860"}],"version-history":[{"count":6,"href":"https:\/\/www.academiaschool.edu\/de\/wp-json\/wp\/v2\/pages\/4860\/revisions"}],"predecessor-version":[{"id":5914,"href":"https:\/\/www.academiaschool.edu\/de\/wp-json\/wp\/v2\/pages\/4860\/revisions\/5914"}],"up":[{"embeddable":true,"href":"https:\/\/www.academiaschool.edu\/de\/wp-json\/wp\/v2\/pages\/4834"}],"wp:attachment":[{"href":"https:\/\/www.academiaschool.edu\/de\/wp-json\/wp\/v2\/media?parent=4860"}],"curies":[{"name":"wp","href":"https:\/\/api.w.org\/{rel}","templated":true}]}}