{"id":4856,"date":"2024-03-20T17:52:13","date_gmt":"2024-03-21T03:52:13","guid":{"rendered":"https:\/\/academia-school.net\/gruende-fuer-die-wahl\/eltern-kind-studium-im-ausland-freundliche-unterstuetzung\/"},"modified":"2024-05-01T19:53:22","modified_gmt":"2024-05-02T05:53:22","slug":"eltern-kind-studium-im-ausland-freundliche-unterstuetzung","status":"publish","type":"page","link":"https:\/\/www.academiaschool.edu\/de\/gruende-fuer-die-wahl\/eltern-kind-studium-im-ausland-freundliche-unterstuetzung\/","title":{"rendered":"Eltern-Kind-Studium im Ausland Freundliche Unterst\u00fctzung"},"content":{"rendered":"\n<section class=\"wp-block-jinr-blocks-fullwidth b--jinr-block b--jinr-fullwidth-container d--top-margin-xs-pc d--bottom-margin-xs-pc d--top-margin-xs-sp d--bottom-margin-xs-sp \"><section class=\"b--jinr-fullwidth d--fullwidth-parallax-off d--fullwidth-deco-bgimage\"><div class=\"a--jinr-fullwidth-image\"><div class=\"a--jinr-fullwidth-image-clip\"><img decoding=\"async\" src=\"https:\/\/www.academiaschool.edu\/wp-content\/uploads\/2024\/03\/\u30b9\u30af\u30ea\u30fc\u30f3\u30b7\u30e7\u30c3\u30c8-2024-03-26-\u5348\u5f8c8.21.16.webp\"\/><\/div><\/div><div class=\"a--jinr-fullwidth-overlay\" style=\"background-color:#222222;opacity:0.15\"><\/div><div class=\"d--fullwidth-100 d--fullwidth-pad40 d--fullwidth-pad0-sp t--main-width\" style=\"color:false\">\n<p class=\"has-text-align-center has-white-color has-text-color has-link-color wp-elements-3abcd0e86850056e84649e8f9c2c7527\"><span class=\"jinr-d--font-size d--fontsize-36px\"><strong><strong>Unterst\u00fctzung f\u00fcr Eltern-Kind-Studien im Ausland<\/strong><\/strong><\/span><\/p>\n<\/div><\/section><\/section>\n\n\n\n<p>ALS sch\u00e4tzt diejenigen, die f\u00fcr ein Eltern-Kind-Studium nach Hawaii kommen und bietet eine Vielzahl von Unterst\u00fctzungsm\u00f6glichkeiten.<\/p>\n\n\n\n<ul class=\"jinr-list wp-block-list\">\n<li>Bequemer Lehrplan<\/li>\n\n\n\n<li>Bequemer Standort f\u00fcr Abholungen und Ablieferungen<\/li>\n\n\n\n<li>Urlaub leicht mit Kinderferien zu koordinieren<\/li>\n\n\n\n<li>Seminare und Informationen zu Erziehung und Schule in den USA<\/li>\n<\/ul>\n\n\n\n<p>Schauen wir uns jede dieser M\u00f6glichkeiten im Detail an.<\/p>\n\n\n\n<h2 class=\"wp-block-heading jinr-heading d--bold\"><strong>Bequemer Lehrplan<\/strong><\/h2>\n\n\n\n<p>Der ALS-Lehrplan ist sehr praktisch f\u00fcr Eltern, die ihre Kinder abgeben und abholen m\u00fcssen.<\/p>\n\n\n\n<p>Viele Studenten an der ALS sind Eltern, die sich um den Transport ihrer Kinder k\u00fcmmern. F\u00fcr den viert\u00e4gigen Wochentagslehrplan gibt es drei Optionen:<\/p>\n\n\n\n<ul class=\"jinr-list wp-block-list\">\n<li>7:40 UHR &#8211; 12:10 UHR<\/li>\n\n\n\n<li>8:45 UHR &#8211; 1:30 UHR<\/li>\n\n\n\n<li>10:00 UHR &#8211; 2:40 UHR<\/li>\n<\/ul>\n\n\n\n<p>Bitte w\u00e4hlen Sie den Zeitplan aus, der am besten zu Ihren Abhol- und R\u00fcckgabeanforderungen passt.<\/p>\n\n\n\n<figure class=\"wp-block-image size-large\"><img loading=\"lazy\" decoding=\"async\" width=\"1024\" height=\"684\" src=\"https:\/\/www.academiaschool.edu\/wp-content\/uploads\/2024\/03\/1_CONVENIENT-CURRICULUM-1-1024x684.png\" alt=\"\" class=\"wp-image-981\" srcset=\"https:\/\/www.academiaschool.edu\/wp-content\/uploads\/2024\/03\/1_CONVENIENT-CURRICULUM-1-1024x684.png 1024w, https:\/\/www.academiaschool.edu\/wp-content\/uploads\/2024\/03\/1_CONVENIENT-CURRICULUM-1-300x200.png 300w, https:\/\/www.academiaschool.edu\/wp-content\/uploads\/2024\/03\/1_CONVENIENT-CURRICULUM-1-768x513.png 768w, https:\/\/www.academiaschool.edu\/wp-content\/uploads\/2024\/03\/1_CONVENIENT-CURRICULUM-1.png 1160w\" sizes=\"auto, (max-width: 1024px) 100vw, 1024px\" \/><\/figure>\n\n\n\n<p>Eltern, die ihre Kinder bis 7 Uhr morgens an einer Privatschule absetzen k\u00f6nnen, k\u00f6nnten sich beispielsweise f\u00fcr die Zeit von 7:40 Uhr bis 12:10 Uhr entscheiden. Diejenigen, deren Kinder eine \u00f6ffentliche Schule besuchen oder die mehrere Kinder haben, die mehr Zeit f\u00fcr das Abholen und Bringen ben\u00f6tigen, k\u00f6nnten sich f\u00fcr die Zeit von 8:45 Uhr bis 13:30 Uhr entscheiden. Eltern \u00e4lterer Kinder, die abends nach Hause kommen, k\u00f6nnten sich f\u00fcr die Zeit von 10:00 Uhr bis 14:40 Uhr entscheiden.<\/p>\n\n\n\n<h2 class=\"wp-block-heading jinr-heading d--bold\"><strong>Bequemer Standort f\u00fcr Abholungen und Ablieferungen<\/strong><\/h2>\n\n\n\n<p>ALS befindet sich in Ala Moana und ist sehr gut erreichbar. Es liegt in der N\u00e4he von Don Quijote und dem Ala Moana Shopping Center, so dass Sie nach dem Unterricht bequem einkaufen k\u00f6nnen.<\/p>\n\n\n\n<figure class=\"wp-block-image size-large\"><img loading=\"lazy\" decoding=\"async\" width=\"1024\" height=\"684\" src=\"https:\/\/www.academiaschool.edu\/wp-content\/uploads\/2024\/03\/2_PRIME-LOCATION-2-1024x684.png\" alt=\"\" class=\"wp-image-982\" srcset=\"https:\/\/www.academiaschool.edu\/wp-content\/uploads\/2024\/03\/2_PRIME-LOCATION-2-1024x684.png 1024w, https:\/\/www.academiaschool.edu\/wp-content\/uploads\/2024\/03\/2_PRIME-LOCATION-2-300x200.png 300w, https:\/\/www.academiaschool.edu\/wp-content\/uploads\/2024\/03\/2_PRIME-LOCATION-2-768x513.png 768w, https:\/\/www.academiaschool.edu\/wp-content\/uploads\/2024\/03\/2_PRIME-LOCATION-2.png 1160w\" sizes=\"auto, (max-width: 1024px) 100vw, 1024px\" \/><\/figure>\n\n\n\n<p>Erreichbarkeit ist f\u00fcr Schulen, die t\u00e4glich pendeln, entscheidend.<\/p>\n\n\n\n<h2 class=\"wp-block-heading jinr-heading d--bold\"><strong>Urlaub leicht mit Kinderferien zu koordinieren<\/strong><\/h2>\n\n\n\n<p>Das ALS-Urlaubssystem ist auch f\u00fcr Eltern mit Kindern sehr praktisch.<\/p>\n\n\n\n<figure class=\"wp-block-image size-large\"><img loading=\"lazy\" decoding=\"async\" width=\"1024\" height=\"684\" src=\"https:\/\/www.academiaschool.edu\/wp-content\/uploads\/2024\/03\/3_VACATION-SCHEDULES-THAT-ALIGN-WITH-CHILDRENS-BREAKS-1-1024x684.png\" alt=\"\" class=\"wp-image-983\" srcset=\"https:\/\/www.academiaschool.edu\/wp-content\/uploads\/2024\/03\/3_VACATION-SCHEDULES-THAT-ALIGN-WITH-CHILDRENS-BREAKS-1-1024x684.png 1024w, https:\/\/www.academiaschool.edu\/wp-content\/uploads\/2024\/03\/3_VACATION-SCHEDULES-THAT-ALIGN-WITH-CHILDRENS-BREAKS-1-300x200.png 300w, https:\/\/www.academiaschool.edu\/wp-content\/uploads\/2024\/03\/3_VACATION-SCHEDULES-THAT-ALIGN-WITH-CHILDRENS-BREAKS-1-768x513.png 768w, https:\/\/www.academiaschool.edu\/wp-content\/uploads\/2024\/03\/3_VACATION-SCHEDULES-THAT-ALIGN-WITH-CHILDRENS-BREAKS-1.png 1160w\" sizes=\"auto, (max-width: 1024px) 100vw, 1024px\" \/><\/figure>\n\n\n\n<p>Viele Eltern m\u00f6chten vielleicht w\u00e4hrend der Sommerferien mit ihren Kindern nach Japan zur\u00fcckkehren.<\/p>\n\n\n\n<p>Solche Eltern k\u00f6nnten in Erw\u00e4gung ziehen, einen ein- bis zweimonatigen Urlaub zu nehmen. Mit der richtigen Vorbereitung und Vorgehensweise ist es m\u00f6glich, einen Urlaub zu nehmen, der auf die Sommerferien der Kinder abgestimmt ist.<\/p>\n\n\n\n<h2 class=\"wp-block-heading jinr-heading d--bold\"><strong>Seminare und Informationen zu Erziehung und Schule in den USA<\/strong><\/h2>\n\n\n\n<p>Wir veranstalten Seminare und informieren \u00fcber die Vorbereitung auf eine weiterf\u00fchrende Ausbildung und die Risiken, die von Kindern ausgehen, wie z.B. Drogen und Kriminalit\u00e4t, und richten uns an Eltern, die erw\u00e4gen, ihre Kinder in den USA zu erziehen und zur Schule zu schicken.<\/p>\n\n\n\n<p>Experten geben detaillierte Erkl\u00e4rungen zu den neuesten Erziehungstrends, zur sicheren Erziehung in einer gesch\u00fctzten Umgebung und zu effektiven Strategien f\u00fcr die weitere Ausbildung. Ziel ist es, das Verst\u00e4ndnis der Eltern f\u00fcr die Herausforderungen zu vertiefen, mit denen sie konfrontiert werden k\u00f6nnten, und ihre Kinder auf dem Weg zum Erfolg zu unterst\u00fctzen.<\/p>\n\n\n\n<p>Im folgenden Seminar laden wir zum Beispiel externe Experten ein, um \u00fcber sichere Elternschaft in den USA, die Rolle der M\u00fctter und die Schwerpunkte auf der Grundlage der aktuellen Bewertungskriterien der Harvard University zu diskutieren. Nach dem Seminar findet in der Mittagspause eine Networking-Veranstaltung f\u00fcr Studenten statt.<\/p>\n\n\n\n<figure class=\"wp-block-image size-large\"><img loading=\"lazy\" decoding=\"async\" width=\"704\" height=\"1024\" src=\"https:\/\/www.academiaschool.edu\/wp-content\/uploads\/2024\/03\/Japanese-Dept-6-704x1024.png\" alt=\"\" class=\"wp-image-979\" srcset=\"https:\/\/www.academiaschool.edu\/wp-content\/uploads\/2024\/03\/Japanese-Dept-6-704x1024.png 704w, https:\/\/www.academiaschool.edu\/wp-content\/uploads\/2024\/03\/Japanese-Dept-6-206x300.png 206w, https:\/\/www.academiaschool.edu\/wp-content\/uploads\/2024\/03\/Japanese-Dept-6-768x1117.png 768w, https:\/\/www.academiaschool.edu\/wp-content\/uploads\/2024\/03\/Japanese-Dept-6-1056x1536.png 1056w, https:\/\/www.academiaschool.edu\/wp-content\/uploads\/2024\/03\/Japanese-Dept-6.png 1375w\" sizes=\"auto, (max-width: 704px) 100vw, 704px\" \/><\/figure>\n\n\n\n<p>Wenn Sie auf Hawaii studieren oder ein Eltern-Kind-Studium im Ausland in Erw\u00e4gung ziehen, k\u00f6nnen Sie uns gerne kontaktieren.<\/p>\n\n\n<section class='b--jinr-block b--jinr-button   js--scr-animation block_d23b40eb-3b76-43e7-aa4e-673596de6e81'>\n\t\t\t\t\t<div class=\"o--button-inner d--button-type4 d--button-outline d--button-outline-hover-halftransparent  d--button-center\"><span class=\"a--button-hover\"><a href=\"\"><span><strong>Contact Form<\/strong><\/span><\/a><\/span><\/div>\n\t\t\t\t<\/section>\n\n<section class=\"b--jinr-block b--jinr-blogcard d--blogcard-hover-up d--blogcard-style1 d--blogcard-mysite t--round \"><div class=\"a--blogcard-label ef\">Related Page<\/div><a class=\"o--blogcard-link t--round\" href=\"https:\/\/www.academiaschool.edu\/de\/gruende-fuer-die-wahl\/\"><div class=\"c--blogcard-image\"><img loading=\"lazy\" decoding=\"async\" class=\"a--blogcard-img-src\" width=\"128\" height=\"72\" src=\"https:\/\/www.academiaschool.edu\/wp-content\/uploads\/2025\/02\/\u540d\u79f0\u672a\u8a2d\u5b9a\u306e\u30c7\u30b6\u30a4\u30f3-7.png\" alt=\"Gr\u00fcnde f\u00fcr die Wahl\" \/><\/div><div class=\"a--blogcard-title d--bold\">Gr\u00fcnde f\u00fcr die Wahl<\/div><\/a><\/section>","protected":false},"excerpt":{"rendered":"<p>ALS sch\u00e4tzt diejenigen, die f\u00fcr ein Eltern-Kind-Studium nach Hawaii kommen und bietet eine Vielzahl von Unterst\u00fctzungsm\u00f6glichkeiten. Schauen wir uns jede dieser M\u00f6glichkeiten im Detail an. Bequemer Lehrplan Der ALS-Lehrplan ist sehr praktisch f\u00fcr Eltern, die ihre Kinder abgeben und abholen m\u00fcssen. Viele Studenten an der ALS sind Eltern, die sich um den Transport ihrer Kinder [&hellip;]<\/p>\n","protected":false},"author":1,"featured_media":0,"parent":4834,"menu_order":0,"comment_status":"closed","ping_status":"closed","template":"","meta":{"_jinr_url_youtube":"","_jinr_pip_youtube":false,"_jinr_time_youtube":"","_jinr_thumb_youtube":"","_jinr_media_youtube":"","_jinr_category_edit":false,"_jinr_category":"","_jinr_title_display":true,"_jinr_snsbutton_display":false,"_jinr_ads_display":false,"_jinr_thumbnail_display":false,"_jinr_profile_display":false,"_jinr_representations_display":false,"_jinr_relatedpost_display":false,"_jinr_sidebar1col_display":false,"_jinr_sidebar2col_display":false,"_jinr_seotitle_display":"","_jinr_description_display":"","_jinr_keyword_display":"","_jinr_hastag_display":"","_jinr_canonical_display":"","_jinr_noindex_display":false,"_jinr_paidpost":false,"_jinr_paidpost_product_id":"","_jinr_headtag_article":"","footnotes":""},"class_list":["post-4856","page","type-page","status-publish","hentry"],"_links":{"self":[{"href":"https:\/\/www.academiaschool.edu\/de\/wp-json\/wp\/v2\/pages\/4856","targetHints":{"allow":["GET"]}}],"collection":[{"href":"https:\/\/www.academiaschool.edu\/de\/wp-json\/wp\/v2\/pages"}],"about":[{"href":"https:\/\/www.academiaschool.edu\/de\/wp-json\/wp\/v2\/types\/page"}],"author":[{"embeddable":true,"href":"https:\/\/www.academiaschool.edu\/de\/wp-json\/wp\/v2\/users\/1"}],"replies":[{"embeddable":true,"href":"https:\/\/www.academiaschool.edu\/de\/wp-json\/wp\/v2\/comments?post=4856"}],"version-history":[{"count":4,"href":"https:\/\/www.academiaschool.edu\/de\/wp-json\/wp\/v2\/pages\/4856\/revisions"}],"predecessor-version":[{"id":5895,"href":"https:\/\/www.academiaschool.edu\/de\/wp-json\/wp\/v2\/pages\/4856\/revisions\/5895"}],"up":[{"embeddable":true,"href":"https:\/\/www.academiaschool.edu\/de\/wp-json\/wp\/v2\/pages\/4834"}],"wp:attachment":[{"href":"https:\/\/www.academiaschool.edu\/de\/wp-json\/wp\/v2\/media?parent=4856"}],"curies":[{"name":"wp","href":"https:\/\/api.w.org\/{rel}","templated":true}]}}