{"id":4852,"date":"2024-03-25T06:34:04","date_gmt":"2024-03-25T16:34:04","guid":{"rendered":"https:\/\/academia-school.net\/gruende-fuer-die-wahl\/kostenguenstig-commitment-and-secrets\/"},"modified":"2024-05-01T19:49:37","modified_gmt":"2024-05-02T05:49:37","slug":"kostenguenstig-commitment-and-secrets","status":"publish","type":"page","link":"https:\/\/www.academiaschool.edu\/de\/gruende-fuer-die-wahl\/kostenguenstig-commitment-and-secrets\/","title":{"rendered":"Kosteng\u00fcnstig! Commitment and Secrets"},"content":{"rendered":"\n<section class=\"wp-block-jinr-blocks-fullwidth b--jinr-block b--jinr-fullwidth-container d--top-margin-xs-pc d--bottom-margin-xs-pc d--top-margin-xs-sp d--bottom-margin-xs-sp \"><section class=\"b--jinr-fullwidth d--fullwidth-parallax-off d--fullwidth-deco-bgimage\"><div class=\"a--jinr-fullwidth-image\"><div class=\"a--jinr-fullwidth-image-clip\"><img decoding=\"async\" src=\"https:\/\/www.academiaschool.edu\/wp-content\/uploads\/2024\/03\/\u30b9\u30af\u30ea\u30fc\u30f3\u30b7\u30e7\u30c3\u30c8-2024-03-26-\u5348\u5f8c8.21.16.webp\"\/><\/div><\/div><div class=\"a--jinr-fullwidth-overlay\" style=\"background-color:#222222;opacity:0.15\"><\/div><div class=\"d--fullwidth-100 d--fullwidth-pad40 d--fullwidth-pad0-sp t--main-width\" style=\"color:false\">\n<p class=\"has-text-align-center has-white-color has-text-color has-link-color wp-elements-ce41739116bfd9949c7a6d283ca42268\"><span class=\"jinr-d--font-size d--fontsize-36px\"><strong><strong>Kosteng\u00fcnstig! Engagement und Geheimnisse<\/strong><\/strong><\/span><\/p>\n<\/div><\/section><\/section>\n\n\n\n<h2 class=\"wp-block-heading jinr-heading d--bold\"><strong>Kosteng\u00fcnstig! Engagement und Geheimnisse<\/strong><\/h2>\n\n\n\n<p>Wir sind bestrebt, jedem Sch\u00fcler die beste Lernumgebung zu bieten und gleichzeitig die Kosten so niedrig wie m\u00f6glich zu halten. Um dies zu erreichen, haben wir mehrere besondere und geheime Initiativen durchgef\u00fchrt.<\/p>\n\n\n\n<h3 class=\"wp-block-heading jinr-heading d--bold\"><strong>Unser Engagement<\/strong><\/h3>\n\n\n\n<section class=\"wp-block-jinr-blocks-simplebox b--jinr-block-container\"><div class=\"b--jinr-block b--jinr-box d--simple-box5  \"><div class=\"c--simple-box-inner\">\n<p class=\"has-text-align-center\"><strong>Student-First-Preise<\/strong><\/p>\n<\/div><\/div><\/section>\n\n\n\n<p>Unser gr\u00f6\u00dftes Anliegen ist es, die Preise so niedrig wie m\u00f6glich zu halten, damit sich die Studenten auf ihr Sprachstudium konzentrieren und das Leben in Hawaii mit minimaler finanzieller Belastung genie\u00dfen k\u00f6nnen. Trotz der Schwierigkeiten, die das Leben mit der Inflation in den Vereinigten Staaten mit sich bringt, m\u00f6chten wir unsere Preise f\u00fcr alle zug\u00e4nglich machen. Zu diesem Zweck f\u00fchren wir verschiedene Kostensenkungsma\u00dfnahmen durch, deren Ergebnisse sich alle in der Senkung der Studiengeb\u00fchren niederschlagen.<\/p>\n\n\n\n<h3 class=\"wp-block-heading jinr-heading d--bold\"><strong>Unsere Geheimnisse<\/strong><\/h3>\n\n\n\n<h4 class=\"wp-block-heading jinr-heading d--bold\"><strong>Intelligente Raumausnutzung<\/strong><\/h4>\n\n\n\n<p>Wenn Sie unsere Schule zum ersten Mal besuchen, werden Sie vielleicht \u00fcberrascht sein, wie kompakt sie ist. Normalerweise erfordert der Schulbetrieb Personalr\u00e4ume und riesige B\u00fcror\u00e4ume, aber wir haben hier eine Neuerung eingef\u00fchrt. Durch den Wegfall von Personalr\u00e4umen und die Minimierung von Empfangs- und B\u00fcrofl\u00e4chen k\u00f6nnen wir mehr Mittel f\u00fcr die Verbesserung der Bildungsqualit\u00e4t und die Senkung der Studiengeb\u00fchren bereitstellen.<\/p>\n\n\n\n<h4 class=\"wp-block-heading jinr-heading d--bold\"><strong>Effizientes operatives Modell<\/strong><\/h4>\n\n\n\n<p>Durch den Einsatz modernster Technologie zur Digitalisierung und Automatisierung von Verwaltungsaufgaben konnten wir die Betriebskosten senken. Dadurch k\u00f6nnen wir die Personal- und sonstigen Betriebskosten niedrig halten, was uns in die Lage versetzt, branchenf\u00fchrend niedrige Studiengeb\u00fchren anzubieten.<\/p>\n\n\n\n<h3 class=\"wp-block-heading jinr-heading d--bold\">Investieren Sie in Ihre Zukunft<\/h3>\n\n\n\n<p>In unserer Sprachschule finden wir zwar immer wieder Wege, die Kosten zu senken, aber wir machen keine Kompromisse bei der Qualit\u00e4t der Ausbildung. Hochwertiger Unterricht von erfahrenen Lehrern, umfassende Lernunterst\u00fctzung und eine herzliche Gemeinschaft &#8211; all das finden Sie hier. Mit unserem Engagement und unseren Geheimnissen unterst\u00fctzen wir Sie voll und ganz dabei, Ihren Tr\u00e4umen und Zielen durch das Erlernen von Sprachen einen Schritt n\u00e4her zu kommen.<\/p>\n\n\n\n<p>Wir hoffen, dass Sie unsere Schule f\u00fcr Ihren Sprachaufenthalt w\u00e4hlen. Lassen Sie uns gemeinsam lernen, wachsen und eine neue Welt erschlie\u00dfen.<\/p>\n\n\n<section class=\"b--jinr-block b--jinr-blogcard d--blogcard-hover-up d--blogcard-style1 d--blogcard-mysite t--round \"><div class=\"a--blogcard-label ef\">Related Page<\/div><a class=\"o--blogcard-link t--round\" href=\"https:\/\/www.academiaschool.edu\/de\/gruende-fuer-die-wahl\/\"><div class=\"c--blogcard-image\"><img loading=\"lazy\" decoding=\"async\" class=\"a--blogcard-img-src\" width=\"128\" height=\"72\" src=\"https:\/\/www.academiaschool.edu\/wp-content\/uploads\/2025\/02\/\u540d\u79f0\u672a\u8a2d\u5b9a\u306e\u30c7\u30b6\u30a4\u30f3-7.png\" alt=\"Gr\u00fcnde f\u00fcr die Wahl\" \/><\/div><div class=\"a--blogcard-title d--bold\">Gr\u00fcnde f\u00fcr die Wahl<\/div><\/a><\/section>","protected":false},"excerpt":{"rendered":"<p>Kosteng\u00fcnstig! Engagement und Geheimnisse Wir sind bestrebt, jedem Sch\u00fcler die beste Lernumgebung zu bieten und gleichzeitig die Kosten so niedrig wie m\u00f6glich zu halten. Um dies zu erreichen, haben wir mehrere besondere und geheime Initiativen durchgef\u00fchrt. Unser Engagement Unser gr\u00f6\u00dftes Anliegen ist es, die Preise so niedrig wie m\u00f6glich zu halten, damit sich die Studenten [&hellip;]<\/p>\n","protected":false},"author":1,"featured_media":0,"parent":4834,"menu_order":0,"comment_status":"closed","ping_status":"closed","template":"","meta":{"_jinr_url_youtube":"","_jinr_pip_youtube":false,"_jinr_time_youtube":"","_jinr_thumb_youtube":"","_jinr_media_youtube":"","_jinr_category_edit":false,"_jinr_category":"","_jinr_title_display":true,"_jinr_snsbutton_display":false,"_jinr_ads_display":false,"_jinr_thumbnail_display":false,"_jinr_profile_display":false,"_jinr_representations_display":false,"_jinr_relatedpost_display":false,"_jinr_sidebar1col_display":false,"_jinr_sidebar2col_display":false,"_jinr_seotitle_display":"","_jinr_description_display":"","_jinr_keyword_display":"","_jinr_hastag_display":"","_jinr_canonical_display":"","_jinr_noindex_display":false,"_jinr_paidpost":false,"_jinr_paidpost_product_id":"","_jinr_headtag_article":"","footnotes":""},"class_list":["post-4852","page","type-page","status-publish","hentry"],"_links":{"self":[{"href":"https:\/\/www.academiaschool.edu\/de\/wp-json\/wp\/v2\/pages\/4852","targetHints":{"allow":["GET"]}}],"collection":[{"href":"https:\/\/www.academiaschool.edu\/de\/wp-json\/wp\/v2\/pages"}],"about":[{"href":"https:\/\/www.academiaschool.edu\/de\/wp-json\/wp\/v2\/types\/page"}],"author":[{"embeddable":true,"href":"https:\/\/www.academiaschool.edu\/de\/wp-json\/wp\/v2\/users\/1"}],"replies":[{"embeddable":true,"href":"https:\/\/www.academiaschool.edu\/de\/wp-json\/wp\/v2\/comments?post=4852"}],"version-history":[{"count":4,"href":"https:\/\/www.academiaschool.edu\/de\/wp-json\/wp\/v2\/pages\/4852\/revisions"}],"predecessor-version":[{"id":5893,"href":"https:\/\/www.academiaschool.edu\/de\/wp-json\/wp\/v2\/pages\/4852\/revisions\/5893"}],"up":[{"embeddable":true,"href":"https:\/\/www.academiaschool.edu\/de\/wp-json\/wp\/v2\/pages\/4834"}],"wp:attachment":[{"href":"https:\/\/www.academiaschool.edu\/de\/wp-json\/wp\/v2\/media?parent=4852"}],"curies":[{"name":"wp","href":"https:\/\/api.w.org\/{rel}","templated":true}]}}