{"id":4848,"date":"2024-03-25T16:00:46","date_gmt":"2024-03-26T02:00:46","guid":{"rendered":"https:\/\/academia-school.net\/gruende-fuer-die-wahl\/hawaiis-einziger-4-tage-wochenkurs\/"},"modified":"2024-05-01T19:50:26","modified_gmt":"2024-05-02T05:50:26","slug":"hawaiis-einziger-4-tage-wochenkurs","status":"publish","type":"page","link":"https:\/\/www.academiaschool.edu\/de\/gruende-fuer-die-wahl\/hawaiis-einziger-4-tage-wochenkurs\/","title":{"rendered":"Hawaiis einziger 4-Tage-Wochenkurs"},"content":{"rendered":"\n<section class=\"wp-block-jinr-blocks-fullwidth b--jinr-block b--jinr-fullwidth-container d--top-margin-xs-pc d--bottom-margin-xs-pc d--top-margin-xs-sp d--bottom-margin-xs-sp \"><section class=\"b--jinr-fullwidth d--fullwidth-parallax-off d--fullwidth-deco-bgimage\"><div class=\"a--jinr-fullwidth-image\"><div class=\"a--jinr-fullwidth-image-clip\"><img decoding=\"async\" src=\"https:\/\/www.academiaschool.edu\/wp-content\/uploads\/2024\/03\/\u30b9\u30af\u30ea\u30fc\u30f3\u30b7\u30e7\u30c3\u30c8-2024-03-26-\u5348\u5f8c8.21.16.webp\"\/><\/div><\/div><div class=\"a--jinr-fullwidth-overlay\" style=\"background-color:#222222;opacity:0.15\"><\/div><div class=\"d--fullwidth-100 d--fullwidth-pad40 d--fullwidth-pad0-sp t--main-width\" style=\"color:false\">\n<p class=\"has-text-align-center has-white-color has-text-color has-link-color wp-elements-e6dd0601df1d61139e4299f8e6580a97\"><span class=\"jinr-d--font-size d--fontsize-36px\"><strong><strong>Hawaiis einziger 4-Tage-Wochenkurs<\/strong><\/strong><\/span><\/p>\n<\/div><\/section><\/section>\n\n\n\n<h2 class=\"wp-block-heading jinr-heading d--bold\"><strong>Hawaiis einziger 4-Tage-Wochenkurs<\/strong><\/h2>\n\n\n\n<p>Unsere Schule bietet einen einzigartigen ESL-Lehrplan an, der die Anforderungen des F1-Visums erf\u00fcllt und an nur vier Tagen pro Woche besucht werden kann.<\/p>\n\n\n\n<p>Die Studenten k\u00f6nnen 20 Stunden pro Woche absolvieren, indem sie von Montag bis Donnerstag jeden Morgen f\u00fcnf Stunden am Unterricht teilnehmen.<\/p>\n\n\n\n<p>Dieser Zeitplan erm\u00f6glicht es allen Studenten mit einem F-Visum, auch denen mit Kindern, an vier Tagen in der Woche den Unterricht zu besuchen, und zwar vormittags.<\/p>\n\n\n\n<p>Beliebte Reiseziele wie die North Shore sind an Wochenenden oft sehr \u00fcberf\u00fcllt, was ebenfalls ein gro\u00dfer touristischer Vorteil ist.<\/p>\n\n\n\n<p>Wenn Sie von Montag bis Donnerstag intensiv lernen und freitags frei haben, k\u00f6nnen Sie ein erf\u00fclltes Leben auf Hawaii genie\u00dfen.<\/p>\n\n\n\n<figure class=\"wp-block-image size-large\"><img loading=\"lazy\" decoding=\"async\" width=\"1024\" height=\"315\" src=\"https:\/\/www.academiaschool.edu\/wp-content\/uploads\/2024\/03\/\u30b9\u30af\u30ea\u30fc\u30f3\u30b7\u30e7\u30c3\u30c8-2024-02-04-22.18.10-1024x315.png\" alt=\"\u30ab\u30ea\u30ad\u30e5\u30e9\u30e0\u30b5\u30f3\u30d7\u30eb\" class=\"wp-image-972\" srcset=\"https:\/\/www.academiaschool.edu\/wp-content\/uploads\/2024\/03\/\u30b9\u30af\u30ea\u30fc\u30f3\u30b7\u30e7\u30c3\u30c8-2024-02-04-22.18.10-1024x315.png 1024w, https:\/\/www.academiaschool.edu\/wp-content\/uploads\/2024\/03\/\u30b9\u30af\u30ea\u30fc\u30f3\u30b7\u30e7\u30c3\u30c8-2024-02-04-22.18.10-300x92.png 300w, https:\/\/www.academiaschool.edu\/wp-content\/uploads\/2024\/03\/\u30b9\u30af\u30ea\u30fc\u30f3\u30b7\u30e7\u30c3\u30c8-2024-02-04-22.18.10-768x236.png 768w, https:\/\/www.academiaschool.edu\/wp-content\/uploads\/2024\/03\/\u30b9\u30af\u30ea\u30fc\u30f3\u30b7\u30e7\u30c3\u30c8-2024-02-04-22.18.10-1536x472.png 1536w, https:\/\/www.academiaschool.edu\/wp-content\/uploads\/2024\/03\/\u30b9\u30af\u30ea\u30fc\u30f3\u30b7\u30e7\u30c3\u30c8-2024-02-04-22.18.10-2048x629.png 2048w\" sizes=\"auto, (max-width: 1024px) 100vw, 1024px\" \/><\/figure>\n\n\n\n<h3 class=\"wp-block-heading jinr-heading d--bold\"><strong>F\u00fcnf Tage pro Woche<\/strong><\/h3>\n\n\n\n<p>Wir bieten freitags Lernm\u00f6glichkeiten an, so dass diejenigen, die jeden Wochentag Englisch lernen m\u00f6chten, dies an f\u00fcnf Tagen in der Woche tun k\u00f6nnen.<\/p>\n\n\n\n<h3 class=\"wp-block-heading jinr-heading d--bold\"><strong>Flexible Unterrichtsbeginnzeiten<\/strong><\/h3>\n\n\n\n<p>Inhaber eines F1-Visums k\u00f6nnen an unserer Schule zwischen drei verschiedenen Unterrichtsbeginnzeiten w\u00e4hlen:<\/p>\n\n\n\n<ul class=\"jinr-list wp-block-list\">\n<li>7:40 AM<\/li>\n\n\n\n<li>8:45 AM<\/li>\n\n\n\n<li>10:00 AM<\/li>\n<\/ul>\n\n\n\n<p>Studenten mit anderen Visa haben f\u00fcnf M\u00f6glichkeiten:<\/p>\n\n\n\n<ul class=\"jinr-list wp-block-list\">\n<li>7:40 AM<\/li>\n\n\n\n<li>8:45 AM<\/li>\n\n\n\n<li>10:00 AM<\/li>\n\n\n\n<li>11:05 AM<\/li>\n\n\n\n<li>12:30 UHR<\/li>\n<\/ul>\n\n\n\n<h3 class=\"wp-block-heading jinr-heading d--bold\"><strong>Abholung und R\u00fcckgabe von Kindern m\u00f6glich<\/strong><\/h3>\n\n\n\n<p>Viele ALS-Studenten sind Eltern, die ihre Kinder abholen und absetzen m\u00fcssen. Unser viert\u00e4giger Wochentags-Lehrplan bietet drei Optionen f\u00fcr den Stundenplan:<\/p>\n\n\n\n<ul class=\"jinr-list wp-block-list\">\n<li>7:40 UHR &#8211; 12:10 UHR<\/li>\n\n\n\n<li>8:45 UHR &#8211; 1:30 UHR<\/li>\n\n\n\n<li>10:00 UHR &#8211; 2:40 UHR<\/li>\n<\/ul>\n\n\n\n<p>Bitte w\u00e4hlen Sie den Fahrplan, der Ihren Bed\u00fcrfnissen f\u00fcr den Transport Ihrer Kinder am besten entspricht. Wenn Sie Ihre Kinder nach Ihrem eigenen Zeitplan abholen und zur\u00fcckbringen m\u00f6chten, lesen Sie bitte auch die Seite unten.<\/p>\n\n\n<section class=\"b--jinr-block b--jinr-blogcard d--blogcard-hover-up d--blogcard-style1 d--blogcard-mysite t--round \"><div class=\"a--blogcard-label ef\">Related Page<\/div><a class=\"o--blogcard-link t--round\" href=\"https:\/\/www.academiaschool.edu\/de\/gruende-fuer-die-wahl\/eltern-kind-studium-im-ausland-freundliche-unterstuetzung\/\"><div class=\"c--blogcard-image\"><img loading=\"lazy\" decoding=\"async\" class=\"a--blogcard-img-src\" width=\"128\" height=\"72\" src=\"https:\/\/www.academiaschool.edu\/wp-content\/uploads\/2025\/02\/\u540d\u79f0\u672a\u8a2d\u5b9a\u306e\u30c7\u30b6\u30a4\u30f3-7.png\" alt=\"Eltern-Kind-Studium im Ausland Freundliche Unterst\u00fctzung\" \/><\/div><div class=\"a--blogcard-title d--bold\">Eltern-Kind-Studium im Ausland Freundliche Unterst\u00fctzung<\/div><\/a><\/section>\n\n\n<p>Wenn Sie Fragen haben, wenden Sie sich bitte an das ALS-B\u00fcro.<\/p>\n\n\n<section class=\"b--jinr-block b--jinr-blogcard d--blogcard-hover-up d--blogcard-style1 d--blogcard-mysite t--round \"><div class=\"a--blogcard-label ef\">Related Page<\/div><a class=\"o--blogcard-link t--round\" href=\"https:\/\/www.academiaschool.edu\/de\/gruende-fuer-die-wahl\/\"><div class=\"c--blogcard-image\"><img loading=\"lazy\" decoding=\"async\" class=\"a--blogcard-img-src\" width=\"128\" height=\"72\" src=\"https:\/\/www.academiaschool.edu\/wp-content\/uploads\/2025\/02\/\u540d\u79f0\u672a\u8a2d\u5b9a\u306e\u30c7\u30b6\u30a4\u30f3-7.png\" alt=\"Gr\u00fcnde f\u00fcr die Wahl\" \/><\/div><div class=\"a--blogcard-title d--bold\">Gr\u00fcnde f\u00fcr die Wahl<\/div><\/a><\/section>","protected":false},"excerpt":{"rendered":"<p>Hawaiis einziger 4-Tage-Wochenkurs Unsere Schule bietet einen einzigartigen ESL-Lehrplan an, der die Anforderungen des F1-Visums erf\u00fcllt und an nur vier Tagen pro Woche besucht werden kann. Die Studenten k\u00f6nnen 20 Stunden pro Woche absolvieren, indem sie von Montag bis Donnerstag jeden Morgen f\u00fcnf Stunden am Unterricht teilnehmen. Dieser Zeitplan erm\u00f6glicht es allen Studenten mit einem [&hellip;]<\/p>\n","protected":false},"author":1,"featured_media":0,"parent":4834,"menu_order":0,"comment_status":"closed","ping_status":"closed","template":"","meta":{"_jinr_url_youtube":"","_jinr_pip_youtube":false,"_jinr_time_youtube":"","_jinr_thumb_youtube":"","_jinr_media_youtube":"","_jinr_category_edit":false,"_jinr_category":"","_jinr_title_display":true,"_jinr_snsbutton_display":false,"_jinr_ads_display":false,"_jinr_thumbnail_display":false,"_jinr_profile_display":false,"_jinr_representations_display":false,"_jinr_relatedpost_display":false,"_jinr_sidebar1col_display":false,"_jinr_sidebar2col_display":false,"_jinr_seotitle_display":"","_jinr_description_display":"","_jinr_keyword_display":"","_jinr_hastag_display":"","_jinr_canonical_display":"","_jinr_noindex_display":false,"_jinr_paidpost":false,"_jinr_paidpost_product_id":"","_jinr_headtag_article":"","footnotes":""},"class_list":["post-4848","page","type-page","status-publish","hentry"],"_links":{"self":[{"href":"https:\/\/www.academiaschool.edu\/de\/wp-json\/wp\/v2\/pages\/4848","targetHints":{"allow":["GET"]}}],"collection":[{"href":"https:\/\/www.academiaschool.edu\/de\/wp-json\/wp\/v2\/pages"}],"about":[{"href":"https:\/\/www.academiaschool.edu\/de\/wp-json\/wp\/v2\/types\/page"}],"author":[{"embeddable":true,"href":"https:\/\/www.academiaschool.edu\/de\/wp-json\/wp\/v2\/users\/1"}],"replies":[{"embeddable":true,"href":"https:\/\/www.academiaschool.edu\/de\/wp-json\/wp\/v2\/comments?post=4848"}],"version-history":[{"count":4,"href":"https:\/\/www.academiaschool.edu\/de\/wp-json\/wp\/v2\/pages\/4848\/revisions"}],"predecessor-version":[{"id":5894,"href":"https:\/\/www.academiaschool.edu\/de\/wp-json\/wp\/v2\/pages\/4848\/revisions\/5894"}],"up":[{"embeddable":true,"href":"https:\/\/www.academiaschool.edu\/de\/wp-json\/wp\/v2\/pages\/4834"}],"wp:attachment":[{"href":"https:\/\/www.academiaschool.edu\/de\/wp-json\/wp\/v2\/media?parent=4848"}],"curies":[{"name":"wp","href":"https:\/\/api.w.org\/{rel}","templated":true}]}}