{"id":4840,"date":"2024-03-20T17:48:57","date_gmt":"2024-03-21T03:48:57","guid":{"rendered":"https:\/\/academia-school.net\/gruende-fuer-die-wahl\/erfahrene-fakultaet\/"},"modified":"2024-05-01T19:54:26","modified_gmt":"2024-05-02T05:54:26","slug":"erfahrene-fakultaet","status":"publish","type":"page","link":"https:\/\/www.academiaschool.edu\/de\/gruende-fuer-die-wahl\/erfahrene-fakultaet\/","title":{"rendered":"Erfahrene Fakult\u00e4t"},"content":{"rendered":"\n<section class=\"wp-block-jinr-blocks-fullwidth b--jinr-block b--jinr-fullwidth-container d--top-margin-xs-pc d--bottom-margin-xs-pc d--top-margin-xs-sp d--bottom-margin-xs-sp \"><section class=\"b--jinr-fullwidth d--fullwidth-parallax-off d--fullwidth-deco-bgimage\"><div class=\"a--jinr-fullwidth-image\"><div class=\"a--jinr-fullwidth-image-clip\"><img decoding=\"async\" src=\"https:\/\/www.academiaschool.edu\/wp-content\/uploads\/2024\/03\/\u30b9\u30af\u30ea\u30fc\u30f3\u30b7\u30e7\u30c3\u30c8-2024-03-26-\u5348\u5f8c8.21.16.webp\"\/><\/div><\/div><div class=\"a--jinr-fullwidth-overlay\" style=\"background-color:#222222;opacity:0.15\"><\/div><div class=\"d--fullwidth-100 d--fullwidth-pad40 d--fullwidth-pad0-sp t--main-width\" style=\"color:false\">\n<p class=\"has-text-align-center has-white-color has-text-color has-link-color wp-elements-aa1d115341368872e23e7d729040dc4f\"><span class=\"jinr-d--font-size d--fontsize-36px\"><strong><strong>Erfahrene Fakult\u00e4t<\/strong><\/strong><\/span><\/p>\n<\/div><\/section><\/section>\n\n\n\n<p>Unsere Lehrkr\u00e4fte lieben diese Schule und ihre Sch\u00fcler wirklich, und sie unterrichten jeden Tag mit Aufrichtigkeit und Begeisterung. Viele unserer Lehrer sind schon seit \u00fcber zehn Jahren bei uns, was eine unserer St\u00e4rken ist. Diese lange Betriebszugeh\u00f6rigkeit spiegelt ihre gro\u00dfe Erfahrung und ihr Engagement wider und erm\u00f6glicht es uns, qualitativ hochwertigen Englischunterricht anzubieten. Hier stellen wir Ihnen einige unserer engagierten Ausbilder vor.<\/p>\n\n\n\n<h2 class=\"wp-block-heading jinr-heading d--bold\"><strong>LARRY : Direktor der Sprachprogramme<\/strong><\/h2>\n\n\n\n<div class=\"wp-block-media-text is-stacked-on-mobile is-vertically-aligned-top\" style=\"grid-template-columns:24% auto\"><figure class=\"wp-block-media-text__media\"><img loading=\"lazy\" decoding=\"async\" width=\"155\" height=\"222\" src=\"https:\/\/www.academiaschool.edu\/wp-content\/uploads\/2024\/03\/Larry1-e1711352084764.jpg\" alt=\"Larry\" class=\"wp-image-411 size-full\"\/><\/figure><div class=\"wp-block-media-text__content\">\n<p>Mehrere Jahre lang war Larry Rhodes als Reporter f\u00fcr internationale Angelegenheiten f\u00fcr die Shin&#8217;etsu Broadcasting Company in Japan t\u00e4tig, wo er auch seine eigene Fernsehserie moderierte. Er kam nach Honolulu, um an der University of Hawaii at Manoa zu studieren, lie\u00df sich aber beurlauben, um an der wirtschaftswissenschaftlichen Abteilung der Shinshu Universit\u00e4t zu forschen, um einen Doktortitel in Politikwissenschaften zu erlangen. Dort wurde ihm eine Audienz bei Ihren Majest\u00e4ten, dem Kaiser und der Kaiserin von Japan, gew\u00e4hrt, um die Ergebnisse seiner Forschung zu besprechen, die anschlie\u00dfend ver\u00f6ffentlicht wurden. Zu seinen Ver\u00f6ffentlichungen geh\u00f6ren &#8222;Homeroom Teachers in Japan&#8220;, <em>National Forum: Phi Kappa Phi Journal,<\/em> Winter 1994, und &#8222;From School to Work in Japan&#8220;, <em>Compare,<\/em> Oktober 1996. In j\u00fcngerer Zeit hat er Arbeiten \u00fcber den Nutzen von Satzdiagrammen im ESL-Unterricht in der Zeitschrift <em>The Word<\/em> von Hawaii TESOL ver\u00f6ffentlicht. Da er die Sprache und Kultur eines anderen Landes kennengelernt hat, hat Larry ein gutes Gesp\u00fcr f\u00fcr die Schwierigkeiten, mit denen Studenten konfrontiert sind, die in Amerika leben und Englisch lernen. Als Direktor der Sprachprogramme an der Academia ist er bestrebt, weiterhin Kurse zu entwickeln, die den unterschiedlichen Interessen der vielf\u00e4ltigen Studentenschaft der Schule gerecht werden.<\/p>\n<\/div><\/div>\n\n\n\n<h2 class=\"wp-block-heading jinr-heading d--bold\"><strong>KIMBERLY : Stellvertretende Direktorin f\u00fcr Sprachprogramme<\/strong><\/h2>\n\n\n\n<div class=\"wp-block-media-text is-stacked-on-mobile\" style=\"grid-template-columns:26% auto\"><figure class=\"wp-block-media-text__media\"><img loading=\"lazy\" decoding=\"async\" width=\"170\" height=\"227\" src=\"https:\/\/www.academiaschool.edu\/wp-content\/uploads\/2024\/03\/Kimberly1.jpg\" alt=\"Kimberly\" class=\"wp-image-410 size-full\"\/><\/figure><div class=\"wp-block-media-text__content\">\n<p><br>Kimberly L. wurde in Saginaw, Michigan, geboren. Sie hat einen B.B.A. in Marketing von der Western Michigan University. Kimberly arbeitet seit 1995 an der Schule und ist damit die dienst\u00e4lteste Mitarbeiterin der Academia Language School. Bevor sie ihre derzeitige Position in der Verwaltung \u00fcbernahm, unterrichtete Kimberly viele Jahre lang ESL an der Schule. Obwohl sie nicht behauptet, eine bestimmte Sprache zu beherrschen, ist sie mit mehreren Sprachen vertraut. Zu ihren Interessen geh\u00f6ren Lesen, Backen und die Erziehung ihrer beiden S\u00f6hne.<\/p>\n<\/div><\/div>\n\n\n\n<h2 class=\"wp-block-heading jinr-heading d--bold\"><strong>SEAN : Ausbilder<\/strong><\/h2>\n\n\n\n<div class=\"wp-block-media-text is-stacked-on-mobile\" style=\"grid-template-columns:27% auto\"><figure class=\"wp-block-media-text__media\"><img loading=\"lazy\" decoding=\"async\" width=\"170\" height=\"227\" src=\"https:\/\/www.academiaschool.edu\/wp-content\/uploads\/2024\/03\/Sean1.jpg\" alt=\"Sean\" class=\"wp-image-413 size-full\"\/><\/figure><div class=\"wp-block-media-text__content\">\n<p>Sean Flannagan ist in Kansas geboren und aufgewachsen. Er hat einen B.G.S. in Theater- und Filmwissenschaften von der University of Kansas. Au\u00dferdem hat er eine internationale TEFL-TESOL-Zertifizierung (ITT). Sean ist ein talentierter Autor und war Finalist bei den Screenwriters&#8216; Showcase Awards und Halbfinalist beim Annual Writers Network Screenplay and Fiction Competition. Sean unterrichtete vier Jahre lang Englisch in Japan, bevor er zur Academia Language School kam, und verf\u00fcgt \u00fcber gute Japanischkenntnisse. Zu seinen Hobbys geh\u00f6ren Wandern und Tennis spielen.<\/p>\n<\/div><\/div>\n\n\n\n<h2 class=\"wp-block-heading jinr-heading d--bold\"><strong>CHRISTINE : Ausbilderin<\/strong><\/h2>\n\n\n\n<div class=\"wp-block-media-text is-stacked-on-mobile\" style=\"grid-template-columns:29% auto\"><figure class=\"wp-block-media-text__media\"><img loading=\"lazy\" decoding=\"async\" width=\"768\" height=\"1024\" src=\"https:\/\/www.academiaschool.edu\/wp-content\/uploads\/2024\/03\/Christine-Bio-e1530141205943-768x1024-1.jpg\" alt=\"Chirstine\" class=\"wp-image-415 size-full\" srcset=\"https:\/\/www.academiaschool.edu\/wp-content\/uploads\/2024\/03\/Christine-Bio-e1530141205943-768x1024-1.jpg 768w, https:\/\/www.academiaschool.edu\/wp-content\/uploads\/2024\/03\/Christine-Bio-e1530141205943-768x1024-1-225x300.jpg 225w\" sizes=\"auto, (max-width: 768px) 100vw, 768px\" \/><\/figure><div class=\"wp-block-media-text__content\">\n<p>Christine Mahelona wurde in Honolulu, Hawaii, geboren. Sie hat einen B.A. und einen M.A. in franz\u00f6sischer Sprache und Literatur von der University of Hawaii in Manoa. Sie erhielt au\u00dferdem das Diplome au Niveau Superieur in franz\u00f6sischer Sprache und Literatur von der Universit\u00e4t Paris an der Sorbonne und ein Zertifikat in TESOL vom Trinity College, London. Sie hat ESL in Japan, Spanien und Polen unterrichtet. Neben Franz\u00f6sisch hat sie auch Finnisch gelernt, als sie einige Jahre in Finnland lebte. Bevor sie zur Academia Language School kam, unterrichtete Christine zehn Jahre lang Franz\u00f6sisch, Englisch und ESL an der Hawaii Pacific University. In ihrer Freizeit liest Christine gerne, h\u00f6rt Musik, schwimmt, isst Schokolade und engagiert sich ehrenamtlich f\u00fcr ihre Kirche und das Pfadfinderprogramm Scoutreach der Boy Scouts of America.<\/p>\n<\/div><\/div>\n\n\n<section class=\"b--jinr-block b--jinr-blogcard d--blogcard-hover-up d--blogcard-style1 d--blogcard-mysite t--round \"><div class=\"a--blogcard-label ef\">Related Page<\/div><a class=\"o--blogcard-link t--round\" href=\"https:\/\/www.academiaschool.edu\/de\/gruende-fuer-die-wahl\/\"><div class=\"c--blogcard-image\"><img loading=\"lazy\" decoding=\"async\" class=\"a--blogcard-img-src\" width=\"128\" height=\"72\" src=\"https:\/\/www.academiaschool.edu\/wp-content\/uploads\/2025\/02\/\u540d\u79f0\u672a\u8a2d\u5b9a\u306e\u30c7\u30b6\u30a4\u30f3-7.png\" alt=\"Gr\u00fcnde f\u00fcr die Wahl\" \/><\/div><div class=\"a--blogcard-title d--bold\">Gr\u00fcnde f\u00fcr die Wahl<\/div><\/a><\/section>","protected":false},"excerpt":{"rendered":"<p>Unsere Lehrkr\u00e4fte lieben diese Schule und ihre Sch\u00fcler wirklich, und sie unterrichten jeden Tag mit Aufrichtigkeit und Begeisterung. Viele unserer Lehrer sind schon seit \u00fcber zehn Jahren bei uns, was eine unserer St\u00e4rken ist. Diese lange Betriebszugeh\u00f6rigkeit spiegelt ihre gro\u00dfe Erfahrung und ihr Engagement wider und erm\u00f6glicht es uns, qualitativ hochwertigen Englischunterricht anzubieten. Hier stellen [&hellip;]<\/p>\n","protected":false},"author":1,"featured_media":0,"parent":4834,"menu_order":0,"comment_status":"closed","ping_status":"closed","template":"","meta":{"_jinr_url_youtube":"","_jinr_pip_youtube":false,"_jinr_time_youtube":"","_jinr_thumb_youtube":"","_jinr_media_youtube":"","_jinr_category_edit":false,"_jinr_category":"","_jinr_title_display":true,"_jinr_snsbutton_display":false,"_jinr_ads_display":false,"_jinr_thumbnail_display":false,"_jinr_profile_display":false,"_jinr_representations_display":false,"_jinr_relatedpost_display":false,"_jinr_sidebar1col_display":false,"_jinr_sidebar2col_display":false,"_jinr_seotitle_display":"","_jinr_description_display":"","_jinr_keyword_display":"","_jinr_hastag_display":"","_jinr_canonical_display":"","_jinr_noindex_display":false,"_jinr_paidpost":false,"_jinr_paidpost_product_id":"","_jinr_headtag_article":"","footnotes":""},"class_list":["post-4840","page","type-page","status-publish","hentry"],"_links":{"self":[{"href":"https:\/\/www.academiaschool.edu\/de\/wp-json\/wp\/v2\/pages\/4840","targetHints":{"allow":["GET"]}}],"collection":[{"href":"https:\/\/www.academiaschool.edu\/de\/wp-json\/wp\/v2\/pages"}],"about":[{"href":"https:\/\/www.academiaschool.edu\/de\/wp-json\/wp\/v2\/types\/page"}],"author":[{"embeddable":true,"href":"https:\/\/www.academiaschool.edu\/de\/wp-json\/wp\/v2\/users\/1"}],"replies":[{"embeddable":true,"href":"https:\/\/www.academiaschool.edu\/de\/wp-json\/wp\/v2\/comments?post=4840"}],"version-history":[{"count":5,"href":"https:\/\/www.academiaschool.edu\/de\/wp-json\/wp\/v2\/pages\/4840\/revisions"}],"predecessor-version":[{"id":5898,"href":"https:\/\/www.academiaschool.edu\/de\/wp-json\/wp\/v2\/pages\/4840\/revisions\/5898"}],"up":[{"embeddable":true,"href":"https:\/\/www.academiaschool.edu\/de\/wp-json\/wp\/v2\/pages\/4834"}],"wp:attachment":[{"href":"https:\/\/www.academiaschool.edu\/de\/wp-json\/wp\/v2\/media?parent=4840"}],"curies":[{"name":"wp","href":"https:\/\/api.w.org\/{rel}","templated":true}]}}