{"id":4838,"date":"2024-03-24T15:54:15","date_gmt":"2024-03-25T01:54:15","guid":{"rendered":"https:\/\/academia-school.net\/gruende-fuer-die-wahl\/aufstieg-zur-universitaet\/"},"modified":"2024-05-01T19:55:24","modified_gmt":"2024-05-02T05:55:24","slug":"aufstieg-zur-universitaet","status":"publish","type":"page","link":"https:\/\/www.academiaschool.edu\/de\/gruende-fuer-die-wahl\/aufstieg-zur-universitaet\/","title":{"rendered":"Aufstieg zur Universit\u00e4t"},"content":{"rendered":"\n<section class=\"wp-block-jinr-blocks-fullwidth b--jinr-block b--jinr-fullwidth-container d--top-margin-xs-pc d--bottom-margin-xs-pc d--top-margin-xs-sp d--bottom-margin-xs-sp \"><section class=\"b--jinr-fullwidth d--fullwidth-parallax-off d--fullwidth-deco-bgimage\"><div class=\"a--jinr-fullwidth-image\"><div class=\"a--jinr-fullwidth-image-clip\"><img decoding=\"async\" src=\"https:\/\/www.academiaschool.edu\/wp-content\/uploads\/2024\/03\/\u30b9\u30af\u30ea\u30fc\u30f3\u30b7\u30e7\u30c3\u30c8-2024-03-26-\u5348\u5f8c8.21.16.webp\"\/><\/div><\/div><div class=\"a--jinr-fullwidth-overlay\" style=\"background-color:#222222;opacity:0.15\"><\/div><div class=\"d--fullwidth-100 d--fullwidth-pad40 d--fullwidth-pad0-sp t--main-width\" style=\"color:false\">\n<p class=\"has-text-align-center has-white-color has-text-color has-link-color wp-elements-9df249ad2e7d6407676b1927f4a5f947\"><span class=\"jinr-d--font-size d--fontsize-36px\"><strong><strong>Aufstieg zur Universit\u00e4t<\/strong><\/strong><\/span><\/p>\n<\/div><\/section><\/section>\n\n\n<div class=\"wp-block-image\">\n<figure class=\"aligncenter size-full\"><img loading=\"lazy\" decoding=\"async\" width=\"150\" height=\"150\" src=\"https:\/\/www.academiaschool.edu\/wp-content\/uploads\/2024\/03\/kapiolani-community-college.gif\" alt=\"\" class=\"wp-image-355\"\/><\/figure>\n<\/div>\n\n\n<section class=\"wp-block-jinr-blocks-simplebox b--jinr-block-container\"><div class=\"b--jinr-block b--jinr-box d--simple-box10  \"><div class=\"c--simple-box-inner\">\n<p class=\"has-text-align-center\"><strong>Kapiolani Community College &#8211; Akademische Sprachschule<br>Br\u00fcckenprogramm<\/strong><\/p>\n<\/div><\/div><\/section>\n\n\n\n<p>Wir sind stolz auf unsere langj\u00e4hrige formelle Partnerschaft mit dem Kapi&#8217;olani Community College, das Teil der Universit\u00e4t von Hawaii ist. Diese Zusammenarbeit erm\u00f6glicht es unseren Absolventen nicht nur, Credits f\u00fcr Studieng\u00e4nge am Kapi&#8217;olani Community College zu erwerben, sondern auch, Credits an andere Universit\u00e4ten des University of Hawaii Systems und andere Universit\u00e4ten in den Vereinigten Staaten zu \u00fcbertragen.<\/p>\n\n\n\n<p>Wenn unsere Sch\u00fcler Advanced Conversation II bestehen, k\u00f6nnen sie direkt zu Kreditkursen am Kapi&#8217;olani Community College wechseln, ohne den TOEFL oder andere Englischtests absolvieren zu m\u00fcssen.<\/p>\n\n\n\n<p>Studenten, die an der University of Hawaii am Kapi&#8217;olani Community College studieren m\u00f6chten, k\u00f6nnen ihren Zulassungsantrag bei unserem Direktor einreichen und gleichzeitig die Ausstellung von Abschriften und erl\u00e4uternden Dokumenten beantragen. Diese Dokumente k\u00f6nnen dann als Teil der f\u00fcr die Zulassung zum Kapi&#8217;olani Community College erforderlichen Bewerbungsunterlagen eingereicht werden.<\/p>\n\n\n\n<p>Verwandter Link: <a href=\"https:\/\/www.kapiolani.hawaii.edu\/\" data-type=\"link\" data-id=\"https:\/\/www.kapiolani.hawaii.edu\/\">Kapi&#8217;olani Community College<\/a><\/p>\n\n\n<section class=\"b--jinr-block b--jinr-blogcard d--blogcard-hover-up d--blogcard-style1 d--blogcard-mysite t--round \"><div class=\"a--blogcard-label ef\">Related Page<\/div><a class=\"o--blogcard-link t--round\" href=\"https:\/\/www.academiaschool.edu\/de\/gruende-fuer-die-wahl\/\"><div class=\"c--blogcard-image\"><img loading=\"lazy\" decoding=\"async\" class=\"a--blogcard-img-src\" width=\"128\" height=\"72\" src=\"https:\/\/www.academiaschool.edu\/wp-content\/uploads\/2025\/02\/\u540d\u79f0\u672a\u8a2d\u5b9a\u306e\u30c7\u30b6\u30a4\u30f3-7.png\" alt=\"Gr\u00fcnde f\u00fcr die Wahl\" \/><\/div><div class=\"a--blogcard-title d--bold\">Gr\u00fcnde f\u00fcr die Wahl<\/div><\/a><\/section>","protected":false},"excerpt":{"rendered":"<p>Wir sind stolz auf unsere langj\u00e4hrige formelle Partnerschaft mit dem Kapi&#8217;olani Community College, das Teil der Universit\u00e4t von Hawaii ist. Diese Zusammenarbeit erm\u00f6glicht es unseren Absolventen nicht nur, Credits f\u00fcr Studieng\u00e4nge am Kapi&#8217;olani Community College zu erwerben, sondern auch, Credits an andere Universit\u00e4ten des University of Hawaii Systems und andere Universit\u00e4ten in den Vereinigten Staaten [&hellip;]<\/p>\n","protected":false},"author":1,"featured_media":0,"parent":4834,"menu_order":0,"comment_status":"closed","ping_status":"closed","template":"","meta":{"_jinr_url_youtube":"","_jinr_pip_youtube":false,"_jinr_time_youtube":"","_jinr_thumb_youtube":"","_jinr_media_youtube":"","_jinr_category_edit":false,"_jinr_category":"","_jinr_title_display":false,"_jinr_snsbutton_display":false,"_jinr_ads_display":false,"_jinr_thumbnail_display":false,"_jinr_profile_display":false,"_jinr_representations_display":false,"_jinr_relatedpost_display":false,"_jinr_sidebar1col_display":false,"_jinr_sidebar2col_display":false,"_jinr_seotitle_display":"","_jinr_description_display":"","_jinr_keyword_display":"","_jinr_hastag_display":"","_jinr_canonical_display":"","_jinr_noindex_display":false,"_jinr_paidpost":false,"_jinr_paidpost_product_id":"","_jinr_headtag_article":"","footnotes":""},"class_list":["post-4838","page","type-page","status-publish","hentry"],"_links":{"self":[{"href":"https:\/\/www.academiaschool.edu\/de\/wp-json\/wp\/v2\/pages\/4838","targetHints":{"allow":["GET"]}}],"collection":[{"href":"https:\/\/www.academiaschool.edu\/de\/wp-json\/wp\/v2\/pages"}],"about":[{"href":"https:\/\/www.academiaschool.edu\/de\/wp-json\/wp\/v2\/types\/page"}],"author":[{"embeddable":true,"href":"https:\/\/www.academiaschool.edu\/de\/wp-json\/wp\/v2\/users\/1"}],"replies":[{"embeddable":true,"href":"https:\/\/www.academiaschool.edu\/de\/wp-json\/wp\/v2\/comments?post=4838"}],"version-history":[{"count":2,"href":"https:\/\/www.academiaschool.edu\/de\/wp-json\/wp\/v2\/pages\/4838\/revisions"}],"predecessor-version":[{"id":5900,"href":"https:\/\/www.academiaschool.edu\/de\/wp-json\/wp\/v2\/pages\/4838\/revisions\/5900"}],"up":[{"embeddable":true,"href":"https:\/\/www.academiaschool.edu\/de\/wp-json\/wp\/v2\/pages\/4834"}],"wp:attachment":[{"href":"https:\/\/www.academiaschool.edu\/de\/wp-json\/wp\/v2\/media?parent=4838"}],"curies":[{"name":"wp","href":"https:\/\/api.w.org\/{rel}","templated":true}]}}