{"id":4830,"date":"2024-03-24T08:06:46","date_gmt":"2024-03-24T18:06:46","guid":{"rendered":"https:\/\/academia-school.net\/ueberblick-ueber-das-programm\/toeic-toefl-vorbereitung\/"},"modified":"2024-05-01T20:41:45","modified_gmt":"2024-05-02T06:41:45","slug":"toeic-toefl-vorbereitung","status":"publish","type":"page","link":"https:\/\/www.academiaschool.edu\/de\/ueberblick-ueber-das-programm\/toeic-toefl-vorbereitung\/","title":{"rendered":"TOEIC &amp; TOEFL Vorbereitung"},"content":{"rendered":"\n<section class=\"wp-block-jinr-blocks-fullwidth b--jinr-block b--jinr-fullwidth-container d--top-margin-xs-pc d--bottom-margin-xs-pc d--top-margin-xs-sp d--bottom-margin-xs-sp \"><section class=\"b--jinr-fullwidth d--fullwidth-parallax-off d--fullwidth-deco-bgimage\"><div class=\"a--jinr-fullwidth-image\"><div class=\"a--jinr-fullwidth-image-clip\"><img decoding=\"async\" src=\"https:\/\/www.academiaschool.edu\/wp-content\/uploads\/2024\/03\/leo_visions-fMyaQWQrwwU-unsplash.webp\"\/><\/div><\/div><div class=\"a--jinr-fullwidth-overlay\" style=\"background-color:#f5f5f5;opacity:0\"><\/div><div class=\"d--fullwidth-100 d--fullwidth-pad40 d--fullwidth-pad0-sp t--main-width\" style=\"color:false\">\n<p class=\"has-text-align-center has-white-color has-text-color has-link-color wp-elements-721bc657f5134512b16348bb9a131952\"><span class=\"jinr-d--font-size d--fontsize-36px\"><strong><strong>TOEIC &amp; TOEFL Vorbereitung  <\/strong><\/strong><\/span><\/p>\n<\/div><\/section><\/section>\n\n\n\n<h2 class=\"wp-block-heading jinr-heading d--bold\"><strong>TOEIC &amp; TOEFL Vorbereitung (Testvorbereitung)<\/strong><\/h2>\n\n\n\n<h3 class=\"wp-block-heading jinr-heading d--bold\"><strong>TOEIC-Vorbereitungskurs<\/strong><\/h3>\n\n\n\n<p>Der TOEIC-Vorbereitungskurs wird als Wahlfach auf jeder Stufe angeboten. Diese Kurse konzentrieren sich auf das Erlernen von Teststrategien, die Verbesserung des Leseverst\u00e4ndnisses und des H\u00f6rverstehens, die Wiederholung von Beispielfragen und die Teilnahme an \u00dcbungstests.<\/p>\n\n\n\n<p>Zus\u00e4tzlich zu den TOEIC-Vorbereitungskursen k\u00f6nnen die Sch\u00fcler auch andere Kurse wie Integrated Skills oder Comprehensive English belegen, die die Ziele der TOEIC-Kurse erg\u00e4nzen und die Lese- und H\u00f6rf\u00e4higkeiten weiter verbessern.<\/p>\n\n\n\n<p>Als einziges offizielles TOEIC-Pr\u00fcfungszentrum auf Hawaii bietet unsere Schule den Studenten die M\u00f6glichkeit, sich in einer vertrauten Umgebung auf den Test vorzubereiten und ihn abzulegen.<\/p>\n\n\n\n<h3 class=\"wp-block-heading jinr-heading d--bold\"><strong>TOEFL-Vorbereitungskurs<\/strong><\/h3>\n\n\n\n<p>Der TOEFL-Vorbereitungskurs wird auch als Wahlfach auf jeder Stufe angeboten. In diesen Kursen lernen die Sch\u00fcler Pr\u00fcfungsstrategien und entwickeln ihre F\u00e4higkeiten in den Bereichen Sprechen, H\u00f6ren, Lesen und Schreiben in sorgf\u00e4ltig konzipierten und professionell gef\u00fchrten TOEFL-Vorbereitungskursen.<\/p>\n\n\n\n<p>W\u00e4hrend des gesamten Semesters haben die Studenten mehrere Gelegenheiten, \u00dcbungstests zu absolvieren, so dass sie ihre Fortschritte im Verlauf des Kurses verfolgen k\u00f6nnen. Dar\u00fcber hinaus bietet unsere Schule Integrated Skills und Comprehensive English Kurse an, die die Ziele der TOEFL-Kurse erg\u00e4nzen und weitere M\u00f6glichkeiten bieten, die F\u00e4higkeiten im Lesen, Schreiben, H\u00f6ren und Sprechen zu verbessern.<\/p>\n\n\n<section class=\"b--jinr-block b--jinr-blogcard d--blogcard-hover-up d--blogcard-style1 d--blogcard-mysite t--round \"><div class=\"a--blogcard-label ef\">Related Page<\/div><a class=\"o--blogcard-link t--round\" href=\"https:\/\/www.academiaschool.edu\/de\/ueberblick-ueber-das-programm\/\"><div class=\"c--blogcard-image\"><img loading=\"lazy\" decoding=\"async\" class=\"a--blogcard-img-src\" width=\"128\" height=\"72\" src=\"https:\/\/www.academiaschool.edu\/wp-content\/uploads\/2025\/02\/\u540d\u79f0\u672a\u8a2d\u5b9a\u306e\u30c7\u30b6\u30a4\u30f3-7.png\" alt=\"\u00dcberblick \u00fcber das Programm\" \/><\/div><div class=\"a--blogcard-title d--bold\">\u00dcberblick \u00fcber das Programm<\/div><\/a><\/section>","protected":false},"excerpt":{"rendered":"<p>TOEIC &amp; TOEFL Vorbereitung (Testvorbereitung) TOEIC-Vorbereitungskurs Der TOEIC-Vorbereitungskurs wird als Wahlfach auf jeder Stufe angeboten. Diese Kurse konzentrieren sich auf das Erlernen von Teststrategien, die Verbesserung des Leseverst\u00e4ndnisses und des H\u00f6rverstehens, die Wiederholung von Beispielfragen und die Teilnahme an \u00dcbungstests. Zus\u00e4tzlich zu den TOEIC-Vorbereitungskursen k\u00f6nnen die Sch\u00fcler auch andere Kurse wie Integrated Skills oder Comprehensive [&hellip;]<\/p>\n","protected":false},"author":1,"featured_media":0,"parent":4780,"menu_order":0,"comment_status":"closed","ping_status":"closed","template":"","meta":{"_jinr_url_youtube":"","_jinr_pip_youtube":false,"_jinr_time_youtube":"","_jinr_thumb_youtube":"","_jinr_media_youtube":"","_jinr_category_edit":false,"_jinr_category":"","_jinr_title_display":true,"_jinr_snsbutton_display":false,"_jinr_ads_display":false,"_jinr_thumbnail_display":false,"_jinr_profile_display":false,"_jinr_representations_display":false,"_jinr_relatedpost_display":false,"_jinr_sidebar1col_display":false,"_jinr_sidebar2col_display":false,"_jinr_seotitle_display":"","_jinr_description_display":"","_jinr_keyword_display":"","_jinr_hastag_display":"","_jinr_canonical_display":"","_jinr_noindex_display":false,"_jinr_paidpost":false,"_jinr_paidpost_product_id":"","_jinr_headtag_article":"","footnotes":""},"class_list":["post-4830","page","type-page","status-publish","hentry"],"_links":{"self":[{"href":"https:\/\/www.academiaschool.edu\/de\/wp-json\/wp\/v2\/pages\/4830","targetHints":{"allow":["GET"]}}],"collection":[{"href":"https:\/\/www.academiaschool.edu\/de\/wp-json\/wp\/v2\/pages"}],"about":[{"href":"https:\/\/www.academiaschool.edu\/de\/wp-json\/wp\/v2\/types\/page"}],"author":[{"embeddable":true,"href":"https:\/\/www.academiaschool.edu\/de\/wp-json\/wp\/v2\/users\/1"}],"replies":[{"embeddable":true,"href":"https:\/\/www.academiaschool.edu\/de\/wp-json\/wp\/v2\/comments?post=4830"}],"version-history":[{"count":4,"href":"https:\/\/www.academiaschool.edu\/de\/wp-json\/wp\/v2\/pages\/4830\/revisions"}],"predecessor-version":[{"id":5905,"href":"https:\/\/www.academiaschool.edu\/de\/wp-json\/wp\/v2\/pages\/4830\/revisions\/5905"}],"up":[{"embeddable":true,"href":"https:\/\/www.academiaschool.edu\/de\/wp-json\/wp\/v2\/pages\/4780"}],"wp:attachment":[{"href":"https:\/\/www.academiaschool.edu\/de\/wp-json\/wp\/v2\/media?parent=4830"}],"curies":[{"name":"wp","href":"https:\/\/api.w.org\/{rel}","templated":true}]}}