{"id":4826,"date":"2024-03-21T12:21:44","date_gmt":"2024-03-21T22:21:44","guid":{"rendered":"https:\/\/academia-school.net\/ueberblick-ueber-das-programm\/privatunterricht\/"},"modified":"2024-05-01T20:42:09","modified_gmt":"2024-05-02T06:42:09","slug":"privatunterricht","status":"publish","type":"page","link":"https:\/\/www.academiaschool.edu\/de\/ueberblick-ueber-das-programm\/privatunterricht\/","title":{"rendered":"Privatunterricht"},"content":{"rendered":"\n<section class=\"wp-block-jinr-blocks-fullwidth b--jinr-block b--jinr-fullwidth-container d--top-margin-xs-pc d--bottom-margin-xs-pc d--top-margin-xs-sp d--bottom-margin-xs-sp \"><section class=\"b--jinr-fullwidth d--fullwidth-parallax-off d--fullwidth-deco-bgimage\"><div class=\"a--jinr-fullwidth-image\"><div class=\"a--jinr-fullwidth-image-clip\"><img decoding=\"async\" src=\"https:\/\/www.academiaschool.edu\/wp-content\/uploads\/2024\/03\/leo_visions-fMyaQWQrwwU-unsplash.webp\"\/><\/div><\/div><div class=\"a--jinr-fullwidth-overlay\" style=\"background-color:#f5f5f5;opacity:0\"><\/div><div class=\"d--fullwidth-100 d--fullwidth-pad40 d--fullwidth-pad0-sp t--main-width\" style=\"color:false\">\n<p class=\"has-text-align-center has-white-color has-text-color has-link-color wp-elements-825a79950890014d64cd22a142bfd516\"><span class=\"jinr-d--font-size d--fontsize-36px\"><strong><strong>Privatunterricht<\/strong><\/strong><\/span><\/p>\n<\/div><\/section><\/section>\n\n\n\n<h2 class=\"wp-block-heading jinr-heading d--bold\"><strong>Arten von Privatunterricht<\/strong><\/h2>\n\n\n\n<p>F\u00fcr Personen mit besonderen Bed\u00fcrfnissen oder diejenigen, die ihre Konversationszeit in Englisch erh\u00f6hen m\u00f6chten, bieten wir Privatunterricht an.<\/p>\n\n\n\n<p>Unsere Schule bietet nicht nur privaten Englischunterricht f\u00fcr Einzelpersonen, sondern auch halbprivaten Unterricht und privaten Gruppenunterricht.<\/p>\n\n\n\n<h2 class=\"wp-block-heading jinr-heading d--bold\"><strong>Preise f\u00fcr Privatunterricht<\/strong><\/h2>\n\n\n\n<figure class=\"wp-block-table is-style-stripes\"><table><tbody><tr><td class=\"has-text-align-center\" data-align=\"center\"><strong>Kurs<\/strong><\/td><td><strong>Bewerten Sie<\/strong><\/td><\/tr><tr><td class=\"has-text-align-center\" data-align=\"center\">Privatunterricht (20-Stunden-Paket)<\/td><td>$70 pro Stunde<\/td><\/tr><tr><td class=\"has-text-align-center\" data-align=\"center\">Privatunterricht (10-Stunden-Paket)<\/td><td>$75 pro Stunde<\/td><\/tr><tr><td class=\"has-text-align-center\" data-align=\"center\">Semi-Privatunterricht (2-4 Personen)<\/td><td>$45 pro Stunde pro Person<\/td><\/tr><tr><td class=\"has-text-align-center\" data-align=\"center\">Private Gruppenlektion (5 oder mehr Personen)<\/td><td>$45 pro Stunde pro Person<\/td><\/tr><\/tbody><\/table><\/figure>\n\n\n\n<p>Zu Beginn m\u00fcssen mindestens 20 Unterrichtsstunden erworben werden, und die Sch\u00fcler m\u00fcssen ihren Unterricht innerhalb von 6 Monaten nach der ersten Unterrichtsstunde abschlie\u00dfen. Privat-, Halbprivat- und Gruppenunterricht kann sowohl f\u00fcr Erwachsene als auch f\u00fcr Kinder arrangiert werden.<\/p>\n\n\n\n<p>Wenn Sie daran interessiert sind, kontaktieren Sie bitte <a>support@academiaschool.edu.<\/a><\/p>\n\n\n<section class=\"b--jinr-block b--jinr-blogcard d--blogcard-hover-up d--blogcard-style1 d--blogcard-mysite t--round \"><div class=\"a--blogcard-label ef\">Related Page<\/div><a class=\"o--blogcard-link t--round\" href=\"https:\/\/www.academiaschool.edu\/de\/ueberblick-ueber-das-programm\/\"><div class=\"c--blogcard-image\"><img loading=\"lazy\" decoding=\"async\" class=\"a--blogcard-img-src\" width=\"128\" height=\"72\" src=\"https:\/\/www.academiaschool.edu\/wp-content\/uploads\/2025\/02\/\u540d\u79f0\u672a\u8a2d\u5b9a\u306e\u30c7\u30b6\u30a4\u30f3-7.png\" alt=\"\u00dcberblick \u00fcber das Programm\" \/><\/div><div class=\"a--blogcard-title d--bold\">\u00dcberblick \u00fcber das Programm<\/div><\/a><\/section>","protected":false},"excerpt":{"rendered":"<p>Arten von Privatunterricht F\u00fcr Personen mit besonderen Bed\u00fcrfnissen oder diejenigen, die ihre Konversationszeit in Englisch erh\u00f6hen m\u00f6chten, bieten wir Privatunterricht an. Unsere Schule bietet nicht nur privaten Englischunterricht f\u00fcr Einzelpersonen, sondern auch halbprivaten Unterricht und privaten Gruppenunterricht. Preise f\u00fcr Privatunterricht Kurs Bewerten Sie Privatunterricht (20-Stunden-Paket) $70 pro Stunde Privatunterricht (10-Stunden-Paket) $75 pro Stunde Semi-Privatunterricht (2-4 [&hellip;]<\/p>\n","protected":false},"author":1,"featured_media":0,"parent":4780,"menu_order":0,"comment_status":"closed","ping_status":"closed","template":"","meta":{"_jinr_url_youtube":"","_jinr_pip_youtube":false,"_jinr_time_youtube":"","_jinr_thumb_youtube":"","_jinr_media_youtube":"","_jinr_category_edit":false,"_jinr_category":"","_jinr_title_display":true,"_jinr_snsbutton_display":false,"_jinr_ads_display":false,"_jinr_thumbnail_display":false,"_jinr_profile_display":false,"_jinr_representations_display":false,"_jinr_relatedpost_display":false,"_jinr_sidebar1col_display":false,"_jinr_sidebar2col_display":false,"_jinr_seotitle_display":"","_jinr_description_display":"","_jinr_keyword_display":"","_jinr_hastag_display":"","_jinr_canonical_display":"","_jinr_noindex_display":false,"_jinr_paidpost":false,"_jinr_paidpost_product_id":"","_jinr_headtag_article":"","footnotes":""},"class_list":["post-4826","page","type-page","status-publish","hentry"],"_links":{"self":[{"href":"https:\/\/www.academiaschool.edu\/de\/wp-json\/wp\/v2\/pages\/4826","targetHints":{"allow":["GET"]}}],"collection":[{"href":"https:\/\/www.academiaschool.edu\/de\/wp-json\/wp\/v2\/pages"}],"about":[{"href":"https:\/\/www.academiaschool.edu\/de\/wp-json\/wp\/v2\/types\/page"}],"author":[{"embeddable":true,"href":"https:\/\/www.academiaschool.edu\/de\/wp-json\/wp\/v2\/users\/1"}],"replies":[{"embeddable":true,"href":"https:\/\/www.academiaschool.edu\/de\/wp-json\/wp\/v2\/comments?post=4826"}],"version-history":[{"count":4,"href":"https:\/\/www.academiaschool.edu\/de\/wp-json\/wp\/v2\/pages\/4826\/revisions"}],"predecessor-version":[{"id":5906,"href":"https:\/\/www.academiaschool.edu\/de\/wp-json\/wp\/v2\/pages\/4826\/revisions\/5906"}],"up":[{"embeddable":true,"href":"https:\/\/www.academiaschool.edu\/de\/wp-json\/wp\/v2\/pages\/4780"}],"wp:attachment":[{"href":"https:\/\/www.academiaschool.edu\/de\/wp-json\/wp\/v2\/media?parent=4826"}],"curies":[{"name":"wp","href":"https:\/\/api.w.org\/{rel}","templated":true}]}}