{"id":4818,"date":"2024-03-25T13:15:34","date_gmt":"2024-03-25T23:15:34","guid":{"rendered":"https:\/\/academia-school.net\/ueberblick-ueber-das-programm\/mittlere-stufe\/details-und-lernergebnisse-fuer-grammatik-der-mittelstufe-level-i-ii-iii\/"},"modified":"2024-04-24T09:54:36","modified_gmt":"2024-04-24T19:54:36","slug":"details-und-lernergebnisse-fuer-grammatik-der-mittelstufe-level-i-ii-iii","status":"publish","type":"page","link":"https:\/\/www.academiaschool.edu\/de\/ueberblick-ueber-das-programm\/mittlere-stufe\/details-und-lernergebnisse-fuer-grammatik-der-mittelstufe-level-i-ii-iii\/","title":{"rendered":"Details und Lernergebnisse f\u00fcr Grammatik der Mittelstufe Level I, II &amp; III"},"content":{"rendered":"\n<p>Das Erreichen von ILR Level 2 (Limited Working Proficiency) wird durch die Teilnahme an den Kursen Intermediate Grammar und Conversation erleichtert.<\/p>\n\n<h2 class=\"wp-block-heading jinr-heading d--bold\"><strong>Grammatik f\u00fcr Fortgeschrittene I<\/strong><\/h2>\n\n<p>Nach Abschluss dieses Kurses werden die Studenten in der Lage sein:<\/p>\n\n<ul class=\"jinr-list wp-block-list\">\n<li>Verwenden Sie das einfache Pr\u00e4sens und das kontinuierliche Pr\u00e4sens zusammen mit geeigneten Adverbien der H\u00e4ufigkeit, um die Gegenwart auszudr\u00fccken.<\/li>\n\n\n\n<li>Subjekt-Verben-\u00dcbereinstimmung beibehalten<\/li>\n\n\n\n<li>Ja\/Nein-Fragen stellen und beantworten<\/li>\n\n\n\n<li>Verwenden Sie die einfache Vergangenheit und die kontinuierliche Vergangenheit mit Zeitformeln, um die vergangene Zeit auszudr\u00fccken.<\/li>\n\n\n\n<li>Vergangene Gewohnheiten mit &#8222;used to&#8220; ausdr\u00fccken<\/li>\n\n\n\n<li>Verwenden Sie &#8222;werden&#8220; und &#8222;werden&#8220;, um zuk\u00fcnftige Zeitpunkte angemessen auszudr\u00fccken, zwischen ihnen zu unterscheiden und verschiedene Grade der Gewissheit \u00fcber die Zukunft zu vermitteln.<\/li>\n\n\n\n<li>Verwenden Sie Zeitklauseln und Wenn-Klauseln, um zuk\u00fcnftige Zeiten auszudr\u00fccken.<\/li>\n\n\n\n<li>Verwenden Sie das einfache Pr\u00e4sens und das kontinuierliche Pr\u00e4sens, um zuk\u00fcnftige Zeiten auszudr\u00fccken.<\/li>\n\n\n\n<li>Verwenden Sie &#8222;be about to&#8220;, um die unmittelbare Zukunft auszudr\u00fccken.<\/li>\n\n\n\n<li>Verwenden Sie das Pr\u00e4sens im Perfekt und unterscheiden Sie es vom einfachen Pr\u00e4teritum.<\/li>\n\n\n\n<li>Verwenden Sie das kontinuierliche Perfekt im Pr\u00e4sens und unterscheiden Sie seine Verwendung vom nicht kontinuierlichen Perfekt im Pr\u00e4sens.<\/li>\n\n\n\n<li>Verwenden Sie die Vergangenheitsform des Perfekts<\/li>\n\n\n\n<li>Stellen und beantworten Sie Informationsfragen und Fragen zur Kennzeichnung<\/li>\n<\/ul>\n\n<h2 class=\"wp-block-heading jinr-heading d--bold\"><strong>Grammatik der Mittelstufe II<\/strong><\/h2>\n\n<p>Nach Abschluss dieses Kurses werden die Studenten in der Lage sein:<\/p>\n\n<ul class=\"jinr-list wp-block-list\">\n<li>Singular und Plural korrekt verwenden und die Subjekt-Verb-\u00dcbereinstimmung beibehalten<\/li>\n\n\n\n<li>W\u00e4hlen Sie die richtige Wortfolge, wenn Sie Pr\u00e4positionen verwenden, um Zeit und Ort auszudr\u00fccken.<\/li>\n\n\n\n<li>Beschreiben Sie Substantive mit Hilfe von Substantiven und Adjektiven<\/li>\n\n\n\n<li>Verwenden Sie Personalpronomen sowohl als Subjekt als auch als Objekt<\/li>\n\n\n\n<li>Verwenden Sie besitzanzeigende Substantive, besitzanzeigende Pronomen und besitzanzeigende Adjektive<\/li>\n\n\n\n<li>Reflexivpronomen verwenden<\/li>\n\n\n\n<li>Verwenden Sie &#8222;andere&#8220;, &#8222;andere&#8220;, &#8222;der andere&#8220;.<\/li>\n\n\n\n<li>Verwenden Sie Modalverben, um eine breite Palette von semantischen Nuancen auszudr\u00fccken.<\/li>\n\n\n\n<li>Pr\u00e4ferenzen ausdr\u00fccken<\/li>\n\n\n\n<li>Konjunktionen verwenden, um Ideen zu verbinden<\/li>\n\n\n\n<li>Vergleichende Ausdr\u00fccke einschlie\u00dflich wiederholter und doppelter Vergleiche verwenden<\/li>\n\n\n\n<li>Passiv verwenden<\/li>\n\n\n\n<li>Partizipien der Vergangenheit als Adjektive verwenden<\/li>\n<\/ul>\n\n<h2 class=\"wp-block-heading jinr-heading d--bold\"><strong>Grammatik f\u00fcr Fortgeschrittene III<\/strong><\/h2>\n\n<p>Nach Abschluss dieses Kurses werden die Studenten in der Lage sein:<\/p>\n\n<ul class=\"jinr-list wp-block-list\">\n<li>Verstehen, wie man bestimmte und unbestimmte Artikel verwendet und wie man verallgemeinern kann, ohne einen Artikel zu verwenden<\/li>\n\n\n\n<li>Z\u00e4hlbare und nicht z\u00e4hlbare Substantive verwenden<\/li>\n\n\n\n<li>Verstehen, wann man Substantive gro\u00df schreibt<\/li>\n\n\n\n<li>Verwenden Sie Adjektivs\u00e4tze mit den Relativpronomen &#8222;wer&#8220;, &#8222;wen&#8220;, &#8222;das&#8220;, &#8222;dessen&#8220;.<\/li>\n\n\n\n<li>Unterscheidung und Verwendung von Gerundien und Infinitiven<\/li>\n\n\n\n<li>Verwenden Sie &#8222;in order to&#8220; und &#8222;for&#8220;, um den Zweck auszudr\u00fccken.<\/li>\n\n\n\n<li>Verwenden Sie Infinitive mit &#8222;zu&#8220; und &#8222;genug&#8220;.<\/li>\n\n\n\n<li>Substantivs\u00e4tze als Subjekt oder Objekt verwenden<\/li>\n\n\n\n<li>Verwenden Sie Substantivs\u00e4tze, die mit &#8222;wenn&#8220; und &#8222;ob&#8220; beginnen.<\/li>\n\n\n\n<li>Unterscheiden Sie zwischen direkter und indirekter Rede und verwenden Sie diese in angemessener Weise.<\/li>\n<\/ul>\n<section class=\"b--jinr-block b--jinr-blogcard d--blogcard-hover-up d--blogcard-style1 d--blogcard-mysite t--round \"><div class=\"a--blogcard-label ef\">Related Page<\/div><a class=\"o--blogcard-link t--round\" href=\"https:\/\/www.academiaschool.edu\/programs\/intermediate\/\"><div class=\"c--blogcard-image\"><img loading=\"lazy\" decoding=\"async\" class=\"a--blogcard-img-src\" width=\"128\" height=\"72\" src=\"https:\/\/www.academiaschool.edu\/wp-content\/uploads\/2025\/02\/\u540d\u79f0\u672a\u8a2d\u5b9a\u306e\u30c7\u30b6\u30a4\u30f3-7.png\" alt=\"Intermediate Level\" \/><\/div><div class=\"a--blogcard-title d--bold\">Intermediate Level<\/div><\/a><\/section>","protected":false},"excerpt":{"rendered":"<p>Das Erreichen von ILR Level 2 (Limited Working Proficiency) wird durch die Teilnahme an den Kursen Intermediate Grammar und Conversation erleichtert. Grammatik f\u00fcr Fortgeschrittene I Nach Abschluss dieses Kurses werden die Studenten in der Lage sein: Grammatik der Mittelstufe II Nach Abschluss dieses Kurses werden die Studenten in der Lage sein: Grammatik f\u00fcr Fortgeschrittene III [&hellip;]<\/p>\n","protected":false},"author":1,"featured_media":0,"parent":4814,"menu_order":0,"comment_status":"closed","ping_status":"closed","template":"","meta":{"_jinr_url_youtube":"","_jinr_pip_youtube":false,"_jinr_time_youtube":"","_jinr_thumb_youtube":"","_jinr_media_youtube":"","_jinr_category_edit":false,"_jinr_category":"","_jinr_title_display":false,"_jinr_snsbutton_display":false,"_jinr_ads_display":false,"_jinr_thumbnail_display":false,"_jinr_profile_display":false,"_jinr_representations_display":false,"_jinr_relatedpost_display":false,"_jinr_sidebar1col_display":false,"_jinr_sidebar2col_display":false,"_jinr_seotitle_display":"","_jinr_description_display":"","_jinr_keyword_display":"","_jinr_hastag_display":"","_jinr_canonical_display":"","_jinr_noindex_display":false,"_jinr_paidpost":false,"_jinr_paidpost_product_id":"","_jinr_headtag_article":"","footnotes":""},"class_list":["post-4818","page","type-page","status-publish","hentry"],"_links":{"self":[{"href":"https:\/\/www.academiaschool.edu\/de\/wp-json\/wp\/v2\/pages\/4818","targetHints":{"allow":["GET"]}}],"collection":[{"href":"https:\/\/www.academiaschool.edu\/de\/wp-json\/wp\/v2\/pages"}],"about":[{"href":"https:\/\/www.academiaschool.edu\/de\/wp-json\/wp\/v2\/types\/page"}],"author":[{"embeddable":true,"href":"https:\/\/www.academiaschool.edu\/de\/wp-json\/wp\/v2\/users\/1"}],"replies":[{"embeddable":true,"href":"https:\/\/www.academiaschool.edu\/de\/wp-json\/wp\/v2\/comments?post=4818"}],"version-history":[{"count":3,"href":"https:\/\/www.academiaschool.edu\/de\/wp-json\/wp\/v2\/pages\/4818\/revisions"}],"predecessor-version":[{"id":4821,"href":"https:\/\/www.academiaschool.edu\/de\/wp-json\/wp\/v2\/pages\/4818\/revisions\/4821"}],"up":[{"embeddable":true,"href":"https:\/\/www.academiaschool.edu\/de\/wp-json\/wp\/v2\/pages\/4814"}],"wp:attachment":[{"href":"https:\/\/www.academiaschool.edu\/de\/wp-json\/wp\/v2\/media?parent=4818"}],"curies":[{"name":"wp","href":"https:\/\/api.w.org\/{rel}","templated":true}]}}