{"id":4814,"date":"2024-03-21T12:16:10","date_gmt":"2024-03-21T22:16:10","guid":{"rendered":"https:\/\/academia-school.net\/ueberblick-ueber-das-programm\/mittlere-stufe\/"},"modified":"2024-05-01T20:55:26","modified_gmt":"2024-05-02T06:55:26","slug":"mittlere-stufe","status":"publish","type":"page","link":"https:\/\/www.academiaschool.edu\/de\/ueberblick-ueber-das-programm\/mittlere-stufe\/","title":{"rendered":"Mittlere Stufe"},"content":{"rendered":"\n<section class=\"wp-block-jinr-blocks-fullwidth b--jinr-block b--jinr-fullwidth-container d--top-margin-xs-pc d--bottom-margin-xs-pc d--top-margin-xs-sp d--bottom-margin-xs-sp \"><section class=\"b--jinr-fullwidth d--fullwidth-parallax-off d--fullwidth-deco-bgimage\"><div class=\"a--jinr-fullwidth-image\"><div class=\"a--jinr-fullwidth-image-clip\"><img decoding=\"async\" src=\"https:\/\/www.academiaschool.edu\/wp-content\/uploads\/2024\/03\/leo_visions-fMyaQWQrwwU-unsplash.webp\"\/><\/div><\/div><div class=\"a--jinr-fullwidth-overlay\" style=\"background-color:#f5f5f5;opacity:0\"><\/div><div class=\"d--fullwidth-100 d--fullwidth-pad40 d--fullwidth-pad0-sp t--main-width\" style=\"color:false\">\n<p class=\"has-text-align-center has-white-color has-text-color has-link-color wp-elements-564e5a6ba34afe3875594fbd838d0842\"><span class=\"jinr-d--font-size d--fontsize-36px\"><strong><strong>Mittlere Stufe<\/strong><\/strong><\/span><\/p>\n<\/div><\/section><\/section>\n\n\n\n<h2 class=\"wp-block-heading jinr-heading d--bold\"><strong>\u00dcbersicht \u00fcber den Lehrplan der Mittelstufe<\/strong><\/h2>\n\n\n\n<section class=\"wp-block-jinr-blocks-simplebox b--jinr-block-container\"><div class=\"b--jinr-block b--jinr-box d--simple-box10  \"><div class=\"c--simple-box-inner\">\n<p class=\"has-text-align-center\"><strong><span class=\"jinr-d--font-size d--fontsize-18px\"><strong>Name des Programms: <span class=\"jinr-d--text-color d--user-color1 d--bold\">Englisch f\u00fcr Kommunikation Programm<\/span><\/strong><\/span><\/strong><\/p>\n<\/div><\/div><\/section>\n\n\n\n<p><span class=\"jinr-d--text-color d--user-color2 d--bold\"><strong>Ziel des Lehrplans:<\/strong> <\/span>Der Lehrplan f\u00fcr die Mittelstufe zielt darauf ab, eine flexible Kommunikation in Englisch in verschiedenen Alltagssituationen zu erm\u00f6glichen. Der Schwerpunkt dieses Kurses liegt auf der Entwicklung von Selbstvertrauen in der Kommunikation in verschiedenen Lebens- und Arbeitssituationen.<\/p>\n\n\n\n<p>Das Programm f\u00f6rdert insbesondere das Verst\u00e4ndnis von Redewendungen und Begriffen, die f\u00fcr eine tats\u00e4chliche englische Konversation notwendig sind, und lehrt, wie diese im Alltag und am Arbeitsplatz verwendet werden k\u00f6nnen. Das Ziel ist, dass die Studenten in der Lage sind, praktische Ausdr\u00fccke in praktischen Situationen angemessen zu verwenden.<\/p>\n\n\n\n<p><span class=\"jinr-d--text-color d--user-color2 d--bold\"><strong>Ziele nach Abschluss des Kurses:<\/strong> <\/span>Nach Abschluss dieses Kurses wird von den Teilnehmern erwartet, dass sie sich in verschiedenen Situationen sicher verst\u00e4ndigen k\u00f6nnen, z.B. in allt\u00e4glichen Gespr\u00e4chen, am Arbeitsplatz und bei sozialen Interaktionen.<\/p>\n\n\n\n<h2 class=\"wp-block-heading jinr-heading d--bold\"><strong>Pflicht- und Wahlf\u00e4cher auf der Mittelstufe<\/strong><\/h2>\n\n\n\n<p><strong><span class=\"jinr-d--text-color d--user-color2 d--bold\">Obligatorische Kurse:<\/span><\/strong><\/p>\n\n\n\n<ul class=\"jinr-list wp-block-list\">\n<li>Grammatik f\u00fcr Fortgeschrittene I, II, III<\/li>\n\n\n\n<li>Fortgeschrittene Konversation I, II, III<\/li>\n<\/ul>\n\n\n\n<p><strong>\n  <span class=\"jinr-d--text-color d--user-color2 d--bold\">Wahlf\u00e4cher:<\/span>\n<\/strong>Die Wahlf\u00e4cher der Mittelstufe k\u00f6nnen aus den folgenden F\u00e4chern gew\u00e4hlt werden:<\/p>\n\n\n\n<ul class=\"jinr-list wp-block-list\">\n<li>Aussprache<\/li>\n\n\n\n<li>Vokabeln<\/li>\n\n\n\n<li>Lesen\/Schreiben<\/li>\n\n\n\n<li>Zuh\u00f6ren\/Sprechen<\/li>\n<\/ul>\n\n\n\n<p>Au\u00dferdem werden jedes Semester viele weitere Wahlkurse angeboten.<\/p>\n\n\n<section class=\"b--jinr-block b--jinr-blogcard d--blogcard-hover-up d--blogcard-style1 d--blogcard-mysite t--round \"><div class=\"a--blogcard-label ef\">Related Page<\/div><a class=\"o--blogcard-link t--round\" href=\"https:\/\/www.academiaschool.edu\/programs\/intermediate\/intermediate-level-conversation\/\"><div class=\"c--blogcard-image\"><img loading=\"lazy\" decoding=\"async\" class=\"a--blogcard-img-src\" width=\"128\" height=\"72\" src=\"https:\/\/www.academiaschool.edu\/wp-content\/uploads\/2025\/02\/\u540d\u79f0\u672a\u8a2d\u5b9a\u306e\u30c7\u30b6\u30a4\u30f3-7.png\" alt=\"Details and Learning Outcomes of Intermediate Conversation Levels I, II, &amp; III\" \/><\/div><div class=\"a--blogcard-title d--bold\">Details and Learning Outcomes of Intermediate Conversation Levels I, II, &amp; III<\/div><\/a><\/section>\n\n<section class=\"b--jinr-block b--jinr-blogcard d--blogcard-hover-up d--blogcard-style1 d--blogcard-mysite t--round \"><div class=\"a--blogcard-label ef\">Related Page<\/div><a class=\"o--blogcard-link t--round\" href=\"https:\/\/www.academiaschool.edu\/programs\/intermediate\/intermediate-level-grammar\/\"><div class=\"c--blogcard-image\"><img loading=\"lazy\" decoding=\"async\" class=\"a--blogcard-img-src\" width=\"128\" height=\"72\" src=\"https:\/\/www.academiaschool.edu\/wp-content\/uploads\/2025\/02\/\u540d\u79f0\u672a\u8a2d\u5b9a\u306e\u30c7\u30b6\u30a4\u30f3-7.png\" alt=\"Details and Learning Outcomes for Intermediate Grammar Levels I, II, &amp; III\" \/><\/div><div class=\"a--blogcard-title d--bold\">Details and Learning Outcomes for Intermediate Grammar Levels I, II, &amp; III<\/div><\/a><\/section>\n\n\n<h2 class=\"wp-block-heading jinr-heading d--bold\"><strong>\u00dcberlegungen f\u00fcr Kurse der Mittelstufe<\/strong><\/h2>\n\n\n\n<p>Studenten, die die Grammatik- und Konversationskurse der Mittelstufe abgeschlossen haben, haben das ILR Level 2 (Limited Working Proficiency) erreicht.  <\/p>\n\n\n\n<p><span class=\"jinr-d--text-color d--user-color2 d--bold\">Zu den Merkmalen von Sch\u00fclern der ILR-Stufe 2 geh\u00f6ren:<\/span><\/p>\n\n\n\n<ul class=\"jinr-list wp-block-list\">\n<li>In der Lage sein, die Anforderungen allt\u00e4glicher sozialer Interaktionen zu erf\u00fcllen<\/li>\n\n\n\n<li>Kann die meisten sozialen Situationen selbstbewusst, aber nicht leicht bew\u00e4ltigen, einschlie\u00dflich zwangloser Gespr\u00e4che \u00fcber Bekanntschaften, aktuelle Ereignisse, Arbeit, Familie und autobiografische Informationen<\/li>\n\n\n\n<li>Sie sind in der Lage, begrenzte Arbeitsanforderungen zu bew\u00e4ltigen, auch wenn sie bei komplexen oder schwierigen Themen Unterst\u00fctzung ben\u00f6tigen. Sie k\u00f6nnen die meisten Gespr\u00e4che \u00fcber nicht-technische Themen (d.h. Themen, die kein Spezialwissen erfordern) in ihren Grundz\u00fcgen verstehen, auch wenn sie sich manchmal etwas umst\u00e4ndlich ausdr\u00fccken.<\/li>\n\n\n\n<li>Haben oft einen erkennbaren, aber deutlich ungenauen Akzent<\/li>\n\n\n\n<li>Gew\u00f6hnlich in der Lage, die grundlegenden Strukturen recht genau zu beherrschen, obwohl es an gr\u00fcndlicher oder sicherer Beherrschung der Grammatik mangelt<\/li>\n<\/ul>\n\n\n<section class=\"b--jinr-block b--jinr-blogcard d--blogcard-hover-up d--blogcard-style1 d--blogcard-mysite t--round \"><div class=\"a--blogcard-label ef\">Related Page<\/div><a class=\"o--blogcard-link t--round\" href=\"https:\/\/www.academiaschool.edu\/de\/ueberblick-ueber-das-programm\/\"><div class=\"c--blogcard-image\"><img loading=\"lazy\" decoding=\"async\" class=\"a--blogcard-img-src\" width=\"128\" height=\"72\" src=\"https:\/\/www.academiaschool.edu\/wp-content\/uploads\/2025\/02\/\u540d\u79f0\u672a\u8a2d\u5b9a\u306e\u30c7\u30b6\u30a4\u30f3-7.png\" alt=\"\u00dcberblick \u00fcber das Programm\" \/><\/div><div class=\"a--blogcard-title d--bold\">\u00dcberblick \u00fcber das Programm<\/div><\/a><\/section>","protected":false},"excerpt":{"rendered":"<p>\u00dcbersicht \u00fcber den Lehrplan der Mittelstufe Ziel des Lehrplans: Der Lehrplan f\u00fcr die Mittelstufe zielt darauf ab, eine flexible Kommunikation in Englisch in verschiedenen Alltagssituationen zu erm\u00f6glichen. Der Schwerpunkt dieses Kurses liegt auf der Entwicklung von Selbstvertrauen in der Kommunikation in verschiedenen Lebens- und Arbeitssituationen. Das Programm f\u00f6rdert insbesondere das Verst\u00e4ndnis von Redewendungen und Begriffen, [&hellip;]<\/p>\n","protected":false},"author":1,"featured_media":0,"parent":4780,"menu_order":0,"comment_status":"closed","ping_status":"closed","template":"","meta":{"_jinr_url_youtube":"","_jinr_pip_youtube":false,"_jinr_time_youtube":"","_jinr_thumb_youtube":"","_jinr_media_youtube":"","_jinr_category_edit":false,"_jinr_category":"","_jinr_title_display":true,"_jinr_snsbutton_display":false,"_jinr_ads_display":false,"_jinr_thumbnail_display":false,"_jinr_profile_display":false,"_jinr_representations_display":false,"_jinr_relatedpost_display":false,"_jinr_sidebar1col_display":false,"_jinr_sidebar2col_display":false,"_jinr_seotitle_display":"","_jinr_description_display":"","_jinr_keyword_display":"","_jinr_hastag_display":"","_jinr_canonical_display":"","_jinr_noindex_display":false,"_jinr_paidpost":false,"_jinr_paidpost_product_id":"","_jinr_headtag_article":"","footnotes":""},"class_list":["post-4814","page","type-page","status-publish","hentry"],"_links":{"self":[{"href":"https:\/\/www.academiaschool.edu\/de\/wp-json\/wp\/v2\/pages\/4814","targetHints":{"allow":["GET"]}}],"collection":[{"href":"https:\/\/www.academiaschool.edu\/de\/wp-json\/wp\/v2\/pages"}],"about":[{"href":"https:\/\/www.academiaschool.edu\/de\/wp-json\/wp\/v2\/types\/page"}],"author":[{"embeddable":true,"href":"https:\/\/www.academiaschool.edu\/de\/wp-json\/wp\/v2\/users\/1"}],"replies":[{"embeddable":true,"href":"https:\/\/www.academiaschool.edu\/de\/wp-json\/wp\/v2\/comments?post=4814"}],"version-history":[{"count":4,"href":"https:\/\/www.academiaschool.edu\/de\/wp-json\/wp\/v2\/pages\/4814\/revisions"}],"predecessor-version":[{"id":5910,"href":"https:\/\/www.academiaschool.edu\/de\/wp-json\/wp\/v2\/pages\/4814\/revisions\/5910"}],"up":[{"embeddable":true,"href":"https:\/\/www.academiaschool.edu\/de\/wp-json\/wp\/v2\/pages\/4780"}],"wp:attachment":[{"href":"https:\/\/www.academiaschool.edu\/de\/wp-json\/wp\/v2\/media?parent=4814"}],"curies":[{"name":"wp","href":"https:\/\/api.w.org\/{rel}","templated":true}]}}