{"id":4810,"date":"2024-03-21T12:20:47","date_gmt":"2024-03-21T22:20:47","guid":{"rendered":"https:\/\/academia-school.net\/ueberblick-ueber-das-programm\/business-englisch\/"},"modified":"2024-05-01T20:41:18","modified_gmt":"2024-05-02T06:41:18","slug":"business-englisch","status":"publish","type":"page","link":"https:\/\/www.academiaschool.edu\/de\/ueberblick-ueber-das-programm\/business-englisch\/","title":{"rendered":"Business Englisch"},"content":{"rendered":"\n<section class=\"wp-block-jinr-blocks-fullwidth b--jinr-block b--jinr-fullwidth-container d--top-margin-xs-pc d--bottom-margin-xs-pc d--top-margin-xs-sp d--bottom-margin-xs-sp \"><section class=\"b--jinr-fullwidth d--fullwidth-parallax-off d--fullwidth-deco-bgimage\"><div class=\"a--jinr-fullwidth-image\"><div class=\"a--jinr-fullwidth-image-clip\"><img decoding=\"async\" src=\"https:\/\/www.academiaschool.edu\/wp-content\/uploads\/2024\/03\/leo_visions-fMyaQWQrwwU-unsplash.webp\"\/><\/div><\/div><div class=\"a--jinr-fullwidth-overlay\" style=\"background-color:#f5f5f5;opacity:0\"><\/div><div class=\"d--fullwidth-100 d--fullwidth-pad40 d--fullwidth-pad0-sp t--main-width\" style=\"color:false\">\n<p class=\"has-text-align-center has-white-color has-text-color has-link-color wp-elements-e1e38a34cf69885804f073ccb6ab9a77\"><span class=\"jinr-d--font-size d--fontsize-36px\"><strong><strong>Business Englisch<\/strong><\/strong><\/span><\/p>\n<\/div><\/section><\/section>\n\n\n\n<h2 class=\"wp-block-heading jinr-heading d--bold\"><strong>\u00dcberblick \u00fcber Business English<\/strong><\/h2>\n\n\n\n<p>An unserer Schule bieten wir die folgenden Kurse als Wahlf\u00e4cher auf allen Niveaus (Anf\u00e4nger, Mittelstufe, Fortgeschrittene) f\u00fcr Studenten an, die sich auf den Aufbau von Sprachkenntnissen konzentrieren, die in englischsprachigen Arbeitsumgebungen n\u00fctzlich sind.<\/p>\n\n\n\n<p>Bitte beachten Sie, dass das Angebot an Wahlf\u00e4chern von Semester zu Semester variiert. Bitte kontaktieren Sie uns f\u00fcr weitere Details.<\/p>\n\n\n\n<h3 class=\"wp-block-heading jinr-heading d--bold\"><strong>Business English (Umfassendes Englisch)<\/strong><\/h3>\n\n\n\n<p>Dieser Kurs zielt darauf ab, die F\u00e4higkeiten im Lesen, Schreiben, H\u00f6ren und Sprechen in der Gesch\u00e4ftswelt zu verbessern. Die Studenten verbessern ihre F\u00e4higkeit, in verschiedenen Gesch\u00e4ftssituationen effektiv auf Englisch zu kommunizieren und entwickeln die f\u00fcr den gesch\u00e4ftlichen Erfolg notwendigen Kommunikationsf\u00e4higkeiten.<\/p>\n\n\n\n<p>Insbesondere lernen die Studenten Vokabeln und Ausdr\u00fccke, die sie f\u00fcr die Kommunikation in verschiedenen Gesch\u00e4ftssituationen ben\u00f6tigen. Das Lernen erfolgt durch die Analyse von Fallstudien, die Durchf\u00fchrung von Pr\u00e4sentationen, Verhandlungen und Ferngespr\u00e4che mit anderen \u00fcber Telefon- und Videochats und Telefonkonferenzen.<\/p>\n\n\n\n<p>Nach erfolgreichem Abschluss dieses Kurses werden die Teilnehmer in der Lage sein, sich flie\u00dfend und selbstbewusst \u00fcber h\u00e4ufig diskutierte Themen im Gesch\u00e4ftsleben zu unterhalten und in vielen sozialen Situationen effektiv zu interagieren.<\/p>\n\n\n\n<h3 class=\"wp-block-heading jinr-heading d--bold\"><strong>Business Slang (Umfassendes Englisch)<\/strong><\/h3>\n\n\n\n<p>\u00c4hnlich wie der Kurs Business English konzentriert sich dieser Kurs auf die Entwicklung von Lese-, Schreib-, H\u00f6r- und Sprechf\u00e4higkeiten, die in der Gesch\u00e4ftswelt anwendbar sind. W\u00e4hrend sich der Kurs Business English jedoch auf formelles Englisch konzentriert, verbessert der Kurs Business Slang die F\u00e4higkeit, sich in einer lockeren Gesch\u00e4ftssprache zu verst\u00e4ndigen, die im t\u00e4glichen Arbeitsumfeld verwendet wird.<\/p>\n\n\n\n<p>Im Kurs Business Slang lernen die Sch\u00fcler Vokabeln und Ausdr\u00fccke, die sie f\u00fcr die Kommunikation mit Gesch\u00e4ftskollegen und anderen Personen ben\u00f6tigen. Nach Abschluss dieses Kurses sind die Kursteilnehmer in der Lage, sich in einer zwanglosen Art und Weise zu verst\u00e4ndigen, die direkte und fundierte Gedanken und Ideen widerspiegelt, die unter Gleichaltrigen und engen Partnern \u00fcblich sind.<\/p>\n\n\n\n<h3 class=\"wp-block-heading jinr-heading d--bold\"><strong>TOEIC-Testvorbereitungskurs<\/strong><\/h3>\n\n\n\n<p>Der TOEIC (Test of English for International Communication) ist ein Test, der speziell entwickelt wurde, um die allt\u00e4glichen Englischkenntnisse von Personen zu messen, die in einem internationalen Umfeld arbeiten. Dieser Test wird h\u00e4ufig von Unternehmen verlangt, die mit englischsprachigen Personen kommunizieren m\u00fcssen, und wird manchmal als Qualifikation f\u00fcr die Zulassung zu Universit\u00e4ten und Berufsschulen anstelle eines TOEFL-Ergebnisses verwendet.<\/p>\n\n\n\n<p>Die Teilnehmer des TOEIC-Vorbereitungskurses lernen Strategien, um die bestm\u00f6gliche Punktzahl in den Abschnitten Lesen und H\u00f6ren des TOEIC-Tests zu erreichen.<\/p>\n\n\n\n<p>Insbesondere werden die Studenten F\u00e4higkeiten erwerben, um<\/p>\n\n\n\n<ul class=\"jinr-list wp-block-list\">\n<li>Lesen Sie Texte schnell und genau und erkennen Sie wichtige Fakten und Informationen.<\/li>\n\n\n\n<li>Unterscheiden Sie zwischen Hauptideen und anderen wichtigen Fakten und Details.<\/li>\n\n\n\n<li>Vokabeln im Kontext verstehen und Pronomenreferenzen bestimmen.<\/li>\n\n\n\n<li>Erkennen Sie verschiedene Beziehungen zwischen Ideen (z.B. Kontrast, Ursache und Wirkung, Zustimmung und Ablehnung, Schritte in einem Prozess).<\/li>\n\n\n\n<li>Verfolgen Sie die Entwicklung von Ideen in einem Text.<\/li>\n<\/ul>\n\n\n\n<p>Da unsere Schule das einzige offizielle TOEIC-Testzentrum auf Hawaii ist, k\u00f6nnen sich die Sch\u00fcler in einer vertrauten Umgebung vorbereiten und den Test ablegen.<\/p>\n\n\n\n<h3 class=\"wp-block-heading jinr-heading d--bold\"><strong>Programm f\u00fcr praktische Erfahrungen<\/strong><\/h3>\n\n\n\n<p>Studenten im Praktikumsprogramm entwickeln ihre F\u00e4higkeiten im Lesen, Schreiben, H\u00f6ren und Sprechen, w\u00e4hrend sie ein Praktikum in einem englischsprachigen Unternehmen absolvieren. Die Studenten arbeiten 10 Stunden pro Woche am Arbeitsplatz und treffen sich einmal pro Woche im Klassenzimmer mit Klassenkameraden und Ausbildern, um aktiv ihre Erfahrungen mit der Arbeit an amerikanischen Arbeitspl\u00e4tzen zu teilen.<\/p>\n\n\n\n<p>Konkret werden die Studenten lernen:<\/p>\n\n\n\n<ol class=\"jinr-list wp-block-list\">\n<li>Wie man einen Lebenslauf schreibt.<\/li>\n\n\n\n<li>Angemessenes Verhalten bei Vorstellungsgespr\u00e4chen.<\/li>\n\n\n\n<li>Wie Sie dieses Wissen anwenden k\u00f6nnen, um sich einen Job zu sichern.<\/li>\n\n\n\n<li>Wie Sie Ihre F\u00e4higkeiten in den Bereichen Lesen, Schreiben, H\u00f6ren und Sprechen durch praktische Erfahrungen am Arbeitsplatz anwenden und weiterentwickeln k\u00f6nnen.<\/li>\n<\/ol>\n\n\n\n<p>In der Regel finden die Studenten unbezahlte Stellen in Bereichen, die sie interessieren. In der Vergangenheit wurden Praktika in verschiedenen Fachbereichen wie dem Gesundheitswesen, der Altenpflege und dem Tierschutz absolviert.<\/p>\n\n\n<section class=\"b--jinr-block b--jinr-blogcard d--blogcard-hover-up d--blogcard-style1 d--blogcard-mysite t--round \"><div class=\"a--blogcard-label ef\">Related Page<\/div><a class=\"o--blogcard-link t--round\" href=\"https:\/\/www.academiaschool.edu\/de\/ueberblick-ueber-das-programm\/\"><div class=\"c--blogcard-image\"><img loading=\"lazy\" decoding=\"async\" class=\"a--blogcard-img-src\" width=\"128\" height=\"72\" src=\"https:\/\/www.academiaschool.edu\/wp-content\/uploads\/2025\/02\/\u540d\u79f0\u672a\u8a2d\u5b9a\u306e\u30c7\u30b6\u30a4\u30f3-7.png\" alt=\"\u00dcberblick \u00fcber das Programm\" \/><\/div><div class=\"a--blogcard-title d--bold\">\u00dcberblick \u00fcber das Programm<\/div><\/a><\/section>","protected":false},"excerpt":{"rendered":"<p>\u00dcberblick \u00fcber Business English An unserer Schule bieten wir die folgenden Kurse als Wahlf\u00e4cher auf allen Niveaus (Anf\u00e4nger, Mittelstufe, Fortgeschrittene) f\u00fcr Studenten an, die sich auf den Aufbau von Sprachkenntnissen konzentrieren, die in englischsprachigen Arbeitsumgebungen n\u00fctzlich sind. Bitte beachten Sie, dass das Angebot an Wahlf\u00e4chern von Semester zu Semester variiert. Bitte kontaktieren Sie uns f\u00fcr [&hellip;]<\/p>\n","protected":false},"author":1,"featured_media":0,"parent":4780,"menu_order":0,"comment_status":"closed","ping_status":"closed","template":"","meta":{"_jinr_url_youtube":"","_jinr_pip_youtube":false,"_jinr_time_youtube":"","_jinr_thumb_youtube":"","_jinr_media_youtube":"","_jinr_category_edit":false,"_jinr_category":"","_jinr_title_display":true,"_jinr_snsbutton_display":false,"_jinr_ads_display":false,"_jinr_thumbnail_display":false,"_jinr_profile_display":false,"_jinr_representations_display":false,"_jinr_relatedpost_display":false,"_jinr_sidebar1col_display":false,"_jinr_sidebar2col_display":false,"_jinr_seotitle_display":"","_jinr_description_display":"","_jinr_keyword_display":"","_jinr_hastag_display":"","_jinr_canonical_display":"","_jinr_noindex_display":false,"_jinr_paidpost":false,"_jinr_paidpost_product_id":"","_jinr_headtag_article":"","footnotes":""},"class_list":["post-4810","page","type-page","status-publish","hentry"],"_links":{"self":[{"href":"https:\/\/www.academiaschool.edu\/de\/wp-json\/wp\/v2\/pages\/4810","targetHints":{"allow":["GET"]}}],"collection":[{"href":"https:\/\/www.academiaschool.edu\/de\/wp-json\/wp\/v2\/pages"}],"about":[{"href":"https:\/\/www.academiaschool.edu\/de\/wp-json\/wp\/v2\/types\/page"}],"author":[{"embeddable":true,"href":"https:\/\/www.academiaschool.edu\/de\/wp-json\/wp\/v2\/users\/1"}],"replies":[{"embeddable":true,"href":"https:\/\/www.academiaschool.edu\/de\/wp-json\/wp\/v2\/comments?post=4810"}],"version-history":[{"count":5,"href":"https:\/\/www.academiaschool.edu\/de\/wp-json\/wp\/v2\/pages\/4810\/revisions"}],"predecessor-version":[{"id":5904,"href":"https:\/\/www.academiaschool.edu\/de\/wp-json\/wp\/v2\/pages\/4810\/revisions\/5904"}],"up":[{"embeddable":true,"href":"https:\/\/www.academiaschool.edu\/de\/wp-json\/wp\/v2\/pages\/4780"}],"wp:attachment":[{"href":"https:\/\/www.academiaschool.edu\/de\/wp-json\/wp\/v2\/media?parent=4810"}],"curies":[{"name":"wp","href":"https:\/\/api.w.org\/{rel}","templated":true}]}}