{"id":4806,"date":"2024-03-25T10:47:11","date_gmt":"2024-03-25T20:47:11","guid":{"rendered":"https:\/\/academia-school.net\/ueberblick-ueber-das-programm\/anfaenger-level\/details-und-lernergebnisse-der-konversationsstufen-i-ii-und-iii-fuer-anfaenger\/"},"modified":"2024-04-24T09:53:50","modified_gmt":"2024-04-24T19:53:50","slug":"details-und-lernergebnisse-der-konversationsstufen-i-ii-und-iii-fuer-anfaenger","status":"publish","type":"page","link":"https:\/\/www.academiaschool.edu\/de\/ueberblick-ueber-das-programm\/anfaenger-level\/details-und-lernergebnisse-der-konversationsstufen-i-ii-und-iii-fuer-anfaenger\/","title":{"rendered":"Details und Lernergebnisse der Konversationsstufen I, II und III f\u00fcr Anf\u00e4nger"},"content":{"rendered":"\n<h2 class=\"wp-block-heading jinr-heading d--bold\"><strong>Konversation f\u00fcr Anf\u00e4nger I<\/strong><\/h2>\n\n<p>Nach erfolgreichem Abschluss dieses Kurses sind die Teilnehmer in der Lage, sich angemessen, vollst\u00e4ndig, flie\u00dfend, klar und genau unter Verwendung der richtigen Grammatik und des richtigen Wortschatzes \u00fcber das Kennenlernen, Ausgehen, Familienangelegenheiten, Essen in Restaurants und die Nutzung von Technologie zu verst\u00e4ndigen.<\/p>\n\n<h2 class=\"wp-block-heading jinr-heading d--bold\"><strong>Konversation f\u00fcr Anf\u00e4nger II<\/strong><\/h2>\n\n<p>Studenten, die diesen Kurs erfolgreich abgeschlossen haben, werden in der Lage sein, sich angemessen, vollst\u00e4ndig, flie\u00dfend, klar und genau unter Verwendung der richtigen Grammatik und des richtigen Wortschatzes \u00fcber Themen wie die Erhaltung der Gesundheit, die Urlaubsplanung, den Einkauf von Kleidung, die Benutzung von Verkehrsmitteln und kosteng\u00fcnstige Eink\u00e4ufe zu verst\u00e4ndigen.<\/p>\n\n<h2 class=\"wp-block-heading jinr-heading d--bold\"><strong>Konversation f\u00fcr Anf\u00e4nger III<\/strong><\/h2>\n\n<p>Der erfolgreiche Abschluss dieses Kurses bef\u00e4higt die Teilnehmer, sich angemessen, vollst\u00e4ndig, flie\u00dfend, klar und genau unter Verwendung der richtigen Grammatik und des richtigen Vokabulars zu verst\u00e4ndigen, wenn sie Leute begr\u00fc\u00dfen und Small Talk machen, \u00fcber Filme und Unterhaltung sprechen, in Hotels \u00fcbernachten, Auto fahren und \u00fcber K\u00f6rperpflege und Aussehen sprechen.<\/p>\n\n<p><em>Definitionen:<\/em><\/p>\n\n<ul class=\"jinr-list wp-block-list\">\n<li><strong>Angemessen:<\/strong> Angemessene Antwort<\/li>\n\n\n\n<li><strong>Vollst\u00e4ndig:<\/strong> Antwort unter Verwendung eines vielf\u00e4ltigen Vokabulars, um angemessene Details zu liefern<\/li>\n\n\n\n<li><strong>Flie\u00dfend:<\/strong> Sanft flie\u00dfende, ununterbrochene Reaktion<\/li>\n\n\n\n<li><strong>Klar:<\/strong> Klar und leicht verst\u00e4ndlich f\u00fcr Muttersprachler<\/li>\n\n\n\n<li><strong>Akkurat:<\/strong> Grammatikalisch korrekt mit angemessener Verwendung von umgangssprachlichen Ausdr\u00fccken<\/li>\n<\/ul>\n\n<h3 class=\"wp-block-heading jinr-heading d--bold\"><strong>Erreichen des ILR Level 1 in Konversationskompetenz<\/strong><\/h3>\n\n<p>Sch\u00fcler, die die Lernergebnisse auf jeder Stufe erfolgreich erreichen, dr\u00fccken sich in der Konversation in erster Linie durch H\u00f6ren und Sprechen (und bis zu einem gewissen Grad auch durch Lesen und Schreiben) aus und erreichen damit die ILR-Stufe 1 (sogenannte Anf\u00e4ngerkenntnisse). Der Lehrplan legt den Schwerpunkt auf integrierte Sprachlernmaterialien.<\/p>\n\n<p>Von Sch\u00fclern, die diese Stufe erreichen, wird erwartet, dass sie Testfragen, die den Erwerb der in den einzelnen Kursen beschriebenen Kenntnisse und F\u00e4higkeiten best\u00e4tigen, mit hoher Genauigkeit (mindestens 75%) beantworten k\u00f6nnen.<\/p>\n<section class=\"b--jinr-block b--jinr-blogcard d--blogcard-hover-up d--blogcard-style1 d--blogcard-mysite t--round \"><div class=\"a--blogcard-label ef\">Related Page<\/div><a class=\"o--blogcard-link t--round\" href=\"https:\/\/www.academiaschool.edu\/programs\/beginner\/\"><div class=\"c--blogcard-image\"><img loading=\"lazy\" decoding=\"async\" class=\"a--blogcard-img-src\" width=\"128\" height=\"72\" src=\"https:\/\/www.academiaschool.edu\/wp-content\/uploads\/2025\/02\/\u540d\u79f0\u672a\u8a2d\u5b9a\u306e\u30c7\u30b6\u30a4\u30f3-7.png\" alt=\"Beginner Level\" \/><\/div><div class=\"a--blogcard-title d--bold\">Beginner Level<\/div><\/a><\/section>","protected":false},"excerpt":{"rendered":"<p>Konversation f\u00fcr Anf\u00e4nger I Nach erfolgreichem Abschluss dieses Kurses sind die Teilnehmer in der Lage, sich angemessen, vollst\u00e4ndig, flie\u00dfend, klar und genau unter Verwendung der richtigen Grammatik und des richtigen Wortschatzes \u00fcber das Kennenlernen, Ausgehen, Familienangelegenheiten, Essen in Restaurants und die Nutzung von Technologie zu verst\u00e4ndigen. Konversation f\u00fcr Anf\u00e4nger II Studenten, die diesen Kurs erfolgreich [&hellip;]<\/p>\n","protected":false},"author":1,"featured_media":0,"parent":4798,"menu_order":0,"comment_status":"closed","ping_status":"closed","template":"","meta":{"_jinr_url_youtube":"","_jinr_pip_youtube":false,"_jinr_time_youtube":"","_jinr_thumb_youtube":"","_jinr_media_youtube":"","_jinr_category_edit":false,"_jinr_category":"","_jinr_title_display":false,"_jinr_snsbutton_display":false,"_jinr_ads_display":false,"_jinr_thumbnail_display":false,"_jinr_profile_display":false,"_jinr_representations_display":false,"_jinr_relatedpost_display":false,"_jinr_sidebar1col_display":false,"_jinr_sidebar2col_display":false,"_jinr_seotitle_display":"","_jinr_description_display":"","_jinr_keyword_display":"","_jinr_hastag_display":"","_jinr_canonical_display":"","_jinr_noindex_display":false,"_jinr_paidpost":false,"_jinr_paidpost_product_id":"","_jinr_headtag_article":"","footnotes":""},"class_list":["post-4806","page","type-page","status-publish","hentry"],"_links":{"self":[{"href":"https:\/\/www.academiaschool.edu\/de\/wp-json\/wp\/v2\/pages\/4806","targetHints":{"allow":["GET"]}}],"collection":[{"href":"https:\/\/www.academiaschool.edu\/de\/wp-json\/wp\/v2\/pages"}],"about":[{"href":"https:\/\/www.academiaschool.edu\/de\/wp-json\/wp\/v2\/types\/page"}],"author":[{"embeddable":true,"href":"https:\/\/www.academiaschool.edu\/de\/wp-json\/wp\/v2\/users\/1"}],"replies":[{"embeddable":true,"href":"https:\/\/www.academiaschool.edu\/de\/wp-json\/wp\/v2\/comments?post=4806"}],"version-history":[{"count":3,"href":"https:\/\/www.academiaschool.edu\/de\/wp-json\/wp\/v2\/pages\/4806\/revisions"}],"predecessor-version":[{"id":4809,"href":"https:\/\/www.academiaschool.edu\/de\/wp-json\/wp\/v2\/pages\/4806\/revisions\/4809"}],"up":[{"embeddable":true,"href":"https:\/\/www.academiaschool.edu\/de\/wp-json\/wp\/v2\/pages\/4798"}],"wp:attachment":[{"href":"https:\/\/www.academiaschool.edu\/de\/wp-json\/wp\/v2\/media?parent=4806"}],"curies":[{"name":"wp","href":"https:\/\/api.w.org\/{rel}","templated":true}]}}