{"id":4802,"date":"2024-03-25T10:41:40","date_gmt":"2024-03-25T20:41:40","guid":{"rendered":"https:\/\/academia-school.net\/ueberblick-ueber-das-programm\/anfaenger-level\/detaillierte-uebersicht-und-leistungsziele-fuer-anfaengerstufe-grammatik-i-ii-iii\/"},"modified":"2024-04-24T09:53:33","modified_gmt":"2024-04-24T19:53:33","slug":"detaillierte-uebersicht-und-leistungsziele-fuer-anfaengerstufe-grammatik-i-ii-iii","status":"publish","type":"page","link":"https:\/\/www.academiaschool.edu\/de\/ueberblick-ueber-das-programm\/anfaenger-level\/detaillierte-uebersicht-und-leistungsziele-fuer-anfaengerstufe-grammatik-i-ii-iii\/","title":{"rendered":"Detaillierte \u00dcbersicht und Leistungsziele f\u00fcr Anf\u00e4ngerstufe Grammatik I, II, III"},"content":{"rendered":"\n<p>Hier finden Sie eine detaillierte Erkl\u00e4rung der Anf\u00e4ngergrammatik f\u00fcr ILR Level 1 (Elementary Proficiency).<\/p>\n\n<h2 class=\"wp-block-heading jinr-heading d--bold\"><strong>Grammatik f\u00fcr Anf\u00e4nger I<\/strong><\/h2>\n\n<p>Nach Abschluss des Kurses werden die Teilnehmer in der Lage sein, einfache Fragen im Pr\u00e4sens zu stellen und zu beantworten, indem sie S\u00e4tze verwenden, die aus einem einzigen Satz bestehen. Sie zeigen ein genaues Verst\u00e4ndnis f\u00fcr die korrekte Verwendung der einfachen Gegenwart und der fortlaufenden Gegenwart. Dar\u00fcber hinaus werden die Sch\u00fcler in der Lage sein, h\u00e4ufig verwendete Substantive in ihrer Pluralform richtig zu schreiben.<\/p>\n\n<p><strong>Leistungsziele f\u00fcr Grammatik f\u00fcr Anf\u00e4nger I:<\/strong><\/p>\n\n<ul class=\"jinr-list wp-block-list\">\n<li>Formulieren und beantworten Sie einfache Fragen im Pr\u00e4sens.<\/li>\n\n\n\n<li>Die Regeln des Present Continuous Tense verstehen und anwenden.<\/li>\n\n\n\n<li>Die Singular- und Pluralformen gebr\u00e4uchlicher Substantive korrekt verwenden und buchstabieren.<\/li>\n<\/ul>\n\n<h2 class=\"wp-block-heading jinr-heading d--bold\"><strong>Grammatik f\u00fcr Anf\u00e4nger II<\/strong><\/h2>\n\n<p>Teilnehmer, die diesen Kurs abschlie\u00dfen, k\u00f6nnen sowohl regelm\u00e4\u00dfige als auch unregelm\u00e4\u00dfige Substantive und Pronomen im Singular und Plural im Nominativ und Objektiv in Kombination mit Adjektiven verwenden. Sie unterscheiden zwischen z\u00e4hlbaren und nicht z\u00e4hlbaren Substantiven und verwenden Artikel und Partizipien in angemessener Weise. Sie k\u00f6nnen vergangene Ereignisse unter Verwendung der richtigen Adverbien und Verbformen f\u00fcr regelm\u00e4\u00dfige und unregelm\u00e4\u00dfige Verben ausdr\u00fccken. Schlie\u00dflich werden die Sch\u00fcler in der Lage sein, &#8222;will&#8220; zu verwenden, um \u00fcber zuk\u00fcnftige Ereignisse zu sprechen.<\/p>\n\n<p><strong>Leistungsziele f\u00fcr Grammatik f\u00fcr Anf\u00e4nger II:<\/strong><\/p>\n\n<ul class=\"jinr-list wp-block-list\">\n<li>Verwenden Sie Substantive und Pronomen in den richtigen grammatikalischen F\u00e4llen.<\/li>\n\n\n\n<li>Unterscheiden und verwenden Sie z\u00e4hlbare und nicht z\u00e4hlbare Substantive mit entsprechenden Artikeln.<\/li>\n\n\n\n<li>Dr\u00fccken Sie vergangene Aktivit\u00e4ten mit den korrekten Verbformen aus.<\/li>\n\n\n\n<li>Besprechen Sie zuk\u00fcnftige Absichten mit &#8222;Wille&#8220;.<\/li>\n<\/ul>\n\n<h2 class=\"wp-block-heading jinr-heading d--bold\"><strong>Grammatik f\u00fcr Anf\u00e4nger III<\/strong><\/h2>\n\n<p>Studenten, die diesen Kurs abschlie\u00dfen, werden in der Lage sein, Modalverben angemessen zu verwenden, einschlie\u00dflich &#8222;kann&#8220;, &#8222;k\u00f6nnte&#8220;, &#8222;kann&#8220;, &#8222;k\u00f6nnte&#8220;, &#8222;kann sein&#8220;, &#8222;sollte&#8220;, &#8222;muss&#8220; und &#8222;muss&#8220;. Sie k\u00f6nnen h\u00f6fliche Anfragen mit &#8222;darf ich&#8220;, &#8222;k\u00f6nnte ich&#8220;, &#8222;kann ich&#8220; stellen und Vorschl\u00e4ge mit &#8222;lass uns&#8220; machen. Sie sind in der Lage, gebr\u00e4uchliche Ausdr\u00fccke der Quantit\u00e4t zu verwenden und k\u00f6nnen Vergleiche anstellen, indem sie &#8222;gleich&#8220;, &#8222;\u00e4hnlich&#8220;, &#8222;anders als&#8220;, &#8222;wie&#8220;, &#8222;gleich&#8220; sowie die Komparativ- und Superlativformen von Adjektiven und Adverbien verwenden.<\/p>\n\n<p><strong>Leistungsziele f\u00fcr Grammatik f\u00fcr Anf\u00e4nger III:<\/strong><\/p>\n\n<ul class=\"jinr-list wp-block-list\">\n<li>Verwenden Sie Modalverben angemessen, um F\u00e4higkeit, Erlaubnis, Verpflichtung und Ratschl\u00e4ge auszudr\u00fccken.<\/li>\n\n\n\n<li>Machen Sie h\u00f6fliche Anfragen und Vorschl\u00e4ge.<\/li>\n\n\n\n<li>Verwenden Sie quantitative Ausdr\u00fccke und f\u00fchren Sie Vergleiche unter Verwendung geeigneter grammatikalischer Strukturen durch.<\/li>\n<\/ul>\n\n<h2 class=\"wp-block-heading jinr-heading d--bold\"><strong>Erreichen des ILR Level 1 in Grammatik:<\/strong><\/h2>\n\n<p>Sch\u00fcler, die die Lernergebnisse auf jeder Stufe erfolgreich erreichen, haben die ILR-Stufe 1 (Elementary Proficiency) in Grammatik, vor allem im Lesen und Schreiben, und in gewissem Ma\u00dfe auch im H\u00f6ren und Sprechen erworben. Der Lehrplan verwendet Materialien zum Erlernen von Sprachen mit integrierten F\u00e4higkeiten.<\/p>\n\n<p>Von Sch\u00fclern auf diesem Niveau wird erwartet, dass sie Testfragen, die sich auf die in jeder Klasse beschriebenen Kenntnisse und F\u00e4higkeiten beziehen, mit hoher Genauigkeit beantworten (mindestens 75% richtige Antworten).<\/p>\n<section class=\"b--jinr-block b--jinr-blogcard d--blogcard-hover-up d--blogcard-style1 d--blogcard-mysite t--round \"><div class=\"a--blogcard-label ef\">Related Page<\/div><a class=\"o--blogcard-link t--round\" href=\"https:\/\/www.academiaschool.edu\/programs\/beginner\/\"><div class=\"c--blogcard-image\"><img loading=\"lazy\" decoding=\"async\" class=\"a--blogcard-img-src\" width=\"128\" height=\"72\" src=\"https:\/\/www.academiaschool.edu\/wp-content\/uploads\/2025\/02\/\u540d\u79f0\u672a\u8a2d\u5b9a\u306e\u30c7\u30b6\u30a4\u30f3-7.png\" alt=\"Beginner Level\" \/><\/div><div class=\"a--blogcard-title d--bold\">Beginner Level<\/div><\/a><\/section>","protected":false},"excerpt":{"rendered":"<p>Hier finden Sie eine detaillierte Erkl\u00e4rung der Anf\u00e4ngergrammatik f\u00fcr ILR Level 1 (Elementary Proficiency). Grammatik f\u00fcr Anf\u00e4nger I Nach Abschluss des Kurses werden die Teilnehmer in der Lage sein, einfache Fragen im Pr\u00e4sens zu stellen und zu beantworten, indem sie S\u00e4tze verwenden, die aus einem einzigen Satz bestehen. Sie zeigen ein genaues Verst\u00e4ndnis f\u00fcr die [&hellip;]<\/p>\n","protected":false},"author":1,"featured_media":0,"parent":4798,"menu_order":0,"comment_status":"closed","ping_status":"closed","template":"","meta":{"_jinr_url_youtube":"","_jinr_pip_youtube":false,"_jinr_time_youtube":"","_jinr_thumb_youtube":"","_jinr_media_youtube":"","_jinr_category_edit":false,"_jinr_category":"","_jinr_title_display":false,"_jinr_snsbutton_display":false,"_jinr_ads_display":false,"_jinr_thumbnail_display":false,"_jinr_profile_display":false,"_jinr_representations_display":false,"_jinr_relatedpost_display":false,"_jinr_sidebar1col_display":false,"_jinr_sidebar2col_display":false,"_jinr_seotitle_display":"","_jinr_description_display":"","_jinr_keyword_display":"","_jinr_hastag_display":"","_jinr_canonical_display":"","_jinr_noindex_display":false,"_jinr_paidpost":false,"_jinr_paidpost_product_id":"","_jinr_headtag_article":"","footnotes":""},"class_list":["post-4802","page","type-page","status-publish","hentry"],"_links":{"self":[{"href":"https:\/\/www.academiaschool.edu\/de\/wp-json\/wp\/v2\/pages\/4802","targetHints":{"allow":["GET"]}}],"collection":[{"href":"https:\/\/www.academiaschool.edu\/de\/wp-json\/wp\/v2\/pages"}],"about":[{"href":"https:\/\/www.academiaschool.edu\/de\/wp-json\/wp\/v2\/types\/page"}],"author":[{"embeddable":true,"href":"https:\/\/www.academiaschool.edu\/de\/wp-json\/wp\/v2\/users\/1"}],"replies":[{"embeddable":true,"href":"https:\/\/www.academiaschool.edu\/de\/wp-json\/wp\/v2\/comments?post=4802"}],"version-history":[{"count":3,"href":"https:\/\/www.academiaschool.edu\/de\/wp-json\/wp\/v2\/pages\/4802\/revisions"}],"predecessor-version":[{"id":4805,"href":"https:\/\/www.academiaschool.edu\/de\/wp-json\/wp\/v2\/pages\/4802\/revisions\/4805"}],"up":[{"embeddable":true,"href":"https:\/\/www.academiaschool.edu\/de\/wp-json\/wp\/v2\/pages\/4798"}],"wp:attachment":[{"href":"https:\/\/www.academiaschool.edu\/de\/wp-json\/wp\/v2\/media?parent=4802"}],"curies":[{"name":"wp","href":"https:\/\/api.w.org\/{rel}","templated":true}]}}