{"id":4798,"date":"2024-03-20T18:09:59","date_gmt":"2024-03-21T04:09:59","guid":{"rendered":"https:\/\/academia-school.net\/ueberblick-ueber-das-programm\/anfaenger-level\/"},"modified":"2024-05-01T20:55:03","modified_gmt":"2024-05-02T06:55:03","slug":"anfaenger-level","status":"publish","type":"page","link":"https:\/\/www.academiaschool.edu\/de\/ueberblick-ueber-das-programm\/anfaenger-level\/","title":{"rendered":"Anf\u00e4nger Level"},"content":{"rendered":"\n<section class=\"wp-block-jinr-blocks-fullwidth b--jinr-block b--jinr-fullwidth-container d--top-margin-xs-pc d--bottom-margin-xs-pc d--top-margin-xs-sp d--bottom-margin-xs-sp \"><section class=\"b--jinr-fullwidth d--fullwidth-parallax-off d--fullwidth-deco-bgimage\"><div class=\"a--jinr-fullwidth-image\"><div class=\"a--jinr-fullwidth-image-clip\"><img decoding=\"async\" src=\"https:\/\/www.academiaschool.edu\/wp-content\/uploads\/2024\/03\/leo_visions-fMyaQWQrwwU-unsplash.webp\"\/><\/div><\/div><div class=\"a--jinr-fullwidth-overlay\" style=\"background-color:#f5f5f5;opacity:0\"><\/div><div class=\"d--fullwidth-100 d--fullwidth-pad40 d--fullwidth-pad0-sp t--main-width\" style=\"color:false\">\n<p class=\"has-text-align-center has-white-color has-text-color has-link-color wp-elements-8c4d4d3cc07d9e54706dc65f4b4390f3\"><span class=\"jinr-d--font-size d--fontsize-36px\"><strong><strong>Anf\u00e4nger Level<\/strong><\/strong><\/span><\/p>\n<\/div><\/section><\/section>\n\n\n\n<h2 class=\"wp-block-heading jinr-heading d--bold\"><strong>\u00dcbersicht \u00fcber den Lehrplan der Anf\u00e4ngerstufe<\/strong><\/h2>\n\n\n\n<section class=\"wp-block-jinr-blocks-simplebox b--jinr-block-container\"><div class=\"b--jinr-block b--jinr-box d--simple-box10  \"><div class=\"c--simple-box-inner\">\n<p class=\"has-text-align-center\"><strong><span class=\"jinr-d--font-size d--fontsize-18px\"><strong>Name des Programms:<\/strong> <span class=\"jinr-d--text-color d--user-color1 d--bold\">Basisprogramm Englisch<\/span><\/span><\/strong><\/p>\n<\/div><\/div><\/section>\n\n\n\n<p><strong>\n  <span class=\"jinr-d--text-color d--user-color2 d--bold\">Ziel des Lehrplans:<\/span>\n<\/strong> Der Lehrplan f\u00fcr das Anf\u00e4ngerniveau zielt darauf ab, die Kommunikationsf\u00e4higkeiten zu entwickeln, die f\u00fcr das t\u00e4gliche Leben in der englischen Sprache notwendig sind. Das Programm konzentriert sich darauf, den Sch\u00fclern zu helfen, Konversationsf\u00e4higkeiten \u00fcber allt\u00e4gliche Themen zu entwickeln. Dazu geh\u00f6rt auch ein spezieller Unterricht, der sich auf die englische Aussprache konzentriert, die viele Sch\u00fcler als Herausforderung empfinden, und so die M\u00f6glichkeit bietet, grundlegende Aspekte zu behandeln.<\/p>\n\n\n\n<p><strong>\n  <span class=\"jinr-d--text-color d--user-color2 d--bold\">Ziele nach Abschluss des Programms:<\/span>\n<\/strong> Nach Beendigung des Programms m\u00f6chten die Teilnehmer in der Lage sein, sich zwanglos \u00fcber das t\u00e4gliche Leben, die Arbeit, die Familie und allgemeine allt\u00e4gliche Aufgaben zu unterhalten.<\/p>\n\n\n\n<h2 class=\"wp-block-heading jinr-heading d--bold\"><strong>Pflicht- und Wahlf\u00e4cher auf Anf\u00e4ngerniveau<\/strong><\/h2>\n\n\n\n<p><strong><span class=\"jinr-d--text-color d--user-color2 d--bold\">Obligatorische Kurse:<\/span><\/strong><\/p>\n\n\n\n<ul class=\"jinr-list wp-block-list\">\n<li>Grammatik f\u00fcr Anf\u00e4nger I, II, III<\/li>\n\n\n\n<li>Konversation f\u00fcr Anf\u00e4nger I, II, III<\/li>\n<\/ul>\n\n\n\n<p><span class=\"jinr-d--text-color d--user-color2 d--bold\"><strong>Wahlf\u00e4cher:<\/strong> <\/span>Sch\u00fcler der Anf\u00e4ngerstufe k\u00f6nnen aus den folgenden F\u00e4chern w\u00e4hlen:<\/p>\n\n\n\n<ul class=\"jinr-list wp-block-list\">\n<li>Aussprache<\/li>\n\n\n\n<li>Vokabeln<\/li>\n\n\n\n<li>Lesen\/Schreiben<\/li>\n\n\n\n<li>Zuh\u00f6ren\/Sprechen<\/li>\n<\/ul>\n\n\n\n<p>Jedes Semester werden auch verschiedene Wahlf\u00e4cher angeboten.<\/p>\n\n\n<section class=\"b--jinr-block b--jinr-blogcard d--blogcard-hover-up d--blogcard-style1 d--blogcard-mysite t--round \"><div class=\"a--blogcard-label ef\">Related Page<\/div><a class=\"o--blogcard-link t--round\" href=\"https:\/\/www.academiaschool.edu\/programs\/beginner\/beginner-level-grammar\/\"><div class=\"c--blogcard-image\"><img loading=\"lazy\" decoding=\"async\" class=\"a--blogcard-img-src\" width=\"128\" height=\"72\" src=\"https:\/\/www.academiaschool.edu\/wp-content\/uploads\/2025\/02\/\u540d\u79f0\u672a\u8a2d\u5b9a\u306e\u30c7\u30b6\u30a4\u30f3-7.png\" alt=\"Detailed Overview and Achievement Goals for Beginner Level Grammar I, II, III\" \/><\/div><div class=\"a--blogcard-title d--bold\">Detailed Overview and Achievement Goals for Beginner Level Grammar I, II, III<\/div><\/a><\/section>\n\n<section class=\"b--jinr-block b--jinr-blogcard d--blogcard-hover-up d--blogcard-style1 d--blogcard-mysite t--round \"><div class=\"a--blogcard-label ef\">Related Page<\/div><a class=\"o--blogcard-link t--round\" href=\"https:\/\/www.academiaschool.edu\/programs\/beginner\/beginner-level-conversation\/\"><div class=\"c--blogcard-image\"><img loading=\"lazy\" decoding=\"async\" class=\"a--blogcard-img-src\" width=\"128\" height=\"72\" src=\"https:\/\/www.academiaschool.edu\/wp-content\/uploads\/2025\/02\/\u540d\u79f0\u672a\u8a2d\u5b9a\u306e\u30c7\u30b6\u30a4\u30f3-7.png\" alt=\"Details and Learning Outcomes of Beginner Conversation Levels I, II, &amp; III\" \/><\/div><div class=\"a--blogcard-title d--bold\">Details and Learning Outcomes of Beginner Conversation Levels I, II, &amp; III<\/div><\/a><\/section>\n\n\n<h2 class=\"wp-block-heading jinr-heading d--bold\"><strong>Kursvoraussetzungen und Hinweise f\u00fcr das Anf\u00e4ngerniveau<\/strong><\/h2>\n\n\n\n<ul class=\"jinr-list wp-block-list\">\n<li>Ein Minimum von 240 Stunden (d.h. 20 Stunden pro Woche \u00fcber einen Zeitraum von 12 Wochen) an Wahlkursen f\u00fcr das Anf\u00e4ngerniveau ist erforderlich.<\/li>\n\n\n\n<li>Sch\u00fcler, die zu Beginn des Basic English Program platziert werden, k\u00f6nnen die Anforderungen des Programms innerhalb von mindestens einem Jahr erf\u00fcllen.<\/li>\n\n\n\n<li>Die Studenten k\u00f6nnen mehr als 240 Stunden an Wahlf\u00e4chern innerhalb des Programms belegen, aber alle Programmanforderungen m\u00fcssen innerhalb von zwei Jahren erf\u00fcllt werden.<\/li>\n\n\n\n<li>Wenn ein Sch\u00fcler eine Klasse der Stufe II oder III abschlie\u00dft, kann er nicht in eine niedrigere Klasse zur\u00fcckkehren.<\/li>\n\n\n\n<li>Der Abschluss von Level III erfordert nicht unbedingt den Aufstieg in ein h\u00f6heres Level.<\/li>\n<\/ul>\n\n\n\n<h2 class=\"wp-block-heading jinr-heading d--bold\"><strong>Leistungsziele f\u00fcr das Anf\u00e4ngerniveau<\/strong><\/h2>\n\n\n\n<p>Sch\u00fcler, die den Grammatik- und Konversationskurs f\u00fcr Anf\u00e4nger absolvieren, streben das Niveau 1 (Elementary Proficiency) gem\u00e4\u00df der Interagency Language Roundtable (ILR) Skala an.<\/p>\n\n\n\n<p><strong><span class=\"jinr-d--text-color d--user-color2 d--bold\">Zu den Merkmalen von Sch\u00fclern der ILR-Stufe 1 geh\u00f6ren:<\/span><\/strong><\/p>\n\n\n\n<ul class=\"jinr-list wp-block-list\">\n<li>Die F\u00e4higkeit, die Grundbed\u00fcrfnisse und Mindestanforderungen an die H\u00f6flichkeit zu erf\u00fcllen, die f\u00fcr Reisen erforderlich sind.<\/li>\n\n\n\n<li>Die F\u00e4higkeit, Fragen zu vertrauten Themen zu stellen und zu beantworten, mit einem begrenzten Spektrum an Sprachkenntnissen.<\/li>\n\n\n\n<li>Die F\u00e4higkeit, einfache Fragen und Aussagen zu verstehen, indem Sie langsamer sprechen, wiederholen oder umformulieren.<\/li>\n\n\n\n<li>Trotz h\u00e4ufiger Fehler in Aussprache und Grammatik verf\u00fcgt er \u00fcber einen ausreichenden Wortschatz, um grundlegende Bed\u00fcrfnisse auszudr\u00fccken.<\/li>\n\n\n\n<li>Kann von Muttersprachlern verstanden werden, die den Umgang mit Nicht-Muttersprachlern gewohnt sind, die versuchen, die Sprache zu sprechen.<\/li>\n\n\n\n<li>Sie sind in der Lage, nach Mahlzeiten, Unterk\u00fcnften oder Wohnungen zu fragen, einfache Wegbeschreibungen zu geben, Eink\u00e4ufe zu t\u00e4tigen usw.<\/li>\n<\/ul>\n\n\n<section class=\"b--jinr-block b--jinr-blogcard d--blogcard-hover-up d--blogcard-style1 d--blogcard-mysite t--round \"><div class=\"a--blogcard-label ef\">Related Page<\/div><a class=\"o--blogcard-link t--round\" href=\"https:\/\/www.academiaschool.edu\/de\/ueberblick-ueber-das-programm\/\"><div class=\"c--blogcard-image\"><img loading=\"lazy\" decoding=\"async\" class=\"a--blogcard-img-src\" width=\"128\" height=\"72\" src=\"https:\/\/www.academiaschool.edu\/wp-content\/uploads\/2025\/02\/\u540d\u79f0\u672a\u8a2d\u5b9a\u306e\u30c7\u30b6\u30a4\u30f3-7.png\" alt=\"\u00dcberblick \u00fcber das Programm\" \/><\/div><div class=\"a--blogcard-title d--bold\">\u00dcberblick \u00fcber das Programm<\/div><\/a><\/section>","protected":false},"excerpt":{"rendered":"<p>\u00dcbersicht \u00fcber den Lehrplan der Anf\u00e4ngerstufe Ziel des Lehrplans: Der Lehrplan f\u00fcr das Anf\u00e4ngerniveau zielt darauf ab, die Kommunikationsf\u00e4higkeiten zu entwickeln, die f\u00fcr das t\u00e4gliche Leben in der englischen Sprache notwendig sind. Das Programm konzentriert sich darauf, den Sch\u00fclern zu helfen, Konversationsf\u00e4higkeiten \u00fcber allt\u00e4gliche Themen zu entwickeln. Dazu geh\u00f6rt auch ein spezieller Unterricht, der sich [&hellip;]<\/p>\n","protected":false},"author":1,"featured_media":0,"parent":4780,"menu_order":0,"comment_status":"closed","ping_status":"closed","template":"","meta":{"_jinr_url_youtube":"","_jinr_pip_youtube":false,"_jinr_time_youtube":"","_jinr_thumb_youtube":"","_jinr_media_youtube":"","_jinr_category_edit":false,"_jinr_category":"","_jinr_title_display":true,"_jinr_snsbutton_display":false,"_jinr_ads_display":false,"_jinr_thumbnail_display":false,"_jinr_profile_display":false,"_jinr_representations_display":false,"_jinr_relatedpost_display":false,"_jinr_sidebar1col_display":false,"_jinr_sidebar2col_display":false,"_jinr_seotitle_display":"","_jinr_description_display":"","_jinr_keyword_display":"","_jinr_hastag_display":"","_jinr_canonical_display":"","_jinr_noindex_display":false,"_jinr_paidpost":false,"_jinr_paidpost_product_id":"","_jinr_headtag_article":"","footnotes":""},"class_list":["post-4798","page","type-page","status-publish","hentry"],"_links":{"self":[{"href":"https:\/\/www.academiaschool.edu\/de\/wp-json\/wp\/v2\/pages\/4798","targetHints":{"allow":["GET"]}}],"collection":[{"href":"https:\/\/www.academiaschool.edu\/de\/wp-json\/wp\/v2\/pages"}],"about":[{"href":"https:\/\/www.academiaschool.edu\/de\/wp-json\/wp\/v2\/types\/page"}],"author":[{"embeddable":true,"href":"https:\/\/www.academiaschool.edu\/de\/wp-json\/wp\/v2\/users\/1"}],"replies":[{"embeddable":true,"href":"https:\/\/www.academiaschool.edu\/de\/wp-json\/wp\/v2\/comments?post=4798"}],"version-history":[{"count":5,"href":"https:\/\/www.academiaschool.edu\/de\/wp-json\/wp\/v2\/pages\/4798\/revisions"}],"predecessor-version":[{"id":5909,"href":"https:\/\/www.academiaschool.edu\/de\/wp-json\/wp\/v2\/pages\/4798\/revisions\/5909"}],"up":[{"embeddable":true,"href":"https:\/\/www.academiaschool.edu\/de\/wp-json\/wp\/v2\/pages\/4780"}],"wp:attachment":[{"href":"https:\/\/www.academiaschool.edu\/de\/wp-json\/wp\/v2\/media?parent=4798"}],"curies":[{"name":"wp","href":"https:\/\/api.w.org\/{rel}","templated":true}]}}