{"id":4794,"date":"2024-03-25T14:32:38","date_gmt":"2024-03-26T00:32:38","guid":{"rendered":"https:\/\/academia-school.net\/ueberblick-ueber-das-programm\/fortgeschrittene-stufe\/details-und-lernergebnisse-von-konversation-fuer-fortgeschrittene-level-i-ii-und-iii\/"},"modified":"2024-04-24T09:53:03","modified_gmt":"2024-04-24T19:53:03","slug":"details-und-lernergebnisse-von-konversation-fuer-fortgeschrittene-level-i-ii-und-iii","status":"publish","type":"page","link":"https:\/\/www.academiaschool.edu\/de\/ueberblick-ueber-das-programm\/fortgeschrittene-stufe\/details-und-lernergebnisse-von-konversation-fuer-fortgeschrittene-level-i-ii-und-iii\/","title":{"rendered":"Details und Lernergebnisse von Konversation f\u00fcr Fortgeschrittene Level I, II und III"},"content":{"rendered":"\n<h2 class=\"wp-block-heading jinr-heading d--bold\"><strong>Konversation f\u00fcr Fortgeschrittene I<\/strong><\/h2>\n\n<p>Nach erfolgreichem Abschluss dieses Kurses sind die Studenten in der Lage, sich angemessen, vollst\u00e4ndig, flie\u00dfend, klar und genau unter Verwendung der richtigen Grammatik und des richtigen Wortschatzes zu verst\u00e4ndigen, wenn es darum geht, neue Perspektiven zu entdecken, die Stimmung von Musik auszudr\u00fccken, finanzielle Fragen zu er\u00f6rtern, \u00e4sthetische Erscheinungen darzustellen und Meinungen \u00fcber die Gemeinschaft zu \u00e4u\u00dfern.<\/p>\n\n<h2 class=\"wp-block-heading jinr-heading d--bold\"><strong>Konversation f\u00fcr Fortgeschrittene II<\/strong><\/h2>\n\n<p>Studenten, die diesen Kurs erfolgreich abgeschlossen haben, werden in der Lage sein, sich angemessen, vollst\u00e4ndig, flie\u00dfend, klar und genau unter Verwendung der richtigen Grammatik und des richtigen Wortschatzes \u00fcber Themen wie Tiere, Werbung und Verbraucher, Familientrends, historische Krimis und Freizeit zu unterhalten.<\/p>\n\n<h2 class=\"wp-block-heading jinr-heading d--bold\"><strong>Konversation f\u00fcr Fortgeschrittene III<\/strong><\/h2>\n\n<p>Nach erfolgreichem Abschluss dieses Kurses sind die Studenten in der Lage, sich angemessen, vollst\u00e4ndig, flie\u00dfend, klar und genau unter Verwendung der richtigen Grammatik und des richtigen Vokabulars zu verst\u00e4ndigen, wenn es darum geht, neue Perspektiven zu entdecken, die Stimmung von Musik auszudr\u00fccken, finanzielle Fragen zu er\u00f6rtern, \u00e4sthetische Erscheinungen, Ansichten \u00fcber die Gemeinschaft, das Reisen, die menschliche Intelligenz, den Humor, die Form zuk\u00fcnftiger Gesellschaften und die Natur unserer vernetzten Welt auszudr\u00fccken.<\/p>\n\n<p><em>Definitionen:<\/em><\/p>\n\n<ul class=\"jinr-list wp-block-list\">\n<li><strong>Angemessen:<\/strong> Angemessene Antwort<\/li>\n\n\n\n<li><strong>Vollst\u00e4ndig:<\/strong> Antwort unter Verwendung eines vielf\u00e4ltigen Wortschatzes, um angemessene Details zu liefern<\/li>\n\n\n\n<li><strong>Flie\u00dfend:<\/strong> Sanft flie\u00dfende, ununterbrochene Reaktion<\/li>\n\n\n\n<li><strong>Verst\u00e4ndlich:<\/strong> Klar und leicht verst\u00e4ndlich f\u00fcr Muttersprachler<\/li>\n\n\n\n<li><strong>Akkurat:<\/strong> Grammatikalisch korrekt und unter korrekter Verwendung umgangssprachlicher Ausdr\u00fccke<\/li>\n<\/ul>\n<section class=\"b--jinr-block b--jinr-blogcard d--blogcard-hover-up d--blogcard-style1 d--blogcard-mysite t--round \"><div class=\"a--blogcard-label ef\">Related Page<\/div><a class=\"o--blogcard-link t--round\" href=\"https:\/\/www.academiaschool.edu\/programs\/advance\/\"><div class=\"c--blogcard-image\"><img loading=\"lazy\" decoding=\"async\" class=\"a--blogcard-img-src\" width=\"128\" height=\"72\" src=\"https:\/\/www.academiaschool.edu\/wp-content\/uploads\/2025\/02\/\u540d\u79f0\u672a\u8a2d\u5b9a\u306e\u30c7\u30b6\u30a4\u30f3-7.png\" alt=\"Advanced Level\" \/><\/div><div class=\"a--blogcard-title d--bold\">Advanced Level<\/div><\/a><\/section>","protected":false},"excerpt":{"rendered":"<p>Konversation f\u00fcr Fortgeschrittene I Nach erfolgreichem Abschluss dieses Kurses sind die Studenten in der Lage, sich angemessen, vollst\u00e4ndig, flie\u00dfend, klar und genau unter Verwendung der richtigen Grammatik und des richtigen Wortschatzes zu verst\u00e4ndigen, wenn es darum geht, neue Perspektiven zu entdecken, die Stimmung von Musik auszudr\u00fccken, finanzielle Fragen zu er\u00f6rtern, \u00e4sthetische Erscheinungen darzustellen und Meinungen [&hellip;]<\/p>\n","protected":false},"author":1,"featured_media":0,"parent":4784,"menu_order":0,"comment_status":"closed","ping_status":"closed","template":"","meta":{"_jinr_url_youtube":"","_jinr_pip_youtube":false,"_jinr_time_youtube":"","_jinr_thumb_youtube":"","_jinr_media_youtube":"","_jinr_category_edit":false,"_jinr_category":"","_jinr_title_display":false,"_jinr_snsbutton_display":false,"_jinr_ads_display":false,"_jinr_thumbnail_display":false,"_jinr_profile_display":false,"_jinr_representations_display":false,"_jinr_relatedpost_display":false,"_jinr_sidebar1col_display":false,"_jinr_sidebar2col_display":false,"_jinr_seotitle_display":"","_jinr_description_display":"","_jinr_keyword_display":"","_jinr_hastag_display":"","_jinr_canonical_display":"","_jinr_noindex_display":false,"_jinr_paidpost":false,"_jinr_paidpost_product_id":"","_jinr_headtag_article":"","footnotes":""},"class_list":["post-4794","page","type-page","status-publish","hentry"],"_links":{"self":[{"href":"https:\/\/www.academiaschool.edu\/de\/wp-json\/wp\/v2\/pages\/4794","targetHints":{"allow":["GET"]}}],"collection":[{"href":"https:\/\/www.academiaschool.edu\/de\/wp-json\/wp\/v2\/pages"}],"about":[{"href":"https:\/\/www.academiaschool.edu\/de\/wp-json\/wp\/v2\/types\/page"}],"author":[{"embeddable":true,"href":"https:\/\/www.academiaschool.edu\/de\/wp-json\/wp\/v2\/users\/1"}],"replies":[{"embeddable":true,"href":"https:\/\/www.academiaschool.edu\/de\/wp-json\/wp\/v2\/comments?post=4794"}],"version-history":[{"count":3,"href":"https:\/\/www.academiaschool.edu\/de\/wp-json\/wp\/v2\/pages\/4794\/revisions"}],"predecessor-version":[{"id":4797,"href":"https:\/\/www.academiaschool.edu\/de\/wp-json\/wp\/v2\/pages\/4794\/revisions\/4797"}],"up":[{"embeddable":true,"href":"https:\/\/www.academiaschool.edu\/de\/wp-json\/wp\/v2\/pages\/4784"}],"wp:attachment":[{"href":"https:\/\/www.academiaschool.edu\/de\/wp-json\/wp\/v2\/media?parent=4794"}],"curies":[{"name":"wp","href":"https:\/\/api.w.org\/{rel}","templated":true}]}}