{"id":4790,"date":"2024-03-25T14:22:26","date_gmt":"2024-03-26T00:22:26","guid":{"rendered":"https:\/\/academia-school.net\/ueberblick-ueber-das-programm\/fortgeschrittene-stufe\/details-und-lernergebnisse-fuer-fortgeschrittene-grammatik-level-i-ii-iii\/"},"modified":"2024-04-24T09:52:52","modified_gmt":"2024-04-24T19:52:52","slug":"details-und-lernergebnisse-fuer-fortgeschrittene-grammatik-level-i-ii-iii","status":"publish","type":"page","link":"https:\/\/www.academiaschool.edu\/de\/ueberblick-ueber-das-programm\/fortgeschrittene-stufe\/details-und-lernergebnisse-fuer-fortgeschrittene-grammatik-level-i-ii-iii\/","title":{"rendered":"Details und Lernergebnisse f\u00fcr Fortgeschrittene Grammatik Level I, II, &amp; III"},"content":{"rendered":"\n<p>Das Erreichen der ILR-Stufe 3 (General Professional Proficiency) wird durch die folgenden Kurse f\u00fcr fortgeschrittene Grammatik und Konversation im Rahmen des English for Applied Purposes Program erleichtert.<\/p>\n\n<h2 class=\"wp-block-heading jinr-heading d--bold\"><strong>Grammatik f\u00fcr Fortgeschrittene I<\/strong><\/h2>\n\n<p>Nach Abschluss dieses Kurses werden die Studenten verstehen und in der Lage sein, den Kurs zu nutzen:<\/p>\n\n<ul class=\"jinr-list wp-block-list\">\n<li>Zeitformen, einschlie\u00dflich einfaches Pr\u00e4sens, einfaches Pr\u00e4teritum, einfaches Futur, Pr\u00e4sens kontinuierlich, Vergangenheit kontinuierlich, Zukunft kontinuierlich, Pr\u00e4sens Perfekt, Vergangenheit Perfekt, Zukunft Perfekt, Pr\u00e4sens Perfekt kontinuierlich, Vergangenheit Perfekt kontinuierlich und Zukunft Perfekt kontinuierlich<\/li>\n\n\n\n<li>Subjekt-Verben-\u00dcbereinstimmung<\/li>\n\n\n\n<li>Z\u00e4hlbare und nicht z\u00e4hlbare Substantive<\/li>\n\n\n\n<li>Artikel<\/li>\n\n\n\n<li>Quantifizierer mit z\u00e4hlbaren und nicht z\u00e4hlbaren Substantiven<\/li>\n\n\n\n<li>Personalpronomen und Beibehaltung der \u00dcbereinstimmung mit anderen Substantiven und Pronomen<\/li>\n\n\n\n<li>Reflexivpronomen<\/li>\n\n\n\n<li>Unpers\u00f6nliche Pronomen<\/li>\n\n\n\n<li>Verschiedene Formen von &#8222;anders&#8220;<\/li>\n<\/ul>\n\n<h2 class=\"wp-block-heading jinr-heading d--bold\"><strong>Grammatik f\u00fcr Fortgeschrittene II<\/strong><\/h2>\n\n<p>Nach Abschluss dieses Kurses werden die Studenten verstehen und in der Lage sein, den Kurs zu nutzen:<\/p>\n\n<ul class=\"jinr-list wp-block-list\">\n<li>Modalverben zum Ausdruck von Notwendigkeit, fehlender Notwendigkeit, Verbot, Erw\u00fcnschtheit, Verpflichtung und unerf\u00fcllter Absicht<\/li>\n\n\n\n<li>Grad der Gewissheit in Gegenwart, Vergangenheit und Zukunft<\/li>\n\n\n\n<li>F\u00e4higkeit<\/li>\n\n\n\n<li>Pr\u00e4ferenzen<\/li>\n\n\n\n<li>Passive Stimme<\/li>\n\n\n\n<li>Partizip Adjektive<\/li>\n\n\n\n<li>Substantivische Klauseln<\/li>\n\n\n\n<li>Zitierte und indirekte Rede<\/li>\n\n\n\n<li>Adjektivs\u00e4tze verwenden und zu Adjektivphrasen reduzieren<\/li>\n\n\n\n<li>Interpunktion von adjektivischen S\u00e4tzen<\/li>\n\n\n\n<li>Gerundien und Infinitive nach Verben<\/li>\n<\/ul>\n\n<h2 class=\"wp-block-heading jinr-heading d--bold\"><strong>Grammatik f\u00fcr Fortgeschrittene III<\/strong><\/h2>\n\n<p>Nach Abschluss dieses Kurses werden die Studenten verstehen und in der Lage sein, den Kurs zu nutzen:<\/p>\n\n<ul class=\"jinr-list wp-block-list\">\n<li>Infinitive f\u00fcr Zweck<\/li>\n\n\n\n<li>Infinitive nach Adjektiven<\/li>\n\n\n\n<li>Infinitive mit &#8222;zu&#8220; und &#8222;genug&#8220;<\/li>\n\n\n\n<li>Passivformen von Infinitiven und Gerundien<\/li>\n\n\n\n<li>Gerundien oder passive Infinitive nach &#8222;brauchen&#8220;<\/li>\n\n\n\n<li>Einfache und progressive Formen von Verben nach Wahrnehmungsverben<\/li>\n\n\n\n<li>Kausative Verben<\/li>\n\n\n\n<li>Parallele Strukturen bei der Verwendung von koordinierenden Konjunktionen<\/li>\n\n\n\n<li>Korrelative Konjunktionen<\/li>\n\n\n\n<li>Trennen\/Verbinden von unabh\u00e4ngigen S\u00e4tzen durch Punkte\/Komma<\/li>\n\n\n\n<li>Konditionale mit &#8222;wenn&#8220;, &#8222;ob&#8220;, &#8222;selbst wenn&#8220;, &#8222;falls&#8220;, &#8222;es sei denn&#8220;, &#8222;nur wenn&#8220;<\/li>\n\n\n\n<li>Modifizierende adverbiale Ausdr\u00fccke &#8222;auf&#8220; + -ing<\/li>\n\n\n\n<li>Unterscheidung von Pr\u00e4positionalphrasen, Konjunktionen, \u00dcbergangsphrasen und adverbialen S\u00e4tzen, die Ursache und Wirkung, Kontrast und Bedingung ausdr\u00fccken<\/li>\n\n\n\n<li>Verwendung von &#8222;wenn&#8220;, &#8222;w\u00fcnschen&#8220;, &#8222;w\u00fcrde&#8220;, um unwirkliche Bedingungen und W\u00fcnsche in Gegenwart, Vergangenheit und Zukunft auszudr\u00fccken<\/li>\n<\/ul>\n<section class=\"b--jinr-block b--jinr-blogcard d--blogcard-hover-up d--blogcard-style1 d--blogcard-mysite t--round \"><div class=\"a--blogcard-label ef\">Related Page<\/div><a class=\"o--blogcard-link t--round\" href=\"https:\/\/www.academiaschool.edu\/programs\/advance\/\"><div class=\"c--blogcard-image\"><img loading=\"lazy\" decoding=\"async\" class=\"a--blogcard-img-src\" width=\"128\" height=\"72\" src=\"https:\/\/www.academiaschool.edu\/wp-content\/uploads\/2025\/02\/\u540d\u79f0\u672a\u8a2d\u5b9a\u306e\u30c7\u30b6\u30a4\u30f3-7.png\" alt=\"Advanced Level\" \/><\/div><div class=\"a--blogcard-title d--bold\">Advanced Level<\/div><\/a><\/section>","protected":false},"excerpt":{"rendered":"<p>Das Erreichen der ILR-Stufe 3 (General Professional Proficiency) wird durch die folgenden Kurse f\u00fcr fortgeschrittene Grammatik und Konversation im Rahmen des English for Applied Purposes Program erleichtert. Grammatik f\u00fcr Fortgeschrittene I Nach Abschluss dieses Kurses werden die Studenten verstehen und in der Lage sein, den Kurs zu nutzen: Grammatik f\u00fcr Fortgeschrittene II Nach Abschluss dieses [&hellip;]<\/p>\n","protected":false},"author":1,"featured_media":0,"parent":4784,"menu_order":0,"comment_status":"closed","ping_status":"closed","template":"","meta":{"_jinr_url_youtube":"","_jinr_pip_youtube":false,"_jinr_time_youtube":"","_jinr_thumb_youtube":"","_jinr_media_youtube":"","_jinr_category_edit":false,"_jinr_category":"","_jinr_title_display":false,"_jinr_snsbutton_display":false,"_jinr_ads_display":false,"_jinr_thumbnail_display":false,"_jinr_profile_display":false,"_jinr_representations_display":false,"_jinr_relatedpost_display":false,"_jinr_sidebar1col_display":false,"_jinr_sidebar2col_display":false,"_jinr_seotitle_display":"","_jinr_description_display":"","_jinr_keyword_display":"","_jinr_hastag_display":"","_jinr_canonical_display":"","_jinr_noindex_display":false,"_jinr_paidpost":false,"_jinr_paidpost_product_id":"","_jinr_headtag_article":"","footnotes":""},"class_list":["post-4790","page","type-page","status-publish","hentry"],"_links":{"self":[{"href":"https:\/\/www.academiaschool.edu\/de\/wp-json\/wp\/v2\/pages\/4790","targetHints":{"allow":["GET"]}}],"collection":[{"href":"https:\/\/www.academiaschool.edu\/de\/wp-json\/wp\/v2\/pages"}],"about":[{"href":"https:\/\/www.academiaschool.edu\/de\/wp-json\/wp\/v2\/types\/page"}],"author":[{"embeddable":true,"href":"https:\/\/www.academiaschool.edu\/de\/wp-json\/wp\/v2\/users\/1"}],"replies":[{"embeddable":true,"href":"https:\/\/www.academiaschool.edu\/de\/wp-json\/wp\/v2\/comments?post=4790"}],"version-history":[{"count":3,"href":"https:\/\/www.academiaschool.edu\/de\/wp-json\/wp\/v2\/pages\/4790\/revisions"}],"predecessor-version":[{"id":4793,"href":"https:\/\/www.academiaschool.edu\/de\/wp-json\/wp\/v2\/pages\/4790\/revisions\/4793"}],"up":[{"embeddable":true,"href":"https:\/\/www.academiaschool.edu\/de\/wp-json\/wp\/v2\/pages\/4784"}],"wp:attachment":[{"href":"https:\/\/www.academiaschool.edu\/de\/wp-json\/wp\/v2\/media?parent=4790"}],"curies":[{"name":"wp","href":"https:\/\/api.w.org\/{rel}","templated":true}]}}