{"id":4784,"date":"2024-03-21T12:17:29","date_gmt":"2024-03-21T22:17:29","guid":{"rendered":"https:\/\/academia-school.net\/ueberblick-ueber-das-programm\/fortgeschrittene-stufe\/"},"modified":"2024-05-01T20:56:06","modified_gmt":"2024-05-02T06:56:06","slug":"fortgeschrittene-stufe","status":"publish","type":"page","link":"https:\/\/www.academiaschool.edu\/de\/ueberblick-ueber-das-programm\/fortgeschrittene-stufe\/","title":{"rendered":"Fortgeschrittene Stufe"},"content":{"rendered":"\n<section class=\"wp-block-jinr-blocks-fullwidth b--jinr-block b--jinr-fullwidth-container d--top-margin-xs-pc d--bottom-margin-xs-pc d--top-margin-xs-sp d--bottom-margin-xs-sp \"><section class=\"b--jinr-fullwidth d--fullwidth-parallax-off d--fullwidth-deco-bgimage\"><div class=\"a--jinr-fullwidth-image\"><div class=\"a--jinr-fullwidth-image-clip\"><img decoding=\"async\" src=\"https:\/\/www.academiaschool.edu\/wp-content\/uploads\/2024\/03\/leo_visions-fMyaQWQrwwU-unsplash.webp\"\/><\/div><\/div><div class=\"a--jinr-fullwidth-overlay\" style=\"background-color:#f5f5f5;opacity:0\"><\/div><div class=\"d--fullwidth-100 d--fullwidth-pad40 d--fullwidth-pad0-sp t--main-width\" style=\"color:false\">\n<p class=\"has-text-align-center has-white-color has-text-color has-link-color wp-elements-d7c06eeab0a798059cefcb06404323a5\"><span class=\"jinr-d--font-size d--fontsize-36px\"><strong><strong>Fortgeschrittene Stufe<\/strong><\/strong><\/span><\/p>\n<\/div><\/section><\/section>\n\n\n\n<h2 class=\"wp-block-heading jinr-heading d--bold\"><strong>\u00dcbersicht \u00fcber den Lehrplan der Oberstufe<\/strong><\/h2>\n\n\n\n<section class=\"wp-block-jinr-blocks-simplebox b--jinr-block-container\"><div class=\"b--jinr-block b--jinr-box d--simple-box10  \"><div class=\"c--simple-box-inner\">\n<p class=\"has-text-align-center\"><strong><span class=\"jinr-d--font-size d--fontsize-18px\"><strong>Name des Programms: <span class=\"jinr-d--text-color d--user-color1 d--bold\">Englisch f\u00fcr angewandte Zwecke Programm<\/span><\/strong><\/span><\/strong><\/p>\n<\/div><\/div><\/section>\n\n\n\n<p>Der Lehrplan f\u00fcr die Oberstufe zielt darauf ab, die F\u00e4higkeit zu entwickeln, flexibel in Englisch \u00fcber alle Aspekte des t\u00e4glichen Lebens und verschiedene Spezialthemen zu kommunizieren. Dieses Programm konzentriert sich darauf, Studenten mit den Englischkenntnissen auszustatten, die sie f\u00fcr akademische oder berufliche Inhalte ben\u00f6tigen.<\/p>\n\n\n\n<p>Von Studenten, die dieses Programm absolvieren, wird erwartet, dass sie in der Lage sind, sich in praktischen, sozialen und beruflichen Angelegenheiten ausreichend fl\u00fcssig, grammatikalisch korrekt und mit einem ausreichenden Wortschatz zu verst\u00e4ndigen.<\/p>\n\n\n\n<h2 class=\"wp-block-heading jinr-heading d--bold\"><strong>Pflicht- und Wahlf\u00e4cher auf fortgeschrittenem Niveau<\/strong><\/h2>\n\n\n\n<p>Zu den obligatorischen Kursen auf der Stufe Advanced geh\u00f6ren:<\/p>\n\n\n\n<ul class=\"jinr-list wp-block-list\">\n<li>Fortgeschrittene Grammatik I, II, III<\/li>\n\n\n\n<li>Konversation f\u00fcr Fortgeschrittene I, II, III<\/li>\n<\/ul>\n\n\n\n<p>Die Wahlf\u00e4cher f\u00fcr die Oberstufe k\u00f6nnen aus den folgenden F\u00e4chern gew\u00e4hlt werden:<\/p>\n\n\n\n<ul class=\"jinr-list wp-block-list\">\n<li>Aussprache<\/li>\n\n\n\n<li>Vokabeln<\/li>\n\n\n\n<li>Lesen\/Schreiben<\/li>\n\n\n\n<li>Zuh\u00f6ren\/Sprechen<\/li>\n\n\n\n<li>TOEIC- und TOEFL-Testvorbereitung<\/li>\n<\/ul>\n\n\n\n<p>Dar\u00fcber hinaus werden jedes Semester viele weitere Wahlkurse angeboten.<\/p>\n\n\n<section class=\"b--jinr-block b--jinr-blogcard d--blogcard-hover-up d--blogcard-style1 d--blogcard-mysite t--round \"><div class=\"a--blogcard-label ef\">Related Page<\/div><a class=\"o--blogcard-link t--round\" href=\"https:\/\/www.academiaschool.edu\/programs\/advance\/advanced-level-grammar\/\"><div class=\"c--blogcard-image\"><img loading=\"lazy\" decoding=\"async\" class=\"a--blogcard-img-src\" width=\"128\" height=\"72\" src=\"https:\/\/www.academiaschool.edu\/wp-content\/uploads\/2025\/02\/\u540d\u79f0\u672a\u8a2d\u5b9a\u306e\u30c7\u30b6\u30a4\u30f3-7.png\" alt=\"Details and Learning Outcomes for Advanced Grammar Levels I, II, &amp; III\" \/><\/div><div class=\"a--blogcard-title d--bold\">Details and Learning Outcomes for Advanced Grammar Levels I, II, &amp; III<\/div><\/a><\/section>\n\n<section class=\"b--jinr-block b--jinr-blogcard d--blogcard-hover-up d--blogcard-style1 d--blogcard-mysite t--round \"><div class=\"a--blogcard-label ef\">Related Page<\/div><a class=\"o--blogcard-link t--round\" href=\"https:\/\/www.academiaschool.edu\/programs\/advance\/advanced-level-conversation\/\"><div class=\"c--blogcard-image\"><img loading=\"lazy\" decoding=\"async\" class=\"a--blogcard-img-src\" width=\"128\" height=\"72\" src=\"https:\/\/www.academiaschool.edu\/wp-content\/uploads\/2025\/02\/\u540d\u79f0\u672a\u8a2d\u5b9a\u306e\u30c7\u30b6\u30a4\u30f3-7.png\" alt=\"Details and Learning Outcomes of Advanced Conversation Levels I, II, &amp; III\" \/><\/div><div class=\"a--blogcard-title d--bold\">Details and Learning Outcomes of Advanced Conversation Levels I, II, &amp; III<\/div><\/a><\/section>\n\n\n<h2 class=\"wp-block-heading jinr-heading d--bold\"><strong>\u00dcberlegungen f\u00fcr Fortgeschrittenenkurse<\/strong><\/h2>\n\n\n\n<ul class=\"jinr-list wp-block-list\">\n<li>Ein Minimum von 240 Stunden (d.h. 20 Stunden pro Woche \u00fcber einen Zeitraum von 12 Wochen) an Wahlkursen der Oberstufe ist erforderlich.<\/li>\n\n\n\n<li>  Die Anforderungen dieses Programms k\u00f6nnen in einem Minimum von einem Jahr abgeschlossen werden. Die Studenten k\u00f6nnen mehr als die minimalen 240 Stunden an Wahlf\u00e4chern innerhalb des Programms belegen, m\u00fcssen aber alle Programmanforderungen innerhalb von zwei Jahren erf\u00fcllen.  <\/li>\n\n\n\n<li>Wenn Sie zuerst eine h\u00f6here Stufe wie II oder III abschlie\u00dfen, k\u00f6nnen Sie nicht zu einer niedrigeren Stufe zur\u00fcckkehren.  <\/li>\n\n\n\n<li>Der Abschluss von III bedeutet nicht unbedingt, dass Sie in eine h\u00f6here Stufe aufsteigen m\u00fcssen.<\/li>\n<\/ul>\n\n\n\n<h2 class=\"wp-block-heading jinr-heading d--bold\"><strong>Leistungsziele auf fortgeschrittenem Niveau<\/strong><\/h2>\n\n\n\n<p>Studenten, die Advanced Grammar and Conversation abschlie\u00dfen, erreichen ILR Level 3 (General Professional Proficiency). Zu den Merkmalen von Sch\u00fclern der ILR-Stufe 3 geh\u00f6ren:<\/p>\n\n\n\n<ul class=\"jinr-list wp-block-list\">\n<li>Kann mit ausreichender struktureller Genauigkeit und ausreichendem Wortschatz sprechen, um sich effektiv an den meisten formellen und informellen Gespr\u00e4chen \u00fcber praktische, gesellschaftliche und berufliche Themen zu beteiligen.<\/li>\n\n\n\n<li>Kann relativ leicht \u00fcber spezifische Interessen und Fachgebiete sprechen.<\/li>\n\n\n\n<li>Hat in der Regel ein sehr umfassendes Verst\u00e4ndnis der normalen Sprechgeschwindigkeit.<\/li>\n\n\n\n<li>Verf\u00fcgt \u00fcber ein breites allgemeines Vokabular, so dass es fast nie notwendig ist, nach Worten zu suchen.<\/li>\n\n\n\n<li>Kann trotz eines deutlichen ausl\u00e4ndischen Akzents leicht verstehen.<\/li>\n\n\n\n<li>Beherrscht die Grammatik gut, wobei Fehler nur selten das Verst\u00e4ndnis behindern oder f\u00fcr Muttersprachler unangenehm sind.<\/li>\n<\/ul>\n\n\n<section class=\"b--jinr-block b--jinr-blogcard d--blogcard-hover-up d--blogcard-style1 d--blogcard-mysite t--round \"><div class=\"a--blogcard-label ef\">Related Page<\/div><a class=\"o--blogcard-link t--round\" href=\"https:\/\/www.academiaschool.edu\/de\/ueberblick-ueber-das-programm\/\"><div class=\"c--blogcard-image\"><img loading=\"lazy\" decoding=\"async\" class=\"a--blogcard-img-src\" width=\"128\" height=\"72\" src=\"https:\/\/www.academiaschool.edu\/wp-content\/uploads\/2025\/02\/\u540d\u79f0\u672a\u8a2d\u5b9a\u306e\u30c7\u30b6\u30a4\u30f3-7.png\" alt=\"\u00dcberblick \u00fcber das Programm\" \/><\/div><div class=\"a--blogcard-title d--bold\">\u00dcberblick \u00fcber das Programm<\/div><\/a><\/section>","protected":false},"excerpt":{"rendered":"<p>\u00dcbersicht \u00fcber den Lehrplan der Oberstufe Der Lehrplan f\u00fcr die Oberstufe zielt darauf ab, die F\u00e4higkeit zu entwickeln, flexibel in Englisch \u00fcber alle Aspekte des t\u00e4glichen Lebens und verschiedene Spezialthemen zu kommunizieren. Dieses Programm konzentriert sich darauf, Studenten mit den Englischkenntnissen auszustatten, die sie f\u00fcr akademische oder berufliche Inhalte ben\u00f6tigen. Von Studenten, die dieses Programm [&hellip;]<\/p>\n","protected":false},"author":1,"featured_media":0,"parent":4780,"menu_order":0,"comment_status":"closed","ping_status":"closed","template":"","meta":{"_jinr_url_youtube":"","_jinr_pip_youtube":false,"_jinr_time_youtube":"","_jinr_thumb_youtube":"","_jinr_media_youtube":"","_jinr_category_edit":false,"_jinr_category":"","_jinr_title_display":true,"_jinr_snsbutton_display":false,"_jinr_ads_display":false,"_jinr_thumbnail_display":false,"_jinr_profile_display":false,"_jinr_representations_display":false,"_jinr_relatedpost_display":false,"_jinr_sidebar1col_display":false,"_jinr_sidebar2col_display":false,"_jinr_seotitle_display":"","_jinr_description_display":"","_jinr_keyword_display":"","_jinr_hastag_display":"","_jinr_canonical_display":"","_jinr_noindex_display":false,"_jinr_paidpost":false,"_jinr_paidpost_product_id":"","_jinr_headtag_article":"","footnotes":""},"class_list":["post-4784","page","type-page","status-publish","hentry"],"_links":{"self":[{"href":"https:\/\/www.academiaschool.edu\/de\/wp-json\/wp\/v2\/pages\/4784","targetHints":{"allow":["GET"]}}],"collection":[{"href":"https:\/\/www.academiaschool.edu\/de\/wp-json\/wp\/v2\/pages"}],"about":[{"href":"https:\/\/www.academiaschool.edu\/de\/wp-json\/wp\/v2\/types\/page"}],"author":[{"embeddable":true,"href":"https:\/\/www.academiaschool.edu\/de\/wp-json\/wp\/v2\/users\/1"}],"replies":[{"embeddable":true,"href":"https:\/\/www.academiaschool.edu\/de\/wp-json\/wp\/v2\/comments?post=4784"}],"version-history":[{"count":6,"href":"https:\/\/www.academiaschool.edu\/de\/wp-json\/wp\/v2\/pages\/4784\/revisions"}],"predecessor-version":[{"id":5911,"href":"https:\/\/www.academiaschool.edu\/de\/wp-json\/wp\/v2\/pages\/4784\/revisions\/5911"}],"up":[{"embeddable":true,"href":"https:\/\/www.academiaschool.edu\/de\/wp-json\/wp\/v2\/pages\/4780"}],"wp:attachment":[{"href":"https:\/\/www.academiaschool.edu\/de\/wp-json\/wp\/v2\/media?parent=4784"}],"curies":[{"name":"wp","href":"https:\/\/api.w.org\/{rel}","templated":true}]}}