{"id":4780,"date":"2024-03-14T12:40:37","date_gmt":"2024-03-14T22:40:37","guid":{"rendered":"https:\/\/academia-school.net\/ueberblick-ueber-das-programm\/"},"modified":"2024-05-01T20:20:18","modified_gmt":"2024-05-02T06:20:18","slug":"ueberblick-ueber-das-programm","status":"publish","type":"page","link":"https:\/\/www.academiaschool.edu\/de\/ueberblick-ueber-das-programm\/","title":{"rendered":"\u00dcberblick \u00fcber das Programm"},"content":{"rendered":"\n<section class=\"wp-block-jinr-blocks-fullwidth b--jinr-block b--jinr-fullwidth-container d--top-margin-xs-pc d--bottom-margin-xs-pc d--top-margin-xs-sp d--bottom-margin-xs-sp \"><section class=\"b--jinr-fullwidth d--fullwidth-parallax-off d--fullwidth-deco-bgimage\"><div class=\"a--jinr-fullwidth-image\"><div class=\"a--jinr-fullwidth-image-clip\"><img decoding=\"async\" src=\"https:\/\/www.academiaschool.edu\/wp-content\/uploads\/2024\/03\/leo_visions-fMyaQWQrwwU-unsplash.webp\"\/><\/div><\/div><div class=\"a--jinr-fullwidth-overlay\" style=\"background-color:#222222;opacity:0\"><\/div><div class=\"d--fullwidth-100 d--fullwidth-pad40 d--fullwidth-pad0-sp t--main-width\" style=\"color:false\">\n<p class=\"has-text-align-center has-white-color has-text-color has-link-color wp-elements-f3c2ebd9fe29331427c2521310763498\"><span class=\"jinr-d--font-size d--fontsize-36px\"><strong>\u00dcberblick \u00fcber das Programm<\/strong><\/span><\/p>\n<\/div><\/section><\/section>\n\n\n\n<h2 class=\"wp-block-heading jinr-heading d--bold\"><strong>Leistungsstandards und -niveaus unserer Schule<\/strong><\/h2>\n\n\n\n<p>Die Lernprogramme unserer Schule und die Einstufung in ein bestimmtes Sprachniveau orientieren sich an den Leistungsstandards des Interagency Language Roundtable (ILR).<\/p>\n\n\n\n<p><strong>\n  <span class=\"jinr-d--text-color d--user-color2 d--bold\">Das Basic English Program (f\u00fcr Anf\u00e4nger) <\/span>\n<\/strong>soll den Sch\u00fclern helfen, kommunikative F\u00e4higkeiten zu entwickeln, die f\u00fcr eine einfache, aber sinnvolle Kommunikation \u00fcber das t\u00e4gliche Leben grundlegend sind. Der Lehrplan des Basic English Program bietet den Sch\u00fclern die M\u00f6glichkeit, an den Grundlagen zu arbeiten, wie z.B. an der Aussprache, dem grundlegenden Satzbau und der Verwendung gebr\u00e4uchlicher W\u00f6rter und Ausdr\u00fccke.<\/p>\n\n\n<section class=\"b--jinr-block b--jinr-blogcard d--blogcard-hover-up d--blogcard-style1 d--blogcard-mysite t--round \"><div class=\"a--blogcard-label ef\">Related Page<\/div><a class=\"o--blogcard-link t--round\" href=\"https:\/\/www.academiaschool.edu\/de\/ueberblick-ueber-das-programm\/anfaenger-level\/\"><div class=\"c--blogcard-image\"><img loading=\"lazy\" decoding=\"async\" class=\"a--blogcard-img-src\" width=\"128\" height=\"72\" src=\"https:\/\/www.academiaschool.edu\/wp-content\/uploads\/2025\/02\/\u540d\u79f0\u672a\u8a2d\u5b9a\u306e\u30c7\u30b6\u30a4\u30f3-7.png\" alt=\"Anf\u00e4nger Level\" \/><\/div><div class=\"a--blogcard-title d--bold\">Anf\u00e4nger Level<\/div><\/a><\/section>\n\n\n<p><span class=\"jinr-d--text-color d--user-color2 d--bold\"><strong>Das Programm Englisch f\u00fcr Kommunikation<\/strong> <strong>(f\u00fcr Studenten der Mittelstufe)<\/strong> <\/span>wurde entwickelt, um Studenten dabei zu helfen, Englischkenntnisse zu entwickeln, die f\u00fcr eine sinnvolle Kommunikation \u00fcber die meisten Aspekte des t\u00e4glichen Lebens ausreichen. Das English for Communication Program bietet Studenten die M\u00f6glichkeit, ihre Kenntnisse der Redewendungen und des Slangs zu erweitern, die f\u00fcr das Leben und Arbeiten in einer englischsprachigen Umgebung unerl\u00e4sslich sind.<\/p>\n\n\n<section class=\"b--jinr-block b--jinr-blogcard d--blogcard-hover-up d--blogcard-style1 d--blogcard-mysite t--round \"><div class=\"a--blogcard-label ef\">Related Page<\/div><a class=\"o--blogcard-link t--round\" href=\"https:\/\/www.academiaschool.edu\/de\/ueberblick-ueber-das-programm\/mittlere-stufe\/\"><div class=\"c--blogcard-image\"><img loading=\"lazy\" decoding=\"async\" class=\"a--blogcard-img-src\" width=\"128\" height=\"72\" src=\"https:\/\/www.academiaschool.edu\/wp-content\/uploads\/2025\/02\/\u540d\u79f0\u672a\u8a2d\u5b9a\u306e\u30c7\u30b6\u30a4\u30f3-7.png\" alt=\"Mittlere Stufe\" \/><\/div><div class=\"a--blogcard-title d--bold\">Mittlere Stufe<\/div><\/a><\/section>\n\n\n<p><span class=\"jinr-d--text-color d--user-color2 d--bold\"><strong>Das English for Applied Purposes Programm (f\u00fcr fortgeschrittene Studenten)<\/strong> <\/span>wurde entwickelt, um Studenten dabei zu helfen, Englischkenntnisse zu entwickeln, die f\u00fcr eine sinnvolle Kommunikation \u00fcber alle Aspekte des t\u00e4glichen Lebens sowie \u00fcber eine Vielzahl von Spezialthemen ausreichen. Studenten in diesem Programm konzentrieren sich auf die Anwendung ihrer Englischkenntnisse f\u00fcr zuk\u00fcnftige akademische oder berufliche Ambitionen.<\/p>\n\n\n<section class=\"b--jinr-block b--jinr-blogcard d--blogcard-hover-up d--blogcard-style1 d--blogcard-mysite t--round \"><div class=\"a--blogcard-label ef\">Related Page<\/div><a class=\"o--blogcard-link t--round\" href=\"https:\/\/www.academiaschool.edu\/de\/ueberblick-ueber-das-programm\/fortgeschrittene-stufe\/\"><div class=\"c--blogcard-image\"><img loading=\"lazy\" decoding=\"async\" class=\"a--blogcard-img-src\" width=\"128\" height=\"72\" src=\"https:\/\/www.academiaschool.edu\/wp-content\/uploads\/2025\/02\/\u540d\u79f0\u672a\u8a2d\u5b9a\u306e\u30c7\u30b6\u30a4\u30f3-7.png\" alt=\"Fortgeschrittene Stufe\" \/><\/div><div class=\"a--blogcard-title d--bold\">Fortgeschrittene Stufe<\/div><\/a><\/section>","protected":false},"excerpt":{"rendered":"<p>Leistungsstandards und -niveaus unserer Schule Die Lernprogramme unserer Schule und die Einstufung in ein bestimmtes Sprachniveau orientieren sich an den Leistungsstandards des Interagency Language Roundtable (ILR). Das Basic English Program (f\u00fcr Anf\u00e4nger) soll den Sch\u00fclern helfen, kommunikative F\u00e4higkeiten zu entwickeln, die f\u00fcr eine einfache, aber sinnvolle Kommunikation \u00fcber das t\u00e4gliche Leben grundlegend sind. Der Lehrplan [&hellip;]<\/p>\n","protected":false},"author":1,"featured_media":0,"parent":0,"menu_order":0,"comment_status":"closed","ping_status":"closed","template":"","meta":{"_jinr_url_youtube":"","_jinr_pip_youtube":false,"_jinr_time_youtube":"","_jinr_thumb_youtube":"","_jinr_media_youtube":"","_jinr_category_edit":false,"_jinr_category":"","_jinr_title_display":true,"_jinr_snsbutton_display":false,"_jinr_ads_display":false,"_jinr_thumbnail_display":false,"_jinr_profile_display":false,"_jinr_representations_display":false,"_jinr_relatedpost_display":false,"_jinr_sidebar1col_display":false,"_jinr_sidebar2col_display":false,"_jinr_seotitle_display":"","_jinr_description_display":"","_jinr_keyword_display":"","_jinr_hastag_display":"","_jinr_canonical_display":"","_jinr_noindex_display":false,"_jinr_paidpost":false,"_jinr_paidpost_product_id":"","_jinr_headtag_article":"","footnotes":""},"class_list":["post-4780","page","type-page","status-publish","hentry"],"_links":{"self":[{"href":"https:\/\/www.academiaschool.edu\/de\/wp-json\/wp\/v2\/pages\/4780","targetHints":{"allow":["GET"]}}],"collection":[{"href":"https:\/\/www.academiaschool.edu\/de\/wp-json\/wp\/v2\/pages"}],"about":[{"href":"https:\/\/www.academiaschool.edu\/de\/wp-json\/wp\/v2\/types\/page"}],"author":[{"embeddable":true,"href":"https:\/\/www.academiaschool.edu\/de\/wp-json\/wp\/v2\/users\/1"}],"replies":[{"embeddable":true,"href":"https:\/\/www.academiaschool.edu\/de\/wp-json\/wp\/v2\/comments?post=4780"}],"version-history":[{"count":4,"href":"https:\/\/www.academiaschool.edu\/de\/wp-json\/wp\/v2\/pages\/4780\/revisions"}],"predecessor-version":[{"id":5902,"href":"https:\/\/www.academiaschool.edu\/de\/wp-json\/wp\/v2\/pages\/4780\/revisions\/5902"}],"wp:attachment":[{"href":"https:\/\/www.academiaschool.edu\/de\/wp-json\/wp\/v2\/media?parent=4780"}],"curies":[{"name":"wp","href":"https:\/\/api.w.org\/{rel}","templated":true}]}}